{"id":22615,"date":"2025-03-06T10:24:07","date_gmt":"2025-03-06T09:24:07","guid":{"rendered":"https:\/\/falk-toys.com\/produit\/school-bus-forwarder-mit-aufklappbarer-sitzflaeche-und-lenkrad-mit-hupe\/"},"modified":"2026-03-20T01:59:39","modified_gmt":"2026-03-20T00:59:39","slug":"school-bus-forwarder-mit-aufklappbarer-sitzflaeche-und-lenkrad-mit-hupe","status":"publish","type":"product","link":"https:\/\/falk-toys.com\/de\/produkt\/school-bus-forwarder-mit-aufklappbarer-sitzflaeche-und-lenkrad-mit-hupe\/","title":{"rendered":"School Bus Forwarder mit aufklappbarer Sitzfl\u00e4che und Lenkrad mit Hupe"},"content":{"rendered":"<p>SuperCharger Pedaltraktor, speziell f\u00fcr kleine G\u00e4rtner im Alter von 2 bis 5 Jahren konzipiert.<br \/>\nDie aufklappbare Motorhaube bietet Zugang zum Motor, damit junge Mechaniker Riemen, Filter und Z\u00fcndkerzen \u00fcberpr\u00fcfen k\u00f6nnen.<br \/>\nDer mitgelieferte Anh\u00e4nger l\u00e4sst sich problemlos am Traktor befestigen, um Sand, Bl\u00e4tter, Erde und Steine von einem Ende des Gartens zum anderen zu laden und zu transportieren. Ihre jungen G\u00e4rtner oder Landwirte werden ihre Unabh\u00e4ngigkeit und Vorstellungskraft entwickeln.<br \/>\nEinfach zu handhaben dank des Lenkrads mit Hupe, garantiert dieser zu 100% in Frankreich hergestellte Traktor, zusammengesetzt aus 50% recyceltem Kunststoff, stundenlangen Spa\u00df im Freien!<\/p>\n","protected":false},"excerpt":{"rendered":"<p>School Bus mit aufklappbarer Sitzfl\u00e4che, Lenkrad mit Hupe und anpassbarem Nummernschild &#8211; 100% Made in France f\u00fcr kleine Schulkinder ab 12 Monaten.<\/p>\n","protected":false},"featured_media":19912,"comment_status":"closed","ping_status":"closed","template":"","meta":{"_acf_changed":false,"site-sidebar-layout":"default","site-content-layout":"","ast-site-content-layout":"default","site-content-style":"default","site-sidebar-style":"default","ast-global-header-display":"","ast-banner-title-visibility":"","ast-main-header-display":"","ast-hfb-above-header-display":"","ast-hfb-below-header-display":"","ast-hfb-mobile-header-display":"","site-post-title":"","ast-breadcrumbs-content":"","ast-featured-img":"","footer-sml-layout":"","theme-transparent-header-meta":"default","adv-header-id-meta":"","stick-header-meta":"","header-above-stick-meta":"","header-main-stick-meta":"","header-below-stick-meta":"","astra-migrate-meta-layouts":"default","ast-page-background-enabled":"default","ast-page-background-meta":{"desktop":{"background-color":"","background-image":"","background-repeat":"repeat","background-position":"center center","background-size":"auto","background-attachment":"scroll","background-type":"","background-media":"","overlay-type":"","overlay-color":"","overlay-opacity":"","overlay-gradient":""},"tablet":{"background-color":"","background-image":"","background-repeat":"repeat","background-position":"center center","background-size":"auto","background-attachment":"scroll","background-type":"","background-media":"","overlay-type":"","overlay-color":"","overlay-opacity":"","overlay-gradient":""},"mobile":{"background-color":"","background-image":"","background-repeat":"repeat","background-position":"center center","background-size":"auto","background-attachment":"scroll","background-type":"","background-media":"","overlay-type":"","overlay-color":"","overlay-opacity":"","overlay-gradient":""}},"ast-content-background-meta":{"desktop":{"background-color":"var(--ast-global-color-5)","background-image":"","background-repeat":"repeat","background-position":"center center","background-size":"auto","background-attachment":"scroll","background-type":"","background-media":"","overlay-type":"","overlay-color":"","overlay-opacity":"","overlay-gradient":""},"tablet":{"background-color":"var(--ast-global-color-5)","background-image":"","background-repeat":"repeat","background-position":"center center","background-size":"auto","background-attachment":"scroll","background-type":"","background-media":"","overlay-type":"","overlay-color":"","overlay-opacity":"","overlay-gradient":""},"mobile":{"background-color":"var(--ast-global-color-5)","background-image":"","background-repeat":"repeat","background-position":"center center","background-size":"auto","background-attachment":"scroll","background-type":"","background-media":"","overlay-type":"","overlay-color":"","overlay-opacity":"","overlay-gradient":""}}},"product_brand":[],"product_cat":[159,49],"product_tag":[640],"class_list":{"0":"post-22615","1":"product","2":"type-product","3":"status-publish","4":"has-post-thumbnail","6":"product_cat-1-3-jahre","7":"product_cat-die-kleinen-abenteurer","8":"product_tag-first-age-carriers-de","9":"desktop-align-left","10":"tablet-align-left","11":"mobile-align-left","13":"first","14":"outofstock","15":"sale","16":"taxable","17":"shipping-taxable","18":"purchasable","19":"product-type-simple"},"acf":[],"yoast_head":"<!-- This site is optimized with the Yoast SEO Premium plugin v25.8 (Yoast SEO v26.3) - https:\/\/yoast.com\/wordpress\/plugins\/seo\/ -->\n<title>School Bus Forwarder mit aufklappbarer Sitzfl\u00e4che und Lenkrad mit Hupe | FALK - Toys that rolls<\/title>\n<meta name=\"robots\" content=\"index, follow, max-snippet:-1, max-image-preview:large, max-video-preview:-1\" \/>\n<link rel=\"canonical\" href=\"https:\/\/falk-toys.com\/de\/produkt\/school-bus-forwarder-mit-aufklappbarer-sitzflaeche-und-lenkrad-mit-hupe\/\" \/>\n<meta property=\"og:locale\" content=\"de_DE\" \/>\n<meta property=\"og:type\" content=\"article\" \/>\n<meta property=\"og:title\" content=\"School Bus Forwarder mit aufklappbarer Sitzfl\u00e4che und Lenkrad mit Hupe\" \/>\n<meta property=\"og:description\" content=\"School Bus mit aufklappbarer Sitzfl\u00e4che, Lenkrad mit Hupe und anpassbarem Nummernschild - 100% Made in France f\u00fcr kleine Schulkinder ab 12 Monaten.\" \/>\n<meta property=\"og:url\" content=\"https:\/\/falk-toys.com\/de\/produkt\/school-bus-forwarder-mit-aufklappbarer-sitzflaeche-und-lenkrad-mit-hupe\/\" \/>\n<meta property=\"og:site_name\" content=\"FALK - Toys that rolls\" \/>\n<meta property=\"article:publisher\" content=\"https:\/\/www.facebook.com\/FalkFR\/\" \/>\n<meta property=\"article:modified_time\" content=\"2026-03-20T00:59:39+00:00\" \/>\n<meta property=\"og:image\" content=\"https:\/\/falk-toys.com\/wp-content\/uploads\/2024\/10\/porteur-school-bus-704-pks.jpg\" \/>\n\t<meta property=\"og:image:width\" content=\"800\" \/>\n\t<meta property=\"og:image:height\" content=\"800\" \/>\n\t<meta property=\"og:image:type\" content=\"image\/jpeg\" \/>\n<meta name=\"twitter:card\" content=\"summary_large_image\" \/>\n<meta name=\"twitter:label1\" content=\"Preis\" \/>\n\t<meta name=\"twitter:data1\" content=\"32,99&euro;\" \/>\n\t<meta name=\"twitter:label2\" content=\"Verf\u00fcgbarkeit\" \/>\n\t<meta name=\"twitter:data2\" content=\"ausverkauft\" \/>\n<script type=\"application\/ld+json\" class=\"yoast-schema-graph\">{\"@context\":\"https:\/\/schema.org\",\"@graph\":[{\"@type\":\"WebPage\",\"@id\":\"https:\/\/falk-toys.com\/de\/produkt\/school-bus-forwarder-mit-aufklappbarer-sitzflaeche-und-lenkrad-mit-hupe\/\",\"url\":\"https:\/\/falk-toys.com\/de\/produkt\/school-bus-forwarder-mit-aufklappbarer-sitzflaeche-und-lenkrad-mit-hupe\/\",\"name\":\"School Bus Forwarder mit aufklappbarer Sitzfl\u00e4che und Lenkrad mit Hupe | FALK - Toys that rolls\",\"isPartOf\":{\"@id\":\"https:\/\/falk-toys.com\/de\/#website\"},\"primaryImageOfPage\":{\"@id\":\"https:\/\/falk-toys.com\/de\/produkt\/school-bus-forwarder-mit-aufklappbarer-sitzflaeche-und-lenkrad-mit-hupe\/#primaryimage\"},\"image\":{\"@id\":\"https:\/\/falk-toys.com\/de\/produkt\/school-bus-forwarder-mit-aufklappbarer-sitzflaeche-und-lenkrad-mit-hupe\/#primaryimage\"},\"thumbnailUrl\":\"https:\/\/falk-toys.com\/wp-content\/uploads\/2024\/10\/porteur-school-bus-704-pks.jpg\",\"datePublished\":\"2025-03-06T09:24:07+00:00\",\"dateModified\":\"2026-03-20T00:59:39+00:00\",\"breadcrumb\":{\"@id\":\"https:\/\/falk-toys.com\/de\/produkt\/school-bus-forwarder-mit-aufklappbarer-sitzflaeche-und-lenkrad-mit-hupe\/#breadcrumb\"},\"inLanguage\":\"de\",\"potentialAction\":[{\"@type\":\"ReadAction\",\"target\":[\"https:\/\/falk-toys.com\/de\/produkt\/school-bus-forwarder-mit-aufklappbarer-sitzflaeche-und-lenkrad-mit-hupe\/\"]}]},{\"@type\":\"ImageObject\",\"inLanguage\":\"de\",\"@id\":\"https:\/\/falk-toys.com\/de\/produkt\/school-bus-forwarder-mit-aufklappbarer-sitzflaeche-und-lenkrad-mit-hupe\/#primaryimage\",\"url\":\"https:\/\/falk-toys.com\/wp-content\/uploads\/2024\/10\/porteur-school-bus-704-pks.jpg\",\"contentUrl\":\"https:\/\/falk-toys.com\/wp-content\/uploads\/2024\/10\/porteur-school-bus-704-pks.jpg\",\"width\":800,\"height\":800,\"caption\":\"Stacked from 8 images. Method=C (S=4)\"},{\"@type\":\"BreadcrumbList\",\"@id\":\"https:\/\/falk-toys.com\/de\/produkt\/school-bus-forwarder-mit-aufklappbarer-sitzflaeche-und-lenkrad-mit-hupe\/#breadcrumb\",\"itemListElement\":[{\"@type\":\"ListItem\",\"position\":1,\"name\":\"Home\",\"item\":\"https:\/\/falk-toys.com\/de\/\"},{\"@type\":\"ListItem\",\"position\":2,\"name\":\"Shop\",\"item\":\"https:\/\/falk-toys.com\/de\/shop\/\"},{\"@type\":\"ListItem\",\"position\":3,\"name\":\"School Bus Forwarder mit aufklappbarer Sitzfl\u00e4che und Lenkrad mit Hupe\"}]},{\"@type\":\"WebSite\",\"@id\":\"https:\/\/falk-toys.com\/de\/#website\",\"url\":\"https:\/\/falk-toys.com\/de\/\",\"name\":\"FALK - Toys that rolls\",\"description\":\"Jouets fabriqu\u00e9s en France\",\"publisher\":{\"@id\":\"https:\/\/falk-toys.com\/de\/#organization\"},\"potentialAction\":[{\"@type\":\"SearchAction\",\"target\":{\"@type\":\"EntryPoint\",\"urlTemplate\":\"https:\/\/falk-toys.com\/de\/?s={search_term_string}\"},\"query-input\":{\"@type\":\"PropertyValueSpecification\",\"valueRequired\":true,\"valueName\":\"search_term_string\"}}],\"inLanguage\":\"de\"},{\"@type\":\"Organization\",\"@id\":\"https:\/\/falk-toys.com\/de\/#organization\",\"name\":\"Falk Toys\",\"url\":\"https:\/\/falk-toys.com\/de\/\",\"logo\":{\"@type\":\"ImageObject\",\"inLanguage\":\"de\",\"@id\":\"https:\/\/falk-toys.com\/de\/#\/schema\/logo\/image\/\",\"url\":\"https:\/\/falk-toys.com\/wp-content\/uploads\/2019\/12\/falk-logo@2x.png\",\"contentUrl\":\"https:\/\/falk-toys.com\/wp-content\/uploads\/2019\/12\/falk-logo@2x.png\",\"width\":436,\"height\":351,\"caption\":\"Falk Toys\"},\"image\":{\"@id\":\"https:\/\/falk-toys.com\/de\/#\/schema\/logo\/image\/\"},\"sameAs\":[\"https:\/\/www.facebook.com\/FalkFR\/\",\"https:\/\/www.instagram.com\/falk_toys\/\",\"https:\/\/www.youtube.com\/channel\/UCKZXf1_E8UsPhjAQo-Y5vlg\"]}]}<\/script>\n<meta property=\"product:price:amount\" content=\"32.99\" \/>\n<meta property=\"product:price:currency\" content=\"EUR\" \/>\n<meta property=\"og:availability\" content=\"out of stock\" \/>\n<meta property=\"product:availability\" content=\"out of stock\" \/>\n<meta property=\"product:retailer_item_id\" content=\"704\" \/>\n<meta property=\"product:condition\" content=\"new\" \/>\n<!-- \/ Yoast SEO Premium plugin. -->","yoast_head_json":{"title":"School Bus Forwarder mit aufklappbarer Sitzfl\u00e4che und Lenkrad mit Hupe | FALK - Toys that rolls","robots":{"index":"index","follow":"follow","max-snippet":"max-snippet:-1","max-image-preview":"max-image-preview:large","max-video-preview":"max-video-preview:-1"},"canonical":"https:\/\/falk-toys.com\/de\/produkt\/school-bus-forwarder-mit-aufklappbarer-sitzflaeche-und-lenkrad-mit-hupe\/","og_locale":"de_DE","og_type":"article","og_title":"School Bus Forwarder mit aufklappbarer Sitzfl\u00e4che und Lenkrad mit Hupe","og_description":"School Bus mit aufklappbarer Sitzfl\u00e4che, Lenkrad mit Hupe und anpassbarem Nummernschild - 100% Made in France f\u00fcr kleine Schulkinder ab 12 Monaten.","og_url":"https:\/\/falk-toys.com\/de\/produkt\/school-bus-forwarder-mit-aufklappbarer-sitzflaeche-und-lenkrad-mit-hupe\/","og_site_name":"FALK - Toys that rolls","article_publisher":"https:\/\/www.facebook.com\/FalkFR\/","article_modified_time":"2026-03-20T00:59:39+00:00","og_image":[{"width":800,"height":800,"url":"https:\/\/falk-toys.com\/wp-content\/uploads\/2024\/10\/porteur-school-bus-704-pks.jpg","type":"image\/jpeg"}],"twitter_card":"summary_large_image","twitter_misc":{"Preis":"32,99&euro;","Verf\u00fcgbarkeit":"ausverkauft"},"schema":{"@context":"https:\/\/schema.org","@graph":[{"@type":"WebPage","@id":"https:\/\/falk-toys.com\/de\/produkt\/school-bus-forwarder-mit-aufklappbarer-sitzflaeche-und-lenkrad-mit-hupe\/","url":"https:\/\/falk-toys.com\/de\/produkt\/school-bus-forwarder-mit-aufklappbarer-sitzflaeche-und-lenkrad-mit-hupe\/","name":"School Bus Forwarder mit aufklappbarer Sitzfl\u00e4che und Lenkrad mit Hupe | FALK - Toys that rolls","isPartOf":{"@id":"https:\/\/falk-toys.com\/de\/#website"},"primaryImageOfPage":{"@id":"https:\/\/falk-toys.com\/de\/produkt\/school-bus-forwarder-mit-aufklappbarer-sitzflaeche-und-lenkrad-mit-hupe\/#primaryimage"},"image":{"@id":"https:\/\/falk-toys.com\/de\/produkt\/school-bus-forwarder-mit-aufklappbarer-sitzflaeche-und-lenkrad-mit-hupe\/#primaryimage"},"thumbnailUrl":"https:\/\/falk-toys.com\/wp-content\/uploads\/2024\/10\/porteur-school-bus-704-pks.jpg","datePublished":"2025-03-06T09:24:07+00:00","dateModified":"2026-03-20T00:59:39+00:00","breadcrumb":{"@id":"https:\/\/falk-toys.com\/de\/produkt\/school-bus-forwarder-mit-aufklappbarer-sitzflaeche-und-lenkrad-mit-hupe\/#breadcrumb"},"inLanguage":"de","potentialAction":[{"@type":"ReadAction","target":["https:\/\/falk-toys.com\/de\/produkt\/school-bus-forwarder-mit-aufklappbarer-sitzflaeche-und-lenkrad-mit-hupe\/"]}]},{"@type":"ImageObject","inLanguage":"de","@id":"https:\/\/falk-toys.com\/de\/produkt\/school-bus-forwarder-mit-aufklappbarer-sitzflaeche-und-lenkrad-mit-hupe\/#primaryimage","url":"https:\/\/falk-toys.com\/wp-content\/uploads\/2024\/10\/porteur-school-bus-704-pks.jpg","contentUrl":"https:\/\/falk-toys.com\/wp-content\/uploads\/2024\/10\/porteur-school-bus-704-pks.jpg","width":800,"height":800,"caption":"Stacked from 8 images. Method=C (S=4)"},{"@type":"BreadcrumbList","@id":"https:\/\/falk-toys.com\/de\/produkt\/school-bus-forwarder-mit-aufklappbarer-sitzflaeche-und-lenkrad-mit-hupe\/#breadcrumb","itemListElement":[{"@type":"ListItem","position":1,"name":"Home","item":"https:\/\/falk-toys.com\/de\/"},{"@type":"ListItem","position":2,"name":"Shop","item":"https:\/\/falk-toys.com\/de\/shop\/"},{"@type":"ListItem","position":3,"name":"School Bus Forwarder mit aufklappbarer Sitzfl\u00e4che und Lenkrad mit Hupe"}]},{"@type":"WebSite","@id":"https:\/\/falk-toys.com\/de\/#website","url":"https:\/\/falk-toys.com\/de\/","name":"FALK - Toys that rolls","description":"Jouets fabriqu\u00e9s en France","publisher":{"@id":"https:\/\/falk-toys.com\/de\/#organization"},"potentialAction":[{"@type":"SearchAction","target":{"@type":"EntryPoint","urlTemplate":"https:\/\/falk-toys.com\/de\/?s={search_term_string}"},"query-input":{"@type":"PropertyValueSpecification","valueRequired":true,"valueName":"search_term_string"}}],"inLanguage":"de"},{"@type":"Organization","@id":"https:\/\/falk-toys.com\/de\/#organization","name":"Falk Toys","url":"https:\/\/falk-toys.com\/de\/","logo":{"@type":"ImageObject","inLanguage":"de","@id":"https:\/\/falk-toys.com\/de\/#\/schema\/logo\/image\/","url":"https:\/\/falk-toys.com\/wp-content\/uploads\/2019\/12\/falk-logo@2x.png","contentUrl":"https:\/\/falk-toys.com\/wp-content\/uploads\/2019\/12\/falk-logo@2x.png","width":436,"height":351,"caption":"Falk Toys"},"image":{"@id":"https:\/\/falk-toys.com\/de\/#\/schema\/logo\/image\/"},"sameAs":["https:\/\/www.facebook.com\/FalkFR\/","https:\/\/www.instagram.com\/falk_toys\/","https:\/\/www.youtube.com\/channel\/UCKZXf1_E8UsPhjAQo-Y5vlg"]}]},"product_price_amount":"32.99","product_price_currency":"EUR","og_availability":"out of stock","product_availability":"out of stock","product_retailer_item_id":"704","product_condition":"new"},"_links":{"self":[{"href":"https:\/\/falk-toys.com\/de\/wp-json\/wp\/v2\/product\/22615","targetHints":{"allow":["GET"]}}],"collection":[{"href":"https:\/\/falk-toys.com\/de\/wp-json\/wp\/v2\/product"}],"about":[{"href":"https:\/\/falk-toys.com\/de\/wp-json\/wp\/v2\/types\/product"}],"replies":[{"embeddable":true,"href":"https:\/\/falk-toys.com\/de\/wp-json\/wp\/v2\/comments?post=22615"}],"wp:featuredmedia":[{"embeddable":true,"href":"https:\/\/falk-toys.com\/de\/wp-json\/wp\/v2\/media\/19912"}],"wp:attachment":[{"href":"https:\/\/falk-toys.com\/de\/wp-json\/wp\/v2\/media?parent=22615"}],"wp:term":[{"taxonomy":"product_brand","embeddable":true,"href":"https:\/\/falk-toys.com\/de\/wp-json\/wp\/v2\/product_brand?post=22615"},{"taxonomy":"product_cat","embeddable":true,"href":"https:\/\/falk-toys.com\/de\/wp-json\/wp\/v2\/product_cat?post=22615"},{"taxonomy":"product_tag","embeddable":true,"href":"https:\/\/falk-toys.com\/de\/wp-json\/wp\/v2\/product_tag?post=22615"}],"curies":[{"name":"wp","href":"https:\/\/api.w.org\/{rel}","templated":true}]}}