{"id":22620,"date":"2025-03-14T09:24:07","date_gmt":"2025-03-14T08:24:07","guid":{"rendered":"https:\/\/falk-toys.com\/produit\/forwarder-kubota-traktor-orange\/"},"modified":"2026-03-20T01:59:50","modified_gmt":"2026-03-20T00:59:50","slug":"forwarder-kubota-traktor-orange","status":"publish","type":"product","link":"https:\/\/falk-toys.com\/de\/produkt\/forwarder-kubota-traktor-orange\/","title":{"rendered":"Forwarder Kubota Traktor orange"},"content":{"rendered":"<p>Dieser X-Tractor Pedaltraktor wurde speziell f\u00fcr kleine G\u00e4rtner im Alter von 2 bis 5 Jahren entworfen.<br \/>\nDie aufklappbare Motorhaube erm\u00f6glicht jungen Mechanikern den Zugang zum Motor, um Riemen, Filter und Z\u00fcndkerzen zu \u00fcberpr\u00fcfen.<br \/>\nDer mitgelieferte Anh\u00e4nger l\u00e4sst sich problemlos am Traktor befestigen, um Sand, Bl\u00e4tter, Erde und Steine von einem Ende des Gartens zum anderen zu laden und zu transportieren. Ihre jungen G\u00e4rtner oder Landwirte werden ihre Unabh\u00e4ngigkeit und Vorstellungskraft entwickeln.<br \/>\nLeicht zu handhaben dank des lenkbaren Lenkrads mit Hupe, ist dieser Traktor zu 100% in Frankreich hergestellt, besteht aus 50% recyceltem Kunststoff und garantiert stundenlangen Spielspa\u00df im Freien!<\/p>\n","protected":false},"excerpt":{"rendered":"<p>Kubota Traktor-Lauflernwagen orange mit ergonomischer Lauflernstange &#8211; Ab 12 Monaten &#8211; 90% recycelter Kunststoff &#8211; Hergestellt in Frankreich &#8211; 960<\/p>\n","protected":false},"featured_media":20216,"comment_status":"closed","ping_status":"closed","template":"","meta":{"_acf_changed":false,"site-sidebar-layout":"default","site-content-layout":"","ast-site-content-layout":"default","site-content-style":"default","site-sidebar-style":"default","ast-global-header-display":"","ast-banner-title-visibility":"","ast-main-header-display":"","ast-hfb-above-header-display":"","ast-hfb-below-header-display":"","ast-hfb-mobile-header-display":"","site-post-title":"","ast-breadcrumbs-content":"","ast-featured-img":"","footer-sml-layout":"","theme-transparent-header-meta":"default","adv-header-id-meta":"","stick-header-meta":"","header-above-stick-meta":"","header-main-stick-meta":"","header-below-stick-meta":"","astra-migrate-meta-layouts":"default","ast-page-background-enabled":"default","ast-page-background-meta":{"desktop":{"background-color":"","background-image":"","background-repeat":"repeat","background-position":"center center","background-size":"auto","background-attachment":"scroll","background-type":"","background-media":"","overlay-type":"","overlay-color":"","overlay-opacity":"","overlay-gradient":""},"tablet":{"background-color":"","background-image":"","background-repeat":"repeat","background-position":"center center","background-size":"auto","background-attachment":"scroll","background-type":"","background-media":"","overlay-type":"","overlay-color":"","overlay-opacity":"","overlay-gradient":""},"mobile":{"background-color":"","background-image":"","background-repeat":"repeat","background-position":"center center","background-size":"auto","background-attachment":"scroll","background-type":"","background-media":"","overlay-type":"","overlay-color":"","overlay-opacity":"","overlay-gradient":""}},"ast-content-background-meta":{"desktop":{"background-color":"var(--ast-global-color-5)","background-image":"","background-repeat":"repeat","background-position":"center center","background-size":"auto","background-attachment":"scroll","background-type":"","background-media":"","overlay-type":"","overlay-color":"","overlay-opacity":"","overlay-gradient":""},"tablet":{"background-color":"var(--ast-global-color-5)","background-image":"","background-repeat":"repeat","background-position":"center center","background-size":"auto","background-attachment":"scroll","background-type":"","background-media":"","overlay-type":"","overlay-color":"","overlay-opacity":"","overlay-gradient":""},"mobile":{"background-color":"var(--ast-global-color-5)","background-image":"","background-repeat":"repeat","background-position":"center center","background-size":"auto","background-attachment":"scroll","background-type":"","background-media":"","overlay-type":"","overlay-color":"","overlay-opacity":"","overlay-gradient":""}}},"product_brand":[],"product_cat":[159,48,127],"product_tag":[640],"class_list":{"0":"post-22620","1":"product","2":"type-product","3":"status-publish","4":"has-post-thumbnail","6":"product_cat-1-3-jahre","7":"product_cat-die-kleinen-gartner","8":"product_cat-kubota-de","9":"product_tag-first-age-carriers-de","10":"desktop-align-left","11":"tablet-align-left","12":"mobile-align-left","14":"first","15":"instock","16":"sale","17":"taxable","18":"shipping-taxable","19":"purchasable","20":"product-type-simple"},"acf":[],"yoast_head":"<!-- This site is optimized with the Yoast SEO Premium plugin v25.8 (Yoast SEO v26.3) - https:\/\/yoast.com\/wordpress\/plugins\/seo\/ -->\n<title>Forwarder Kubota Traktor orange | FALK - Toys that rolls<\/title>\n<meta name=\"robots\" content=\"index, follow, max-snippet:-1, max-image-preview:large, max-video-preview:-1\" \/>\n<link rel=\"canonical\" href=\"https:\/\/falk-toys.com\/de\/produkt\/forwarder-kubota-traktor-orange\/\" \/>\n<meta property=\"og:locale\" content=\"de_DE\" \/>\n<meta property=\"og:type\" content=\"article\" \/>\n<meta property=\"og:title\" content=\"Forwarder Kubota Traktor orange\" \/>\n<meta property=\"og:description\" content=\"Kubota Traktor-Lauflernwagen orange mit ergonomischer Lauflernstange - Ab 12 Monaten - 90% recycelter Kunststoff - Hergestellt in Frankreich - 960\" \/>\n<meta property=\"og:url\" content=\"https:\/\/falk-toys.com\/de\/produkt\/forwarder-kubota-traktor-orange\/\" \/>\n<meta property=\"og:site_name\" content=\"FALK - Toys that rolls\" \/>\n<meta property=\"article:publisher\" content=\"https:\/\/www.facebook.com\/FalkFR\/\" \/>\n<meta property=\"article:modified_time\" content=\"2026-03-20T00:59:50+00:00\" \/>\n<meta property=\"og:image\" content=\"https:\/\/falk-toys.com\/wp-content\/uploads\/2024\/10\/porteur-tracteur-kubota-960-pks.jpg\" \/>\n\t<meta property=\"og:image:width\" content=\"800\" \/>\n\t<meta property=\"og:image:height\" content=\"800\" \/>\n\t<meta property=\"og:image:type\" content=\"image\/jpeg\" \/>\n<meta name=\"twitter:card\" content=\"summary_large_image\" \/>\n<meta name=\"twitter:label1\" content=\"Preis\" \/>\n\t<meta name=\"twitter:data1\" content=\"44,99&euro;\" \/>\n\t<meta name=\"twitter:label2\" content=\"Verf\u00fcgbarkeit\" \/>\n\t<meta name=\"twitter:data2\" content=\"Auf Lager\" \/>\n<script type=\"application\/ld+json\" class=\"yoast-schema-graph\">{\"@context\":\"https:\/\/schema.org\",\"@graph\":[{\"@type\":\"WebPage\",\"@id\":\"https:\/\/falk-toys.com\/de\/produkt\/forwarder-kubota-traktor-orange\/\",\"url\":\"https:\/\/falk-toys.com\/de\/produkt\/forwarder-kubota-traktor-orange\/\",\"name\":\"Forwarder Kubota Traktor orange | FALK - Toys that rolls\",\"isPartOf\":{\"@id\":\"https:\/\/falk-toys.com\/de\/#website\"},\"primaryImageOfPage\":{\"@id\":\"https:\/\/falk-toys.com\/de\/produkt\/forwarder-kubota-traktor-orange\/#primaryimage\"},\"image\":{\"@id\":\"https:\/\/falk-toys.com\/de\/produkt\/forwarder-kubota-traktor-orange\/#primaryimage\"},\"thumbnailUrl\":\"https:\/\/falk-toys.com\/wp-content\/uploads\/2024\/10\/porteur-tracteur-kubota-960-pks.jpg\",\"datePublished\":\"2025-03-14T08:24:07+00:00\",\"dateModified\":\"2026-03-20T00:59:50+00:00\",\"breadcrumb\":{\"@id\":\"https:\/\/falk-toys.com\/de\/produkt\/forwarder-kubota-traktor-orange\/#breadcrumb\"},\"inLanguage\":\"de\",\"potentialAction\":[{\"@type\":\"ReadAction\",\"target\":[\"https:\/\/falk-toys.com\/de\/produkt\/forwarder-kubota-traktor-orange\/\"]}]},{\"@type\":\"ImageObject\",\"inLanguage\":\"de\",\"@id\":\"https:\/\/falk-toys.com\/de\/produkt\/forwarder-kubota-traktor-orange\/#primaryimage\",\"url\":\"https:\/\/falk-toys.com\/wp-content\/uploads\/2024\/10\/porteur-tracteur-kubota-960-pks.jpg\",\"contentUrl\":\"https:\/\/falk-toys.com\/wp-content\/uploads\/2024\/10\/porteur-tracteur-kubota-960-pks.jpg\",\"width\":800,\"height\":800,\"caption\":\"Stacked from 6 images. Method=C (S=4)\"},{\"@type\":\"BreadcrumbList\",\"@id\":\"https:\/\/falk-toys.com\/de\/produkt\/forwarder-kubota-traktor-orange\/#breadcrumb\",\"itemListElement\":[{\"@type\":\"ListItem\",\"position\":1,\"name\":\"Home\",\"item\":\"https:\/\/falk-toys.com\/de\/\"},{\"@type\":\"ListItem\",\"position\":2,\"name\":\"Shop\",\"item\":\"https:\/\/falk-toys.com\/de\/shop\/\"},{\"@type\":\"ListItem\",\"position\":3,\"name\":\"Forwarder Kubota Traktor orange\"}]},{\"@type\":\"WebSite\",\"@id\":\"https:\/\/falk-toys.com\/de\/#website\",\"url\":\"https:\/\/falk-toys.com\/de\/\",\"name\":\"FALK - Toys that rolls\",\"description\":\"Jouets fabriqu\u00e9s en France\",\"publisher\":{\"@id\":\"https:\/\/falk-toys.com\/de\/#organization\"},\"potentialAction\":[{\"@type\":\"SearchAction\",\"target\":{\"@type\":\"EntryPoint\",\"urlTemplate\":\"https:\/\/falk-toys.com\/de\/?s={search_term_string}\"},\"query-input\":{\"@type\":\"PropertyValueSpecification\",\"valueRequired\":true,\"valueName\":\"search_term_string\"}}],\"inLanguage\":\"de\"},{\"@type\":\"Organization\",\"@id\":\"https:\/\/falk-toys.com\/de\/#organization\",\"name\":\"Falk Toys\",\"url\":\"https:\/\/falk-toys.com\/de\/\",\"logo\":{\"@type\":\"ImageObject\",\"inLanguage\":\"de\",\"@id\":\"https:\/\/falk-toys.com\/de\/#\/schema\/logo\/image\/\",\"url\":\"https:\/\/falk-toys.com\/wp-content\/uploads\/2019\/12\/falk-logo@2x.png\",\"contentUrl\":\"https:\/\/falk-toys.com\/wp-content\/uploads\/2019\/12\/falk-logo@2x.png\",\"width\":436,\"height\":351,\"caption\":\"Falk Toys\"},\"image\":{\"@id\":\"https:\/\/falk-toys.com\/de\/#\/schema\/logo\/image\/\"},\"sameAs\":[\"https:\/\/www.facebook.com\/FalkFR\/\",\"https:\/\/www.instagram.com\/falk_toys\/\",\"https:\/\/www.youtube.com\/channel\/UCKZXf1_E8UsPhjAQo-Y5vlg\"]}]}<\/script>\n<meta property=\"product:price:amount\" content=\"44.99\" \/>\n<meta property=\"product:price:currency\" content=\"EUR\" \/>\n<meta property=\"og:availability\" content=\"instock\" \/>\n<meta property=\"product:availability\" content=\"instock\" \/>\n<meta property=\"product:retailer_item_id\" content=\"960\" \/>\n<meta property=\"product:condition\" content=\"new\" \/>\n<!-- \/ Yoast SEO Premium plugin. -->","yoast_head_json":{"title":"Forwarder Kubota Traktor orange | FALK - Toys that rolls","robots":{"index":"index","follow":"follow","max-snippet":"max-snippet:-1","max-image-preview":"max-image-preview:large","max-video-preview":"max-video-preview:-1"},"canonical":"https:\/\/falk-toys.com\/de\/produkt\/forwarder-kubota-traktor-orange\/","og_locale":"de_DE","og_type":"article","og_title":"Forwarder Kubota Traktor orange","og_description":"Kubota Traktor-Lauflernwagen orange mit ergonomischer Lauflernstange - Ab 12 Monaten - 90% recycelter Kunststoff - Hergestellt in Frankreich - 960","og_url":"https:\/\/falk-toys.com\/de\/produkt\/forwarder-kubota-traktor-orange\/","og_site_name":"FALK - Toys that rolls","article_publisher":"https:\/\/www.facebook.com\/FalkFR\/","article_modified_time":"2026-03-20T00:59:50+00:00","og_image":[{"width":800,"height":800,"url":"https:\/\/falk-toys.com\/wp-content\/uploads\/2024\/10\/porteur-tracteur-kubota-960-pks.jpg","type":"image\/jpeg"}],"twitter_card":"summary_large_image","twitter_misc":{"Preis":"44,99&euro;","Verf\u00fcgbarkeit":"Auf Lager"},"schema":{"@context":"https:\/\/schema.org","@graph":[{"@type":"WebPage","@id":"https:\/\/falk-toys.com\/de\/produkt\/forwarder-kubota-traktor-orange\/","url":"https:\/\/falk-toys.com\/de\/produkt\/forwarder-kubota-traktor-orange\/","name":"Forwarder Kubota Traktor orange | FALK - Toys that rolls","isPartOf":{"@id":"https:\/\/falk-toys.com\/de\/#website"},"primaryImageOfPage":{"@id":"https:\/\/falk-toys.com\/de\/produkt\/forwarder-kubota-traktor-orange\/#primaryimage"},"image":{"@id":"https:\/\/falk-toys.com\/de\/produkt\/forwarder-kubota-traktor-orange\/#primaryimage"},"thumbnailUrl":"https:\/\/falk-toys.com\/wp-content\/uploads\/2024\/10\/porteur-tracteur-kubota-960-pks.jpg","datePublished":"2025-03-14T08:24:07+00:00","dateModified":"2026-03-20T00:59:50+00:00","breadcrumb":{"@id":"https:\/\/falk-toys.com\/de\/produkt\/forwarder-kubota-traktor-orange\/#breadcrumb"},"inLanguage":"de","potentialAction":[{"@type":"ReadAction","target":["https:\/\/falk-toys.com\/de\/produkt\/forwarder-kubota-traktor-orange\/"]}]},{"@type":"ImageObject","inLanguage":"de","@id":"https:\/\/falk-toys.com\/de\/produkt\/forwarder-kubota-traktor-orange\/#primaryimage","url":"https:\/\/falk-toys.com\/wp-content\/uploads\/2024\/10\/porteur-tracteur-kubota-960-pks.jpg","contentUrl":"https:\/\/falk-toys.com\/wp-content\/uploads\/2024\/10\/porteur-tracteur-kubota-960-pks.jpg","width":800,"height":800,"caption":"Stacked from 6 images. Method=C (S=4)"},{"@type":"BreadcrumbList","@id":"https:\/\/falk-toys.com\/de\/produkt\/forwarder-kubota-traktor-orange\/#breadcrumb","itemListElement":[{"@type":"ListItem","position":1,"name":"Home","item":"https:\/\/falk-toys.com\/de\/"},{"@type":"ListItem","position":2,"name":"Shop","item":"https:\/\/falk-toys.com\/de\/shop\/"},{"@type":"ListItem","position":3,"name":"Forwarder Kubota Traktor orange"}]},{"@type":"WebSite","@id":"https:\/\/falk-toys.com\/de\/#website","url":"https:\/\/falk-toys.com\/de\/","name":"FALK - Toys that rolls","description":"Jouets fabriqu\u00e9s en France","publisher":{"@id":"https:\/\/falk-toys.com\/de\/#organization"},"potentialAction":[{"@type":"SearchAction","target":{"@type":"EntryPoint","urlTemplate":"https:\/\/falk-toys.com\/de\/?s={search_term_string}"},"query-input":{"@type":"PropertyValueSpecification","valueRequired":true,"valueName":"search_term_string"}}],"inLanguage":"de"},{"@type":"Organization","@id":"https:\/\/falk-toys.com\/de\/#organization","name":"Falk Toys","url":"https:\/\/falk-toys.com\/de\/","logo":{"@type":"ImageObject","inLanguage":"de","@id":"https:\/\/falk-toys.com\/de\/#\/schema\/logo\/image\/","url":"https:\/\/falk-toys.com\/wp-content\/uploads\/2019\/12\/falk-logo@2x.png","contentUrl":"https:\/\/falk-toys.com\/wp-content\/uploads\/2019\/12\/falk-logo@2x.png","width":436,"height":351,"caption":"Falk Toys"},"image":{"@id":"https:\/\/falk-toys.com\/de\/#\/schema\/logo\/image\/"},"sameAs":["https:\/\/www.facebook.com\/FalkFR\/","https:\/\/www.instagram.com\/falk_toys\/","https:\/\/www.youtube.com\/channel\/UCKZXf1_E8UsPhjAQo-Y5vlg"]}]},"product_price_amount":"44.99","product_price_currency":"EUR","og_availability":"instock","product_availability":"instock","product_retailer_item_id":"960","product_condition":"new"},"_links":{"self":[{"href":"https:\/\/falk-toys.com\/de\/wp-json\/wp\/v2\/product\/22620","targetHints":{"allow":["GET"]}}],"collection":[{"href":"https:\/\/falk-toys.com\/de\/wp-json\/wp\/v2\/product"}],"about":[{"href":"https:\/\/falk-toys.com\/de\/wp-json\/wp\/v2\/types\/product"}],"replies":[{"embeddable":true,"href":"https:\/\/falk-toys.com\/de\/wp-json\/wp\/v2\/comments?post=22620"}],"wp:featuredmedia":[{"embeddable":true,"href":"https:\/\/falk-toys.com\/de\/wp-json\/wp\/v2\/media\/20216"}],"wp:attachment":[{"href":"https:\/\/falk-toys.com\/de\/wp-json\/wp\/v2\/media?parent=22620"}],"wp:term":[{"taxonomy":"product_brand","embeddable":true,"href":"https:\/\/falk-toys.com\/de\/wp-json\/wp\/v2\/product_brand?post=22620"},{"taxonomy":"product_cat","embeddable":true,"href":"https:\/\/falk-toys.com\/de\/wp-json\/wp\/v2\/product_cat?post=22620"},{"taxonomy":"product_tag","embeddable":true,"href":"https:\/\/falk-toys.com\/de\/wp-json\/wp\/v2\/product_tag?post=22620"}],"curies":[{"name":"wp","href":"https:\/\/api.w.org\/{rel}","templated":true}]}}