{"id":22627,"date":"2024-11-21T09:24:44","date_gmt":"2024-11-21T08:24:44","guid":{"rendered":"https:\/\/falk-toys.com\/produit\/vollstaendig-gelenkiger-super-builder-bagger-mit-aufklappbarer-sitzflaeche-anhaenger-mit-sieb-und-sandspielzeug\/"},"modified":"2026-03-20T01:59:11","modified_gmt":"2026-03-20T00:59:11","slug":"vollstaendig-gelenkiger-super-builder-bagger-mit-aufklappbarer-sitzflaeche-anhaenger-mit-sieb-und-sandspielzeug","status":"publish","type":"product","link":"https:\/\/falk-toys.com\/de\/produkt\/vollstaendig-gelenkiger-super-builder-bagger-mit-aufklappbarer-sitzflaeche-anhaenger-mit-sieb-und-sandspielzeug\/","title":{"rendered":"Vollst\u00e4ndig gelenkiger Super-Builder-Bagger mit aufklappbarer Sitzfl\u00e4che, Anh\u00e4nger mit Sieb und Sandspielzeug"},"content":{"rendered":"<p>Lauftraktor Case IH, 100% Made in France, f\u00fcr Kinder ab 1 Jahr. Dieses verspielte Gef\u00e4hrt mit seinen runden Formen wird die kleinen G\u00e4rtner begeistern. Seine lebendigen Farben wecken die Neugier von Kleinkindern, deren Motorik und Gleichgewicht spielerisch gef\u00f6rdert werden! Der liebevoll gestaltete Traktor, bestehend aus mindestens 40% recyceltem Kunststoff, eignet sich mit seinem Lenkrad samt Hupe genauso gut f\u00fcr den Garten wie f\u00fcr drinnen und wird mit seinem Anh\u00e4nger mit Schaufel und Rechen schnell zum Lieblingsgef\u00e4hrt, um Kuscheltiere vom Kinderzimmer ins Wohnzimmer zu bef\u00f6rdern oder drau\u00dfen Sand, Bl\u00e4tter und anderes Material zu transportieren.<\/p>\n","protected":false},"excerpt":{"rendered":"<p>Super-Builder-Bagger mit um 360\u00b0 drehbarer Kabine, gelenkigem Baggerarm und Schaufel, aufklappbarem Sitz, abnehmbarem Anh\u00e4nger mit Sieb und Sandspielzeug &#8211; 100% Made in France f\u00fcr kleine Baumeister ab 3 Jahren.<\/p>\n","protected":false},"featured_media":19416,"comment_status":"closed","ping_status":"closed","template":"","meta":{"_acf_changed":false,"site-sidebar-layout":"default","site-content-layout":"","ast-site-content-layout":"default","site-content-style":"default","site-sidebar-style":"default","ast-global-header-display":"","ast-banner-title-visibility":"","ast-main-header-display":"","ast-hfb-above-header-display":"","ast-hfb-below-header-display":"","ast-hfb-mobile-header-display":"","site-post-title":"","ast-breadcrumbs-content":"","ast-featured-img":"","footer-sml-layout":"","theme-transparent-header-meta":"default","adv-header-id-meta":"","stick-header-meta":"","header-above-stick-meta":"","header-main-stick-meta":"","header-below-stick-meta":"","astra-migrate-meta-layouts":"default","ast-page-background-enabled":"default","ast-page-background-meta":{"desktop":{"background-color":"","background-image":"","background-repeat":"repeat","background-position":"center center","background-size":"auto","background-attachment":"scroll","background-type":"","background-media":"","overlay-type":"","overlay-color":"","overlay-opacity":"","overlay-gradient":""},"tablet":{"background-color":"","background-image":"","background-repeat":"repeat","background-position":"center center","background-size":"auto","background-attachment":"scroll","background-type":"","background-media":"","overlay-type":"","overlay-color":"","overlay-opacity":"","overlay-gradient":""},"mobile":{"background-color":"","background-image":"","background-repeat":"repeat","background-position":"center center","background-size":"auto","background-attachment":"scroll","background-type":"","background-media":"","overlay-type":"","overlay-color":"","overlay-opacity":"","overlay-gradient":""}},"ast-content-background-meta":{"desktop":{"background-color":"var(--ast-global-color-5)","background-image":"","background-repeat":"repeat","background-position":"center center","background-size":"auto","background-attachment":"scroll","background-type":"","background-media":"","overlay-type":"","overlay-color":"","overlay-opacity":"","overlay-gradient":""},"tablet":{"background-color":"var(--ast-global-color-5)","background-image":"","background-repeat":"repeat","background-position":"center center","background-size":"auto","background-attachment":"scroll","background-type":"","background-media":"","overlay-type":"","overlay-color":"","overlay-opacity":"","overlay-gradient":""},"mobile":{"background-color":"var(--ast-global-color-5)","background-image":"","background-repeat":"repeat","background-position":"center center","background-size":"auto","background-attachment":"scroll","background-type":"","background-media":"","overlay-type":"","overlay-color":"","overlay-opacity":"","overlay-gradient":""}}},"product_brand":[],"product_cat":[161,47],"product_tag":[67],"class_list":{"0":"post-22627","1":"product","2":"type-product","3":"status-publish","4":"has-post-thumbnail","6":"product_cat-3-7-jahre","7":"product_cat-die-kleinen-baumeister","8":"product_tag-bagger","9":"desktop-align-left","10":"tablet-align-left","11":"mobile-align-left","13":"first","14":"outofstock","15":"sale","16":"taxable","17":"shipping-taxable","18":"purchasable","19":"product-type-simple"},"acf":[],"yoast_head":"<!-- This site is optimized with the Yoast SEO Premium plugin v25.8 (Yoast SEO v26.3) - https:\/\/yoast.com\/wordpress\/plugins\/seo\/ -->\n<title>Vollst\u00e4ndig gelenkiger Super-Builder-Bagger mit aufklappbarer Sitzfl\u00e4che, Anh\u00e4nger mit Sieb und Sandspielzeug | FALK - Toys that rolls<\/title>\n<meta name=\"robots\" content=\"index, follow, max-snippet:-1, max-image-preview:large, max-video-preview:-1\" \/>\n<link rel=\"canonical\" href=\"https:\/\/falk-toys.com\/de\/produkt\/vollstaendig-gelenkiger-super-builder-bagger-mit-aufklappbarer-sitzflaeche-anhaenger-mit-sieb-und-sandspielzeug\/\" \/>\n<meta property=\"og:locale\" content=\"de_DE\" \/>\n<meta property=\"og:type\" content=\"article\" \/>\n<meta property=\"og:title\" content=\"Vollst\u00e4ndig gelenkiger Super-Builder-Bagger mit aufklappbarer Sitzfl\u00e4che, Anh\u00e4nger mit Sieb und Sandspielzeug\" \/>\n<meta property=\"og:description\" content=\"Super-Builder-Bagger mit um 360\u00b0 drehbarer Kabine, gelenkigem Baggerarm und Schaufel, aufklappbarem Sitz, abnehmbarem Anh\u00e4nger mit Sieb und Sandspielzeug - 100% Made in France f\u00fcr kleine Baumeister ab 3 Jahren.\" \/>\n<meta property=\"og:url\" content=\"https:\/\/falk-toys.com\/de\/produkt\/vollstaendig-gelenkiger-super-builder-bagger-mit-aufklappbarer-sitzflaeche-anhaenger-mit-sieb-und-sandspielzeug\/\" \/>\n<meta property=\"og:site_name\" content=\"FALK - Toys that rolls\" \/>\n<meta property=\"article:publisher\" content=\"https:\/\/www.facebook.com\/FalkFR\/\" \/>\n<meta property=\"article:modified_time\" content=\"2026-03-20T00:59:11+00:00\" \/>\n<meta property=\"og:image\" content=\"https:\/\/falk-toys.com\/wp-content\/uploads\/2024\/10\/pelleteuse-super-builder-140A-pks.jpg\" \/>\n\t<meta property=\"og:image:width\" content=\"800\" \/>\n\t<meta property=\"og:image:height\" content=\"800\" \/>\n\t<meta property=\"og:image:type\" content=\"image\/jpeg\" \/>\n<meta name=\"twitter:card\" content=\"summary_large_image\" \/>\n<meta name=\"twitter:label1\" content=\"Preis\" \/>\n\t<meta name=\"twitter:data1\" content=\"64,99&euro;\" \/>\n\t<meta name=\"twitter:label2\" content=\"Verf\u00fcgbarkeit\" \/>\n\t<meta name=\"twitter:data2\" content=\"ausverkauft\" \/>\n<script type=\"application\/ld+json\" class=\"yoast-schema-graph\">{\"@context\":\"https:\/\/schema.org\",\"@graph\":[{\"@type\":\"WebPage\",\"@id\":\"https:\/\/falk-toys.com\/de\/produkt\/vollstaendig-gelenkiger-super-builder-bagger-mit-aufklappbarer-sitzflaeche-anhaenger-mit-sieb-und-sandspielzeug\/\",\"url\":\"https:\/\/falk-toys.com\/de\/produkt\/vollstaendig-gelenkiger-super-builder-bagger-mit-aufklappbarer-sitzflaeche-anhaenger-mit-sieb-und-sandspielzeug\/\",\"name\":\"Vollst\u00e4ndig gelenkiger Super-Builder-Bagger mit aufklappbarer Sitzfl\u00e4che, Anh\u00e4nger mit Sieb und Sandspielzeug | FALK - Toys that rolls\",\"isPartOf\":{\"@id\":\"https:\/\/falk-toys.com\/de\/#website\"},\"primaryImageOfPage\":{\"@id\":\"https:\/\/falk-toys.com\/de\/produkt\/vollstaendig-gelenkiger-super-builder-bagger-mit-aufklappbarer-sitzflaeche-anhaenger-mit-sieb-und-sandspielzeug\/#primaryimage\"},\"image\":{\"@id\":\"https:\/\/falk-toys.com\/de\/produkt\/vollstaendig-gelenkiger-super-builder-bagger-mit-aufklappbarer-sitzflaeche-anhaenger-mit-sieb-und-sandspielzeug\/#primaryimage\"},\"thumbnailUrl\":\"https:\/\/falk-toys.com\/wp-content\/uploads\/2024\/10\/pelleteuse-super-builder-140A-pks.jpg\",\"datePublished\":\"2024-11-21T08:24:44+00:00\",\"dateModified\":\"2026-03-20T00:59:11+00:00\",\"breadcrumb\":{\"@id\":\"https:\/\/falk-toys.com\/de\/produkt\/vollstaendig-gelenkiger-super-builder-bagger-mit-aufklappbarer-sitzflaeche-anhaenger-mit-sieb-und-sandspielzeug\/#breadcrumb\"},\"inLanguage\":\"de\",\"potentialAction\":[{\"@type\":\"ReadAction\",\"target\":[\"https:\/\/falk-toys.com\/de\/produkt\/vollstaendig-gelenkiger-super-builder-bagger-mit-aufklappbarer-sitzflaeche-anhaenger-mit-sieb-und-sandspielzeug\/\"]}]},{\"@type\":\"ImageObject\",\"inLanguage\":\"de\",\"@id\":\"https:\/\/falk-toys.com\/de\/produkt\/vollstaendig-gelenkiger-super-builder-bagger-mit-aufklappbarer-sitzflaeche-anhaenger-mit-sieb-und-sandspielzeug\/#primaryimage\",\"url\":\"https:\/\/falk-toys.com\/wp-content\/uploads\/2024\/10\/pelleteuse-super-builder-140A-pks.jpg\",\"contentUrl\":\"https:\/\/falk-toys.com\/wp-content\/uploads\/2024\/10\/pelleteuse-super-builder-140A-pks.jpg\",\"width\":800,\"height\":800,\"caption\":\"Stacked from 2 images. Method=C (S=4)\"},{\"@type\":\"BreadcrumbList\",\"@id\":\"https:\/\/falk-toys.com\/de\/produkt\/vollstaendig-gelenkiger-super-builder-bagger-mit-aufklappbarer-sitzflaeche-anhaenger-mit-sieb-und-sandspielzeug\/#breadcrumb\",\"itemListElement\":[{\"@type\":\"ListItem\",\"position\":1,\"name\":\"Home\",\"item\":\"https:\/\/falk-toys.com\/de\/\"},{\"@type\":\"ListItem\",\"position\":2,\"name\":\"Shop\",\"item\":\"https:\/\/falk-toys.com\/de\/shop\/\"},{\"@type\":\"ListItem\",\"position\":3,\"name\":\"Vollst\u00e4ndig gelenkiger Super-Builder-Bagger mit aufklappbarer Sitzfl\u00e4che, Anh\u00e4nger mit Sieb und Sandspielzeug\"}]},{\"@type\":\"WebSite\",\"@id\":\"https:\/\/falk-toys.com\/de\/#website\",\"url\":\"https:\/\/falk-toys.com\/de\/\",\"name\":\"FALK - Toys that rolls\",\"description\":\"Jouets fabriqu\u00e9s en France\",\"publisher\":{\"@id\":\"https:\/\/falk-toys.com\/de\/#organization\"},\"potentialAction\":[{\"@type\":\"SearchAction\",\"target\":{\"@type\":\"EntryPoint\",\"urlTemplate\":\"https:\/\/falk-toys.com\/de\/?s={search_term_string}\"},\"query-input\":{\"@type\":\"PropertyValueSpecification\",\"valueRequired\":true,\"valueName\":\"search_term_string\"}}],\"inLanguage\":\"de\"},{\"@type\":\"Organization\",\"@id\":\"https:\/\/falk-toys.com\/de\/#organization\",\"name\":\"Falk Toys\",\"url\":\"https:\/\/falk-toys.com\/de\/\",\"logo\":{\"@type\":\"ImageObject\",\"inLanguage\":\"de\",\"@id\":\"https:\/\/falk-toys.com\/de\/#\/schema\/logo\/image\/\",\"url\":\"https:\/\/falk-toys.com\/wp-content\/uploads\/2019\/12\/falk-logo@2x.png\",\"contentUrl\":\"https:\/\/falk-toys.com\/wp-content\/uploads\/2019\/12\/falk-logo@2x.png\",\"width\":436,\"height\":351,\"caption\":\"Falk Toys\"},\"image\":{\"@id\":\"https:\/\/falk-toys.com\/de\/#\/schema\/logo\/image\/\"},\"sameAs\":[\"https:\/\/www.facebook.com\/FalkFR\/\",\"https:\/\/www.instagram.com\/falk_toys\/\",\"https:\/\/www.youtube.com\/channel\/UCKZXf1_E8UsPhjAQo-Y5vlg\"]}]}<\/script>\n<meta property=\"product:price:amount\" content=\"64.99\" \/>\n<meta property=\"product:price:currency\" content=\"EUR\" \/>\n<meta property=\"og:availability\" content=\"out of stock\" \/>\n<meta property=\"product:availability\" content=\"out of stock\" \/>\n<meta property=\"product:retailer_item_id\" content=\"140A\" \/>\n<meta property=\"product:condition\" content=\"new\" \/>\n<!-- \/ Yoast SEO Premium plugin. -->","yoast_head_json":{"title":"Vollst\u00e4ndig gelenkiger Super-Builder-Bagger mit aufklappbarer Sitzfl\u00e4che, Anh\u00e4nger mit Sieb und Sandspielzeug | FALK - Toys that rolls","robots":{"index":"index","follow":"follow","max-snippet":"max-snippet:-1","max-image-preview":"max-image-preview:large","max-video-preview":"max-video-preview:-1"},"canonical":"https:\/\/falk-toys.com\/de\/produkt\/vollstaendig-gelenkiger-super-builder-bagger-mit-aufklappbarer-sitzflaeche-anhaenger-mit-sieb-und-sandspielzeug\/","og_locale":"de_DE","og_type":"article","og_title":"Vollst\u00e4ndig gelenkiger Super-Builder-Bagger mit aufklappbarer Sitzfl\u00e4che, Anh\u00e4nger mit Sieb und Sandspielzeug","og_description":"Super-Builder-Bagger mit um 360\u00b0 drehbarer Kabine, gelenkigem Baggerarm und Schaufel, aufklappbarem Sitz, abnehmbarem Anh\u00e4nger mit Sieb und Sandspielzeug - 100% Made in France f\u00fcr kleine Baumeister ab 3 Jahren.","og_url":"https:\/\/falk-toys.com\/de\/produkt\/vollstaendig-gelenkiger-super-builder-bagger-mit-aufklappbarer-sitzflaeche-anhaenger-mit-sieb-und-sandspielzeug\/","og_site_name":"FALK - Toys that rolls","article_publisher":"https:\/\/www.facebook.com\/FalkFR\/","article_modified_time":"2026-03-20T00:59:11+00:00","og_image":[{"width":800,"height":800,"url":"https:\/\/falk-toys.com\/wp-content\/uploads\/2024\/10\/pelleteuse-super-builder-140A-pks.jpg","type":"image\/jpeg"}],"twitter_card":"summary_large_image","twitter_misc":{"Preis":"64,99&euro;","Verf\u00fcgbarkeit":"ausverkauft"},"schema":{"@context":"https:\/\/schema.org","@graph":[{"@type":"WebPage","@id":"https:\/\/falk-toys.com\/de\/produkt\/vollstaendig-gelenkiger-super-builder-bagger-mit-aufklappbarer-sitzflaeche-anhaenger-mit-sieb-und-sandspielzeug\/","url":"https:\/\/falk-toys.com\/de\/produkt\/vollstaendig-gelenkiger-super-builder-bagger-mit-aufklappbarer-sitzflaeche-anhaenger-mit-sieb-und-sandspielzeug\/","name":"Vollst\u00e4ndig gelenkiger Super-Builder-Bagger mit aufklappbarer Sitzfl\u00e4che, Anh\u00e4nger mit Sieb und Sandspielzeug | FALK - Toys that rolls","isPartOf":{"@id":"https:\/\/falk-toys.com\/de\/#website"},"primaryImageOfPage":{"@id":"https:\/\/falk-toys.com\/de\/produkt\/vollstaendig-gelenkiger-super-builder-bagger-mit-aufklappbarer-sitzflaeche-anhaenger-mit-sieb-und-sandspielzeug\/#primaryimage"},"image":{"@id":"https:\/\/falk-toys.com\/de\/produkt\/vollstaendig-gelenkiger-super-builder-bagger-mit-aufklappbarer-sitzflaeche-anhaenger-mit-sieb-und-sandspielzeug\/#primaryimage"},"thumbnailUrl":"https:\/\/falk-toys.com\/wp-content\/uploads\/2024\/10\/pelleteuse-super-builder-140A-pks.jpg","datePublished":"2024-11-21T08:24:44+00:00","dateModified":"2026-03-20T00:59:11+00:00","breadcrumb":{"@id":"https:\/\/falk-toys.com\/de\/produkt\/vollstaendig-gelenkiger-super-builder-bagger-mit-aufklappbarer-sitzflaeche-anhaenger-mit-sieb-und-sandspielzeug\/#breadcrumb"},"inLanguage":"de","potentialAction":[{"@type":"ReadAction","target":["https:\/\/falk-toys.com\/de\/produkt\/vollstaendig-gelenkiger-super-builder-bagger-mit-aufklappbarer-sitzflaeche-anhaenger-mit-sieb-und-sandspielzeug\/"]}]},{"@type":"ImageObject","inLanguage":"de","@id":"https:\/\/falk-toys.com\/de\/produkt\/vollstaendig-gelenkiger-super-builder-bagger-mit-aufklappbarer-sitzflaeche-anhaenger-mit-sieb-und-sandspielzeug\/#primaryimage","url":"https:\/\/falk-toys.com\/wp-content\/uploads\/2024\/10\/pelleteuse-super-builder-140A-pks.jpg","contentUrl":"https:\/\/falk-toys.com\/wp-content\/uploads\/2024\/10\/pelleteuse-super-builder-140A-pks.jpg","width":800,"height":800,"caption":"Stacked from 2 images. Method=C (S=4)"},{"@type":"BreadcrumbList","@id":"https:\/\/falk-toys.com\/de\/produkt\/vollstaendig-gelenkiger-super-builder-bagger-mit-aufklappbarer-sitzflaeche-anhaenger-mit-sieb-und-sandspielzeug\/#breadcrumb","itemListElement":[{"@type":"ListItem","position":1,"name":"Home","item":"https:\/\/falk-toys.com\/de\/"},{"@type":"ListItem","position":2,"name":"Shop","item":"https:\/\/falk-toys.com\/de\/shop\/"},{"@type":"ListItem","position":3,"name":"Vollst\u00e4ndig gelenkiger Super-Builder-Bagger mit aufklappbarer Sitzfl\u00e4che, Anh\u00e4nger mit Sieb und Sandspielzeug"}]},{"@type":"WebSite","@id":"https:\/\/falk-toys.com\/de\/#website","url":"https:\/\/falk-toys.com\/de\/","name":"FALK - Toys that rolls","description":"Jouets fabriqu\u00e9s en France","publisher":{"@id":"https:\/\/falk-toys.com\/de\/#organization"},"potentialAction":[{"@type":"SearchAction","target":{"@type":"EntryPoint","urlTemplate":"https:\/\/falk-toys.com\/de\/?s={search_term_string}"},"query-input":{"@type":"PropertyValueSpecification","valueRequired":true,"valueName":"search_term_string"}}],"inLanguage":"de"},{"@type":"Organization","@id":"https:\/\/falk-toys.com\/de\/#organization","name":"Falk Toys","url":"https:\/\/falk-toys.com\/de\/","logo":{"@type":"ImageObject","inLanguage":"de","@id":"https:\/\/falk-toys.com\/de\/#\/schema\/logo\/image\/","url":"https:\/\/falk-toys.com\/wp-content\/uploads\/2019\/12\/falk-logo@2x.png","contentUrl":"https:\/\/falk-toys.com\/wp-content\/uploads\/2019\/12\/falk-logo@2x.png","width":436,"height":351,"caption":"Falk Toys"},"image":{"@id":"https:\/\/falk-toys.com\/de\/#\/schema\/logo\/image\/"},"sameAs":["https:\/\/www.facebook.com\/FalkFR\/","https:\/\/www.instagram.com\/falk_toys\/","https:\/\/www.youtube.com\/channel\/UCKZXf1_E8UsPhjAQo-Y5vlg"]}]},"product_price_amount":"64.99","product_price_currency":"EUR","og_availability":"out of stock","product_availability":"out of stock","product_retailer_item_id":"140A","product_condition":"new"},"_links":{"self":[{"href":"https:\/\/falk-toys.com\/de\/wp-json\/wp\/v2\/product\/22627","targetHints":{"allow":["GET"]}}],"collection":[{"href":"https:\/\/falk-toys.com\/de\/wp-json\/wp\/v2\/product"}],"about":[{"href":"https:\/\/falk-toys.com\/de\/wp-json\/wp\/v2\/types\/product"}],"replies":[{"embeddable":true,"href":"https:\/\/falk-toys.com\/de\/wp-json\/wp\/v2\/comments?post=22627"}],"wp:featuredmedia":[{"embeddable":true,"href":"https:\/\/falk-toys.com\/de\/wp-json\/wp\/v2\/media\/19416"}],"wp:attachment":[{"href":"https:\/\/falk-toys.com\/de\/wp-json\/wp\/v2\/media?parent=22627"}],"wp:term":[{"taxonomy":"product_brand","embeddable":true,"href":"https:\/\/falk-toys.com\/de\/wp-json\/wp\/v2\/product_brand?post=22627"},{"taxonomy":"product_cat","embeddable":true,"href":"https:\/\/falk-toys.com\/de\/wp-json\/wp\/v2\/product_cat?post=22627"},{"taxonomy":"product_tag","embeddable":true,"href":"https:\/\/falk-toys.com\/de\/wp-json\/wp\/v2\/product_tag?post=22627"}],"curies":[{"name":"wp","href":"https:\/\/api.w.org\/{rel}","templated":true}]}}