{"id":22633,"date":"2025-01-01T09:24:44","date_gmt":"2025-01-01T08:24:44","guid":{"rendered":"https:\/\/falk-toys.com\/produit\/roter-supercharger-pedalbagger-mit-aufklappbarer-motorhaube-und-anhaenger\/"},"modified":"2026-04-20T11:24:21","modified_gmt":"2026-04-20T09:24:21","slug":"roter-supercharger-pedalbagger-mit-aufklappbarer-motorhaube-und-anhaenger","status":"publish","type":"product","link":"https:\/\/falk-toys.com\/de\/produkt\/roter-supercharger-pedalbagger-mit-aufklappbarer-motorhaube-und-anhaenger\/","title":{"rendered":"Roter Supercharger Pedalbagger mit aufklappbarer Motorhaube und Anh\u00e4nger"},"content":{"rendered":"<p>Dieser New Holland Baggerlader, eine getreue Replik des Modells T8, wurde speziell f\u00fcr kleine Abenteurer von 3 bis 7 Jahren entwickelt.  Ihr Kind kann durch die unterhaltsame Frontschaufel graben und bauen. F\u00fcr noch mehr Spielm\u00f6glichkeiten ist er auch mit einem gro\u00dfvolumigen Anh\u00e4nger mit Seitenw\u00e4nden ausgestattet. Als G\u00e4rtner oder Bauer entwickelt Ihr Kind seine Autonomie und seine Phantasie. Baggerlader New Holland, 100% in Frankreich hergestellt, ist praktisch dank seines Lenkrads mit Hupe und garantiert stundenlanges Spielen im Freien!<\/p>\n","protected":false},"excerpt":{"rendered":"<p>Roter Supercharger-Pedalbagger mit einem Lenkrad mit Hupe, einem lebensechten Frontbagger und einem Anh\u00e4nger mit gro\u00dfer Kapazit\u00e4t &#8211; 100% Made in France f\u00fcr kleine Gartenfreunde von 2 bis 5 Jahren.<\/p>\n","protected":false},"featured_media":23229,"comment_status":"closed","ping_status":"closed","template":"","meta":{"_acf_changed":false,"site-sidebar-layout":"default","site-content-layout":"","ast-site-content-layout":"default","site-content-style":"default","site-sidebar-style":"default","ast-global-header-display":"","ast-banner-title-visibility":"","ast-main-header-display":"","ast-hfb-above-header-display":"","ast-hfb-below-header-display":"","ast-hfb-mobile-header-display":"","site-post-title":"","ast-breadcrumbs-content":"","ast-featured-img":"","footer-sml-layout":"","ast-disable-related-posts":"","theme-transparent-header-meta":"default","adv-header-id-meta":"","stick-header-meta":"","header-above-stick-meta":"","header-main-stick-meta":"","header-below-stick-meta":"","astra-migrate-meta-layouts":"default","ast-page-background-enabled":"default","ast-page-background-meta":{"desktop":{"background-color":"","background-image":"","background-repeat":"repeat","background-position":"center center","background-size":"auto","background-attachment":"scroll","background-type":"","background-media":"","overlay-type":"","overlay-color":"","overlay-opacity":"","overlay-gradient":""},"tablet":{"background-color":"","background-image":"","background-repeat":"repeat","background-position":"center center","background-size":"auto","background-attachment":"scroll","background-type":"","background-media":"","overlay-type":"","overlay-color":"","overlay-opacity":"","overlay-gradient":""},"mobile":{"background-color":"","background-image":"","background-repeat":"repeat","background-position":"center center","background-size":"auto","background-attachment":"scroll","background-type":"","background-media":"","overlay-type":"","overlay-color":"","overlay-opacity":"","overlay-gradient":""}},"ast-content-background-meta":{"desktop":{"background-color":"var(--ast-global-color-5)","background-image":"","background-repeat":"repeat","background-position":"center center","background-size":"auto","background-attachment":"scroll","background-type":"","background-media":"","overlay-type":"","overlay-color":"","overlay-opacity":"","overlay-gradient":""},"tablet":{"background-color":"var(--ast-global-color-5)","background-image":"","background-repeat":"repeat","background-position":"center center","background-size":"auto","background-attachment":"scroll","background-type":"","background-media":"","overlay-type":"","overlay-color":"","overlay-opacity":"","overlay-gradient":""},"mobile":{"background-color":"var(--ast-global-color-5)","background-image":"","background-repeat":"repeat","background-position":"center center","background-size":"auto","background-attachment":"scroll","background-type":"","background-media":"","overlay-type":"","overlay-color":"","overlay-opacity":"","overlay-gradient":""}}},"product_brand":[],"product_cat":[160,48],"product_tag":[71],"class_list":{"0":"post-22633","1":"product","2":"type-product","3":"status-publish","4":"has-post-thumbnail","6":"product_cat-2-5-jahre","7":"product_cat-die-kleinen-gartner","8":"product_tag-baggerlader","9":"desktop-align-left","10":"tablet-align-left","11":"mobile-align-left","13":"first","14":"instock","15":"taxable","16":"shipping-taxable","17":"purchasable","18":"product-type-simple"},"acf":[],"yoast_head":"<!-- This site is optimized with the Yoast SEO Premium plugin v25.8 (Yoast SEO v27.4) - https:\/\/yoast.com\/product\/yoast-seo-premium-wordpress\/ -->\n<title>Roter Supercharger Pedalbagger mit aufklappbarer Motorhaube und Anh\u00e4nger | FALK - Toys that rolls<\/title>\n<meta name=\"robots\" content=\"index, follow, max-snippet:-1, max-image-preview:large, max-video-preview:-1\" \/>\n<link rel=\"canonical\" href=\"https:\/\/falk-toys.com\/de\/produkt\/roter-supercharger-pedalbagger-mit-aufklappbarer-motorhaube-und-anhaenger\/\" \/>\n<meta property=\"og:locale\" content=\"de_DE\" \/>\n<meta property=\"og:type\" content=\"article\" \/>\n<meta property=\"og:title\" content=\"Roter Supercharger Pedalbagger mit aufklappbarer Motorhaube und Anh\u00e4nger\" \/>\n<meta property=\"og:description\" content=\"Roter Supercharger-Pedalbagger mit einem Lenkrad mit Hupe, einem lebensechten Frontbagger und einem Anh\u00e4nger mit gro\u00dfer Kapazit\u00e4t - 100% Made in France f\u00fcr kleine Gartenfreunde von 2 bis 5 Jahren.\" \/>\n<meta property=\"og:url\" content=\"https:\/\/falk-toys.com\/de\/produkt\/roter-supercharger-pedalbagger-mit-aufklappbarer-motorhaube-und-anhaenger\/\" \/>\n<meta property=\"og:site_name\" content=\"FALK - Toys that rolls\" \/>\n<meta property=\"article:publisher\" content=\"https:\/\/www.facebook.com\/FalkFR\/\" \/>\n<meta property=\"article:modified_time\" content=\"2026-04-20T09:24:21+00:00\" \/>\n<meta property=\"og:image\" content=\"https:\/\/falk-toys.com\/wp-content\/uploads\/2024\/10\/tractopelle-supercharger-avec-remorque-2030m-pks.jpg.jpg\" \/>\n\t<meta property=\"og:image:width\" content=\"800\" \/>\n\t<meta property=\"og:image:height\" content=\"800\" \/>\n\t<meta property=\"og:image:type\" content=\"image\/jpeg\" \/>\n<meta name=\"twitter:card\" content=\"summary_large_image\" \/>\n<meta name=\"twitter:label1\" content=\"Preis\" \/>\n\t<meta name=\"twitter:data1\" content=\"104,99&euro;\" \/>\n\t<meta name=\"twitter:label2\" content=\"Verf\u00fcgbarkeit\" \/>\n\t<meta name=\"twitter:data2\" content=\"Auf Lager\" \/>\n<script type=\"application\/ld+json\" class=\"yoast-schema-graph\">{\"@context\":\"https:\\\/\\\/schema.org\",\"@graph\":[{\"@type\":\"WebPage\",\"@id\":\"https:\\\/\\\/falk-toys.com\\\/de\\\/produkt\\\/roter-supercharger-pedalbagger-mit-aufklappbarer-motorhaube-und-anhaenger\\\/\",\"url\":\"https:\\\/\\\/falk-toys.com\\\/de\\\/produkt\\\/roter-supercharger-pedalbagger-mit-aufklappbarer-motorhaube-und-anhaenger\\\/\",\"name\":\"Roter Supercharger Pedalbagger mit aufklappbarer Motorhaube und Anh\u00e4nger | FALK - Toys that rolls\",\"isPartOf\":{\"@id\":\"https:\\\/\\\/falk-toys.com\\\/de\\\/#website\"},\"primaryImageOfPage\":{\"@id\":\"https:\\\/\\\/falk-toys.com\\\/de\\\/produkt\\\/roter-supercharger-pedalbagger-mit-aufklappbarer-motorhaube-und-anhaenger\\\/#primaryimage\"},\"image\":{\"@id\":\"https:\\\/\\\/falk-toys.com\\\/de\\\/produkt\\\/roter-supercharger-pedalbagger-mit-aufklappbarer-motorhaube-und-anhaenger\\\/#primaryimage\"},\"thumbnailUrl\":\"https:\\\/\\\/falk-toys.com\\\/wp-content\\\/uploads\\\/2024\\\/10\\\/tractopelle-supercharger-avec-remorque-2030m-pks.jpg.jpg\",\"datePublished\":\"2025-01-01T08:24:44+00:00\",\"dateModified\":\"2026-04-20T09:24:21+00:00\",\"breadcrumb\":{\"@id\":\"https:\\\/\\\/falk-toys.com\\\/de\\\/produkt\\\/roter-supercharger-pedalbagger-mit-aufklappbarer-motorhaube-und-anhaenger\\\/#breadcrumb\"},\"inLanguage\":\"de\",\"potentialAction\":[{\"@type\":\"ReadAction\",\"target\":[\"https:\\\/\\\/falk-toys.com\\\/de\\\/produkt\\\/roter-supercharger-pedalbagger-mit-aufklappbarer-motorhaube-und-anhaenger\\\/\"]}]},{\"@type\":\"ImageObject\",\"inLanguage\":\"de\",\"@id\":\"https:\\\/\\\/falk-toys.com\\\/de\\\/produkt\\\/roter-supercharger-pedalbagger-mit-aufklappbarer-motorhaube-und-anhaenger\\\/#primaryimage\",\"url\":\"https:\\\/\\\/falk-toys.com\\\/wp-content\\\/uploads\\\/2024\\\/10\\\/tractopelle-supercharger-avec-remorque-2030m-pks.jpg.jpg\",\"contentUrl\":\"https:\\\/\\\/falk-toys.com\\\/wp-content\\\/uploads\\\/2024\\\/10\\\/tractopelle-supercharger-avec-remorque-2030m-pks.jpg.jpg\",\"width\":800,\"height\":800,\"caption\":\"Tractopelle \u00e0 p\u00e9dales Supercharger rouge avec remorque\"},{\"@type\":\"BreadcrumbList\",\"@id\":\"https:\\\/\\\/falk-toys.com\\\/de\\\/produkt\\\/roter-supercharger-pedalbagger-mit-aufklappbarer-motorhaube-und-anhaenger\\\/#breadcrumb\",\"itemListElement\":[{\"@type\":\"ListItem\",\"position\":1,\"name\":\"Home\",\"item\":\"https:\\\/\\\/falk-toys.com\\\/de\\\/\"},{\"@type\":\"ListItem\",\"position\":2,\"name\":\"Shop\",\"item\":\"https:\\\/\\\/falk-toys.com\\\/de\\\/shop\\\/\"},{\"@type\":\"ListItem\",\"position\":3,\"name\":\"Roter Supercharger Pedalbagger mit aufklappbarer Motorhaube und Anh\u00e4nger\"}]},{\"@type\":\"WebSite\",\"@id\":\"https:\\\/\\\/falk-toys.com\\\/de\\\/#website\",\"url\":\"https:\\\/\\\/falk-toys.com\\\/de\\\/\",\"name\":\"FALK - Toys that rolls\",\"description\":\"Jouets fabriqu\u00e9s en France\",\"publisher\":{\"@id\":\"https:\\\/\\\/falk-toys.com\\\/de\\\/#organization\"},\"potentialAction\":[{\"@type\":\"SearchAction\",\"target\":{\"@type\":\"EntryPoint\",\"urlTemplate\":\"https:\\\/\\\/falk-toys.com\\\/de\\\/?s={search_term_string}\"},\"query-input\":{\"@type\":\"PropertyValueSpecification\",\"valueRequired\":true,\"valueName\":\"search_term_string\"}}],\"inLanguage\":\"de\"},{\"@type\":\"Organization\",\"@id\":\"https:\\\/\\\/falk-toys.com\\\/de\\\/#organization\",\"name\":\"Falk Toys\",\"url\":\"https:\\\/\\\/falk-toys.com\\\/de\\\/\",\"logo\":{\"@type\":\"ImageObject\",\"inLanguage\":\"de\",\"@id\":\"https:\\\/\\\/falk-toys.com\\\/de\\\/#\\\/schema\\\/logo\\\/image\\\/\",\"url\":\"https:\\\/\\\/falk-toys.com\\\/wp-content\\\/uploads\\\/2019\\\/12\\\/falk-logo@2x.png\",\"contentUrl\":\"https:\\\/\\\/falk-toys.com\\\/wp-content\\\/uploads\\\/2019\\\/12\\\/falk-logo@2x.png\",\"width\":436,\"height\":351,\"caption\":\"Falk Toys\"},\"image\":{\"@id\":\"https:\\\/\\\/falk-toys.com\\\/de\\\/#\\\/schema\\\/logo\\\/image\\\/\"},\"sameAs\":[\"https:\\\/\\\/www.facebook.com\\\/FalkFR\\\/\",\"https:\\\/\\\/www.instagram.com\\\/falk_toys\\\/\",\"https:\\\/\\\/www.youtube.com\\\/channel\\\/UCKZXf1_E8UsPhjAQo-Y5vlg\"]}]}<\/script>\n<meta property=\"product:price:amount\" content=\"104.99\" \/>\n<meta property=\"product:price:currency\" content=\"EUR\" \/>\n<meta property=\"og:availability\" content=\"instock\" \/>\n<meta property=\"product:availability\" content=\"instock\" \/>\n<meta property=\"product:retailer_item_id\" content=\"2030M\" \/>\n<meta property=\"product:condition\" content=\"new\" \/>\n<!-- \/ Yoast SEO Premium plugin. -->","yoast_head_json":{"title":"Roter Supercharger Pedalbagger mit aufklappbarer Motorhaube und Anh\u00e4nger | FALK - Toys that rolls","robots":{"index":"index","follow":"follow","max-snippet":"max-snippet:-1","max-image-preview":"max-image-preview:large","max-video-preview":"max-video-preview:-1"},"canonical":"https:\/\/falk-toys.com\/de\/produkt\/roter-supercharger-pedalbagger-mit-aufklappbarer-motorhaube-und-anhaenger\/","og_locale":"de_DE","og_type":"article","og_title":"Roter Supercharger Pedalbagger mit aufklappbarer Motorhaube und Anh\u00e4nger","og_description":"Roter Supercharger-Pedalbagger mit einem Lenkrad mit Hupe, einem lebensechten Frontbagger und einem Anh\u00e4nger mit gro\u00dfer Kapazit\u00e4t - 100% Made in France f\u00fcr kleine Gartenfreunde von 2 bis 5 Jahren.","og_url":"https:\/\/falk-toys.com\/de\/produkt\/roter-supercharger-pedalbagger-mit-aufklappbarer-motorhaube-und-anhaenger\/","og_site_name":"FALK - Toys that rolls","article_publisher":"https:\/\/www.facebook.com\/FalkFR\/","article_modified_time":"2026-04-20T09:24:21+00:00","og_image":[{"width":800,"height":800,"url":"https:\/\/falk-toys.com\/wp-content\/uploads\/2024\/10\/tractopelle-supercharger-avec-remorque-2030m-pks.jpg.jpg","type":"image\/jpeg"}],"twitter_card":"summary_large_image","twitter_misc":{"Preis":"104,99&euro;","Verf\u00fcgbarkeit":"Auf Lager"},"schema":{"@context":"https:\/\/schema.org","@graph":[{"@type":"WebPage","@id":"https:\/\/falk-toys.com\/de\/produkt\/roter-supercharger-pedalbagger-mit-aufklappbarer-motorhaube-und-anhaenger\/","url":"https:\/\/falk-toys.com\/de\/produkt\/roter-supercharger-pedalbagger-mit-aufklappbarer-motorhaube-und-anhaenger\/","name":"Roter Supercharger Pedalbagger mit aufklappbarer Motorhaube und Anh\u00e4nger | FALK - Toys that rolls","isPartOf":{"@id":"https:\/\/falk-toys.com\/de\/#website"},"primaryImageOfPage":{"@id":"https:\/\/falk-toys.com\/de\/produkt\/roter-supercharger-pedalbagger-mit-aufklappbarer-motorhaube-und-anhaenger\/#primaryimage"},"image":{"@id":"https:\/\/falk-toys.com\/de\/produkt\/roter-supercharger-pedalbagger-mit-aufklappbarer-motorhaube-und-anhaenger\/#primaryimage"},"thumbnailUrl":"https:\/\/falk-toys.com\/wp-content\/uploads\/2024\/10\/tractopelle-supercharger-avec-remorque-2030m-pks.jpg.jpg","datePublished":"2025-01-01T08:24:44+00:00","dateModified":"2026-04-20T09:24:21+00:00","breadcrumb":{"@id":"https:\/\/falk-toys.com\/de\/produkt\/roter-supercharger-pedalbagger-mit-aufklappbarer-motorhaube-und-anhaenger\/#breadcrumb"},"inLanguage":"de","potentialAction":[{"@type":"ReadAction","target":["https:\/\/falk-toys.com\/de\/produkt\/roter-supercharger-pedalbagger-mit-aufklappbarer-motorhaube-und-anhaenger\/"]}]},{"@type":"ImageObject","inLanguage":"de","@id":"https:\/\/falk-toys.com\/de\/produkt\/roter-supercharger-pedalbagger-mit-aufklappbarer-motorhaube-und-anhaenger\/#primaryimage","url":"https:\/\/falk-toys.com\/wp-content\/uploads\/2024\/10\/tractopelle-supercharger-avec-remorque-2030m-pks.jpg.jpg","contentUrl":"https:\/\/falk-toys.com\/wp-content\/uploads\/2024\/10\/tractopelle-supercharger-avec-remorque-2030m-pks.jpg.jpg","width":800,"height":800,"caption":"Tractopelle \u00e0 p\u00e9dales Supercharger rouge avec remorque"},{"@type":"BreadcrumbList","@id":"https:\/\/falk-toys.com\/de\/produkt\/roter-supercharger-pedalbagger-mit-aufklappbarer-motorhaube-und-anhaenger\/#breadcrumb","itemListElement":[{"@type":"ListItem","position":1,"name":"Home","item":"https:\/\/falk-toys.com\/de\/"},{"@type":"ListItem","position":2,"name":"Shop","item":"https:\/\/falk-toys.com\/de\/shop\/"},{"@type":"ListItem","position":3,"name":"Roter Supercharger Pedalbagger mit aufklappbarer Motorhaube und Anh\u00e4nger"}]},{"@type":"WebSite","@id":"https:\/\/falk-toys.com\/de\/#website","url":"https:\/\/falk-toys.com\/de\/","name":"FALK - Toys that rolls","description":"Jouets fabriqu\u00e9s en France","publisher":{"@id":"https:\/\/falk-toys.com\/de\/#organization"},"potentialAction":[{"@type":"SearchAction","target":{"@type":"EntryPoint","urlTemplate":"https:\/\/falk-toys.com\/de\/?s={search_term_string}"},"query-input":{"@type":"PropertyValueSpecification","valueRequired":true,"valueName":"search_term_string"}}],"inLanguage":"de"},{"@type":"Organization","@id":"https:\/\/falk-toys.com\/de\/#organization","name":"Falk Toys","url":"https:\/\/falk-toys.com\/de\/","logo":{"@type":"ImageObject","inLanguage":"de","@id":"https:\/\/falk-toys.com\/de\/#\/schema\/logo\/image\/","url":"https:\/\/falk-toys.com\/wp-content\/uploads\/2019\/12\/falk-logo@2x.png","contentUrl":"https:\/\/falk-toys.com\/wp-content\/uploads\/2019\/12\/falk-logo@2x.png","width":436,"height":351,"caption":"Falk Toys"},"image":{"@id":"https:\/\/falk-toys.com\/de\/#\/schema\/logo\/image\/"},"sameAs":["https:\/\/www.facebook.com\/FalkFR\/","https:\/\/www.instagram.com\/falk_toys\/","https:\/\/www.youtube.com\/channel\/UCKZXf1_E8UsPhjAQo-Y5vlg"]}]},"product_price_amount":"104.99","product_price_currency":"EUR","og_availability":"instock","product_availability":"instock","product_retailer_item_id":"2030M","product_condition":"new"},"_links":{"self":[{"href":"https:\/\/falk-toys.com\/de\/wp-json\/wp\/v2\/product\/22633","targetHints":{"allow":["GET"]}}],"collection":[{"href":"https:\/\/falk-toys.com\/de\/wp-json\/wp\/v2\/product"}],"about":[{"href":"https:\/\/falk-toys.com\/de\/wp-json\/wp\/v2\/types\/product"}],"replies":[{"embeddable":true,"href":"https:\/\/falk-toys.com\/de\/wp-json\/wp\/v2\/comments?post=22633"}],"wp:featuredmedia":[{"embeddable":true,"href":"https:\/\/falk-toys.com\/de\/wp-json\/wp\/v2\/media\/23229"}],"wp:attachment":[{"href":"https:\/\/falk-toys.com\/de\/wp-json\/wp\/v2\/media?parent=22633"}],"wp:term":[{"taxonomy":"product_brand","embeddable":true,"href":"https:\/\/falk-toys.com\/de\/wp-json\/wp\/v2\/product_brand?post=22633"},{"taxonomy":"product_cat","embeddable":true,"href":"https:\/\/falk-toys.com\/de\/wp-json\/wp\/v2\/product_cat?post=22633"},{"taxonomy":"product_tag","embeddable":true,"href":"https:\/\/falk-toys.com\/de\/wp-json\/wp\/v2\/product_tag?post=22633"}],"curies":[{"name":"wp","href":"https:\/\/api.w.org\/{rel}","templated":true}]}}