{"id":22640,"date":"2025-01-07T09:24:44","date_gmt":"2025-01-07T08:24:44","guid":{"rendered":"https:\/\/falk-toys.com\/produit\/x-tractor-trundtraktor-rot-mit-aufklappbarer-motorhaube-und-anhaenger-inklusive\/"},"modified":"2026-03-20T01:59:17","modified_gmt":"2026-03-20T00:59:17","slug":"x-tractor-trundtraktor-rot-mit-aufklappbarer-motorhaube-und-anhaenger-inklusive","status":"publish","type":"product","link":"https:\/\/falk-toys.com\/de\/produkt\/x-tractor-trundtraktor-rot-mit-aufklappbarer-motorhaube-und-anhaenger-inklusive\/","title":{"rendered":"X Tractor Trundtraktor rot mit aufklappbarer Motorhaube und Anh\u00e4nger inklusive"},"content":{"rendered":"<p>Bereiten Sie sich darauf vor, Ihren kleinen Rennfahrer auf seinem Street Champion-Rennmotorrad zu sehen. Es wurde zu 100% in Frankreich hergestellt, besteht zu mindestens 40% aus recyceltem Kunststoff und wurde speziell f\u00fcr Kinder von 1 bis 3 Jahren entwickelt, die auf der Suche nach aufregenden Erlebnissen sind.<br \/>\nDie breiten R\u00e4der bieten die n\u00f6tige Stabilit\u00e4t, damit Ihr Baby sicher sein Gleichgewicht und seine motorischen F\u00e4higkeiten entwickeln kann. Au\u00dferdem sind sie vollkommen ger\u00e4uschlos und f\u00fcr Innenr\u00e4ume geeignet. Was Eltern sicher freuen wird !<\/p>\n","protected":false},"excerpt":{"rendered":"<p>Roter X-Tractor Trundtraktor mit aufklappbarer Motorhaube, Schornstein, Lenkrad mit Hupe und Anh\u00e4nger mit Bordw\u00e4nden &#8211; 100% Made in France, der kleinen Abenteurern von 2 bis 5 Jahren standhalten kann.<\/p>\n","protected":false},"featured_media":23161,"comment_status":"closed","ping_status":"closed","template":"","meta":{"_acf_changed":false,"site-sidebar-layout":"default","site-content-layout":"","ast-site-content-layout":"default","site-content-style":"default","site-sidebar-style":"default","ast-global-header-display":"","ast-banner-title-visibility":"","ast-main-header-display":"","ast-hfb-above-header-display":"","ast-hfb-below-header-display":"","ast-hfb-mobile-header-display":"","site-post-title":"","ast-breadcrumbs-content":"","ast-featured-img":"","footer-sml-layout":"","theme-transparent-header-meta":"default","adv-header-id-meta":"","stick-header-meta":"","header-above-stick-meta":"","header-main-stick-meta":"","header-below-stick-meta":"","astra-migrate-meta-layouts":"default","ast-page-background-enabled":"default","ast-page-background-meta":{"desktop":{"background-color":"","background-image":"","background-repeat":"repeat","background-position":"center center","background-size":"auto","background-attachment":"scroll","background-type":"","background-media":"","overlay-type":"","overlay-color":"","overlay-opacity":"","overlay-gradient":""},"tablet":{"background-color":"","background-image":"","background-repeat":"repeat","background-position":"center center","background-size":"auto","background-attachment":"scroll","background-type":"","background-media":"","overlay-type":"","overlay-color":"","overlay-opacity":"","overlay-gradient":""},"mobile":{"background-color":"","background-image":"","background-repeat":"repeat","background-position":"center center","background-size":"auto","background-attachment":"scroll","background-type":"","background-media":"","overlay-type":"","overlay-color":"","overlay-opacity":"","overlay-gradient":""}},"ast-content-background-meta":{"desktop":{"background-color":"var(--ast-global-color-5)","background-image":"","background-repeat":"repeat","background-position":"center center","background-size":"auto","background-attachment":"scroll","background-type":"","background-media":"","overlay-type":"","overlay-color":"","overlay-opacity":"","overlay-gradient":""},"tablet":{"background-color":"var(--ast-global-color-5)","background-image":"","background-repeat":"repeat","background-position":"center center","background-size":"auto","background-attachment":"scroll","background-type":"","background-media":"","overlay-type":"","overlay-color":"","overlay-opacity":"","overlay-gradient":""},"mobile":{"background-color":"var(--ast-global-color-5)","background-image":"","background-repeat":"repeat","background-position":"center center","background-size":"auto","background-attachment":"scroll","background-type":"","background-media":"","overlay-type":"","overlay-color":"","overlay-opacity":"","overlay-gradient":""}}},"product_brand":[],"product_cat":[160,48],"product_tag":[70],"class_list":{"0":"post-22640","1":"product","2":"type-product","3":"status-publish","4":"has-post-thumbnail","6":"product_cat-2-5-jahre","7":"product_cat-die-kleinen-gartner","8":"product_tag-traktoren","9":"desktop-align-left","10":"tablet-align-left","11":"mobile-align-left","13":"first","14":"instock","15":"sale","16":"taxable","17":"shipping-taxable","18":"purchasable","19":"product-type-simple"},"acf":[],"yoast_head":"<!-- This site is optimized with the Yoast SEO Premium plugin v25.8 (Yoast SEO v26.3) - https:\/\/yoast.com\/wordpress\/plugins\/seo\/ -->\n<title>X Tractor Trundtraktor rot mit aufklappbarer Motorhaube und Anh\u00e4nger inklusive | FALK - Toys that rolls<\/title>\n<meta name=\"robots\" content=\"index, follow, max-snippet:-1, max-image-preview:large, max-video-preview:-1\" \/>\n<link rel=\"canonical\" href=\"https:\/\/falk-toys.com\/de\/produkt\/x-tractor-trundtraktor-rot-mit-aufklappbarer-motorhaube-und-anhaenger-inklusive\/\" \/>\n<meta property=\"og:locale\" content=\"de_DE\" \/>\n<meta property=\"og:type\" content=\"article\" \/>\n<meta property=\"og:title\" content=\"X Tractor Trundtraktor rot mit aufklappbarer Motorhaube und Anh\u00e4nger inklusive\" \/>\n<meta property=\"og:description\" content=\"Roter X-Tractor Trundtraktor mit aufklappbarer Motorhaube, Schornstein, Lenkrad mit Hupe und Anh\u00e4nger mit Bordw\u00e4nden - 100% Made in France, der kleinen Abenteurern von 2 bis 5 Jahren standhalten kann.\" \/>\n<meta property=\"og:url\" content=\"https:\/\/falk-toys.com\/de\/produkt\/x-tractor-trundtraktor-rot-mit-aufklappbarer-motorhaube-und-anhaenger-inklusive\/\" \/>\n<meta property=\"og:site_name\" content=\"FALK - Toys that rolls\" \/>\n<meta property=\"article:publisher\" content=\"https:\/\/www.facebook.com\/FalkFR\/\" \/>\n<meta property=\"article:modified_time\" content=\"2026-03-20T00:59:17+00:00\" \/>\n<meta property=\"og:image\" content=\"https:\/\/falk-toys.com\/wp-content\/uploads\/2024\/10\/tracteur-xtractor-avec-capot-ouvrant-2046ab-pks.jpg.jpg\" \/>\n\t<meta property=\"og:image:width\" content=\"800\" \/>\n\t<meta property=\"og:image:height\" content=\"800\" \/>\n\t<meta property=\"og:image:type\" content=\"image\/jpeg\" \/>\n<meta name=\"twitter:card\" content=\"summary_large_image\" \/>\n<meta name=\"twitter:label1\" content=\"Preis\" \/>\n\t<meta name=\"twitter:data1\" content=\"74,99&euro;\" \/>\n\t<meta name=\"twitter:label2\" content=\"Verf\u00fcgbarkeit\" \/>\n\t<meta name=\"twitter:data2\" content=\"Auf Lager\" \/>\n<script type=\"application\/ld+json\" class=\"yoast-schema-graph\">{\"@context\":\"https:\/\/schema.org\",\"@graph\":[{\"@type\":\"WebPage\",\"@id\":\"https:\/\/falk-toys.com\/de\/produkt\/x-tractor-trundtraktor-rot-mit-aufklappbarer-motorhaube-und-anhaenger-inklusive\/\",\"url\":\"https:\/\/falk-toys.com\/de\/produkt\/x-tractor-trundtraktor-rot-mit-aufklappbarer-motorhaube-und-anhaenger-inklusive\/\",\"name\":\"X Tractor Trundtraktor rot mit aufklappbarer Motorhaube und Anh\u00e4nger inklusive | FALK - Toys that rolls\",\"isPartOf\":{\"@id\":\"https:\/\/falk-toys.com\/de\/#website\"},\"primaryImageOfPage\":{\"@id\":\"https:\/\/falk-toys.com\/de\/produkt\/x-tractor-trundtraktor-rot-mit-aufklappbarer-motorhaube-und-anhaenger-inklusive\/#primaryimage\"},\"image\":{\"@id\":\"https:\/\/falk-toys.com\/de\/produkt\/x-tractor-trundtraktor-rot-mit-aufklappbarer-motorhaube-und-anhaenger-inklusive\/#primaryimage\"},\"thumbnailUrl\":\"https:\/\/falk-toys.com\/wp-content\/uploads\/2024\/10\/tracteur-xtractor-avec-capot-ouvrant-2046ab-pks.jpg.jpg\",\"datePublished\":\"2025-01-07T08:24:44+00:00\",\"dateModified\":\"2026-03-20T00:59:17+00:00\",\"breadcrumb\":{\"@id\":\"https:\/\/falk-toys.com\/de\/produkt\/x-tractor-trundtraktor-rot-mit-aufklappbarer-motorhaube-und-anhaenger-inklusive\/#breadcrumb\"},\"inLanguage\":\"de\",\"potentialAction\":[{\"@type\":\"ReadAction\",\"target\":[\"https:\/\/falk-toys.com\/de\/produkt\/x-tractor-trundtraktor-rot-mit-aufklappbarer-motorhaube-und-anhaenger-inklusive\/\"]}]},{\"@type\":\"ImageObject\",\"inLanguage\":\"de\",\"@id\":\"https:\/\/falk-toys.com\/de\/produkt\/x-tractor-trundtraktor-rot-mit-aufklappbarer-motorhaube-und-anhaenger-inklusive\/#primaryimage\",\"url\":\"https:\/\/falk-toys.com\/wp-content\/uploads\/2024\/10\/tracteur-xtractor-avec-capot-ouvrant-2046ab-pks.jpg.jpg\",\"contentUrl\":\"https:\/\/falk-toys.com\/wp-content\/uploads\/2024\/10\/tracteur-xtractor-avec-capot-ouvrant-2046ab-pks.jpg.jpg\",\"width\":800,\"height\":800,\"caption\":\"Tracteur \u00e0 p\u00e9dales X Tractor rouge avec capot ouvrant et remorque\"},{\"@type\":\"BreadcrumbList\",\"@id\":\"https:\/\/falk-toys.com\/de\/produkt\/x-tractor-trundtraktor-rot-mit-aufklappbarer-motorhaube-und-anhaenger-inklusive\/#breadcrumb\",\"itemListElement\":[{\"@type\":\"ListItem\",\"position\":1,\"name\":\"Home\",\"item\":\"https:\/\/falk-toys.com\/de\/\"},{\"@type\":\"ListItem\",\"position\":2,\"name\":\"Shop\",\"item\":\"https:\/\/falk-toys.com\/de\/shop\/\"},{\"@type\":\"ListItem\",\"position\":3,\"name\":\"X Tractor Trundtraktor rot mit aufklappbarer Motorhaube und Anh\u00e4nger inklusive\"}]},{\"@type\":\"WebSite\",\"@id\":\"https:\/\/falk-toys.com\/de\/#website\",\"url\":\"https:\/\/falk-toys.com\/de\/\",\"name\":\"FALK - Toys that rolls\",\"description\":\"Jouets fabriqu\u00e9s en France\",\"publisher\":{\"@id\":\"https:\/\/falk-toys.com\/de\/#organization\"},\"potentialAction\":[{\"@type\":\"SearchAction\",\"target\":{\"@type\":\"EntryPoint\",\"urlTemplate\":\"https:\/\/falk-toys.com\/de\/?s={search_term_string}\"},\"query-input\":{\"@type\":\"PropertyValueSpecification\",\"valueRequired\":true,\"valueName\":\"search_term_string\"}}],\"inLanguage\":\"de\"},{\"@type\":\"Organization\",\"@id\":\"https:\/\/falk-toys.com\/de\/#organization\",\"name\":\"Falk Toys\",\"url\":\"https:\/\/falk-toys.com\/de\/\",\"logo\":{\"@type\":\"ImageObject\",\"inLanguage\":\"de\",\"@id\":\"https:\/\/falk-toys.com\/de\/#\/schema\/logo\/image\/\",\"url\":\"https:\/\/falk-toys.com\/wp-content\/uploads\/2019\/12\/falk-logo@2x.png\",\"contentUrl\":\"https:\/\/falk-toys.com\/wp-content\/uploads\/2019\/12\/falk-logo@2x.png\",\"width\":436,\"height\":351,\"caption\":\"Falk Toys\"},\"image\":{\"@id\":\"https:\/\/falk-toys.com\/de\/#\/schema\/logo\/image\/\"},\"sameAs\":[\"https:\/\/www.facebook.com\/FalkFR\/\",\"https:\/\/www.instagram.com\/falk_toys\/\",\"https:\/\/www.youtube.com\/channel\/UCKZXf1_E8UsPhjAQo-Y5vlg\"]}]}<\/script>\n<meta property=\"product:price:amount\" content=\"74.99\" \/>\n<meta property=\"product:price:currency\" content=\"EUR\" \/>\n<meta property=\"og:availability\" content=\"instock\" \/>\n<meta property=\"product:availability\" content=\"instock\" \/>\n<meta property=\"product:retailer_item_id\" content=\"2046AB\" \/>\n<meta property=\"product:condition\" content=\"new\" \/>\n<!-- \/ Yoast SEO Premium plugin. -->","yoast_head_json":{"title":"X Tractor Trundtraktor rot mit aufklappbarer Motorhaube und Anh\u00e4nger inklusive | FALK - Toys that rolls","robots":{"index":"index","follow":"follow","max-snippet":"max-snippet:-1","max-image-preview":"max-image-preview:large","max-video-preview":"max-video-preview:-1"},"canonical":"https:\/\/falk-toys.com\/de\/produkt\/x-tractor-trundtraktor-rot-mit-aufklappbarer-motorhaube-und-anhaenger-inklusive\/","og_locale":"de_DE","og_type":"article","og_title":"X Tractor Trundtraktor rot mit aufklappbarer Motorhaube und Anh\u00e4nger inklusive","og_description":"Roter X-Tractor Trundtraktor mit aufklappbarer Motorhaube, Schornstein, Lenkrad mit Hupe und Anh\u00e4nger mit Bordw\u00e4nden - 100% Made in France, der kleinen Abenteurern von 2 bis 5 Jahren standhalten kann.","og_url":"https:\/\/falk-toys.com\/de\/produkt\/x-tractor-trundtraktor-rot-mit-aufklappbarer-motorhaube-und-anhaenger-inklusive\/","og_site_name":"FALK - Toys that rolls","article_publisher":"https:\/\/www.facebook.com\/FalkFR\/","article_modified_time":"2026-03-20T00:59:17+00:00","og_image":[{"width":800,"height":800,"url":"https:\/\/falk-toys.com\/wp-content\/uploads\/2024\/10\/tracteur-xtractor-avec-capot-ouvrant-2046ab-pks.jpg.jpg","type":"image\/jpeg"}],"twitter_card":"summary_large_image","twitter_misc":{"Preis":"74,99&euro;","Verf\u00fcgbarkeit":"Auf Lager"},"schema":{"@context":"https:\/\/schema.org","@graph":[{"@type":"WebPage","@id":"https:\/\/falk-toys.com\/de\/produkt\/x-tractor-trundtraktor-rot-mit-aufklappbarer-motorhaube-und-anhaenger-inklusive\/","url":"https:\/\/falk-toys.com\/de\/produkt\/x-tractor-trundtraktor-rot-mit-aufklappbarer-motorhaube-und-anhaenger-inklusive\/","name":"X Tractor Trundtraktor rot mit aufklappbarer Motorhaube und Anh\u00e4nger inklusive | FALK - Toys that rolls","isPartOf":{"@id":"https:\/\/falk-toys.com\/de\/#website"},"primaryImageOfPage":{"@id":"https:\/\/falk-toys.com\/de\/produkt\/x-tractor-trundtraktor-rot-mit-aufklappbarer-motorhaube-und-anhaenger-inklusive\/#primaryimage"},"image":{"@id":"https:\/\/falk-toys.com\/de\/produkt\/x-tractor-trundtraktor-rot-mit-aufklappbarer-motorhaube-und-anhaenger-inklusive\/#primaryimage"},"thumbnailUrl":"https:\/\/falk-toys.com\/wp-content\/uploads\/2024\/10\/tracteur-xtractor-avec-capot-ouvrant-2046ab-pks.jpg.jpg","datePublished":"2025-01-07T08:24:44+00:00","dateModified":"2026-03-20T00:59:17+00:00","breadcrumb":{"@id":"https:\/\/falk-toys.com\/de\/produkt\/x-tractor-trundtraktor-rot-mit-aufklappbarer-motorhaube-und-anhaenger-inklusive\/#breadcrumb"},"inLanguage":"de","potentialAction":[{"@type":"ReadAction","target":["https:\/\/falk-toys.com\/de\/produkt\/x-tractor-trundtraktor-rot-mit-aufklappbarer-motorhaube-und-anhaenger-inklusive\/"]}]},{"@type":"ImageObject","inLanguage":"de","@id":"https:\/\/falk-toys.com\/de\/produkt\/x-tractor-trundtraktor-rot-mit-aufklappbarer-motorhaube-und-anhaenger-inklusive\/#primaryimage","url":"https:\/\/falk-toys.com\/wp-content\/uploads\/2024\/10\/tracteur-xtractor-avec-capot-ouvrant-2046ab-pks.jpg.jpg","contentUrl":"https:\/\/falk-toys.com\/wp-content\/uploads\/2024\/10\/tracteur-xtractor-avec-capot-ouvrant-2046ab-pks.jpg.jpg","width":800,"height":800,"caption":"Tracteur \u00e0 p\u00e9dales X Tractor rouge avec capot ouvrant et remorque"},{"@type":"BreadcrumbList","@id":"https:\/\/falk-toys.com\/de\/produkt\/x-tractor-trundtraktor-rot-mit-aufklappbarer-motorhaube-und-anhaenger-inklusive\/#breadcrumb","itemListElement":[{"@type":"ListItem","position":1,"name":"Home","item":"https:\/\/falk-toys.com\/de\/"},{"@type":"ListItem","position":2,"name":"Shop","item":"https:\/\/falk-toys.com\/de\/shop\/"},{"@type":"ListItem","position":3,"name":"X Tractor Trundtraktor rot mit aufklappbarer Motorhaube und Anh\u00e4nger inklusive"}]},{"@type":"WebSite","@id":"https:\/\/falk-toys.com\/de\/#website","url":"https:\/\/falk-toys.com\/de\/","name":"FALK - Toys that rolls","description":"Jouets fabriqu\u00e9s en France","publisher":{"@id":"https:\/\/falk-toys.com\/de\/#organization"},"potentialAction":[{"@type":"SearchAction","target":{"@type":"EntryPoint","urlTemplate":"https:\/\/falk-toys.com\/de\/?s={search_term_string}"},"query-input":{"@type":"PropertyValueSpecification","valueRequired":true,"valueName":"search_term_string"}}],"inLanguage":"de"},{"@type":"Organization","@id":"https:\/\/falk-toys.com\/de\/#organization","name":"Falk Toys","url":"https:\/\/falk-toys.com\/de\/","logo":{"@type":"ImageObject","inLanguage":"de","@id":"https:\/\/falk-toys.com\/de\/#\/schema\/logo\/image\/","url":"https:\/\/falk-toys.com\/wp-content\/uploads\/2019\/12\/falk-logo@2x.png","contentUrl":"https:\/\/falk-toys.com\/wp-content\/uploads\/2019\/12\/falk-logo@2x.png","width":436,"height":351,"caption":"Falk Toys"},"image":{"@id":"https:\/\/falk-toys.com\/de\/#\/schema\/logo\/image\/"},"sameAs":["https:\/\/www.facebook.com\/FalkFR\/","https:\/\/www.instagram.com\/falk_toys\/","https:\/\/www.youtube.com\/channel\/UCKZXf1_E8UsPhjAQo-Y5vlg"]}]},"product_price_amount":"74.99","product_price_currency":"EUR","og_availability":"instock","product_availability":"instock","product_retailer_item_id":"2046AB","product_condition":"new"},"_links":{"self":[{"href":"https:\/\/falk-toys.com\/de\/wp-json\/wp\/v2\/product\/22640","targetHints":{"allow":["GET"]}}],"collection":[{"href":"https:\/\/falk-toys.com\/de\/wp-json\/wp\/v2\/product"}],"about":[{"href":"https:\/\/falk-toys.com\/de\/wp-json\/wp\/v2\/types\/product"}],"replies":[{"embeddable":true,"href":"https:\/\/falk-toys.com\/de\/wp-json\/wp\/v2\/comments?post=22640"}],"wp:featuredmedia":[{"embeddable":true,"href":"https:\/\/falk-toys.com\/de\/wp-json\/wp\/v2\/media\/23161"}],"wp:attachment":[{"href":"https:\/\/falk-toys.com\/de\/wp-json\/wp\/v2\/media?parent=22640"}],"wp:term":[{"taxonomy":"product_brand","embeddable":true,"href":"https:\/\/falk-toys.com\/de\/wp-json\/wp\/v2\/product_brand?post=22640"},{"taxonomy":"product_cat","embeddable":true,"href":"https:\/\/falk-toys.com\/de\/wp-json\/wp\/v2\/product_cat?post=22640"},{"taxonomy":"product_tag","embeddable":true,"href":"https:\/\/falk-toys.com\/de\/wp-json\/wp\/v2\/product_tag?post=22640"}],"curies":[{"name":"wp","href":"https:\/\/api.w.org\/{rel}","templated":true}]}}