{"id":22653,"date":"2024-12-04T09:25:35","date_gmt":"2024-12-04T08:25:35","guid":{"rendered":"https:\/\/falk-toys.com\/produit\/claas-baggerlader-mit-bagger-und-anhaenger-2\/"},"modified":"2024-10-08T09:55:27","modified_gmt":"2024-10-08T09:55:27","slug":"claas-baggerlader-mit-bagger-und-anhaenger-2","status":"publish","type":"product","link":"https:\/\/falk-toys.com\/de\/produkt\/claas-baggerlader-mit-bagger-und-anhaenger-2\/","title":{"rendered":"Claas Baggerlader mit Bagger und Anh\u00e4nger"},"content":{"rendered":"<p>Dieser Case IH Baggerlader mit Anh\u00e4nger, eine getreue Replik des Modells Puma 240CVX, wurde speziell f\u00fcr kleine Abenteurer von 3 bis 7 Jahren entwickelt. Im Handumdrehen kann man mit dem Anh\u00e4nger Sand, Bl\u00e4tter, Erde und Steine von einem Ende des Gartens zum anderen transportieren. Als G\u00e4rtner oder Bauer entwickelt Ihr Kind seine Autonomie und seine Phantasie. Baggerlader Case IH, 100% in Frankreich hergestellt, ist praktisch dank seines Lenkrads mit Hupe und garantiert stundenlanges Spielen im Freien!<\/p>\n","protected":false},"excerpt":{"rendered":"<p>Claas Baggerlader, eine echte pedalbundriebene Nachbildung des Modells Arion 430, ausgestattund mit Frontbagger, drehbarem Sattel, Lenkrad mit Hupe, Bagger und Bordwandanh\u00e4nger. 100% Made in France f\u00e4hig, den kleinen Schrecken des Gartens von 3 bis 7 Jahren zu widerstehen.<\/p>\n","protected":false},"featured_media":23001,"comment_status":"closed","ping_status":"closed","template":"","meta":{"_acf_changed":false,"site-sidebar-layout":"default","site-content-layout":"","ast-site-content-layout":"default","site-content-style":"default","site-sidebar-style":"default","ast-global-header-display":"","ast-banner-title-visibility":"","ast-main-header-display":"","ast-hfb-above-header-display":"","ast-hfb-below-header-display":"","ast-hfb-mobile-header-display":"","site-post-title":"","ast-breadcrumbs-content":"","ast-featured-img":"","footer-sml-layout":"","ast-disable-related-posts":"","theme-transparent-header-meta":"default","adv-header-id-meta":"","stick-header-meta":"","header-above-stick-meta":"","header-main-stick-meta":"","header-below-stick-meta":"","astra-migrate-meta-layouts":"default","ast-page-background-enabled":"default","ast-page-background-meta":{"desktop":{"background-color":"","background-image":"","background-repeat":"repeat","background-position":"center center","background-size":"auto","background-attachment":"scroll","background-type":"","background-media":"","overlay-type":"","overlay-color":"","overlay-opacity":"","overlay-gradient":""},"tablet":{"background-color":"","background-image":"","background-repeat":"repeat","background-position":"center center","background-size":"auto","background-attachment":"scroll","background-type":"","background-media":"","overlay-type":"","overlay-color":"","overlay-opacity":"","overlay-gradient":""},"mobile":{"background-color":"","background-image":"","background-repeat":"repeat","background-position":"center center","background-size":"auto","background-attachment":"scroll","background-type":"","background-media":"","overlay-type":"","overlay-color":"","overlay-opacity":"","overlay-gradient":""}},"ast-content-background-meta":{"desktop":{"background-color":"var(--ast-global-color-5)","background-image":"","background-repeat":"repeat","background-position":"center center","background-size":"auto","background-attachment":"scroll","background-type":"","background-media":"","overlay-type":"","overlay-color":"","overlay-opacity":"","overlay-gradient":""},"tablet":{"background-color":"var(--ast-global-color-5)","background-image":"","background-repeat":"repeat","background-position":"center center","background-size":"auto","background-attachment":"scroll","background-type":"","background-media":"","overlay-type":"","overlay-color":"","overlay-opacity":"","overlay-gradient":""},"mobile":{"background-color":"var(--ast-global-color-5)","background-image":"","background-repeat":"repeat","background-position":"center center","background-size":"auto","background-attachment":"scroll","background-type":"","background-media":"","overlay-type":"","overlay-color":"","overlay-opacity":"","overlay-gradient":""}}},"product_brand":[],"product_cat":[161,134,48],"product_tag":[71],"class_list":{"0":"post-22653","1":"product","2":"type-product","3":"status-publish","4":"has-post-thumbnail","6":"product_cat-3-7-jahre","7":"product_cat-claas-de","8":"product_cat-die-kleinen-gartner","9":"product_tag-baggerlader","10":"desktop-align-left","11":"tablet-align-left","12":"mobile-align-left","14":"first","15":"instock","16":"taxable","17":"shipping-taxable","18":"purchasable","19":"product-type-simple"},"acf":[],"yoast_head":"<!-- This site is optimized with the Yoast SEO Premium plugin v25.8 (Yoast SEO v27.4) - https:\/\/yoast.com\/product\/yoast-seo-premium-wordpress\/ -->\n<title>Claas Baggerlader mit Bagger und Anh\u00e4nger | FALK - Toys that rolls<\/title>\n<meta name=\"robots\" content=\"index, follow, max-snippet:-1, max-image-preview:large, max-video-preview:-1\" \/>\n<link rel=\"canonical\" href=\"https:\/\/falk-toys.com\/de\/produkt\/claas-baggerlader-mit-bagger-und-anhaenger-2\/\" \/>\n<meta property=\"og:locale\" content=\"de_DE\" \/>\n<meta property=\"og:type\" content=\"article\" \/>\n<meta property=\"og:title\" content=\"Claas Baggerlader mit Bagger und Anh\u00e4nger\" \/>\n<meta property=\"og:description\" content=\"Claas Baggerlader, eine echte pedalbundriebene Nachbildung des Modells Arion 430, ausgestattund mit Frontbagger, drehbarem Sattel, Lenkrad mit Hupe, Bagger und Bordwandanh\u00e4nger. 100% Made in France f\u00e4hig, den kleinen Schrecken des Gartens von 3 bis 7 Jahren zu widerstehen.\" \/>\n<meta property=\"og:url\" content=\"https:\/\/falk-toys.com\/de\/produkt\/claas-baggerlader-mit-bagger-und-anhaenger-2\/\" \/>\n<meta property=\"og:site_name\" content=\"FALK - Toys that rolls\" \/>\n<meta property=\"article:publisher\" content=\"https:\/\/www.facebook.com\/FalkFR\/\" \/>\n<meta property=\"og:image\" content=\"https:\/\/falk-toys.com\/wp-content\/uploads\/2024\/10\/tractopelle-a-pedales-claas-excavatrice-remorque-2070y-1.jpg.jpg\" \/>\n\t<meta property=\"og:image:width\" content=\"800\" \/>\n\t<meta property=\"og:image:height\" content=\"800\" \/>\n\t<meta property=\"og:image:type\" content=\"image\/jpeg\" \/>\n<meta name=\"twitter:card\" content=\"summary_large_image\" \/>\n<meta name=\"twitter:label1\" content=\"Preis\" \/>\n\t<meta name=\"twitter:data1\" content=\"219,99&euro;\" \/>\n\t<meta name=\"twitter:label2\" content=\"Verf\u00fcgbarkeit\" \/>\n\t<meta name=\"twitter:data2\" content=\"Auf Lager\" \/>\n<script type=\"application\/ld+json\" class=\"yoast-schema-graph\">{\"@context\":\"https:\\\/\\\/schema.org\",\"@graph\":[{\"@type\":\"WebPage\",\"@id\":\"https:\\\/\\\/falk-toys.com\\\/de\\\/produkt\\\/claas-baggerlader-mit-bagger-und-anhaenger-2\\\/\",\"url\":\"https:\\\/\\\/falk-toys.com\\\/de\\\/produkt\\\/claas-baggerlader-mit-bagger-und-anhaenger-2\\\/\",\"name\":\"Claas Baggerlader mit Bagger und Anh\u00e4nger | FALK - Toys that rolls\",\"isPartOf\":{\"@id\":\"https:\\\/\\\/falk-toys.com\\\/de\\\/#website\"},\"primaryImageOfPage\":{\"@id\":\"https:\\\/\\\/falk-toys.com\\\/de\\\/produkt\\\/claas-baggerlader-mit-bagger-und-anhaenger-2\\\/#primaryimage\"},\"image\":{\"@id\":\"https:\\\/\\\/falk-toys.com\\\/de\\\/produkt\\\/claas-baggerlader-mit-bagger-und-anhaenger-2\\\/#primaryimage\"},\"thumbnailUrl\":\"https:\\\/\\\/falk-toys.com\\\/wp-content\\\/uploads\\\/2024\\\/10\\\/tractopelle-a-pedales-claas-excavatrice-remorque-2070y-1.jpg.jpg\",\"datePublished\":\"2024-12-04T08:25:35+00:00\",\"breadcrumb\":{\"@id\":\"https:\\\/\\\/falk-toys.com\\\/de\\\/produkt\\\/claas-baggerlader-mit-bagger-und-anhaenger-2\\\/#breadcrumb\"},\"inLanguage\":\"de\",\"potentialAction\":[{\"@type\":\"ReadAction\",\"target\":[\"https:\\\/\\\/falk-toys.com\\\/de\\\/produkt\\\/claas-baggerlader-mit-bagger-und-anhaenger-2\\\/\"]}]},{\"@type\":\"ImageObject\",\"inLanguage\":\"de\",\"@id\":\"https:\\\/\\\/falk-toys.com\\\/de\\\/produkt\\\/claas-baggerlader-mit-bagger-und-anhaenger-2\\\/#primaryimage\",\"url\":\"https:\\\/\\\/falk-toys.com\\\/wp-content\\\/uploads\\\/2024\\\/10\\\/tractopelle-a-pedales-claas-excavatrice-remorque-2070y-1.jpg.jpg\",\"contentUrl\":\"https:\\\/\\\/falk-toys.com\\\/wp-content\\\/uploads\\\/2024\\\/10\\\/tractopelle-a-pedales-claas-excavatrice-remorque-2070y-1.jpg.jpg\",\"width\":800,\"height\":800,\"caption\":\"Stacked from 4 images. Method=B (R=8,S=4)\"},{\"@type\":\"BreadcrumbList\",\"@id\":\"https:\\\/\\\/falk-toys.com\\\/de\\\/produkt\\\/claas-baggerlader-mit-bagger-und-anhaenger-2\\\/#breadcrumb\",\"itemListElement\":[{\"@type\":\"ListItem\",\"position\":1,\"name\":\"Home\",\"item\":\"https:\\\/\\\/falk-toys.com\\\/de\\\/\"},{\"@type\":\"ListItem\",\"position\":2,\"name\":\"Shop\",\"item\":\"https:\\\/\\\/falk-toys.com\\\/de\\\/shop\\\/\"},{\"@type\":\"ListItem\",\"position\":3,\"name\":\"Claas Baggerlader mit Bagger und Anh\u00e4nger\"}]},{\"@type\":\"WebSite\",\"@id\":\"https:\\\/\\\/falk-toys.com\\\/de\\\/#website\",\"url\":\"https:\\\/\\\/falk-toys.com\\\/de\\\/\",\"name\":\"FALK - Toys that rolls\",\"description\":\"Jouets fabriqu\u00e9s en France\",\"publisher\":{\"@id\":\"https:\\\/\\\/falk-toys.com\\\/de\\\/#organization\"},\"potentialAction\":[{\"@type\":\"SearchAction\",\"target\":{\"@type\":\"EntryPoint\",\"urlTemplate\":\"https:\\\/\\\/falk-toys.com\\\/de\\\/?s={search_term_string}\"},\"query-input\":{\"@type\":\"PropertyValueSpecification\",\"valueRequired\":true,\"valueName\":\"search_term_string\"}}],\"inLanguage\":\"de\"},{\"@type\":\"Organization\",\"@id\":\"https:\\\/\\\/falk-toys.com\\\/de\\\/#organization\",\"name\":\"Falk Toys\",\"url\":\"https:\\\/\\\/falk-toys.com\\\/de\\\/\",\"logo\":{\"@type\":\"ImageObject\",\"inLanguage\":\"de\",\"@id\":\"https:\\\/\\\/falk-toys.com\\\/de\\\/#\\\/schema\\\/logo\\\/image\\\/\",\"url\":\"https:\\\/\\\/falk-toys.com\\\/wp-content\\\/uploads\\\/2019\\\/12\\\/falk-logo@2x.png\",\"contentUrl\":\"https:\\\/\\\/falk-toys.com\\\/wp-content\\\/uploads\\\/2019\\\/12\\\/falk-logo@2x.png\",\"width\":436,\"height\":351,\"caption\":\"Falk Toys\"},\"image\":{\"@id\":\"https:\\\/\\\/falk-toys.com\\\/de\\\/#\\\/schema\\\/logo\\\/image\\\/\"},\"sameAs\":[\"https:\\\/\\\/www.facebook.com\\\/FalkFR\\\/\",\"https:\\\/\\\/www.instagram.com\\\/falk_toys\\\/\",\"https:\\\/\\\/www.youtube.com\\\/channel\\\/UCKZXf1_E8UsPhjAQo-Y5vlg\"]}]}<\/script>\n<meta property=\"product:price:amount\" content=\"219.99\" \/>\n<meta property=\"product:price:currency\" content=\"EUR\" \/>\n<meta property=\"og:availability\" content=\"instock\" \/>\n<meta property=\"product:availability\" content=\"instock\" \/>\n<meta property=\"product:retailer_item_id\" content=\"2070Y\" \/>\n<meta property=\"product:condition\" content=\"new\" \/>\n<!-- \/ Yoast SEO Premium plugin. -->","yoast_head_json":{"title":"Claas Baggerlader mit Bagger und Anh\u00e4nger | FALK - Toys that rolls","robots":{"index":"index","follow":"follow","max-snippet":"max-snippet:-1","max-image-preview":"max-image-preview:large","max-video-preview":"max-video-preview:-1"},"canonical":"https:\/\/falk-toys.com\/de\/produkt\/claas-baggerlader-mit-bagger-und-anhaenger-2\/","og_locale":"de_DE","og_type":"article","og_title":"Claas Baggerlader mit Bagger und Anh\u00e4nger","og_description":"Claas Baggerlader, eine echte pedalbundriebene Nachbildung des Modells Arion 430, ausgestattund mit Frontbagger, drehbarem Sattel, Lenkrad mit Hupe, Bagger und Bordwandanh\u00e4nger. 100% Made in France f\u00e4hig, den kleinen Schrecken des Gartens von 3 bis 7 Jahren zu widerstehen.","og_url":"https:\/\/falk-toys.com\/de\/produkt\/claas-baggerlader-mit-bagger-und-anhaenger-2\/","og_site_name":"FALK - Toys that rolls","article_publisher":"https:\/\/www.facebook.com\/FalkFR\/","og_image":[{"width":800,"height":800,"url":"https:\/\/falk-toys.com\/wp-content\/uploads\/2024\/10\/tractopelle-a-pedales-claas-excavatrice-remorque-2070y-1.jpg.jpg","type":"image\/jpeg"}],"twitter_card":"summary_large_image","twitter_misc":{"Preis":"219,99&euro;","Verf\u00fcgbarkeit":"Auf Lager"},"schema":{"@context":"https:\/\/schema.org","@graph":[{"@type":"WebPage","@id":"https:\/\/falk-toys.com\/de\/produkt\/claas-baggerlader-mit-bagger-und-anhaenger-2\/","url":"https:\/\/falk-toys.com\/de\/produkt\/claas-baggerlader-mit-bagger-und-anhaenger-2\/","name":"Claas Baggerlader mit Bagger und Anh\u00e4nger | FALK - Toys that rolls","isPartOf":{"@id":"https:\/\/falk-toys.com\/de\/#website"},"primaryImageOfPage":{"@id":"https:\/\/falk-toys.com\/de\/produkt\/claas-baggerlader-mit-bagger-und-anhaenger-2\/#primaryimage"},"image":{"@id":"https:\/\/falk-toys.com\/de\/produkt\/claas-baggerlader-mit-bagger-und-anhaenger-2\/#primaryimage"},"thumbnailUrl":"https:\/\/falk-toys.com\/wp-content\/uploads\/2024\/10\/tractopelle-a-pedales-claas-excavatrice-remorque-2070y-1.jpg.jpg","datePublished":"2024-12-04T08:25:35+00:00","breadcrumb":{"@id":"https:\/\/falk-toys.com\/de\/produkt\/claas-baggerlader-mit-bagger-und-anhaenger-2\/#breadcrumb"},"inLanguage":"de","potentialAction":[{"@type":"ReadAction","target":["https:\/\/falk-toys.com\/de\/produkt\/claas-baggerlader-mit-bagger-und-anhaenger-2\/"]}]},{"@type":"ImageObject","inLanguage":"de","@id":"https:\/\/falk-toys.com\/de\/produkt\/claas-baggerlader-mit-bagger-und-anhaenger-2\/#primaryimage","url":"https:\/\/falk-toys.com\/wp-content\/uploads\/2024\/10\/tractopelle-a-pedales-claas-excavatrice-remorque-2070y-1.jpg.jpg","contentUrl":"https:\/\/falk-toys.com\/wp-content\/uploads\/2024\/10\/tractopelle-a-pedales-claas-excavatrice-remorque-2070y-1.jpg.jpg","width":800,"height":800,"caption":"Stacked from 4 images. Method=B (R=8,S=4)"},{"@type":"BreadcrumbList","@id":"https:\/\/falk-toys.com\/de\/produkt\/claas-baggerlader-mit-bagger-und-anhaenger-2\/#breadcrumb","itemListElement":[{"@type":"ListItem","position":1,"name":"Home","item":"https:\/\/falk-toys.com\/de\/"},{"@type":"ListItem","position":2,"name":"Shop","item":"https:\/\/falk-toys.com\/de\/shop\/"},{"@type":"ListItem","position":3,"name":"Claas Baggerlader mit Bagger und Anh\u00e4nger"}]},{"@type":"WebSite","@id":"https:\/\/falk-toys.com\/de\/#website","url":"https:\/\/falk-toys.com\/de\/","name":"FALK - Toys that rolls","description":"Jouets fabriqu\u00e9s en France","publisher":{"@id":"https:\/\/falk-toys.com\/de\/#organization"},"potentialAction":[{"@type":"SearchAction","target":{"@type":"EntryPoint","urlTemplate":"https:\/\/falk-toys.com\/de\/?s={search_term_string}"},"query-input":{"@type":"PropertyValueSpecification","valueRequired":true,"valueName":"search_term_string"}}],"inLanguage":"de"},{"@type":"Organization","@id":"https:\/\/falk-toys.com\/de\/#organization","name":"Falk Toys","url":"https:\/\/falk-toys.com\/de\/","logo":{"@type":"ImageObject","inLanguage":"de","@id":"https:\/\/falk-toys.com\/de\/#\/schema\/logo\/image\/","url":"https:\/\/falk-toys.com\/wp-content\/uploads\/2019\/12\/falk-logo@2x.png","contentUrl":"https:\/\/falk-toys.com\/wp-content\/uploads\/2019\/12\/falk-logo@2x.png","width":436,"height":351,"caption":"Falk Toys"},"image":{"@id":"https:\/\/falk-toys.com\/de\/#\/schema\/logo\/image\/"},"sameAs":["https:\/\/www.facebook.com\/FalkFR\/","https:\/\/www.instagram.com\/falk_toys\/","https:\/\/www.youtube.com\/channel\/UCKZXf1_E8UsPhjAQo-Y5vlg"]}]},"product_price_amount":"219.99","product_price_currency":"EUR","og_availability":"instock","product_availability":"instock","product_retailer_item_id":"2070Y","product_condition":"new"},"_links":{"self":[{"href":"https:\/\/falk-toys.com\/de\/wp-json\/wp\/v2\/product\/22653","targetHints":{"allow":["GET"]}}],"collection":[{"href":"https:\/\/falk-toys.com\/de\/wp-json\/wp\/v2\/product"}],"about":[{"href":"https:\/\/falk-toys.com\/de\/wp-json\/wp\/v2\/types\/product"}],"replies":[{"embeddable":true,"href":"https:\/\/falk-toys.com\/de\/wp-json\/wp\/v2\/comments?post=22653"}],"wp:featuredmedia":[{"embeddable":true,"href":"https:\/\/falk-toys.com\/de\/wp-json\/wp\/v2\/media\/23001"}],"wp:attachment":[{"href":"https:\/\/falk-toys.com\/de\/wp-json\/wp\/v2\/media?parent=22653"}],"wp:term":[{"taxonomy":"product_brand","embeddable":true,"href":"https:\/\/falk-toys.com\/de\/wp-json\/wp\/v2\/product_brand?post=22653"},{"taxonomy":"product_cat","embeddable":true,"href":"https:\/\/falk-toys.com\/de\/wp-json\/wp\/v2\/product_cat?post=22653"},{"taxonomy":"product_tag","embeddable":true,"href":"https:\/\/falk-toys.com\/de\/wp-json\/wp\/v2\/product_tag?post=22653"}],"curies":[{"name":"wp","href":"https:\/\/api.w.org\/{rel}","templated":true}]}}