{"id":22664,"date":"2024-10-26T09:25:35","date_gmt":"2024-10-26T07:25:35","guid":{"rendered":"https:\/\/falk-toys.com\/produit\/massey-ferguson-traktor-forwarder-mit-anhaenger-schaufel-und-rechen\/"},"modified":"2026-04-20T11:24:16","modified_gmt":"2026-04-20T09:24:16","slug":"massey-ferguson-traktor-forwarder-mit-anhaenger-schaufel-und-rechen","status":"publish","type":"product","link":"https:\/\/falk-toys.com\/de\/produkt\/massey-ferguson-traktor-forwarder-mit-anhaenger-schaufel-und-rechen\/","title":{"rendered":"Massey Ferguson Traktor Forwarder mit Anh\u00e4nger, Schaufel und Rechen"},"content":{"rendered":"<p>F\u00fcr unseren Volvo-Bauwagen, der zu 100 % in Frankreich hergestellt wird, ist keine Baustelle zu ehrgeizig. Mit seinem abnehmbaren Anh\u00e4nger, der mit einem Sieb, einer Schaufel, einem Rechen und F\u00f6rmchen in Form von Betonsteinen ausgestattet ist, ist er der ideale Begleiter f\u00fcr den Sandkasten, um sich an die gro\u00dfen Maurerarbeiten zu machen!<br \/>\nDer Volvo-Baustellentransporter ist dank eines Lenkrads mit Hupe auch wendig und verf\u00fcgt \u00fcber eine ausgezeichnete Stabilit\u00e4t. Er ist perfekt geeignet, um die Grobmotorik und das Gleichgewicht Ihres Kindes spielerisch zu f\u00f6rdern und gleichzeitig seine Sicherheit zu gew\u00e4hrleisten.<br \/>\nClever, eine kleine Aufbewahrungsbox ist unter der Sitzfl\u00e4che versteckt und ein personalisierbares Nummernschild erm\u00f6glicht es, seinem Lieblingsflitzer eine pers\u00f6nliche Note zu verleihen!<\/p>\n","protected":false},"excerpt":{"rendered":"<p>Massey Ferguson-Traktor mit einem Lenkrad mit Hupe, einem Mini-Anh\u00e4nger mit Schaufel und Rechen und 2 Personalisierungspakunden, darunter ein anpassbares Nummernschild &#8211; 100% Made in France f\u00fcr kleine G\u00e4rtner von 1 bis 3 Jahren.<\/p>\n","protected":false},"featured_media":19740,"comment_status":"closed","ping_status":"closed","template":"","meta":{"_acf_changed":false,"site-sidebar-layout":"default","site-content-layout":"","ast-site-content-layout":"default","site-content-style":"default","site-sidebar-style":"default","ast-global-header-display":"","ast-banner-title-visibility":"","ast-main-header-display":"","ast-hfb-above-header-display":"","ast-hfb-below-header-display":"","ast-hfb-mobile-header-display":"","site-post-title":"","ast-breadcrumbs-content":"","ast-featured-img":"","footer-sml-layout":"","ast-disable-related-posts":"","theme-transparent-header-meta":"default","adv-header-id-meta":"","stick-header-meta":"","header-above-stick-meta":"","header-main-stick-meta":"","header-below-stick-meta":"","astra-migrate-meta-layouts":"default","ast-page-background-enabled":"default","ast-page-background-meta":{"desktop":{"background-color":"","background-image":"","background-repeat":"repeat","background-position":"center center","background-size":"auto","background-attachment":"scroll","background-type":"","background-media":"","overlay-type":"","overlay-color":"","overlay-opacity":"","overlay-gradient":""},"tablet":{"background-color":"","background-image":"","background-repeat":"repeat","background-position":"center center","background-size":"auto","background-attachment":"scroll","background-type":"","background-media":"","overlay-type":"","overlay-color":"","overlay-opacity":"","overlay-gradient":""},"mobile":{"background-color":"","background-image":"","background-repeat":"repeat","background-position":"center center","background-size":"auto","background-attachment":"scroll","background-type":"","background-media":"","overlay-type":"","overlay-color":"","overlay-opacity":"","overlay-gradient":""}},"ast-content-background-meta":{"desktop":{"background-color":"var(--ast-global-color-5)","background-image":"","background-repeat":"repeat","background-position":"center center","background-size":"auto","background-attachment":"scroll","background-type":"","background-media":"","overlay-type":"","overlay-color":"","overlay-opacity":"","overlay-gradient":""},"tablet":{"background-color":"var(--ast-global-color-5)","background-image":"","background-repeat":"repeat","background-position":"center center","background-size":"auto","background-attachment":"scroll","background-type":"","background-media":"","overlay-type":"","overlay-color":"","overlay-opacity":"","overlay-gradient":""},"mobile":{"background-color":"var(--ast-global-color-5)","background-image":"","background-repeat":"repeat","background-position":"center center","background-size":"auto","background-attachment":"scroll","background-type":"","background-media":"","overlay-type":"","overlay-color":"","overlay-opacity":"","overlay-gradient":""}}},"product_brand":[],"product_cat":[159,48,125],"product_tag":[640],"class_list":{"0":"post-22664","1":"product","2":"type-product","3":"status-publish","4":"has-post-thumbnail","6":"product_cat-1-3-jahre","7":"product_cat-die-kleinen-gartner","8":"product_cat-massey-ferguson-de","9":"product_tag-first-age-carriers-de","10":"desktop-align-left","11":"tablet-align-left","12":"mobile-align-left","14":"first","15":"instock","16":"taxable","17":"shipping-taxable","18":"purchasable","19":"product-type-simple"},"acf":[],"yoast_head":"<!-- This site is optimized with the Yoast SEO Premium plugin v25.8 (Yoast SEO v27.4) - https:\/\/yoast.com\/product\/yoast-seo-premium-wordpress\/ -->\n<title>Massey Ferguson Traktor Forwarder mit Anh\u00e4nger, Schaufel und Rechen | FALK - Toys that rolls<\/title>\n<meta name=\"robots\" content=\"index, follow, max-snippet:-1, max-image-preview:large, max-video-preview:-1\" \/>\n<link rel=\"canonical\" href=\"https:\/\/falk-toys.com\/de\/produkt\/massey-ferguson-traktor-forwarder-mit-anhaenger-schaufel-und-rechen\/\" \/>\n<meta property=\"og:locale\" content=\"de_DE\" \/>\n<meta property=\"og:type\" content=\"article\" \/>\n<meta property=\"og:title\" content=\"Massey Ferguson Traktor Forwarder mit Anh\u00e4nger, Schaufel und Rechen\" \/>\n<meta property=\"og:description\" content=\"Massey Ferguson-Traktor mit einem Lenkrad mit Hupe, einem Mini-Anh\u00e4nger mit Schaufel und Rechen und 2 Personalisierungspakunden, darunter ein anpassbares Nummernschild - 100% Made in France f\u00fcr kleine G\u00e4rtner von 1 bis 3 Jahren.\" \/>\n<meta property=\"og:url\" content=\"https:\/\/falk-toys.com\/de\/produkt\/massey-ferguson-traktor-forwarder-mit-anhaenger-schaufel-und-rechen\/\" \/>\n<meta property=\"og:site_name\" content=\"FALK - Toys that rolls\" \/>\n<meta property=\"article:publisher\" content=\"https:\/\/www.facebook.com\/FalkFR\/\" \/>\n<meta property=\"article:modified_time\" content=\"2026-04-20T09:24:16+00:00\" \/>\n<meta property=\"og:image\" content=\"https:\/\/falk-toys.com\/wp-content\/uploads\/2024\/10\/porteur-massey-fergusson-avec-remorque-241C-pks1.jpg\" \/>\n\t<meta property=\"og:image:width\" content=\"800\" \/>\n\t<meta property=\"og:image:height\" content=\"800\" \/>\n\t<meta property=\"og:image:type\" content=\"image\/jpeg\" \/>\n<meta name=\"twitter:card\" content=\"summary_large_image\" \/>\n<meta name=\"twitter:label1\" content=\"Preis\" \/>\n\t<meta name=\"twitter:data1\" content=\"49,99&euro;\" \/>\n\t<meta name=\"twitter:label2\" content=\"Verf\u00fcgbarkeit\" \/>\n\t<meta name=\"twitter:data2\" content=\"Auf Lager\" \/>\n<script type=\"application\/ld+json\" class=\"yoast-schema-graph\">{\"@context\":\"https:\\\/\\\/schema.org\",\"@graph\":[{\"@type\":\"WebPage\",\"@id\":\"https:\\\/\\\/falk-toys.com\\\/de\\\/produkt\\\/massey-ferguson-traktor-forwarder-mit-anhaenger-schaufel-und-rechen\\\/\",\"url\":\"https:\\\/\\\/falk-toys.com\\\/de\\\/produkt\\\/massey-ferguson-traktor-forwarder-mit-anhaenger-schaufel-und-rechen\\\/\",\"name\":\"Massey Ferguson Traktor Forwarder mit Anh\u00e4nger, Schaufel und Rechen | FALK - Toys that rolls\",\"isPartOf\":{\"@id\":\"https:\\\/\\\/falk-toys.com\\\/de\\\/#website\"},\"primaryImageOfPage\":{\"@id\":\"https:\\\/\\\/falk-toys.com\\\/de\\\/produkt\\\/massey-ferguson-traktor-forwarder-mit-anhaenger-schaufel-und-rechen\\\/#primaryimage\"},\"image\":{\"@id\":\"https:\\\/\\\/falk-toys.com\\\/de\\\/produkt\\\/massey-ferguson-traktor-forwarder-mit-anhaenger-schaufel-und-rechen\\\/#primaryimage\"},\"thumbnailUrl\":\"https:\\\/\\\/falk-toys.com\\\/wp-content\\\/uploads\\\/2024\\\/10\\\/porteur-massey-fergusson-avec-remorque-241C-pks1.jpg\",\"datePublished\":\"2024-10-26T07:25:35+00:00\",\"dateModified\":\"2026-04-20T09:24:16+00:00\",\"breadcrumb\":{\"@id\":\"https:\\\/\\\/falk-toys.com\\\/de\\\/produkt\\\/massey-ferguson-traktor-forwarder-mit-anhaenger-schaufel-und-rechen\\\/#breadcrumb\"},\"inLanguage\":\"de\",\"potentialAction\":[{\"@type\":\"ReadAction\",\"target\":[\"https:\\\/\\\/falk-toys.com\\\/de\\\/produkt\\\/massey-ferguson-traktor-forwarder-mit-anhaenger-schaufel-und-rechen\\\/\"]}]},{\"@type\":\"ImageObject\",\"inLanguage\":\"de\",\"@id\":\"https:\\\/\\\/falk-toys.com\\\/de\\\/produkt\\\/massey-ferguson-traktor-forwarder-mit-anhaenger-schaufel-und-rechen\\\/#primaryimage\",\"url\":\"https:\\\/\\\/falk-toys.com\\\/wp-content\\\/uploads\\\/2024\\\/10\\\/porteur-massey-fergusson-avec-remorque-241C-pks1.jpg\",\"contentUrl\":\"https:\\\/\\\/falk-toys.com\\\/wp-content\\\/uploads\\\/2024\\\/10\\\/porteur-massey-fergusson-avec-remorque-241C-pks1.jpg\",\"width\":800,\"height\":800,\"caption\":\"Tr\u00e4ger Massey Fergusson mit Anh\u00e4nger kit 1\"},{\"@type\":\"BreadcrumbList\",\"@id\":\"https:\\\/\\\/falk-toys.com\\\/de\\\/produkt\\\/massey-ferguson-traktor-forwarder-mit-anhaenger-schaufel-und-rechen\\\/#breadcrumb\",\"itemListElement\":[{\"@type\":\"ListItem\",\"position\":1,\"name\":\"Home\",\"item\":\"https:\\\/\\\/falk-toys.com\\\/de\\\/\"},{\"@type\":\"ListItem\",\"position\":2,\"name\":\"Shop\",\"item\":\"https:\\\/\\\/falk-toys.com\\\/de\\\/shop\\\/\"},{\"@type\":\"ListItem\",\"position\":3,\"name\":\"Massey Ferguson Traktor Forwarder mit Anh\u00e4nger, Schaufel und Rechen\"}]},{\"@type\":\"WebSite\",\"@id\":\"https:\\\/\\\/falk-toys.com\\\/de\\\/#website\",\"url\":\"https:\\\/\\\/falk-toys.com\\\/de\\\/\",\"name\":\"FALK - Toys that rolls\",\"description\":\"Jouets fabriqu\u00e9s en France\",\"publisher\":{\"@id\":\"https:\\\/\\\/falk-toys.com\\\/de\\\/#organization\"},\"potentialAction\":[{\"@type\":\"SearchAction\",\"target\":{\"@type\":\"EntryPoint\",\"urlTemplate\":\"https:\\\/\\\/falk-toys.com\\\/de\\\/?s={search_term_string}\"},\"query-input\":{\"@type\":\"PropertyValueSpecification\",\"valueRequired\":true,\"valueName\":\"search_term_string\"}}],\"inLanguage\":\"de\"},{\"@type\":\"Organization\",\"@id\":\"https:\\\/\\\/falk-toys.com\\\/de\\\/#organization\",\"name\":\"Falk Toys\",\"url\":\"https:\\\/\\\/falk-toys.com\\\/de\\\/\",\"logo\":{\"@type\":\"ImageObject\",\"inLanguage\":\"de\",\"@id\":\"https:\\\/\\\/falk-toys.com\\\/de\\\/#\\\/schema\\\/logo\\\/image\\\/\",\"url\":\"https:\\\/\\\/falk-toys.com\\\/wp-content\\\/uploads\\\/2019\\\/12\\\/falk-logo@2x.png\",\"contentUrl\":\"https:\\\/\\\/falk-toys.com\\\/wp-content\\\/uploads\\\/2019\\\/12\\\/falk-logo@2x.png\",\"width\":436,\"height\":351,\"caption\":\"Falk Toys\"},\"image\":{\"@id\":\"https:\\\/\\\/falk-toys.com\\\/de\\\/#\\\/schema\\\/logo\\\/image\\\/\"},\"sameAs\":[\"https:\\\/\\\/www.facebook.com\\\/FalkFR\\\/\",\"https:\\\/\\\/www.instagram.com\\\/falk_toys\\\/\",\"https:\\\/\\\/www.youtube.com\\\/channel\\\/UCKZXf1_E8UsPhjAQo-Y5vlg\"]}]}<\/script>\n<meta property=\"product:price:amount\" content=\"49.99\" \/>\n<meta property=\"product:price:currency\" content=\"EUR\" \/>\n<meta property=\"og:availability\" content=\"instock\" \/>\n<meta property=\"product:availability\" content=\"instock\" \/>\n<meta property=\"product:retailer_item_id\" content=\"241C\" \/>\n<meta property=\"product:condition\" content=\"new\" \/>\n<!-- \/ Yoast SEO Premium plugin. -->","yoast_head_json":{"title":"Massey Ferguson Traktor Forwarder mit Anh\u00e4nger, Schaufel und Rechen | FALK - Toys that rolls","robots":{"index":"index","follow":"follow","max-snippet":"max-snippet:-1","max-image-preview":"max-image-preview:large","max-video-preview":"max-video-preview:-1"},"canonical":"https:\/\/falk-toys.com\/de\/produkt\/massey-ferguson-traktor-forwarder-mit-anhaenger-schaufel-und-rechen\/","og_locale":"de_DE","og_type":"article","og_title":"Massey Ferguson Traktor Forwarder mit Anh\u00e4nger, Schaufel und Rechen","og_description":"Massey Ferguson-Traktor mit einem Lenkrad mit Hupe, einem Mini-Anh\u00e4nger mit Schaufel und Rechen und 2 Personalisierungspakunden, darunter ein anpassbares Nummernschild - 100% Made in France f\u00fcr kleine G\u00e4rtner von 1 bis 3 Jahren.","og_url":"https:\/\/falk-toys.com\/de\/produkt\/massey-ferguson-traktor-forwarder-mit-anhaenger-schaufel-und-rechen\/","og_site_name":"FALK - Toys that rolls","article_publisher":"https:\/\/www.facebook.com\/FalkFR\/","article_modified_time":"2026-04-20T09:24:16+00:00","og_image":[{"width":800,"height":800,"url":"https:\/\/falk-toys.com\/wp-content\/uploads\/2024\/10\/porteur-massey-fergusson-avec-remorque-241C-pks1.jpg","type":"image\/jpeg"}],"twitter_card":"summary_large_image","twitter_misc":{"Preis":"49,99&euro;","Verf\u00fcgbarkeit":"Auf Lager"},"schema":{"@context":"https:\/\/schema.org","@graph":[{"@type":"WebPage","@id":"https:\/\/falk-toys.com\/de\/produkt\/massey-ferguson-traktor-forwarder-mit-anhaenger-schaufel-und-rechen\/","url":"https:\/\/falk-toys.com\/de\/produkt\/massey-ferguson-traktor-forwarder-mit-anhaenger-schaufel-und-rechen\/","name":"Massey Ferguson Traktor Forwarder mit Anh\u00e4nger, Schaufel und Rechen | FALK - Toys that rolls","isPartOf":{"@id":"https:\/\/falk-toys.com\/de\/#website"},"primaryImageOfPage":{"@id":"https:\/\/falk-toys.com\/de\/produkt\/massey-ferguson-traktor-forwarder-mit-anhaenger-schaufel-und-rechen\/#primaryimage"},"image":{"@id":"https:\/\/falk-toys.com\/de\/produkt\/massey-ferguson-traktor-forwarder-mit-anhaenger-schaufel-und-rechen\/#primaryimage"},"thumbnailUrl":"https:\/\/falk-toys.com\/wp-content\/uploads\/2024\/10\/porteur-massey-fergusson-avec-remorque-241C-pks1.jpg","datePublished":"2024-10-26T07:25:35+00:00","dateModified":"2026-04-20T09:24:16+00:00","breadcrumb":{"@id":"https:\/\/falk-toys.com\/de\/produkt\/massey-ferguson-traktor-forwarder-mit-anhaenger-schaufel-und-rechen\/#breadcrumb"},"inLanguage":"de","potentialAction":[{"@type":"ReadAction","target":["https:\/\/falk-toys.com\/de\/produkt\/massey-ferguson-traktor-forwarder-mit-anhaenger-schaufel-und-rechen\/"]}]},{"@type":"ImageObject","inLanguage":"de","@id":"https:\/\/falk-toys.com\/de\/produkt\/massey-ferguson-traktor-forwarder-mit-anhaenger-schaufel-und-rechen\/#primaryimage","url":"https:\/\/falk-toys.com\/wp-content\/uploads\/2024\/10\/porteur-massey-fergusson-avec-remorque-241C-pks1.jpg","contentUrl":"https:\/\/falk-toys.com\/wp-content\/uploads\/2024\/10\/porteur-massey-fergusson-avec-remorque-241C-pks1.jpg","width":800,"height":800,"caption":"Tr\u00e4ger Massey Fergusson mit Anh\u00e4nger kit 1"},{"@type":"BreadcrumbList","@id":"https:\/\/falk-toys.com\/de\/produkt\/massey-ferguson-traktor-forwarder-mit-anhaenger-schaufel-und-rechen\/#breadcrumb","itemListElement":[{"@type":"ListItem","position":1,"name":"Home","item":"https:\/\/falk-toys.com\/de\/"},{"@type":"ListItem","position":2,"name":"Shop","item":"https:\/\/falk-toys.com\/de\/shop\/"},{"@type":"ListItem","position":3,"name":"Massey Ferguson Traktor Forwarder mit Anh\u00e4nger, Schaufel und Rechen"}]},{"@type":"WebSite","@id":"https:\/\/falk-toys.com\/de\/#website","url":"https:\/\/falk-toys.com\/de\/","name":"FALK - Toys that rolls","description":"Jouets fabriqu\u00e9s en France","publisher":{"@id":"https:\/\/falk-toys.com\/de\/#organization"},"potentialAction":[{"@type":"SearchAction","target":{"@type":"EntryPoint","urlTemplate":"https:\/\/falk-toys.com\/de\/?s={search_term_string}"},"query-input":{"@type":"PropertyValueSpecification","valueRequired":true,"valueName":"search_term_string"}}],"inLanguage":"de"},{"@type":"Organization","@id":"https:\/\/falk-toys.com\/de\/#organization","name":"Falk Toys","url":"https:\/\/falk-toys.com\/de\/","logo":{"@type":"ImageObject","inLanguage":"de","@id":"https:\/\/falk-toys.com\/de\/#\/schema\/logo\/image\/","url":"https:\/\/falk-toys.com\/wp-content\/uploads\/2019\/12\/falk-logo@2x.png","contentUrl":"https:\/\/falk-toys.com\/wp-content\/uploads\/2019\/12\/falk-logo@2x.png","width":436,"height":351,"caption":"Falk Toys"},"image":{"@id":"https:\/\/falk-toys.com\/de\/#\/schema\/logo\/image\/"},"sameAs":["https:\/\/www.facebook.com\/FalkFR\/","https:\/\/www.instagram.com\/falk_toys\/","https:\/\/www.youtube.com\/channel\/UCKZXf1_E8UsPhjAQo-Y5vlg"]}]},"product_price_amount":"49.99","product_price_currency":"EUR","og_availability":"instock","product_availability":"instock","product_retailer_item_id":"241C","product_condition":"new"},"_links":{"self":[{"href":"https:\/\/falk-toys.com\/de\/wp-json\/wp\/v2\/product\/22664","targetHints":{"allow":["GET"]}}],"collection":[{"href":"https:\/\/falk-toys.com\/de\/wp-json\/wp\/v2\/product"}],"about":[{"href":"https:\/\/falk-toys.com\/de\/wp-json\/wp\/v2\/types\/product"}],"replies":[{"embeddable":true,"href":"https:\/\/falk-toys.com\/de\/wp-json\/wp\/v2\/comments?post=22664"}],"wp:featuredmedia":[{"embeddable":true,"href":"https:\/\/falk-toys.com\/de\/wp-json\/wp\/v2\/media\/19740"}],"wp:attachment":[{"href":"https:\/\/falk-toys.com\/de\/wp-json\/wp\/v2\/media?parent=22664"}],"wp:term":[{"taxonomy":"product_brand","embeddable":true,"href":"https:\/\/falk-toys.com\/de\/wp-json\/wp\/v2\/product_brand?post=22664"},{"taxonomy":"product_cat","embeddable":true,"href":"https:\/\/falk-toys.com\/de\/wp-json\/wp\/v2\/product_cat?post=22664"},{"taxonomy":"product_tag","embeddable":true,"href":"https:\/\/falk-toys.com\/de\/wp-json\/wp\/v2\/product_tag?post=22664"}],"curies":[{"name":"wp","href":"https:\/\/api.w.org\/{rel}","templated":true}]}}