{"id":22680,"date":"2025-01-24T09:26:24","date_gmt":"2025-01-24T08:26:24","guid":{"rendered":"https:\/\/falk-toys.com\/produit\/bud-racing-motorrad-draisine-mit-fluesterraedern-gruen\/"},"modified":"2024-10-09T08:08:07","modified_gmt":"2024-10-09T08:08:07","slug":"bud-racing-motorrad-draisine-mit-fluesterraedern-gruen","status":"publish","type":"product","link":"https:\/\/falk-toys.com\/de\/produkt\/bud-racing-motorrad-draisine-mit-fluesterraedern-gruen\/","title":{"rendered":"Bud Racing Motorrad-Draisine mit Fl\u00fcsterr\u00e4dern &#8211; gr\u00fcn"},"content":{"rendered":"<p>Soyez pr\u00eats \u00e0 voir s\u2019\u00e9lancer votre pundit pilote sur sa draisienne aux couleurs du team Bud Racing, inspir\u00e9e de la moto cross de Grand Prix de Quentin Prugni\u00e8res.<br \/>\n100% Fabriqu\u00e9e en France und compose\u00e9 d&#8217;au moins 40% de plastique recycl\u00e9, elle est sp\u00e9cialement con\u00e7ue pour les enfants de 2 \u00e0 5 Jahre en qu\u00eate de sensations fortes.<br \/>\nSes larges roues apportent non seulement la stabilit\u00e9 n\u00e9cessaire \u00e0 votre enfant pour lui permundtre de d\u00e9velopper son \u00e9quilibre und sa motricit\u00e9 en toute s\u00e9curit\u00e9 mais sont \u00e9galement \u00e9quip\u00e9es de bandes de roues silencieuses parfaitement adapt\u00e9es \u00e0 un usage en int\u00e9rieur. C&#8217;est les parents qui vont \u00eatre contents !<\/p>\n","protected":false},"excerpt":{"rendered":"<p>Bud Racing Motorrad-Draisine mit breiten, ger\u00e4uscharmen R\u00e4dern und einem richtungsabh\u00e4ngigen Lenker &#8211; 100% Made in France f\u00fcr Kinder von 2 bis 5 Jahren, die den Nervenkitzel suchen.<\/p>\n","protected":false},"featured_media":26990,"comment_status":"closed","ping_status":"closed","template":"","meta":{"_acf_changed":false,"site-sidebar-layout":"default","site-content-layout":"","ast-site-content-layout":"default","site-content-style":"default","site-sidebar-style":"default","ast-global-header-display":"","ast-banner-title-visibility":"","ast-main-header-display":"","ast-hfb-above-header-display":"","ast-hfb-below-header-display":"","ast-hfb-mobile-header-display":"","site-post-title":"","ast-breadcrumbs-content":"","ast-featured-img":"","footer-sml-layout":"","theme-transparent-header-meta":"default","adv-header-id-meta":"","stick-header-meta":"","header-above-stick-meta":"","header-main-stick-meta":"","header-below-stick-meta":"","astra-migrate-meta-layouts":"set","ast-page-background-enabled":"default","ast-page-background-meta":{"desktop":{"background-color":"","background-image":"","background-repeat":"repeat","background-position":"center center","background-size":"auto","background-attachment":"scroll","background-type":"","background-media":"","overlay-type":"","overlay-color":"","overlay-opacity":"","overlay-gradient":""},"tablet":{"background-color":"","background-image":"","background-repeat":"repeat","background-position":"center center","background-size":"auto","background-attachment":"scroll","background-type":"","background-media":"","overlay-type":"","overlay-color":"","overlay-opacity":"","overlay-gradient":""},"mobile":{"background-color":"","background-image":"","background-repeat":"repeat","background-position":"center center","background-size":"auto","background-attachment":"scroll","background-type":"","background-media":"","overlay-type":"","overlay-color":"","overlay-opacity":"","overlay-gradient":""}},"ast-content-background-meta":{"desktop":{"background-color":"var(--ast-global-color-5)","background-image":"","background-repeat":"repeat","background-position":"center center","background-size":"auto","background-attachment":"scroll","background-type":"","background-media":"","overlay-type":"","overlay-color":"","overlay-opacity":"","overlay-gradient":""},"tablet":{"background-color":"var(--ast-global-color-5)","background-image":"","background-repeat":"repeat","background-position":"center center","background-size":"auto","background-attachment":"scroll","background-type":"","background-media":"","overlay-type":"","overlay-color":"","overlay-opacity":"","overlay-gradient":""},"mobile":{"background-color":"var(--ast-global-color-5)","background-image":"","background-repeat":"repeat","background-position":"center center","background-size":"auto","background-attachment":"scroll","background-type":"","background-media":"","overlay-type":"","overlay-color":"","overlay-opacity":"","overlay-gradient":""}}},"product_brand":[],"product_cat":[160,628,50],"product_tag":[643],"class_list":{"0":"post-22680","1":"product","2":"type-product","3":"status-publish","4":"has-post-thumbnail","6":"product_cat-2-5-jahre","7":"product_cat-bud-racing-de","8":"product_cat-die-kleinen-draufganger","9":"product_tag-motos-de","10":"desktop-align-left","11":"tablet-align-left","12":"mobile-align-left","14":"first","15":"instock","16":"taxable","17":"shipping-taxable","18":"purchasable","19":"product-type-simple"},"acf":[],"yoast_head":"<!-- This site is optimized with the Yoast SEO Premium plugin v25.8 (Yoast SEO v26.3) - https:\/\/yoast.com\/wordpress\/plugins\/seo\/ -->\n<title>Bud Racing Motorrad-Draisine mit Fl\u00fcsterr\u00e4dern - gr\u00fcn | FALK - Toys that rolls<\/title>\n<meta name=\"robots\" content=\"index, follow, max-snippet:-1, max-image-preview:large, max-video-preview:-1\" \/>\n<link rel=\"canonical\" href=\"https:\/\/falk-toys.com\/de\/produkt\/bud-racing-motorrad-draisine-mit-fluesterraedern-gruen\/\" \/>\n<meta property=\"og:locale\" content=\"de_DE\" \/>\n<meta property=\"og:type\" content=\"article\" \/>\n<meta property=\"og:title\" content=\"Bud Racing Motorrad-Draisine mit Fl\u00fcsterr\u00e4dern - gr\u00fcn\" \/>\n<meta property=\"og:description\" content=\"Bud Racing Motorrad-Draisine mit breiten, ger\u00e4uscharmen R\u00e4dern und einem richtungsabh\u00e4ngigen Lenker - 100% Made in France f\u00fcr Kinder von 2 bis 5 Jahren, die den Nervenkitzel suchen.\" \/>\n<meta property=\"og:url\" content=\"https:\/\/falk-toys.com\/de\/produkt\/bud-racing-motorrad-draisine-mit-fluesterraedern-gruen\/\" \/>\n<meta property=\"og:site_name\" content=\"FALK - Toys that rolls\" \/>\n<meta property=\"article:publisher\" content=\"https:\/\/www.facebook.com\/FalkFR\/\" \/>\n<meta property=\"og:image\" content=\"https:\/\/falk-toys.com\/wp-content\/uploads\/2024\/10\/502BRS_01.jpg\" \/>\n\t<meta property=\"og:image:width\" content=\"2133\" \/>\n\t<meta property=\"og:image:height\" content=\"2133\" \/>\n\t<meta property=\"og:image:type\" content=\"image\/jpeg\" \/>\n<meta name=\"twitter:card\" content=\"summary_large_image\" \/>\n<meta name=\"twitter:label1\" content=\"Preis\" \/>\n\t<meta name=\"twitter:data1\" content=\"52,99&euro;\" \/>\n\t<meta name=\"twitter:label2\" content=\"Verf\u00fcgbarkeit\" \/>\n\t<meta name=\"twitter:data2\" content=\"Auf Lager\" \/>\n<script type=\"application\/ld+json\" class=\"yoast-schema-graph\">{\"@context\":\"https:\/\/schema.org\",\"@graph\":[{\"@type\":\"WebPage\",\"@id\":\"https:\/\/falk-toys.com\/de\/produkt\/bud-racing-motorrad-draisine-mit-fluesterraedern-gruen\/\",\"url\":\"https:\/\/falk-toys.com\/de\/produkt\/bud-racing-motorrad-draisine-mit-fluesterraedern-gruen\/\",\"name\":\"Bud Racing Motorrad-Draisine mit Fl\u00fcsterr\u00e4dern - gr\u00fcn | FALK - Toys that rolls\",\"isPartOf\":{\"@id\":\"https:\/\/falk-toys.com\/de\/#website\"},\"primaryImageOfPage\":{\"@id\":\"https:\/\/falk-toys.com\/de\/produkt\/bud-racing-motorrad-draisine-mit-fluesterraedern-gruen\/#primaryimage\"},\"image\":{\"@id\":\"https:\/\/falk-toys.com\/de\/produkt\/bud-racing-motorrad-draisine-mit-fluesterraedern-gruen\/#primaryimage\"},\"thumbnailUrl\":\"https:\/\/falk-toys.com\/wp-content\/uploads\/2024\/10\/502BRS_01.jpg\",\"datePublished\":\"2025-01-24T08:26:24+00:00\",\"breadcrumb\":{\"@id\":\"https:\/\/falk-toys.com\/de\/produkt\/bud-racing-motorrad-draisine-mit-fluesterraedern-gruen\/#breadcrumb\"},\"inLanguage\":\"de\",\"potentialAction\":[{\"@type\":\"ReadAction\",\"target\":[\"https:\/\/falk-toys.com\/de\/produkt\/bud-racing-motorrad-draisine-mit-fluesterraedern-gruen\/\"]}]},{\"@type\":\"ImageObject\",\"inLanguage\":\"de\",\"@id\":\"https:\/\/falk-toys.com\/de\/produkt\/bud-racing-motorrad-draisine-mit-fluesterraedern-gruen\/#primaryimage\",\"url\":\"https:\/\/falk-toys.com\/wp-content\/uploads\/2024\/10\/502BRS_01.jpg\",\"contentUrl\":\"https:\/\/falk-toys.com\/wp-content\/uploads\/2024\/10\/502BRS_01.jpg\",\"width\":2133,\"height\":2133,\"caption\":\"Draisienne moto Bud Racing\"},{\"@type\":\"BreadcrumbList\",\"@id\":\"https:\/\/falk-toys.com\/de\/produkt\/bud-racing-motorrad-draisine-mit-fluesterraedern-gruen\/#breadcrumb\",\"itemListElement\":[{\"@type\":\"ListItem\",\"position\":1,\"name\":\"Home\",\"item\":\"https:\/\/falk-toys.com\/de\/\"},{\"@type\":\"ListItem\",\"position\":2,\"name\":\"Shop\",\"item\":\"https:\/\/falk-toys.com\/de\/shop\/\"},{\"@type\":\"ListItem\",\"position\":3,\"name\":\"Bud Racing Motorrad-Draisine mit Fl\u00fcsterr\u00e4dern &#8211; gr\u00fcn\"}]},{\"@type\":\"WebSite\",\"@id\":\"https:\/\/falk-toys.com\/de\/#website\",\"url\":\"https:\/\/falk-toys.com\/de\/\",\"name\":\"FALK - Toys that rolls\",\"description\":\"Jouets fabriqu\u00e9s en France\",\"publisher\":{\"@id\":\"https:\/\/falk-toys.com\/de\/#organization\"},\"potentialAction\":[{\"@type\":\"SearchAction\",\"target\":{\"@type\":\"EntryPoint\",\"urlTemplate\":\"https:\/\/falk-toys.com\/de\/?s={search_term_string}\"},\"query-input\":{\"@type\":\"PropertyValueSpecification\",\"valueRequired\":true,\"valueName\":\"search_term_string\"}}],\"inLanguage\":\"de\"},{\"@type\":\"Organization\",\"@id\":\"https:\/\/falk-toys.com\/de\/#organization\",\"name\":\"Falk Toys\",\"url\":\"https:\/\/falk-toys.com\/de\/\",\"logo\":{\"@type\":\"ImageObject\",\"inLanguage\":\"de\",\"@id\":\"https:\/\/falk-toys.com\/de\/#\/schema\/logo\/image\/\",\"url\":\"https:\/\/falk-toys.com\/wp-content\/uploads\/2019\/12\/falk-logo@2x.png\",\"contentUrl\":\"https:\/\/falk-toys.com\/wp-content\/uploads\/2019\/12\/falk-logo@2x.png\",\"width\":436,\"height\":351,\"caption\":\"Falk Toys\"},\"image\":{\"@id\":\"https:\/\/falk-toys.com\/de\/#\/schema\/logo\/image\/\"},\"sameAs\":[\"https:\/\/www.facebook.com\/FalkFR\/\",\"https:\/\/www.instagram.com\/falk_toys\/\",\"https:\/\/www.youtube.com\/channel\/UCKZXf1_E8UsPhjAQo-Y5vlg\"]}]}<\/script>\n<meta property=\"product:price:amount\" content=\"52.99\" \/>\n<meta property=\"product:price:currency\" content=\"EUR\" \/>\n<meta property=\"og:availability\" content=\"instock\" \/>\n<meta property=\"product:availability\" content=\"instock\" \/>\n<meta property=\"product:retailer_item_id\" content=\"502BRS\" \/>\n<meta property=\"product:condition\" content=\"new\" \/>\n<!-- \/ Yoast SEO Premium plugin. -->","yoast_head_json":{"title":"Bud Racing Motorrad-Draisine mit Fl\u00fcsterr\u00e4dern - gr\u00fcn | FALK - Toys that rolls","robots":{"index":"index","follow":"follow","max-snippet":"max-snippet:-1","max-image-preview":"max-image-preview:large","max-video-preview":"max-video-preview:-1"},"canonical":"https:\/\/falk-toys.com\/de\/produkt\/bud-racing-motorrad-draisine-mit-fluesterraedern-gruen\/","og_locale":"de_DE","og_type":"article","og_title":"Bud Racing Motorrad-Draisine mit Fl\u00fcsterr\u00e4dern - gr\u00fcn","og_description":"Bud Racing Motorrad-Draisine mit breiten, ger\u00e4uscharmen R\u00e4dern und einem richtungsabh\u00e4ngigen Lenker - 100% Made in France f\u00fcr Kinder von 2 bis 5 Jahren, die den Nervenkitzel suchen.","og_url":"https:\/\/falk-toys.com\/de\/produkt\/bud-racing-motorrad-draisine-mit-fluesterraedern-gruen\/","og_site_name":"FALK - Toys that rolls","article_publisher":"https:\/\/www.facebook.com\/FalkFR\/","og_image":[{"width":2133,"height":2133,"url":"https:\/\/falk-toys.com\/wp-content\/uploads\/2024\/10\/502BRS_01.jpg","type":"image\/jpeg"}],"twitter_card":"summary_large_image","twitter_misc":{"Preis":"52,99&euro;","Verf\u00fcgbarkeit":"Auf Lager"},"schema":{"@context":"https:\/\/schema.org","@graph":[{"@type":"WebPage","@id":"https:\/\/falk-toys.com\/de\/produkt\/bud-racing-motorrad-draisine-mit-fluesterraedern-gruen\/","url":"https:\/\/falk-toys.com\/de\/produkt\/bud-racing-motorrad-draisine-mit-fluesterraedern-gruen\/","name":"Bud Racing Motorrad-Draisine mit Fl\u00fcsterr\u00e4dern - gr\u00fcn | FALK - Toys that rolls","isPartOf":{"@id":"https:\/\/falk-toys.com\/de\/#website"},"primaryImageOfPage":{"@id":"https:\/\/falk-toys.com\/de\/produkt\/bud-racing-motorrad-draisine-mit-fluesterraedern-gruen\/#primaryimage"},"image":{"@id":"https:\/\/falk-toys.com\/de\/produkt\/bud-racing-motorrad-draisine-mit-fluesterraedern-gruen\/#primaryimage"},"thumbnailUrl":"https:\/\/falk-toys.com\/wp-content\/uploads\/2024\/10\/502BRS_01.jpg","datePublished":"2025-01-24T08:26:24+00:00","breadcrumb":{"@id":"https:\/\/falk-toys.com\/de\/produkt\/bud-racing-motorrad-draisine-mit-fluesterraedern-gruen\/#breadcrumb"},"inLanguage":"de","potentialAction":[{"@type":"ReadAction","target":["https:\/\/falk-toys.com\/de\/produkt\/bud-racing-motorrad-draisine-mit-fluesterraedern-gruen\/"]}]},{"@type":"ImageObject","inLanguage":"de","@id":"https:\/\/falk-toys.com\/de\/produkt\/bud-racing-motorrad-draisine-mit-fluesterraedern-gruen\/#primaryimage","url":"https:\/\/falk-toys.com\/wp-content\/uploads\/2024\/10\/502BRS_01.jpg","contentUrl":"https:\/\/falk-toys.com\/wp-content\/uploads\/2024\/10\/502BRS_01.jpg","width":2133,"height":2133,"caption":"Draisienne moto Bud Racing"},{"@type":"BreadcrumbList","@id":"https:\/\/falk-toys.com\/de\/produkt\/bud-racing-motorrad-draisine-mit-fluesterraedern-gruen\/#breadcrumb","itemListElement":[{"@type":"ListItem","position":1,"name":"Home","item":"https:\/\/falk-toys.com\/de\/"},{"@type":"ListItem","position":2,"name":"Shop","item":"https:\/\/falk-toys.com\/de\/shop\/"},{"@type":"ListItem","position":3,"name":"Bud Racing Motorrad-Draisine mit Fl\u00fcsterr\u00e4dern &#8211; gr\u00fcn"}]},{"@type":"WebSite","@id":"https:\/\/falk-toys.com\/de\/#website","url":"https:\/\/falk-toys.com\/de\/","name":"FALK - Toys that rolls","description":"Jouets fabriqu\u00e9s en France","publisher":{"@id":"https:\/\/falk-toys.com\/de\/#organization"},"potentialAction":[{"@type":"SearchAction","target":{"@type":"EntryPoint","urlTemplate":"https:\/\/falk-toys.com\/de\/?s={search_term_string}"},"query-input":{"@type":"PropertyValueSpecification","valueRequired":true,"valueName":"search_term_string"}}],"inLanguage":"de"},{"@type":"Organization","@id":"https:\/\/falk-toys.com\/de\/#organization","name":"Falk Toys","url":"https:\/\/falk-toys.com\/de\/","logo":{"@type":"ImageObject","inLanguage":"de","@id":"https:\/\/falk-toys.com\/de\/#\/schema\/logo\/image\/","url":"https:\/\/falk-toys.com\/wp-content\/uploads\/2019\/12\/falk-logo@2x.png","contentUrl":"https:\/\/falk-toys.com\/wp-content\/uploads\/2019\/12\/falk-logo@2x.png","width":436,"height":351,"caption":"Falk Toys"},"image":{"@id":"https:\/\/falk-toys.com\/de\/#\/schema\/logo\/image\/"},"sameAs":["https:\/\/www.facebook.com\/FalkFR\/","https:\/\/www.instagram.com\/falk_toys\/","https:\/\/www.youtube.com\/channel\/UCKZXf1_E8UsPhjAQo-Y5vlg"]}]},"product_price_amount":"52.99","product_price_currency":"EUR","og_availability":"instock","product_availability":"instock","product_retailer_item_id":"502BRS","product_condition":"new"},"_links":{"self":[{"href":"https:\/\/falk-toys.com\/de\/wp-json\/wp\/v2\/product\/22680","targetHints":{"allow":["GET"]}}],"collection":[{"href":"https:\/\/falk-toys.com\/de\/wp-json\/wp\/v2\/product"}],"about":[{"href":"https:\/\/falk-toys.com\/de\/wp-json\/wp\/v2\/types\/product"}],"replies":[{"embeddable":true,"href":"https:\/\/falk-toys.com\/de\/wp-json\/wp\/v2\/comments?post=22680"}],"wp:featuredmedia":[{"embeddable":true,"href":"https:\/\/falk-toys.com\/de\/wp-json\/wp\/v2\/media\/26990"}],"wp:attachment":[{"href":"https:\/\/falk-toys.com\/de\/wp-json\/wp\/v2\/media?parent=22680"}],"wp:term":[{"taxonomy":"product_brand","embeddable":true,"href":"https:\/\/falk-toys.com\/de\/wp-json\/wp\/v2\/product_brand?post=22680"},{"taxonomy":"product_cat","embeddable":true,"href":"https:\/\/falk-toys.com\/de\/wp-json\/wp\/v2\/product_cat?post=22680"},{"taxonomy":"product_tag","embeddable":true,"href":"https:\/\/falk-toys.com\/de\/wp-json\/wp\/v2\/product_tag?post=22680"}],"curies":[{"name":"wp","href":"https:\/\/api.w.org\/{rel}","templated":true}]}}