{"id":22687,"date":"2025-07-17T10:05:12","date_gmt":"2025-07-17T08:05:12","guid":{"rendered":"https:\/\/falk-toys.com\/produit\/maurice-1-altersstufe-traktor-mit-lenkrad-hupe-und-anhaenger-ab-12-monaten-2\/"},"modified":"2026-03-20T01:59:46","modified_gmt":"2026-03-20T00:59:46","slug":"maurice-1-altersstufe-traktor-mit-lenkrad-hupe-und-anhaenger-ab-12-monaten-2","status":"publish","type":"product","link":"https:\/\/falk-toys.com\/de\/produkt\/maurice-1-altersstufe-traktor-mit-lenkrad-hupe-und-anhaenger-ab-12-monaten-2\/","title":{"rendered":"Maurice&#8220;, 1. Altersstufe, Traktor mit Lenkrad, Hupe und Anh\u00e4nger &#8211; Ab 12 Monaten"},"content":{"rendered":"<p>Maurice est un pundit Traktor tout mignon und plein d&#8217;astuces ! Il accompagne votre enfant d\u00e8s 12 mois. Avec sa Anh\u00e4nger, il est le compagnon id\u00e9al du jardinage ou du bac \u00e0 sable. Il est aussi une formidable source d&#8217;\u00e9veil avec ses jolies couleurs, sa pundite cl\u00e9 sonore und son volant directionnel avec klaxon pour d\u00e9velopper sa motricit\u00e9 fine und globale.<br \/>\nUn pundit porteur qui rend hommage \u00e0 75 Jahre de savoir-faire tout en portant un regard vers le futur de nos tout pundits. Pour cela Maurice est compos\u00e9 de plastique recycl\u00e9 \u00e0 90% und int\u00e9gralement fabriqu\u00e9 en France avec autant d&#8217;amour que celui que vous portez \u00e0 vos bout&#8217;choux !<\/p>\n","protected":false},"excerpt":{"rendered":"<p>Wir rufen die Daten ab&#8230; Bitte warten Sie ein paar Sekunden und versuchen Sie es dann erneut mit Ausschneiden oder Kopieren.<\/p>\n","protected":false},"featured_media":20336,"comment_status":"closed","ping_status":"closed","template":"","meta":{"_acf_changed":false,"site-sidebar-layout":"default","site-content-layout":"","ast-site-content-layout":"default","site-content-style":"default","site-sidebar-style":"default","ast-global-header-display":"","ast-banner-title-visibility":"","ast-main-header-display":"","ast-hfb-above-header-display":"","ast-hfb-below-header-display":"","ast-hfb-mobile-header-display":"","site-post-title":"","ast-breadcrumbs-content":"","ast-featured-img":"","footer-sml-layout":"","theme-transparent-header-meta":"default","adv-header-id-meta":"","stick-header-meta":"","header-above-stick-meta":"","header-main-stick-meta":"","header-below-stick-meta":"","astra-migrate-meta-layouts":"default","ast-page-background-enabled":"default","ast-page-background-meta":{"desktop":{"background-color":"","background-image":"","background-repeat":"repeat","background-position":"center center","background-size":"auto","background-attachment":"scroll","background-type":"","background-media":"","overlay-type":"","overlay-color":"","overlay-opacity":"","overlay-gradient":""},"tablet":{"background-color":"","background-image":"","background-repeat":"repeat","background-position":"center center","background-size":"auto","background-attachment":"scroll","background-type":"","background-media":"","overlay-type":"","overlay-color":"","overlay-opacity":"","overlay-gradient":""},"mobile":{"background-color":"","background-image":"","background-repeat":"repeat","background-position":"center center","background-size":"auto","background-attachment":"scroll","background-type":"","background-media":"","overlay-type":"","overlay-color":"","overlay-opacity":"","overlay-gradient":""}},"ast-content-background-meta":{"desktop":{"background-color":"var(--ast-global-color-5)","background-image":"","background-repeat":"repeat","background-position":"center center","background-size":"auto","background-attachment":"scroll","background-type":"","background-media":"","overlay-type":"","overlay-color":"","overlay-opacity":"","overlay-gradient":""},"tablet":{"background-color":"var(--ast-global-color-5)","background-image":"","background-repeat":"repeat","background-position":"center center","background-size":"auto","background-attachment":"scroll","background-type":"","background-media":"","overlay-type":"","overlay-color":"","overlay-opacity":"","overlay-gradient":""},"mobile":{"background-color":"var(--ast-global-color-5)","background-image":"","background-repeat":"repeat","background-position":"center center","background-size":"auto","background-attachment":"scroll","background-type":"","background-media":"","overlay-type":"","overlay-color":"","overlay-opacity":"","overlay-gradient":""}}},"product_brand":[],"product_cat":[153,37],"product_tag":[54],"class_list":{"0":"post-22687","1":"product","2":"type-product","3":"status-publish","4":"has-post-thumbnail","6":"product_cat-1-3-ans","7":"product_cat-les-petits-jardiniers","8":"product_tag-porteurs-premier-age","9":"desktop-align-left","10":"tablet-align-left","11":"mobile-align-left","13":"first","14":"instock","15":"sale","16":"taxable","17":"shipping-taxable","18":"purchasable","19":"product-type-simple"},"acf":[],"yoast_head":"<!-- This site is optimized with the Yoast SEO Premium plugin v25.8 (Yoast SEO v26.3) - https:\/\/yoast.com\/wordpress\/plugins\/seo\/ -->\n<title>Maurice&quot;, 1. Altersstufe, Traktor mit Lenkrad, Hupe und Anh\u00e4nger - Ab 12 Monaten | FALK - Toys that rolls<\/title>\n<meta name=\"robots\" content=\"index, follow, max-snippet:-1, max-image-preview:large, max-video-preview:-1\" \/>\n<link rel=\"canonical\" href=\"https:\/\/falk-toys.com\/de\/produkt\/maurice-1-altersstufe-traktor-mit-lenkrad-hupe-und-anhaenger-ab-12-monaten-2\/\" \/>\n<meta property=\"og:locale\" content=\"de_DE\" \/>\n<meta property=\"og:type\" content=\"article\" \/>\n<meta property=\"og:title\" content=\"Maurice&quot;, 1. Altersstufe, Traktor mit Lenkrad, Hupe und Anh\u00e4nger - Ab 12 Monaten\" \/>\n<meta property=\"og:description\" content=\"Wir rufen die Daten ab... Bitte warten Sie ein paar Sekunden und versuchen Sie es dann erneut mit Ausschneiden oder Kopieren.\" \/>\n<meta property=\"og:url\" content=\"https:\/\/falk-toys.com\/de\/produkt\/maurice-1-altersstufe-traktor-mit-lenkrad-hupe-und-anhaenger-ab-12-monaten-2\/\" \/>\n<meta property=\"og:site_name\" content=\"FALK - Toys that rolls\" \/>\n<meta property=\"article:publisher\" content=\"https:\/\/www.facebook.com\/FalkFR\/\" \/>\n<meta property=\"article:modified_time\" content=\"2026-03-20T00:59:46+00:00\" \/>\n<meta property=\"og:image\" content=\"https:\/\/falk-toys.com\/wp-content\/uploads\/2024\/10\/porteur-tracteur-maurice-avec-remorque-901c-pks.jpg\" \/>\n\t<meta property=\"og:image:width\" content=\"800\" \/>\n\t<meta property=\"og:image:height\" content=\"800\" \/>\n\t<meta property=\"og:image:type\" content=\"image\/jpeg\" \/>\n<meta name=\"twitter:card\" content=\"summary_large_image\" \/>\n<meta name=\"twitter:label1\" content=\"Preis\" \/>\n\t<meta name=\"twitter:data1\" content=\"35,99&euro;\" \/>\n\t<meta name=\"twitter:label2\" content=\"Verf\u00fcgbarkeit\" \/>\n\t<meta name=\"twitter:data2\" content=\"Auf Lager\" \/>\n<script type=\"application\/ld+json\" class=\"yoast-schema-graph\">{\"@context\":\"https:\/\/schema.org\",\"@graph\":[{\"@type\":\"WebPage\",\"@id\":\"https:\/\/falk-toys.com\/de\/produkt\/maurice-1-altersstufe-traktor-mit-lenkrad-hupe-und-anhaenger-ab-12-monaten-2\/\",\"url\":\"https:\/\/falk-toys.com\/de\/produkt\/maurice-1-altersstufe-traktor-mit-lenkrad-hupe-und-anhaenger-ab-12-monaten-2\/\",\"name\":\"Maurice\\\", 1. Altersstufe, Traktor mit Lenkrad, Hupe und Anh\u00e4nger - Ab 12 Monaten | FALK - Toys that rolls\",\"isPartOf\":{\"@id\":\"https:\/\/falk-toys.com\/de\/#website\"},\"primaryImageOfPage\":{\"@id\":\"https:\/\/falk-toys.com\/de\/produkt\/maurice-1-altersstufe-traktor-mit-lenkrad-hupe-und-anhaenger-ab-12-monaten-2\/#primaryimage\"},\"image\":{\"@id\":\"https:\/\/falk-toys.com\/de\/produkt\/maurice-1-altersstufe-traktor-mit-lenkrad-hupe-und-anhaenger-ab-12-monaten-2\/#primaryimage\"},\"thumbnailUrl\":\"https:\/\/falk-toys.com\/wp-content\/uploads\/2024\/10\/porteur-tracteur-maurice-avec-remorque-901c-pks.jpg\",\"datePublished\":\"2025-07-17T08:05:12+00:00\",\"dateModified\":\"2026-03-20T00:59:46+00:00\",\"breadcrumb\":{\"@id\":\"https:\/\/falk-toys.com\/de\/produkt\/maurice-1-altersstufe-traktor-mit-lenkrad-hupe-und-anhaenger-ab-12-monaten-2\/#breadcrumb\"},\"inLanguage\":\"de\",\"potentialAction\":[{\"@type\":\"ReadAction\",\"target\":[\"https:\/\/falk-toys.com\/de\/produkt\/maurice-1-altersstufe-traktor-mit-lenkrad-hupe-und-anhaenger-ab-12-monaten-2\/\"]}]},{\"@type\":\"ImageObject\",\"inLanguage\":\"de\",\"@id\":\"https:\/\/falk-toys.com\/de\/produkt\/maurice-1-altersstufe-traktor-mit-lenkrad-hupe-und-anhaenger-ab-12-monaten-2\/#primaryimage\",\"url\":\"https:\/\/falk-toys.com\/wp-content\/uploads\/2024\/10\/porteur-tracteur-maurice-avec-remorque-901c-pks.jpg\",\"contentUrl\":\"https:\/\/falk-toys.com\/wp-content\/uploads\/2024\/10\/porteur-tracteur-maurice-avec-remorque-901c-pks.jpg\",\"width\":800,\"height\":800,\"caption\":\"Stacked from 4 images. Method=C (S=4)\"},{\"@type\":\"BreadcrumbList\",\"@id\":\"https:\/\/falk-toys.com\/de\/produkt\/maurice-1-altersstufe-traktor-mit-lenkrad-hupe-und-anhaenger-ab-12-monaten-2\/#breadcrumb\",\"itemListElement\":[{\"@type\":\"ListItem\",\"position\":1,\"name\":\"Home\",\"item\":\"https:\/\/falk-toys.com\/de\/\"},{\"@type\":\"ListItem\",\"position\":2,\"name\":\"Shop\",\"item\":\"https:\/\/falk-toys.com\/de\/shop\/\"},{\"@type\":\"ListItem\",\"position\":3,\"name\":\"Maurice\u00a0\u00bb, 1. Altersstufe, Traktor mit Lenkrad, Hupe und Anh\u00e4nger &#8211; Ab 12 Monaten\"}]},{\"@type\":\"WebSite\",\"@id\":\"https:\/\/falk-toys.com\/de\/#website\",\"url\":\"https:\/\/falk-toys.com\/de\/\",\"name\":\"FALK - Toys that rolls\",\"description\":\"Jouets fabriqu\u00e9s en France\",\"publisher\":{\"@id\":\"https:\/\/falk-toys.com\/de\/#organization\"},\"potentialAction\":[{\"@type\":\"SearchAction\",\"target\":{\"@type\":\"EntryPoint\",\"urlTemplate\":\"https:\/\/falk-toys.com\/de\/?s={search_term_string}\"},\"query-input\":{\"@type\":\"PropertyValueSpecification\",\"valueRequired\":true,\"valueName\":\"search_term_string\"}}],\"inLanguage\":\"de\"},{\"@type\":\"Organization\",\"@id\":\"https:\/\/falk-toys.com\/de\/#organization\",\"name\":\"Falk Toys\",\"url\":\"https:\/\/falk-toys.com\/de\/\",\"logo\":{\"@type\":\"ImageObject\",\"inLanguage\":\"de\",\"@id\":\"https:\/\/falk-toys.com\/de\/#\/schema\/logo\/image\/\",\"url\":\"https:\/\/falk-toys.com\/wp-content\/uploads\/2019\/12\/falk-logo@2x.png\",\"contentUrl\":\"https:\/\/falk-toys.com\/wp-content\/uploads\/2019\/12\/falk-logo@2x.png\",\"width\":436,\"height\":351,\"caption\":\"Falk Toys\"},\"image\":{\"@id\":\"https:\/\/falk-toys.com\/de\/#\/schema\/logo\/image\/\"},\"sameAs\":[\"https:\/\/www.facebook.com\/FalkFR\/\",\"https:\/\/www.instagram.com\/falk_toys\/\",\"https:\/\/www.youtube.com\/channel\/UCKZXf1_E8UsPhjAQo-Y5vlg\"]}]}<\/script>\n<meta property=\"product:price:amount\" content=\"35.99\" \/>\n<meta property=\"product:price:currency\" content=\"EUR\" \/>\n<meta property=\"og:availability\" content=\"instock\" \/>\n<meta property=\"product:availability\" content=\"instock\" \/>\n<meta property=\"product:retailer_item_id\" content=\"901C\" \/>\n<meta property=\"product:condition\" content=\"new\" \/>\n<!-- \/ Yoast SEO Premium plugin. -->","yoast_head_json":{"title":"Maurice\", 1. Altersstufe, Traktor mit Lenkrad, Hupe und Anh\u00e4nger - Ab 12 Monaten | FALK - Toys that rolls","robots":{"index":"index","follow":"follow","max-snippet":"max-snippet:-1","max-image-preview":"max-image-preview:large","max-video-preview":"max-video-preview:-1"},"canonical":"https:\/\/falk-toys.com\/de\/produkt\/maurice-1-altersstufe-traktor-mit-lenkrad-hupe-und-anhaenger-ab-12-monaten-2\/","og_locale":"de_DE","og_type":"article","og_title":"Maurice\", 1. Altersstufe, Traktor mit Lenkrad, Hupe und Anh\u00e4nger - Ab 12 Monaten","og_description":"Wir rufen die Daten ab... Bitte warten Sie ein paar Sekunden und versuchen Sie es dann erneut mit Ausschneiden oder Kopieren.","og_url":"https:\/\/falk-toys.com\/de\/produkt\/maurice-1-altersstufe-traktor-mit-lenkrad-hupe-und-anhaenger-ab-12-monaten-2\/","og_site_name":"FALK - Toys that rolls","article_publisher":"https:\/\/www.facebook.com\/FalkFR\/","article_modified_time":"2026-03-20T00:59:46+00:00","og_image":[{"width":800,"height":800,"url":"https:\/\/falk-toys.com\/wp-content\/uploads\/2024\/10\/porteur-tracteur-maurice-avec-remorque-901c-pks.jpg","type":"image\/jpeg"}],"twitter_card":"summary_large_image","twitter_misc":{"Preis":"35,99&euro;","Verf\u00fcgbarkeit":"Auf Lager"},"schema":{"@context":"https:\/\/schema.org","@graph":[{"@type":"WebPage","@id":"https:\/\/falk-toys.com\/de\/produkt\/maurice-1-altersstufe-traktor-mit-lenkrad-hupe-und-anhaenger-ab-12-monaten-2\/","url":"https:\/\/falk-toys.com\/de\/produkt\/maurice-1-altersstufe-traktor-mit-lenkrad-hupe-und-anhaenger-ab-12-monaten-2\/","name":"Maurice\", 1. Altersstufe, Traktor mit Lenkrad, Hupe und Anh\u00e4nger - Ab 12 Monaten | FALK - Toys that rolls","isPartOf":{"@id":"https:\/\/falk-toys.com\/de\/#website"},"primaryImageOfPage":{"@id":"https:\/\/falk-toys.com\/de\/produkt\/maurice-1-altersstufe-traktor-mit-lenkrad-hupe-und-anhaenger-ab-12-monaten-2\/#primaryimage"},"image":{"@id":"https:\/\/falk-toys.com\/de\/produkt\/maurice-1-altersstufe-traktor-mit-lenkrad-hupe-und-anhaenger-ab-12-monaten-2\/#primaryimage"},"thumbnailUrl":"https:\/\/falk-toys.com\/wp-content\/uploads\/2024\/10\/porteur-tracteur-maurice-avec-remorque-901c-pks.jpg","datePublished":"2025-07-17T08:05:12+00:00","dateModified":"2026-03-20T00:59:46+00:00","breadcrumb":{"@id":"https:\/\/falk-toys.com\/de\/produkt\/maurice-1-altersstufe-traktor-mit-lenkrad-hupe-und-anhaenger-ab-12-monaten-2\/#breadcrumb"},"inLanguage":"de","potentialAction":[{"@type":"ReadAction","target":["https:\/\/falk-toys.com\/de\/produkt\/maurice-1-altersstufe-traktor-mit-lenkrad-hupe-und-anhaenger-ab-12-monaten-2\/"]}]},{"@type":"ImageObject","inLanguage":"de","@id":"https:\/\/falk-toys.com\/de\/produkt\/maurice-1-altersstufe-traktor-mit-lenkrad-hupe-und-anhaenger-ab-12-monaten-2\/#primaryimage","url":"https:\/\/falk-toys.com\/wp-content\/uploads\/2024\/10\/porteur-tracteur-maurice-avec-remorque-901c-pks.jpg","contentUrl":"https:\/\/falk-toys.com\/wp-content\/uploads\/2024\/10\/porteur-tracteur-maurice-avec-remorque-901c-pks.jpg","width":800,"height":800,"caption":"Stacked from 4 images. Method=C (S=4)"},{"@type":"BreadcrumbList","@id":"https:\/\/falk-toys.com\/de\/produkt\/maurice-1-altersstufe-traktor-mit-lenkrad-hupe-und-anhaenger-ab-12-monaten-2\/#breadcrumb","itemListElement":[{"@type":"ListItem","position":1,"name":"Home","item":"https:\/\/falk-toys.com\/de\/"},{"@type":"ListItem","position":2,"name":"Shop","item":"https:\/\/falk-toys.com\/de\/shop\/"},{"@type":"ListItem","position":3,"name":"Maurice\u00a0\u00bb, 1. Altersstufe, Traktor mit Lenkrad, Hupe und Anh\u00e4nger &#8211; Ab 12 Monaten"}]},{"@type":"WebSite","@id":"https:\/\/falk-toys.com\/de\/#website","url":"https:\/\/falk-toys.com\/de\/","name":"FALK - Toys that rolls","description":"Jouets fabriqu\u00e9s en France","publisher":{"@id":"https:\/\/falk-toys.com\/de\/#organization"},"potentialAction":[{"@type":"SearchAction","target":{"@type":"EntryPoint","urlTemplate":"https:\/\/falk-toys.com\/de\/?s={search_term_string}"},"query-input":{"@type":"PropertyValueSpecification","valueRequired":true,"valueName":"search_term_string"}}],"inLanguage":"de"},{"@type":"Organization","@id":"https:\/\/falk-toys.com\/de\/#organization","name":"Falk Toys","url":"https:\/\/falk-toys.com\/de\/","logo":{"@type":"ImageObject","inLanguage":"de","@id":"https:\/\/falk-toys.com\/de\/#\/schema\/logo\/image\/","url":"https:\/\/falk-toys.com\/wp-content\/uploads\/2019\/12\/falk-logo@2x.png","contentUrl":"https:\/\/falk-toys.com\/wp-content\/uploads\/2019\/12\/falk-logo@2x.png","width":436,"height":351,"caption":"Falk Toys"},"image":{"@id":"https:\/\/falk-toys.com\/de\/#\/schema\/logo\/image\/"},"sameAs":["https:\/\/www.facebook.com\/FalkFR\/","https:\/\/www.instagram.com\/falk_toys\/","https:\/\/www.youtube.com\/channel\/UCKZXf1_E8UsPhjAQo-Y5vlg"]}]},"product_price_amount":"35.99","product_price_currency":"EUR","og_availability":"instock","product_availability":"instock","product_retailer_item_id":"901C","product_condition":"new"},"_links":{"self":[{"href":"https:\/\/falk-toys.com\/de\/wp-json\/wp\/v2\/product\/22687","targetHints":{"allow":["GET"]}}],"collection":[{"href":"https:\/\/falk-toys.com\/de\/wp-json\/wp\/v2\/product"}],"about":[{"href":"https:\/\/falk-toys.com\/de\/wp-json\/wp\/v2\/types\/product"}],"replies":[{"embeddable":true,"href":"https:\/\/falk-toys.com\/de\/wp-json\/wp\/v2\/comments?post=22687"}],"wp:featuredmedia":[{"embeddable":true,"href":"https:\/\/falk-toys.com\/de\/wp-json\/wp\/v2\/media\/20336"}],"wp:attachment":[{"href":"https:\/\/falk-toys.com\/de\/wp-json\/wp\/v2\/media?parent=22687"}],"wp:term":[{"taxonomy":"product_brand","embeddable":true,"href":"https:\/\/falk-toys.com\/de\/wp-json\/wp\/v2\/product_brand?post=22687"},{"taxonomy":"product_cat","embeddable":true,"href":"https:\/\/falk-toys.com\/de\/wp-json\/wp\/v2\/product_cat?post=22687"},{"taxonomy":"product_tag","embeddable":true,"href":"https:\/\/falk-toys.com\/de\/wp-json\/wp\/v2\/product_tag?post=22687"}],"curies":[{"name":"wp","href":"https:\/\/api.w.org\/{rel}","templated":true}]}}