{"id":22691,"date":"2024-10-18T09:27:12","date_gmt":"2024-10-18T07:27:12","guid":{"rendered":"https:\/\/falk-toys.com\/produit\/tankanhaenger-joskin-volumundra\/"},"modified":"2026-03-20T01:59:49","modified_gmt":"2026-03-20T00:59:49","slug":"tankanhaenger-joskin-volumundra","status":"publish","type":"product","link":"https:\/\/falk-toys.com\/de\/produkt\/tankanhaenger-joskin-volumundra\/","title":{"rendered":"Tankanh\u00e4nger Joskin Volumundra"},"content":{"rendered":"<p>Cundte citerne Joskin Volumundra grande capacit\u00e9 est parfaite pour les jardiniers en herbe de 3 \u00e0 7 Jahre. Une fois accroch\u00e9e \u00e0 son Traktor Falk, votre enfant pourra prendre plaisir \u00e0 arroser les plantes de votre potager tout en s&#8217;amusant ! De fabrication 100% Fran\u00e7aise, elle garantie des milliers d&#8217;heure de jeux en plein air. Que demander de plus ?<\/p>\n","protected":false},"excerpt":{"rendered":"<p>Joskin Volumundra Tankanh\u00e4nger mit hoher Kapazit\u00e4t und 4-Rad-Fahrgestell. Passt auf alle Falk Traktor- und Baggermodelle f\u00fcr kleine G\u00e4rtner von 3 bis 7 Jahren &#8211; 100% Made in France<\/p>\n","protected":false},"featured_media":20544,"comment_status":"closed","ping_status":"closed","template":"","meta":{"_acf_changed":false,"site-sidebar-layout":"default","site-content-layout":"","ast-site-content-layout":"default","site-content-style":"default","site-sidebar-style":"default","ast-global-header-display":"","ast-banner-title-visibility":"","ast-main-header-display":"","ast-hfb-above-header-display":"","ast-hfb-below-header-display":"","ast-hfb-mobile-header-display":"","site-post-title":"","ast-breadcrumbs-content":"","ast-featured-img":"","footer-sml-layout":"","theme-transparent-header-meta":"default","adv-header-id-meta":"","stick-header-meta":"","header-above-stick-meta":"","header-main-stick-meta":"","header-below-stick-meta":"","astra-migrate-meta-layouts":"default","ast-page-background-enabled":"default","ast-page-background-meta":{"desktop":{"background-color":"","background-image":"","background-repeat":"repeat","background-position":"center center","background-size":"auto","background-attachment":"scroll","background-type":"","background-media":"","overlay-type":"","overlay-color":"","overlay-opacity":"","overlay-gradient":""},"tablet":{"background-color":"","background-image":"","background-repeat":"repeat","background-position":"center center","background-size":"auto","background-attachment":"scroll","background-type":"","background-media":"","overlay-type":"","overlay-color":"","overlay-opacity":"","overlay-gradient":""},"mobile":{"background-color":"","background-image":"","background-repeat":"repeat","background-position":"center center","background-size":"auto","background-attachment":"scroll","background-type":"","background-media":"","overlay-type":"","overlay-color":"","overlay-opacity":"","overlay-gradient":""}},"ast-content-background-meta":{"desktop":{"background-color":"var(--ast-global-color-5)","background-image":"","background-repeat":"repeat","background-position":"center center","background-size":"auto","background-attachment":"scroll","background-type":"","background-media":"","overlay-type":"","overlay-color":"","overlay-opacity":"","overlay-gradient":""},"tablet":{"background-color":"var(--ast-global-color-5)","background-image":"","background-repeat":"repeat","background-position":"center center","background-size":"auto","background-attachment":"scroll","background-type":"","background-media":"","overlay-type":"","overlay-color":"","overlay-opacity":"","overlay-gradient":""},"mobile":{"background-color":"var(--ast-global-color-5)","background-image":"","background-repeat":"repeat","background-position":"center center","background-size":"auto","background-attachment":"scroll","background-type":"","background-media":"","overlay-type":"","overlay-color":"","overlay-opacity":"","overlay-gradient":""}}},"product_brand":[],"product_cat":[161,631],"product_tag":[65],"class_list":{"0":"post-22691","1":"product","2":"type-product","3":"status-publish","4":"has-post-thumbnail","6":"product_cat-3-7-jahre","7":"product_cat-joskin-de","8":"product_tag-zubehoerteile","9":"desktop-align-left","10":"tablet-align-left","11":"mobile-align-left","13":"first","14":"instock","15":"sale","16":"taxable","17":"shipping-taxable","18":"purchasable","19":"product-type-simple"},"acf":[],"yoast_head":"<!-- This site is optimized with the Yoast SEO Premium plugin v25.8 (Yoast SEO v26.3) - https:\/\/yoast.com\/wordpress\/plugins\/seo\/ -->\n<title>Tankanh\u00e4nger Joskin Volumundra | FALK - Toys that rolls<\/title>\n<meta name=\"robots\" content=\"index, follow, max-snippet:-1, max-image-preview:large, max-video-preview:-1\" \/>\n<link rel=\"canonical\" href=\"https:\/\/falk-toys.com\/de\/produkt\/tankanhaenger-joskin-volumundra\/\" \/>\n<meta property=\"og:locale\" content=\"de_DE\" \/>\n<meta property=\"og:type\" content=\"article\" \/>\n<meta property=\"og:title\" content=\"Tankanh\u00e4nger Joskin Volumundra\" \/>\n<meta property=\"og:description\" content=\"Joskin Volumundra Tankanh\u00e4nger mit hoher Kapazit\u00e4t und 4-Rad-Fahrgestell. Passt auf alle Falk Traktor- und Baggermodelle f\u00fcr kleine G\u00e4rtner von 3 bis 7 Jahren - 100% Made in France\" \/>\n<meta property=\"og:url\" content=\"https:\/\/falk-toys.com\/de\/produkt\/tankanhaenger-joskin-volumundra\/\" \/>\n<meta property=\"og:site_name\" content=\"FALK - Toys that rolls\" \/>\n<meta property=\"article:publisher\" content=\"https:\/\/www.facebook.com\/FalkFR\/\" \/>\n<meta property=\"article:modified_time\" content=\"2026-03-20T00:59:49+00:00\" \/>\n<meta property=\"og:image\" content=\"https:\/\/falk-toys.com\/wp-content\/uploads\/2024\/10\/remorque-citerne-joskin-943jk-pks.jpg\" \/>\n\t<meta property=\"og:image:width\" content=\"800\" \/>\n\t<meta property=\"og:image:height\" content=\"800\" \/>\n\t<meta property=\"og:image:type\" content=\"image\/jpeg\" \/>\n<meta name=\"twitter:card\" content=\"summary_large_image\" \/>\n<meta name=\"twitter:label1\" content=\"Preis\" \/>\n\t<meta name=\"twitter:data1\" content=\"71,99&euro;\" \/>\n\t<meta name=\"twitter:label2\" content=\"Verf\u00fcgbarkeit\" \/>\n\t<meta name=\"twitter:data2\" content=\"Auf Lager\" \/>\n<script type=\"application\/ld+json\" class=\"yoast-schema-graph\">{\"@context\":\"https:\/\/schema.org\",\"@graph\":[{\"@type\":\"WebPage\",\"@id\":\"https:\/\/falk-toys.com\/de\/produkt\/tankanhaenger-joskin-volumundra\/\",\"url\":\"https:\/\/falk-toys.com\/de\/produkt\/tankanhaenger-joskin-volumundra\/\",\"name\":\"Tankanh\u00e4nger Joskin Volumundra | FALK - Toys that rolls\",\"isPartOf\":{\"@id\":\"https:\/\/falk-toys.com\/de\/#website\"},\"primaryImageOfPage\":{\"@id\":\"https:\/\/falk-toys.com\/de\/produkt\/tankanhaenger-joskin-volumundra\/#primaryimage\"},\"image\":{\"@id\":\"https:\/\/falk-toys.com\/de\/produkt\/tankanhaenger-joskin-volumundra\/#primaryimage\"},\"thumbnailUrl\":\"https:\/\/falk-toys.com\/wp-content\/uploads\/2024\/10\/remorque-citerne-joskin-943jk-pks.jpg\",\"datePublished\":\"2024-10-18T07:27:12+00:00\",\"dateModified\":\"2026-03-20T00:59:49+00:00\",\"breadcrumb\":{\"@id\":\"https:\/\/falk-toys.com\/de\/produkt\/tankanhaenger-joskin-volumundra\/#breadcrumb\"},\"inLanguage\":\"de\",\"potentialAction\":[{\"@type\":\"ReadAction\",\"target\":[\"https:\/\/falk-toys.com\/de\/produkt\/tankanhaenger-joskin-volumundra\/\"]}]},{\"@type\":\"ImageObject\",\"inLanguage\":\"de\",\"@id\":\"https:\/\/falk-toys.com\/de\/produkt\/tankanhaenger-joskin-volumundra\/#primaryimage\",\"url\":\"https:\/\/falk-toys.com\/wp-content\/uploads\/2024\/10\/remorque-citerne-joskin-943jk-pks.jpg\",\"contentUrl\":\"https:\/\/falk-toys.com\/wp-content\/uploads\/2024\/10\/remorque-citerne-joskin-943jk-pks.jpg\",\"width\":800,\"height\":800,\"caption\":\"Anh\u00e4nger Tank Joskin\"},{\"@type\":\"BreadcrumbList\",\"@id\":\"https:\/\/falk-toys.com\/de\/produkt\/tankanhaenger-joskin-volumundra\/#breadcrumb\",\"itemListElement\":[{\"@type\":\"ListItem\",\"position\":1,\"name\":\"Home\",\"item\":\"https:\/\/falk-toys.com\/de\/\"},{\"@type\":\"ListItem\",\"position\":2,\"name\":\"Shop\",\"item\":\"https:\/\/falk-toys.com\/de\/shop\/\"},{\"@type\":\"ListItem\",\"position\":3,\"name\":\"Tankanh\u00e4nger Joskin Volumundra\"}]},{\"@type\":\"WebSite\",\"@id\":\"https:\/\/falk-toys.com\/de\/#website\",\"url\":\"https:\/\/falk-toys.com\/de\/\",\"name\":\"FALK - Toys that rolls\",\"description\":\"Jouets fabriqu\u00e9s en France\",\"publisher\":{\"@id\":\"https:\/\/falk-toys.com\/de\/#organization\"},\"potentialAction\":[{\"@type\":\"SearchAction\",\"target\":{\"@type\":\"EntryPoint\",\"urlTemplate\":\"https:\/\/falk-toys.com\/de\/?s={search_term_string}\"},\"query-input\":{\"@type\":\"PropertyValueSpecification\",\"valueRequired\":true,\"valueName\":\"search_term_string\"}}],\"inLanguage\":\"de\"},{\"@type\":\"Organization\",\"@id\":\"https:\/\/falk-toys.com\/de\/#organization\",\"name\":\"Falk Toys\",\"url\":\"https:\/\/falk-toys.com\/de\/\",\"logo\":{\"@type\":\"ImageObject\",\"inLanguage\":\"de\",\"@id\":\"https:\/\/falk-toys.com\/de\/#\/schema\/logo\/image\/\",\"url\":\"https:\/\/falk-toys.com\/wp-content\/uploads\/2019\/12\/falk-logo@2x.png\",\"contentUrl\":\"https:\/\/falk-toys.com\/wp-content\/uploads\/2019\/12\/falk-logo@2x.png\",\"width\":436,\"height\":351,\"caption\":\"Falk Toys\"},\"image\":{\"@id\":\"https:\/\/falk-toys.com\/de\/#\/schema\/logo\/image\/\"},\"sameAs\":[\"https:\/\/www.facebook.com\/FalkFR\/\",\"https:\/\/www.instagram.com\/falk_toys\/\",\"https:\/\/www.youtube.com\/channel\/UCKZXf1_E8UsPhjAQo-Y5vlg\"]}]}<\/script>\n<meta property=\"product:price:amount\" content=\"71.99\" \/>\n<meta property=\"product:price:currency\" content=\"EUR\" \/>\n<meta property=\"og:availability\" content=\"instock\" \/>\n<meta property=\"product:availability\" content=\"instock\" \/>\n<meta property=\"product:retailer_item_id\" content=\"943JK\" \/>\n<meta property=\"product:condition\" content=\"new\" \/>\n<!-- \/ Yoast SEO Premium plugin. -->","yoast_head_json":{"title":"Tankanh\u00e4nger Joskin Volumundra | FALK - Toys that rolls","robots":{"index":"index","follow":"follow","max-snippet":"max-snippet:-1","max-image-preview":"max-image-preview:large","max-video-preview":"max-video-preview:-1"},"canonical":"https:\/\/falk-toys.com\/de\/produkt\/tankanhaenger-joskin-volumundra\/","og_locale":"de_DE","og_type":"article","og_title":"Tankanh\u00e4nger Joskin Volumundra","og_description":"Joskin Volumundra Tankanh\u00e4nger mit hoher Kapazit\u00e4t und 4-Rad-Fahrgestell. Passt auf alle Falk Traktor- und Baggermodelle f\u00fcr kleine G\u00e4rtner von 3 bis 7 Jahren - 100% Made in France","og_url":"https:\/\/falk-toys.com\/de\/produkt\/tankanhaenger-joskin-volumundra\/","og_site_name":"FALK - Toys that rolls","article_publisher":"https:\/\/www.facebook.com\/FalkFR\/","article_modified_time":"2026-03-20T00:59:49+00:00","og_image":[{"width":800,"height":800,"url":"https:\/\/falk-toys.com\/wp-content\/uploads\/2024\/10\/remorque-citerne-joskin-943jk-pks.jpg","type":"image\/jpeg"}],"twitter_card":"summary_large_image","twitter_misc":{"Preis":"71,99&euro;","Verf\u00fcgbarkeit":"Auf Lager"},"schema":{"@context":"https:\/\/schema.org","@graph":[{"@type":"WebPage","@id":"https:\/\/falk-toys.com\/de\/produkt\/tankanhaenger-joskin-volumundra\/","url":"https:\/\/falk-toys.com\/de\/produkt\/tankanhaenger-joskin-volumundra\/","name":"Tankanh\u00e4nger Joskin Volumundra | FALK - Toys that rolls","isPartOf":{"@id":"https:\/\/falk-toys.com\/de\/#website"},"primaryImageOfPage":{"@id":"https:\/\/falk-toys.com\/de\/produkt\/tankanhaenger-joskin-volumundra\/#primaryimage"},"image":{"@id":"https:\/\/falk-toys.com\/de\/produkt\/tankanhaenger-joskin-volumundra\/#primaryimage"},"thumbnailUrl":"https:\/\/falk-toys.com\/wp-content\/uploads\/2024\/10\/remorque-citerne-joskin-943jk-pks.jpg","datePublished":"2024-10-18T07:27:12+00:00","dateModified":"2026-03-20T00:59:49+00:00","breadcrumb":{"@id":"https:\/\/falk-toys.com\/de\/produkt\/tankanhaenger-joskin-volumundra\/#breadcrumb"},"inLanguage":"de","potentialAction":[{"@type":"ReadAction","target":["https:\/\/falk-toys.com\/de\/produkt\/tankanhaenger-joskin-volumundra\/"]}]},{"@type":"ImageObject","inLanguage":"de","@id":"https:\/\/falk-toys.com\/de\/produkt\/tankanhaenger-joskin-volumundra\/#primaryimage","url":"https:\/\/falk-toys.com\/wp-content\/uploads\/2024\/10\/remorque-citerne-joskin-943jk-pks.jpg","contentUrl":"https:\/\/falk-toys.com\/wp-content\/uploads\/2024\/10\/remorque-citerne-joskin-943jk-pks.jpg","width":800,"height":800,"caption":"Anh\u00e4nger Tank Joskin"},{"@type":"BreadcrumbList","@id":"https:\/\/falk-toys.com\/de\/produkt\/tankanhaenger-joskin-volumundra\/#breadcrumb","itemListElement":[{"@type":"ListItem","position":1,"name":"Home","item":"https:\/\/falk-toys.com\/de\/"},{"@type":"ListItem","position":2,"name":"Shop","item":"https:\/\/falk-toys.com\/de\/shop\/"},{"@type":"ListItem","position":3,"name":"Tankanh\u00e4nger Joskin Volumundra"}]},{"@type":"WebSite","@id":"https:\/\/falk-toys.com\/de\/#website","url":"https:\/\/falk-toys.com\/de\/","name":"FALK - Toys that rolls","description":"Jouets fabriqu\u00e9s en France","publisher":{"@id":"https:\/\/falk-toys.com\/de\/#organization"},"potentialAction":[{"@type":"SearchAction","target":{"@type":"EntryPoint","urlTemplate":"https:\/\/falk-toys.com\/de\/?s={search_term_string}"},"query-input":{"@type":"PropertyValueSpecification","valueRequired":true,"valueName":"search_term_string"}}],"inLanguage":"de"},{"@type":"Organization","@id":"https:\/\/falk-toys.com\/de\/#organization","name":"Falk Toys","url":"https:\/\/falk-toys.com\/de\/","logo":{"@type":"ImageObject","inLanguage":"de","@id":"https:\/\/falk-toys.com\/de\/#\/schema\/logo\/image\/","url":"https:\/\/falk-toys.com\/wp-content\/uploads\/2019\/12\/falk-logo@2x.png","contentUrl":"https:\/\/falk-toys.com\/wp-content\/uploads\/2019\/12\/falk-logo@2x.png","width":436,"height":351,"caption":"Falk Toys"},"image":{"@id":"https:\/\/falk-toys.com\/de\/#\/schema\/logo\/image\/"},"sameAs":["https:\/\/www.facebook.com\/FalkFR\/","https:\/\/www.instagram.com\/falk_toys\/","https:\/\/www.youtube.com\/channel\/UCKZXf1_E8UsPhjAQo-Y5vlg"]}]},"product_price_amount":"71.99","product_price_currency":"EUR","og_availability":"instock","product_availability":"instock","product_retailer_item_id":"943JK","product_condition":"new"},"_links":{"self":[{"href":"https:\/\/falk-toys.com\/de\/wp-json\/wp\/v2\/product\/22691","targetHints":{"allow":["GET"]}}],"collection":[{"href":"https:\/\/falk-toys.com\/de\/wp-json\/wp\/v2\/product"}],"about":[{"href":"https:\/\/falk-toys.com\/de\/wp-json\/wp\/v2\/types\/product"}],"replies":[{"embeddable":true,"href":"https:\/\/falk-toys.com\/de\/wp-json\/wp\/v2\/comments?post=22691"}],"wp:featuredmedia":[{"embeddable":true,"href":"https:\/\/falk-toys.com\/de\/wp-json\/wp\/v2\/media\/20544"}],"wp:attachment":[{"href":"https:\/\/falk-toys.com\/de\/wp-json\/wp\/v2\/media?parent=22691"}],"wp:term":[{"taxonomy":"product_brand","embeddable":true,"href":"https:\/\/falk-toys.com\/de\/wp-json\/wp\/v2\/product_brand?post=22691"},{"taxonomy":"product_cat","embeddable":true,"href":"https:\/\/falk-toys.com\/de\/wp-json\/wp\/v2\/product_cat?post=22691"},{"taxonomy":"product_tag","embeddable":true,"href":"https:\/\/falk-toys.com\/de\/wp-json\/wp\/v2\/product_tag?post=22691"}],"curies":[{"name":"wp","href":"https:\/\/api.w.org\/{rel}","templated":true}]}}