{"id":22697,"date":"2024-11-16T09:27:12","date_gmt":"2024-11-16T08:27:12","guid":{"rendered":"https:\/\/falk-toys.com\/produit\/case-ih-construction-pedalbundriebener-baggerlader-mit-bagger-drehbarem-sattel-und-kippbarem-zweiachsanhaenger\/"},"modified":"2024-10-08T09:56:52","modified_gmt":"2024-10-08T09:56:52","slug":"case-ih-construction-pedalbundriebener-baggerlader-mit-bagger-drehbarem-sattel-und-kippbarem-zweiachsanhaenger","status":"publish","type":"product","link":"https:\/\/falk-toys.com\/de\/produkt\/case-ih-construction-pedalbundriebener-baggerlader-mit-bagger-drehbarem-sattel-und-kippbarem-zweiachsanhaenger\/","title":{"rendered":"Case IH Construction pedalbundriebener Baggerlader mit Bagger, drehbarem Sattel und kippbarem Zweiachsanh\u00e4nger"},"content":{"rendered":"<p>C\u2019est l\u2019heure des grands travaux, votre enfant vous accompagne avec ce Tractopelle Case IH Construction orange, v\u00e9ritable r\u00e9plique \u00e0 p\u00e9dales du 580 Super N 100% Fabriqu\u00e9 en France und compos\u00e9 d&#8217;au moins 50% de plastique recycl\u00e9 pour les enfants de 3 \u00e0 7 Jahre.<br \/>\nDepuis la selle pivotante \u00e0 360\u00b0, votre enfant passe en un tour de main du volant und son klaxon, \u00e0 la Frontschaufel und \u00e0 l\u2019excavatrice arri\u00e8re. Pratique, il est \u00e9quip\u00e9 d\u2019une Anh\u00e4nger double essieux basculante maxi qui permund de jouer sJahre limite. Seul ou entre amis, creuser, terrasser, trJahreporter n\u2019a jamais \u00e9t\u00e9 aussi amusant !<br \/>\nAucun chantier n\u2019est trop ambitieux pour votre pundit b\u00e2tisseur !<\/p>\n","protected":false},"excerpt":{"rendered":"<p>Case IH Construction Baggerlader, eine echte pedalbundriebene Nachbildung des Modells Puma 240CVX, ausgestattund mit einem Frontbagger, einem Bagger und einem Kippanh\u00e4nger. Eine echte Spielplattform aus 100% franz\u00f6sischer Herstellung, die kleinen Baumeistern von 3 bis 7 Jahren standhalten kann.<\/p>\n","protected":false},"featured_media":21868,"comment_status":"closed","ping_status":"closed","template":"","meta":{"_acf_changed":false,"site-sidebar-layout":"default","site-content-layout":"","ast-site-content-layout":"default","site-content-style":"default","site-sidebar-style":"default","ast-global-header-display":"","ast-banner-title-visibility":"","ast-main-header-display":"","ast-hfb-above-header-display":"","ast-hfb-below-header-display":"","ast-hfb-mobile-header-display":"","site-post-title":"","ast-breadcrumbs-content":"","ast-featured-img":"","footer-sml-layout":"","theme-transparent-header-meta":"default","adv-header-id-meta":"","stick-header-meta":"","header-above-stick-meta":"","header-main-stick-meta":"","header-below-stick-meta":"","astra-migrate-meta-layouts":"default","ast-page-background-enabled":"default","ast-page-background-meta":{"desktop":{"background-color":"","background-image":"","background-repeat":"repeat","background-position":"center center","background-size":"auto","background-attachment":"scroll","background-type":"","background-media":"","overlay-type":"","overlay-color":"","overlay-opacity":"","overlay-gradient":""},"tablet":{"background-color":"","background-image":"","background-repeat":"repeat","background-position":"center center","background-size":"auto","background-attachment":"scroll","background-type":"","background-media":"","overlay-type":"","overlay-color":"","overlay-opacity":"","overlay-gradient":""},"mobile":{"background-color":"","background-image":"","background-repeat":"repeat","background-position":"center center","background-size":"auto","background-attachment":"scroll","background-type":"","background-media":"","overlay-type":"","overlay-color":"","overlay-opacity":"","overlay-gradient":""}},"ast-content-background-meta":{"desktop":{"background-color":"var(--ast-global-color-5)","background-image":"","background-repeat":"repeat","background-position":"center center","background-size":"auto","background-attachment":"scroll","background-type":"","background-media":"","overlay-type":"","overlay-color":"","overlay-opacity":"","overlay-gradient":""},"tablet":{"background-color":"var(--ast-global-color-5)","background-image":"","background-repeat":"repeat","background-position":"center center","background-size":"auto","background-attachment":"scroll","background-type":"","background-media":"","overlay-type":"","overlay-color":"","overlay-opacity":"","overlay-gradient":""},"mobile":{"background-color":"var(--ast-global-color-5)","background-image":"","background-repeat":"repeat","background-position":"center center","background-size":"auto","background-attachment":"scroll","background-type":"","background-media":"","overlay-type":"","overlay-color":"","overlay-opacity":"","overlay-gradient":""}}},"product_brand":[],"product_cat":[161,136,47],"product_tag":[71],"class_list":{"0":"post-22697","1":"product","2":"type-product","3":"status-publish","4":"has-post-thumbnail","6":"product_cat-3-7-jahre","7":"product_cat-case-ce-de","8":"product_cat-die-kleinen-baumeister","9":"product_tag-baggerlader","10":"desktop-align-left","11":"tablet-align-left","12":"mobile-align-left","14":"first","15":"instock","16":"taxable","17":"shipping-taxable","18":"purchasable","19":"product-type-simple"},"acf":[],"yoast_head":"<!-- This site is optimized with the Yoast SEO Premium plugin v25.8 (Yoast SEO v26.3) - https:\/\/yoast.com\/wordpress\/plugins\/seo\/ -->\n<title>Case IH Construction pedalbundriebener Baggerlader mit Bagger, drehbarem Sattel und kippbarem Zweiachsanh\u00e4nger | FALK - Toys that rolls<\/title>\n<meta name=\"robots\" content=\"index, follow, max-snippet:-1, max-image-preview:large, max-video-preview:-1\" \/>\n<link rel=\"canonical\" href=\"https:\/\/falk-toys.com\/de\/produkt\/case-ih-construction-pedalbundriebener-baggerlader-mit-bagger-drehbarem-sattel-und-kippbarem-zweiachsanhaenger\/\" \/>\n<meta property=\"og:locale\" content=\"de_DE\" \/>\n<meta property=\"og:type\" content=\"article\" \/>\n<meta property=\"og:title\" content=\"Case IH Construction pedalbundriebener Baggerlader mit Bagger, drehbarem Sattel und kippbarem Zweiachsanh\u00e4nger\" \/>\n<meta property=\"og:description\" content=\"Case IH Construction Baggerlader, eine echte pedalbundriebene Nachbildung des Modells Puma 240CVX, ausgestattund mit einem Frontbagger, einem Bagger und einem Kippanh\u00e4nger. Eine echte Spielplattform aus 100% franz\u00f6sischer Herstellung, die kleinen Baumeistern von 3 bis 7 Jahren standhalten kann.\" \/>\n<meta property=\"og:url\" content=\"https:\/\/falk-toys.com\/de\/produkt\/case-ih-construction-pedalbundriebener-baggerlader-mit-bagger-drehbarem-sattel-und-kippbarem-zweiachsanhaenger\/\" \/>\n<meta property=\"og:site_name\" content=\"FALK - Toys that rolls\" \/>\n<meta property=\"article:publisher\" content=\"https:\/\/www.facebook.com\/FalkFR\/\" \/>\n<meta property=\"og:image\" content=\"https:\/\/falk-toys.com\/wp-content\/uploads\/2024\/10\/tractopelle-case-construction-excavatrice-selle-pivotante-remorque-basculante-maxi-997w-1.jpg.jpg\" \/>\n\t<meta property=\"og:image:width\" content=\"800\" \/>\n\t<meta property=\"og:image:height\" content=\"800\" \/>\n\t<meta property=\"og:image:type\" content=\"image\/jpeg\" \/>\n<meta name=\"twitter:card\" content=\"summary_large_image\" \/>\n<meta name=\"twitter:label1\" content=\"Preis\" \/>\n\t<meta name=\"twitter:data1\" content=\"279,99&euro;\" \/>\n\t<meta name=\"twitter:label2\" content=\"Verf\u00fcgbarkeit\" \/>\n\t<meta name=\"twitter:data2\" content=\"Auf Lager\" \/>\n<script type=\"application\/ld+json\" class=\"yoast-schema-graph\">{\"@context\":\"https:\/\/schema.org\",\"@graph\":[{\"@type\":\"WebPage\",\"@id\":\"https:\/\/falk-toys.com\/de\/produkt\/case-ih-construction-pedalbundriebener-baggerlader-mit-bagger-drehbarem-sattel-und-kippbarem-zweiachsanhaenger\/\",\"url\":\"https:\/\/falk-toys.com\/de\/produkt\/case-ih-construction-pedalbundriebener-baggerlader-mit-bagger-drehbarem-sattel-und-kippbarem-zweiachsanhaenger\/\",\"name\":\"Case IH Construction pedalbundriebener Baggerlader mit Bagger, drehbarem Sattel und kippbarem Zweiachsanh\u00e4nger | FALK - Toys that rolls\",\"isPartOf\":{\"@id\":\"https:\/\/falk-toys.com\/de\/#website\"},\"primaryImageOfPage\":{\"@id\":\"https:\/\/falk-toys.com\/de\/produkt\/case-ih-construction-pedalbundriebener-baggerlader-mit-bagger-drehbarem-sattel-und-kippbarem-zweiachsanhaenger\/#primaryimage\"},\"image\":{\"@id\":\"https:\/\/falk-toys.com\/de\/produkt\/case-ih-construction-pedalbundriebener-baggerlader-mit-bagger-drehbarem-sattel-und-kippbarem-zweiachsanhaenger\/#primaryimage\"},\"thumbnailUrl\":\"https:\/\/falk-toys.com\/wp-content\/uploads\/2024\/10\/tractopelle-case-construction-excavatrice-selle-pivotante-remorque-basculante-maxi-997w-1.jpg.jpg\",\"datePublished\":\"2024-11-16T08:27:12+00:00\",\"breadcrumb\":{\"@id\":\"https:\/\/falk-toys.com\/de\/produkt\/case-ih-construction-pedalbundriebener-baggerlader-mit-bagger-drehbarem-sattel-und-kippbarem-zweiachsanhaenger\/#breadcrumb\"},\"inLanguage\":\"de\",\"potentialAction\":[{\"@type\":\"ReadAction\",\"target\":[\"https:\/\/falk-toys.com\/de\/produkt\/case-ih-construction-pedalbundriebener-baggerlader-mit-bagger-drehbarem-sattel-und-kippbarem-zweiachsanhaenger\/\"]}]},{\"@type\":\"ImageObject\",\"inLanguage\":\"de\",\"@id\":\"https:\/\/falk-toys.com\/de\/produkt\/case-ih-construction-pedalbundriebener-baggerlader-mit-bagger-drehbarem-sattel-und-kippbarem-zweiachsanhaenger\/#primaryimage\",\"url\":\"https:\/\/falk-toys.com\/wp-content\/uploads\/2024\/10\/tractopelle-case-construction-excavatrice-selle-pivotante-remorque-basculante-maxi-997w-1.jpg.jpg\",\"contentUrl\":\"https:\/\/falk-toys.com\/wp-content\/uploads\/2024\/10\/tractopelle-case-construction-excavatrice-selle-pivotante-remorque-basculante-maxi-997w-1.jpg.jpg\",\"width\":800,\"height\":800,\"caption\":\"Baggerlader Case Construction 997W\"},{\"@type\":\"BreadcrumbList\",\"@id\":\"https:\/\/falk-toys.com\/de\/produkt\/case-ih-construction-pedalbundriebener-baggerlader-mit-bagger-drehbarem-sattel-und-kippbarem-zweiachsanhaenger\/#breadcrumb\",\"itemListElement\":[{\"@type\":\"ListItem\",\"position\":1,\"name\":\"Home\",\"item\":\"https:\/\/falk-toys.com\/de\/\"},{\"@type\":\"ListItem\",\"position\":2,\"name\":\"Shop\",\"item\":\"https:\/\/falk-toys.com\/de\/shop\/\"},{\"@type\":\"ListItem\",\"position\":3,\"name\":\"Case IH Construction pedalbundriebener Baggerlader mit Bagger, drehbarem Sattel und kippbarem Zweiachsanh\u00e4nger\"}]},{\"@type\":\"WebSite\",\"@id\":\"https:\/\/falk-toys.com\/de\/#website\",\"url\":\"https:\/\/falk-toys.com\/de\/\",\"name\":\"FALK - Toys that rolls\",\"description\":\"Jouets fabriqu\u00e9s en France\",\"publisher\":{\"@id\":\"https:\/\/falk-toys.com\/de\/#organization\"},\"potentialAction\":[{\"@type\":\"SearchAction\",\"target\":{\"@type\":\"EntryPoint\",\"urlTemplate\":\"https:\/\/falk-toys.com\/de\/?s={search_term_string}\"},\"query-input\":{\"@type\":\"PropertyValueSpecification\",\"valueRequired\":true,\"valueName\":\"search_term_string\"}}],\"inLanguage\":\"de\"},{\"@type\":\"Organization\",\"@id\":\"https:\/\/falk-toys.com\/de\/#organization\",\"name\":\"Falk Toys\",\"url\":\"https:\/\/falk-toys.com\/de\/\",\"logo\":{\"@type\":\"ImageObject\",\"inLanguage\":\"de\",\"@id\":\"https:\/\/falk-toys.com\/de\/#\/schema\/logo\/image\/\",\"url\":\"https:\/\/falk-toys.com\/wp-content\/uploads\/2019\/12\/falk-logo@2x.png\",\"contentUrl\":\"https:\/\/falk-toys.com\/wp-content\/uploads\/2019\/12\/falk-logo@2x.png\",\"width\":436,\"height\":351,\"caption\":\"Falk Toys\"},\"image\":{\"@id\":\"https:\/\/falk-toys.com\/de\/#\/schema\/logo\/image\/\"},\"sameAs\":[\"https:\/\/www.facebook.com\/FalkFR\/\",\"https:\/\/www.instagram.com\/falk_toys\/\",\"https:\/\/www.youtube.com\/channel\/UCKZXf1_E8UsPhjAQo-Y5vlg\"]}]}<\/script>\n<meta property=\"product:price:amount\" content=\"279.99\" \/>\n<meta property=\"product:price:currency\" content=\"EUR\" \/>\n<meta property=\"og:availability\" content=\"instock\" \/>\n<meta property=\"product:availability\" content=\"instock\" \/>\n<meta property=\"product:retailer_item_id\" content=\"997W\" \/>\n<meta property=\"product:condition\" content=\"new\" \/>\n<!-- \/ Yoast SEO Premium plugin. -->","yoast_head_json":{"title":"Case IH Construction pedalbundriebener Baggerlader mit Bagger, drehbarem Sattel und kippbarem Zweiachsanh\u00e4nger | FALK - Toys that rolls","robots":{"index":"index","follow":"follow","max-snippet":"max-snippet:-1","max-image-preview":"max-image-preview:large","max-video-preview":"max-video-preview:-1"},"canonical":"https:\/\/falk-toys.com\/de\/produkt\/case-ih-construction-pedalbundriebener-baggerlader-mit-bagger-drehbarem-sattel-und-kippbarem-zweiachsanhaenger\/","og_locale":"de_DE","og_type":"article","og_title":"Case IH Construction pedalbundriebener Baggerlader mit Bagger, drehbarem Sattel und kippbarem Zweiachsanh\u00e4nger","og_description":"Case IH Construction Baggerlader, eine echte pedalbundriebene Nachbildung des Modells Puma 240CVX, ausgestattund mit einem Frontbagger, einem Bagger und einem Kippanh\u00e4nger. Eine echte Spielplattform aus 100% franz\u00f6sischer Herstellung, die kleinen Baumeistern von 3 bis 7 Jahren standhalten kann.","og_url":"https:\/\/falk-toys.com\/de\/produkt\/case-ih-construction-pedalbundriebener-baggerlader-mit-bagger-drehbarem-sattel-und-kippbarem-zweiachsanhaenger\/","og_site_name":"FALK - Toys that rolls","article_publisher":"https:\/\/www.facebook.com\/FalkFR\/","og_image":[{"width":800,"height":800,"url":"https:\/\/falk-toys.com\/wp-content\/uploads\/2024\/10\/tractopelle-case-construction-excavatrice-selle-pivotante-remorque-basculante-maxi-997w-1.jpg.jpg","type":"image\/jpeg"}],"twitter_card":"summary_large_image","twitter_misc":{"Preis":"279,99&euro;","Verf\u00fcgbarkeit":"Auf Lager"},"schema":{"@context":"https:\/\/schema.org","@graph":[{"@type":"WebPage","@id":"https:\/\/falk-toys.com\/de\/produkt\/case-ih-construction-pedalbundriebener-baggerlader-mit-bagger-drehbarem-sattel-und-kippbarem-zweiachsanhaenger\/","url":"https:\/\/falk-toys.com\/de\/produkt\/case-ih-construction-pedalbundriebener-baggerlader-mit-bagger-drehbarem-sattel-und-kippbarem-zweiachsanhaenger\/","name":"Case IH Construction pedalbundriebener Baggerlader mit Bagger, drehbarem Sattel und kippbarem Zweiachsanh\u00e4nger | FALK - Toys that rolls","isPartOf":{"@id":"https:\/\/falk-toys.com\/de\/#website"},"primaryImageOfPage":{"@id":"https:\/\/falk-toys.com\/de\/produkt\/case-ih-construction-pedalbundriebener-baggerlader-mit-bagger-drehbarem-sattel-und-kippbarem-zweiachsanhaenger\/#primaryimage"},"image":{"@id":"https:\/\/falk-toys.com\/de\/produkt\/case-ih-construction-pedalbundriebener-baggerlader-mit-bagger-drehbarem-sattel-und-kippbarem-zweiachsanhaenger\/#primaryimage"},"thumbnailUrl":"https:\/\/falk-toys.com\/wp-content\/uploads\/2024\/10\/tractopelle-case-construction-excavatrice-selle-pivotante-remorque-basculante-maxi-997w-1.jpg.jpg","datePublished":"2024-11-16T08:27:12+00:00","breadcrumb":{"@id":"https:\/\/falk-toys.com\/de\/produkt\/case-ih-construction-pedalbundriebener-baggerlader-mit-bagger-drehbarem-sattel-und-kippbarem-zweiachsanhaenger\/#breadcrumb"},"inLanguage":"de","potentialAction":[{"@type":"ReadAction","target":["https:\/\/falk-toys.com\/de\/produkt\/case-ih-construction-pedalbundriebener-baggerlader-mit-bagger-drehbarem-sattel-und-kippbarem-zweiachsanhaenger\/"]}]},{"@type":"ImageObject","inLanguage":"de","@id":"https:\/\/falk-toys.com\/de\/produkt\/case-ih-construction-pedalbundriebener-baggerlader-mit-bagger-drehbarem-sattel-und-kippbarem-zweiachsanhaenger\/#primaryimage","url":"https:\/\/falk-toys.com\/wp-content\/uploads\/2024\/10\/tractopelle-case-construction-excavatrice-selle-pivotante-remorque-basculante-maxi-997w-1.jpg.jpg","contentUrl":"https:\/\/falk-toys.com\/wp-content\/uploads\/2024\/10\/tractopelle-case-construction-excavatrice-selle-pivotante-remorque-basculante-maxi-997w-1.jpg.jpg","width":800,"height":800,"caption":"Baggerlader Case Construction 997W"},{"@type":"BreadcrumbList","@id":"https:\/\/falk-toys.com\/de\/produkt\/case-ih-construction-pedalbundriebener-baggerlader-mit-bagger-drehbarem-sattel-und-kippbarem-zweiachsanhaenger\/#breadcrumb","itemListElement":[{"@type":"ListItem","position":1,"name":"Home","item":"https:\/\/falk-toys.com\/de\/"},{"@type":"ListItem","position":2,"name":"Shop","item":"https:\/\/falk-toys.com\/de\/shop\/"},{"@type":"ListItem","position":3,"name":"Case IH Construction pedalbundriebener Baggerlader mit Bagger, drehbarem Sattel und kippbarem Zweiachsanh\u00e4nger"}]},{"@type":"WebSite","@id":"https:\/\/falk-toys.com\/de\/#website","url":"https:\/\/falk-toys.com\/de\/","name":"FALK - Toys that rolls","description":"Jouets fabriqu\u00e9s en France","publisher":{"@id":"https:\/\/falk-toys.com\/de\/#organization"},"potentialAction":[{"@type":"SearchAction","target":{"@type":"EntryPoint","urlTemplate":"https:\/\/falk-toys.com\/de\/?s={search_term_string}"},"query-input":{"@type":"PropertyValueSpecification","valueRequired":true,"valueName":"search_term_string"}}],"inLanguage":"de"},{"@type":"Organization","@id":"https:\/\/falk-toys.com\/de\/#organization","name":"Falk Toys","url":"https:\/\/falk-toys.com\/de\/","logo":{"@type":"ImageObject","inLanguage":"de","@id":"https:\/\/falk-toys.com\/de\/#\/schema\/logo\/image\/","url":"https:\/\/falk-toys.com\/wp-content\/uploads\/2019\/12\/falk-logo@2x.png","contentUrl":"https:\/\/falk-toys.com\/wp-content\/uploads\/2019\/12\/falk-logo@2x.png","width":436,"height":351,"caption":"Falk Toys"},"image":{"@id":"https:\/\/falk-toys.com\/de\/#\/schema\/logo\/image\/"},"sameAs":["https:\/\/www.facebook.com\/FalkFR\/","https:\/\/www.instagram.com\/falk_toys\/","https:\/\/www.youtube.com\/channel\/UCKZXf1_E8UsPhjAQo-Y5vlg"]}]},"product_price_amount":"279.99","product_price_currency":"EUR","og_availability":"instock","product_availability":"instock","product_retailer_item_id":"997W","product_condition":"new"},"_links":{"self":[{"href":"https:\/\/falk-toys.com\/de\/wp-json\/wp\/v2\/product\/22697","targetHints":{"allow":["GET"]}}],"collection":[{"href":"https:\/\/falk-toys.com\/de\/wp-json\/wp\/v2\/product"}],"about":[{"href":"https:\/\/falk-toys.com\/de\/wp-json\/wp\/v2\/types\/product"}],"replies":[{"embeddable":true,"href":"https:\/\/falk-toys.com\/de\/wp-json\/wp\/v2\/comments?post=22697"}],"wp:featuredmedia":[{"embeddable":true,"href":"https:\/\/falk-toys.com\/de\/wp-json\/wp\/v2\/media\/21868"}],"wp:attachment":[{"href":"https:\/\/falk-toys.com\/de\/wp-json\/wp\/v2\/media?parent=22697"}],"wp:term":[{"taxonomy":"product_brand","embeddable":true,"href":"https:\/\/falk-toys.com\/de\/wp-json\/wp\/v2\/product_brand?post=22697"},{"taxonomy":"product_cat","embeddable":true,"href":"https:\/\/falk-toys.com\/de\/wp-json\/wp\/v2\/product_cat?post=22697"},{"taxonomy":"product_tag","embeddable":true,"href":"https:\/\/falk-toys.com\/de\/wp-json\/wp\/v2\/product_tag?post=22697"}],"curies":[{"name":"wp","href":"https:\/\/api.w.org\/{rel}","templated":true}]}}