{"id":22705,"date":"2025-03-01T09:28:04","date_gmt":"2025-03-01T08:28:04","guid":{"rendered":"https:\/\/falk-toys.com\/produit\/marcel-chantier-forwarder-mit-frontbagger\/"},"modified":"2026-04-20T11:24:05","modified_gmt":"2026-04-20T09:24:05","slug":"marcel-chantier-forwarder-mit-frontbagger","status":"publish","type":"product","link":"https:\/\/falk-toys.com\/de\/produkt\/marcel-chantier-forwarder-mit-frontbagger\/","title":{"rendered":"Marcel Chantier Forwarder mit Frontbagger"},"content":{"rendered":"<p>Marcel, le Tractopelle de Premi\u00e8re \u00c9tape, est le compagnon id\u00e9al d\u00e8s 12 mois. Il stimule l\u2019\u00e9veil avec ses couleurs vives, une cl\u00e9 sonore, und un volant directionnel avec klaxon und une barre ergonomique d\u2019aide \u00e0 la marche favorisant l\u2019aquisition de la motricit\u00e9 fine und globale.<br \/>\nCe Tractopelle incarne 75 Jahre d\u2019expertise en jouunds pour enfants. Fabriqu\u00e9 en France avec au moins 90 % de plastique recycl\u00e9, il t\u00e9moigne de notre engagement envers l\u2019environnement.<br \/>\nOffrez \u00e0 votre enfant une exp\u00e9rience de jeu de qualit\u00e9, tout en pr\u00e9servant notre plan\u00e8te.<br \/>\nMarcel, bien plus qu\u2019un jouund, une invitation \u00e0 grandir tout en s\u2019amusant.<\/p>\n","protected":false},"excerpt":{"rendered":"<p>Marcel Bauwagen 1. Altersstufe mit Frontschaufel, Lenkrad mit Hupe, ergonomischer Gehhilfe &#8211; Ab 12 Monaten<\/p>\n","protected":false},"featured_media":20368,"comment_status":"closed","ping_status":"closed","template":"","meta":{"_acf_changed":false,"site-sidebar-layout":"default","site-content-layout":"","ast-site-content-layout":"default","site-content-style":"default","site-sidebar-style":"default","ast-global-header-display":"","ast-banner-title-visibility":"","ast-main-header-display":"","ast-hfb-above-header-display":"","ast-hfb-below-header-display":"","ast-hfb-mobile-header-display":"","site-post-title":"","ast-breadcrumbs-content":"","ast-featured-img":"","footer-sml-layout":"","ast-disable-related-posts":"","theme-transparent-header-meta":"default","adv-header-id-meta":"","stick-header-meta":"","header-above-stick-meta":"","header-main-stick-meta":"","header-below-stick-meta":"","astra-migrate-meta-layouts":"default","ast-page-background-enabled":"default","ast-page-background-meta":{"desktop":{"background-color":"","background-image":"","background-repeat":"repeat","background-position":"center center","background-size":"auto","background-attachment":"scroll","background-type":"","background-media":"","overlay-type":"","overlay-color":"","overlay-opacity":"","overlay-gradient":""},"tablet":{"background-color":"","background-image":"","background-repeat":"repeat","background-position":"center center","background-size":"auto","background-attachment":"scroll","background-type":"","background-media":"","overlay-type":"","overlay-color":"","overlay-opacity":"","overlay-gradient":""},"mobile":{"background-color":"","background-image":"","background-repeat":"repeat","background-position":"center center","background-size":"auto","background-attachment":"scroll","background-type":"","background-media":"","overlay-type":"","overlay-color":"","overlay-opacity":"","overlay-gradient":""}},"ast-content-background-meta":{"desktop":{"background-color":"var(--ast-global-color-5)","background-image":"","background-repeat":"repeat","background-position":"center center","background-size":"auto","background-attachment":"scroll","background-type":"","background-media":"","overlay-type":"","overlay-color":"","overlay-opacity":"","overlay-gradient":""},"tablet":{"background-color":"var(--ast-global-color-5)","background-image":"","background-repeat":"repeat","background-position":"center center","background-size":"auto","background-attachment":"scroll","background-type":"","background-media":"","overlay-type":"","overlay-color":"","overlay-opacity":"","overlay-gradient":""},"mobile":{"background-color":"var(--ast-global-color-5)","background-image":"","background-repeat":"repeat","background-position":"center center","background-size":"auto","background-attachment":"scroll","background-type":"","background-media":"","overlay-type":"","overlay-color":"","overlay-opacity":"","overlay-gradient":""}}},"product_brand":[],"product_cat":[159,47],"product_tag":[640],"class_list":{"0":"post-22705","1":"product","2":"type-product","3":"status-publish","4":"has-post-thumbnail","6":"product_cat-1-3-jahre","7":"product_cat-die-kleinen-baumeister","8":"product_tag-first-age-carriers-de","9":"desktop-align-left","10":"tablet-align-left","11":"mobile-align-left","13":"first","14":"instock","15":"taxable","16":"shipping-taxable","17":"purchasable","18":"product-type-simple"},"acf":[],"yoast_head":"<!-- This site is optimized with the Yoast SEO Premium plugin v25.8 (Yoast SEO v27.4) - https:\/\/yoast.com\/product\/yoast-seo-premium-wordpress\/ -->\n<title>Marcel Chantier Forwarder mit Frontbagger | FALK - Toys that rolls<\/title>\n<meta name=\"robots\" content=\"index, follow, max-snippet:-1, max-image-preview:large, max-video-preview:-1\" \/>\n<link rel=\"canonical\" href=\"https:\/\/falk-toys.com\/de\/produkt\/marcel-chantier-forwarder-mit-frontbagger\/\" \/>\n<meta property=\"og:locale\" content=\"de_DE\" \/>\n<meta property=\"og:type\" content=\"article\" \/>\n<meta property=\"og:title\" content=\"Marcel Chantier Forwarder mit Frontbagger\" \/>\n<meta property=\"og:description\" content=\"Marcel Bauwagen 1. Altersstufe mit Frontschaufel, Lenkrad mit Hupe, ergonomischer Gehhilfe - Ab 12 Monaten\" \/>\n<meta property=\"og:url\" content=\"https:\/\/falk-toys.com\/de\/produkt\/marcel-chantier-forwarder-mit-frontbagger\/\" \/>\n<meta property=\"og:site_name\" content=\"FALK - Toys that rolls\" \/>\n<meta property=\"article:publisher\" content=\"https:\/\/www.facebook.com\/FalkFR\/\" \/>\n<meta property=\"article:modified_time\" content=\"2026-04-20T09:24:05+00:00\" \/>\n<meta property=\"og:image\" content=\"https:\/\/falk-toys.com\/wp-content\/uploads\/2024\/10\/porteur-tracteur-maurice-pelle-frontale-910d-pks.jpg\" \/>\n\t<meta property=\"og:image:width\" content=\"800\" \/>\n\t<meta property=\"og:image:height\" content=\"800\" \/>\n\t<meta property=\"og:image:type\" content=\"image\/jpeg\" \/>\n<meta name=\"twitter:card\" content=\"summary_large_image\" \/>\n<meta name=\"twitter:label1\" content=\"Preis\" \/>\n\t<meta name=\"twitter:data1\" content=\"39,99&euro;\" \/>\n\t<meta name=\"twitter:label2\" content=\"Verf\u00fcgbarkeit\" \/>\n\t<meta name=\"twitter:data2\" content=\"Auf Lager\" \/>\n<script type=\"application\/ld+json\" class=\"yoast-schema-graph\">{\"@context\":\"https:\\\/\\\/schema.org\",\"@graph\":[{\"@type\":\"WebPage\",\"@id\":\"https:\\\/\\\/falk-toys.com\\\/de\\\/produkt\\\/marcel-chantier-forwarder-mit-frontbagger\\\/\",\"url\":\"https:\\\/\\\/falk-toys.com\\\/de\\\/produkt\\\/marcel-chantier-forwarder-mit-frontbagger\\\/\",\"name\":\"Marcel Chantier Forwarder mit Frontbagger | FALK - Toys that rolls\",\"isPartOf\":{\"@id\":\"https:\\\/\\\/falk-toys.com\\\/de\\\/#website\"},\"primaryImageOfPage\":{\"@id\":\"https:\\\/\\\/falk-toys.com\\\/de\\\/produkt\\\/marcel-chantier-forwarder-mit-frontbagger\\\/#primaryimage\"},\"image\":{\"@id\":\"https:\\\/\\\/falk-toys.com\\\/de\\\/produkt\\\/marcel-chantier-forwarder-mit-frontbagger\\\/#primaryimage\"},\"thumbnailUrl\":\"https:\\\/\\\/falk-toys.com\\\/wp-content\\\/uploads\\\/2024\\\/10\\\/porteur-tracteur-maurice-pelle-frontale-910d-pks.jpg\",\"datePublished\":\"2025-03-01T08:28:04+00:00\",\"dateModified\":\"2026-04-20T09:24:05+00:00\",\"breadcrumb\":{\"@id\":\"https:\\\/\\\/falk-toys.com\\\/de\\\/produkt\\\/marcel-chantier-forwarder-mit-frontbagger\\\/#breadcrumb\"},\"inLanguage\":\"de\",\"potentialAction\":[{\"@type\":\"ReadAction\",\"target\":[\"https:\\\/\\\/falk-toys.com\\\/de\\\/produkt\\\/marcel-chantier-forwarder-mit-frontbagger\\\/\"]}]},{\"@type\":\"ImageObject\",\"inLanguage\":\"de\",\"@id\":\"https:\\\/\\\/falk-toys.com\\\/de\\\/produkt\\\/marcel-chantier-forwarder-mit-frontbagger\\\/#primaryimage\",\"url\":\"https:\\\/\\\/falk-toys.com\\\/wp-content\\\/uploads\\\/2024\\\/10\\\/porteur-tracteur-maurice-pelle-frontale-910d-pks.jpg\",\"contentUrl\":\"https:\\\/\\\/falk-toys.com\\\/wp-content\\\/uploads\\\/2024\\\/10\\\/porteur-tracteur-maurice-pelle-frontale-910d-pks.jpg\",\"width\":800,\"height\":800,\"caption\":\"Stacked from 6 images. Method=C (S=4)\"},{\"@type\":\"BreadcrumbList\",\"@id\":\"https:\\\/\\\/falk-toys.com\\\/de\\\/produkt\\\/marcel-chantier-forwarder-mit-frontbagger\\\/#breadcrumb\",\"itemListElement\":[{\"@type\":\"ListItem\",\"position\":1,\"name\":\"Home\",\"item\":\"https:\\\/\\\/falk-toys.com\\\/de\\\/\"},{\"@type\":\"ListItem\",\"position\":2,\"name\":\"Shop\",\"item\":\"https:\\\/\\\/falk-toys.com\\\/de\\\/shop\\\/\"},{\"@type\":\"ListItem\",\"position\":3,\"name\":\"Marcel Chantier Forwarder mit Frontbagger\"}]},{\"@type\":\"WebSite\",\"@id\":\"https:\\\/\\\/falk-toys.com\\\/de\\\/#website\",\"url\":\"https:\\\/\\\/falk-toys.com\\\/de\\\/\",\"name\":\"FALK - Toys that rolls\",\"description\":\"Jouets fabriqu\u00e9s en France\",\"publisher\":{\"@id\":\"https:\\\/\\\/falk-toys.com\\\/de\\\/#organization\"},\"potentialAction\":[{\"@type\":\"SearchAction\",\"target\":{\"@type\":\"EntryPoint\",\"urlTemplate\":\"https:\\\/\\\/falk-toys.com\\\/de\\\/?s={search_term_string}\"},\"query-input\":{\"@type\":\"PropertyValueSpecification\",\"valueRequired\":true,\"valueName\":\"search_term_string\"}}],\"inLanguage\":\"de\"},{\"@type\":\"Organization\",\"@id\":\"https:\\\/\\\/falk-toys.com\\\/de\\\/#organization\",\"name\":\"Falk Toys\",\"url\":\"https:\\\/\\\/falk-toys.com\\\/de\\\/\",\"logo\":{\"@type\":\"ImageObject\",\"inLanguage\":\"de\",\"@id\":\"https:\\\/\\\/falk-toys.com\\\/de\\\/#\\\/schema\\\/logo\\\/image\\\/\",\"url\":\"https:\\\/\\\/falk-toys.com\\\/wp-content\\\/uploads\\\/2019\\\/12\\\/falk-logo@2x.png\",\"contentUrl\":\"https:\\\/\\\/falk-toys.com\\\/wp-content\\\/uploads\\\/2019\\\/12\\\/falk-logo@2x.png\",\"width\":436,\"height\":351,\"caption\":\"Falk Toys\"},\"image\":{\"@id\":\"https:\\\/\\\/falk-toys.com\\\/de\\\/#\\\/schema\\\/logo\\\/image\\\/\"},\"sameAs\":[\"https:\\\/\\\/www.facebook.com\\\/FalkFR\\\/\",\"https:\\\/\\\/www.instagram.com\\\/falk_toys\\\/\",\"https:\\\/\\\/www.youtube.com\\\/channel\\\/UCKZXf1_E8UsPhjAQo-Y5vlg\"]}]}<\/script>\n<meta property=\"product:price:amount\" content=\"39.99\" \/>\n<meta property=\"product:price:currency\" content=\"EUR\" \/>\n<meta property=\"og:availability\" content=\"instock\" \/>\n<meta property=\"product:availability\" content=\"instock\" \/>\n<meta property=\"product:retailer_item_id\" content=\"910D\" \/>\n<meta property=\"product:condition\" content=\"new\" \/>\n<!-- \/ Yoast SEO Premium plugin. -->","yoast_head_json":{"title":"Marcel Chantier Forwarder mit Frontbagger | FALK - Toys that rolls","robots":{"index":"index","follow":"follow","max-snippet":"max-snippet:-1","max-image-preview":"max-image-preview:large","max-video-preview":"max-video-preview:-1"},"canonical":"https:\/\/falk-toys.com\/de\/produkt\/marcel-chantier-forwarder-mit-frontbagger\/","og_locale":"de_DE","og_type":"article","og_title":"Marcel Chantier Forwarder mit Frontbagger","og_description":"Marcel Bauwagen 1. Altersstufe mit Frontschaufel, Lenkrad mit Hupe, ergonomischer Gehhilfe - Ab 12 Monaten","og_url":"https:\/\/falk-toys.com\/de\/produkt\/marcel-chantier-forwarder-mit-frontbagger\/","og_site_name":"FALK - Toys that rolls","article_publisher":"https:\/\/www.facebook.com\/FalkFR\/","article_modified_time":"2026-04-20T09:24:05+00:00","og_image":[{"width":800,"height":800,"url":"https:\/\/falk-toys.com\/wp-content\/uploads\/2024\/10\/porteur-tracteur-maurice-pelle-frontale-910d-pks.jpg","type":"image\/jpeg"}],"twitter_card":"summary_large_image","twitter_misc":{"Preis":"39,99&euro;","Verf\u00fcgbarkeit":"Auf Lager"},"schema":{"@context":"https:\/\/schema.org","@graph":[{"@type":"WebPage","@id":"https:\/\/falk-toys.com\/de\/produkt\/marcel-chantier-forwarder-mit-frontbagger\/","url":"https:\/\/falk-toys.com\/de\/produkt\/marcel-chantier-forwarder-mit-frontbagger\/","name":"Marcel Chantier Forwarder mit Frontbagger | FALK - Toys that rolls","isPartOf":{"@id":"https:\/\/falk-toys.com\/de\/#website"},"primaryImageOfPage":{"@id":"https:\/\/falk-toys.com\/de\/produkt\/marcel-chantier-forwarder-mit-frontbagger\/#primaryimage"},"image":{"@id":"https:\/\/falk-toys.com\/de\/produkt\/marcel-chantier-forwarder-mit-frontbagger\/#primaryimage"},"thumbnailUrl":"https:\/\/falk-toys.com\/wp-content\/uploads\/2024\/10\/porteur-tracteur-maurice-pelle-frontale-910d-pks.jpg","datePublished":"2025-03-01T08:28:04+00:00","dateModified":"2026-04-20T09:24:05+00:00","breadcrumb":{"@id":"https:\/\/falk-toys.com\/de\/produkt\/marcel-chantier-forwarder-mit-frontbagger\/#breadcrumb"},"inLanguage":"de","potentialAction":[{"@type":"ReadAction","target":["https:\/\/falk-toys.com\/de\/produkt\/marcel-chantier-forwarder-mit-frontbagger\/"]}]},{"@type":"ImageObject","inLanguage":"de","@id":"https:\/\/falk-toys.com\/de\/produkt\/marcel-chantier-forwarder-mit-frontbagger\/#primaryimage","url":"https:\/\/falk-toys.com\/wp-content\/uploads\/2024\/10\/porteur-tracteur-maurice-pelle-frontale-910d-pks.jpg","contentUrl":"https:\/\/falk-toys.com\/wp-content\/uploads\/2024\/10\/porteur-tracteur-maurice-pelle-frontale-910d-pks.jpg","width":800,"height":800,"caption":"Stacked from 6 images. Method=C (S=4)"},{"@type":"BreadcrumbList","@id":"https:\/\/falk-toys.com\/de\/produkt\/marcel-chantier-forwarder-mit-frontbagger\/#breadcrumb","itemListElement":[{"@type":"ListItem","position":1,"name":"Home","item":"https:\/\/falk-toys.com\/de\/"},{"@type":"ListItem","position":2,"name":"Shop","item":"https:\/\/falk-toys.com\/de\/shop\/"},{"@type":"ListItem","position":3,"name":"Marcel Chantier Forwarder mit Frontbagger"}]},{"@type":"WebSite","@id":"https:\/\/falk-toys.com\/de\/#website","url":"https:\/\/falk-toys.com\/de\/","name":"FALK - Toys that rolls","description":"Jouets fabriqu\u00e9s en France","publisher":{"@id":"https:\/\/falk-toys.com\/de\/#organization"},"potentialAction":[{"@type":"SearchAction","target":{"@type":"EntryPoint","urlTemplate":"https:\/\/falk-toys.com\/de\/?s={search_term_string}"},"query-input":{"@type":"PropertyValueSpecification","valueRequired":true,"valueName":"search_term_string"}}],"inLanguage":"de"},{"@type":"Organization","@id":"https:\/\/falk-toys.com\/de\/#organization","name":"Falk Toys","url":"https:\/\/falk-toys.com\/de\/","logo":{"@type":"ImageObject","inLanguage":"de","@id":"https:\/\/falk-toys.com\/de\/#\/schema\/logo\/image\/","url":"https:\/\/falk-toys.com\/wp-content\/uploads\/2019\/12\/falk-logo@2x.png","contentUrl":"https:\/\/falk-toys.com\/wp-content\/uploads\/2019\/12\/falk-logo@2x.png","width":436,"height":351,"caption":"Falk Toys"},"image":{"@id":"https:\/\/falk-toys.com\/de\/#\/schema\/logo\/image\/"},"sameAs":["https:\/\/www.facebook.com\/FalkFR\/","https:\/\/www.instagram.com\/falk_toys\/","https:\/\/www.youtube.com\/channel\/UCKZXf1_E8UsPhjAQo-Y5vlg"]}]},"product_price_amount":"39.99","product_price_currency":"EUR","og_availability":"instock","product_availability":"instock","product_retailer_item_id":"910D","product_condition":"new"},"_links":{"self":[{"href":"https:\/\/falk-toys.com\/de\/wp-json\/wp\/v2\/product\/22705","targetHints":{"allow":["GET"]}}],"collection":[{"href":"https:\/\/falk-toys.com\/de\/wp-json\/wp\/v2\/product"}],"about":[{"href":"https:\/\/falk-toys.com\/de\/wp-json\/wp\/v2\/types\/product"}],"replies":[{"embeddable":true,"href":"https:\/\/falk-toys.com\/de\/wp-json\/wp\/v2\/comments?post=22705"}],"wp:featuredmedia":[{"embeddable":true,"href":"https:\/\/falk-toys.com\/de\/wp-json\/wp\/v2\/media\/20368"}],"wp:attachment":[{"href":"https:\/\/falk-toys.com\/de\/wp-json\/wp\/v2\/media?parent=22705"}],"wp:term":[{"taxonomy":"product_brand","embeddable":true,"href":"https:\/\/falk-toys.com\/de\/wp-json\/wp\/v2\/product_brand?post=22705"},{"taxonomy":"product_cat","embeddable":true,"href":"https:\/\/falk-toys.com\/de\/wp-json\/wp\/v2\/product_cat?post=22705"},{"taxonomy":"product_tag","embeddable":true,"href":"https:\/\/falk-toys.com\/de\/wp-json\/wp\/v2\/product_tag?post=22705"}],"curies":[{"name":"wp","href":"https:\/\/api.w.org\/{rel}","templated":true}]}}