{"id":22708,"date":"2024-11-27T09:28:04","date_gmt":"2024-11-27T08:28:04","guid":{"rendered":"https:\/\/falk-toys.com\/produit\/volvo-bagger-mit-aufklappbarer-sitzflaeche\/"},"modified":"2026-03-20T01:59:04","modified_gmt":"2026-03-20T00:59:04","slug":"volvo-bagger-mit-aufklappbarer-sitzflaeche","status":"publish","type":"product","link":"https:\/\/falk-toys.com\/de\/produkt\/volvo-bagger-mit-aufklappbarer-sitzflaeche\/","title":{"rendered":"Volvo-Bagger mit aufklappbarer Sitzfl\u00e4che"},"content":{"rendered":"<p>Il n\u2019y a pas de chantier trop ambitieux pour Die kleinen Baumeister \u00e9quip\u00e9s de la Bagger Volvo avec sa cabine rotative \u00e0 360\u00b0 \u00e9quip\u00e9e d\u2019une assise ouvrable und sa pelle m\u00e9canique enti\u00e8rement articul\u00e9e comme les vraies ! Ce v\u00e9ritable engin de chantier miniature est sp\u00e9cialement con\u00e7u pour r\u00e9sister aux enfants entre 3 und 7 Jahre und b\u00e9n\u00e9ficie d\u2019une fabrication 100% Fran\u00e7aise pour garantir des heures de jeux : commencer \u00e0 creuser la piscine pour les parents ou d\u00e9terrer le massif de tulipes de mamie, les id\u00e9es de sc\u00e9narios ne viendront jamais \u00e0 manquer !<\/p>\n","protected":false},"excerpt":{"rendered":"<p>Volvo-Bagger mit um 360\u00b0 drehbarer Kabine, gelenkigem Baggerarm und Schaufel sowie aufklappbarer Sitzfl\u00e4che &#8211; 100% Made in France f\u00fcr kleine Baumeister ab 3 Jahren<\/p>\n","protected":false},"featured_media":19488,"comment_status":"closed","ping_status":"closed","template":"","meta":{"_acf_changed":false,"site-sidebar-layout":"default","site-content-layout":"","ast-site-content-layout":"default","site-content-style":"default","site-sidebar-style":"default","ast-global-header-display":"","ast-banner-title-visibility":"","ast-main-header-display":"","ast-hfb-above-header-display":"","ast-hfb-below-header-display":"","ast-hfb-mobile-header-display":"","site-post-title":"","ast-breadcrumbs-content":"","ast-featured-img":"","footer-sml-layout":"","theme-transparent-header-meta":"default","adv-header-id-meta":"","stick-header-meta":"","header-above-stick-meta":"","header-main-stick-meta":"","header-below-stick-meta":"","astra-migrate-meta-layouts":"set","ast-page-background-enabled":"default","ast-page-background-meta":{"desktop":{"background-color":"","background-image":"","background-repeat":"repeat","background-position":"center center","background-size":"auto","background-attachment":"scroll","background-type":"","background-media":"","overlay-type":"","overlay-color":"","overlay-opacity":"","overlay-gradient":""},"tablet":{"background-color":"","background-image":"","background-repeat":"repeat","background-position":"center center","background-size":"auto","background-attachment":"scroll","background-type":"","background-media":"","overlay-type":"","overlay-color":"","overlay-opacity":"","overlay-gradient":""},"mobile":{"background-color":"","background-image":"","background-repeat":"repeat","background-position":"center center","background-size":"auto","background-attachment":"scroll","background-type":"","background-media":"","overlay-type":"","overlay-color":"","overlay-opacity":"","overlay-gradient":""}},"ast-content-background-meta":{"desktop":{"background-color":"var(--ast-global-color-5)","background-image":"","background-repeat":"repeat","background-position":"center center","background-size":"auto","background-attachment":"scroll","background-type":"","background-media":"","overlay-type":"","overlay-color":"","overlay-opacity":"","overlay-gradient":""},"tablet":{"background-color":"var(--ast-global-color-5)","background-image":"","background-repeat":"repeat","background-position":"center center","background-size":"auto","background-attachment":"scroll","background-type":"","background-media":"","overlay-type":"","overlay-color":"","overlay-opacity":"","overlay-gradient":""},"mobile":{"background-color":"var(--ast-global-color-5)","background-image":"","background-repeat":"repeat","background-position":"center center","background-size":"auto","background-attachment":"scroll","background-type":"","background-media":"","overlay-type":"","overlay-color":"","overlay-opacity":"","overlay-gradient":""}}},"product_brand":[],"product_cat":[161,47,634],"product_tag":[67],"class_list":{"0":"post-22708","1":"product","2":"type-product","3":"status-publish","4":"has-post-thumbnail","6":"product_cat-3-7-jahre","7":"product_cat-die-kleinen-baumeister","8":"product_cat-volvo-de","9":"product_tag-bagger","10":"desktop-align-left","11":"tablet-align-left","12":"mobile-align-left","14":"first","15":"instock","16":"sale","17":"taxable","18":"shipping-taxable","19":"purchasable","20":"product-type-simple"},"acf":[],"yoast_head":"<!-- This site is optimized with the Yoast SEO Premium plugin v25.8 (Yoast SEO v26.3) - https:\/\/yoast.com\/wordpress\/plugins\/seo\/ -->\n<title>Volvo-Bagger mit aufklappbarer Sitzfl\u00e4che | FALK - Toys that rolls<\/title>\n<meta name=\"robots\" content=\"index, follow, max-snippet:-1, max-image-preview:large, max-video-preview:-1\" \/>\n<link rel=\"canonical\" href=\"https:\/\/falk-toys.com\/de\/produkt\/volvo-bagger-mit-aufklappbarer-sitzflaeche\/\" \/>\n<meta property=\"og:locale\" content=\"de_DE\" \/>\n<meta property=\"og:type\" content=\"article\" \/>\n<meta property=\"og:title\" content=\"Volvo-Bagger mit aufklappbarer Sitzfl\u00e4che\" \/>\n<meta property=\"og:description\" content=\"Volvo-Bagger mit um 360\u00b0 drehbarer Kabine, gelenkigem Baggerarm und Schaufel sowie aufklappbarer Sitzfl\u00e4che - 100% Made in France f\u00fcr kleine Baumeister ab 3 Jahren\" \/>\n<meta property=\"og:url\" content=\"https:\/\/falk-toys.com\/de\/produkt\/volvo-bagger-mit-aufklappbarer-sitzflaeche\/\" \/>\n<meta property=\"og:site_name\" content=\"FALK - Toys that rolls\" \/>\n<meta property=\"article:publisher\" content=\"https:\/\/www.facebook.com\/FalkFR\/\" \/>\n<meta property=\"article:modified_time\" content=\"2026-03-20T00:59:04+00:00\" \/>\n<meta property=\"og:image\" content=\"https:\/\/falk-toys.com\/wp-content\/uploads\/2024\/10\/pelleteuse-volvo-151-pks.jpg\" \/>\n\t<meta property=\"og:image:width\" content=\"800\" \/>\n\t<meta property=\"og:image:height\" content=\"800\" \/>\n\t<meta property=\"og:image:type\" content=\"image\/jpeg\" \/>\n<meta name=\"twitter:card\" content=\"summary_large_image\" \/>\n<meta name=\"twitter:label1\" content=\"Preis\" \/>\n\t<meta name=\"twitter:data1\" content=\"71,99&euro;\" \/>\n\t<meta name=\"twitter:label2\" content=\"Verf\u00fcgbarkeit\" \/>\n\t<meta name=\"twitter:data2\" content=\"Auf Lager\" \/>\n<script type=\"application\/ld+json\" class=\"yoast-schema-graph\">{\"@context\":\"https:\/\/schema.org\",\"@graph\":[{\"@type\":\"WebPage\",\"@id\":\"https:\/\/falk-toys.com\/de\/produkt\/volvo-bagger-mit-aufklappbarer-sitzflaeche\/\",\"url\":\"https:\/\/falk-toys.com\/de\/produkt\/volvo-bagger-mit-aufklappbarer-sitzflaeche\/\",\"name\":\"Volvo-Bagger mit aufklappbarer Sitzfl\u00e4che | FALK - Toys that rolls\",\"isPartOf\":{\"@id\":\"https:\/\/falk-toys.com\/de\/#website\"},\"primaryImageOfPage\":{\"@id\":\"https:\/\/falk-toys.com\/de\/produkt\/volvo-bagger-mit-aufklappbarer-sitzflaeche\/#primaryimage\"},\"image\":{\"@id\":\"https:\/\/falk-toys.com\/de\/produkt\/volvo-bagger-mit-aufklappbarer-sitzflaeche\/#primaryimage\"},\"thumbnailUrl\":\"https:\/\/falk-toys.com\/wp-content\/uploads\/2024\/10\/pelleteuse-volvo-151-pks.jpg\",\"datePublished\":\"2024-11-27T08:28:04+00:00\",\"dateModified\":\"2026-03-20T00:59:04+00:00\",\"breadcrumb\":{\"@id\":\"https:\/\/falk-toys.com\/de\/produkt\/volvo-bagger-mit-aufklappbarer-sitzflaeche\/#breadcrumb\"},\"inLanguage\":\"de\",\"potentialAction\":[{\"@type\":\"ReadAction\",\"target\":[\"https:\/\/falk-toys.com\/de\/produkt\/volvo-bagger-mit-aufklappbarer-sitzflaeche\/\"]}]},{\"@type\":\"ImageObject\",\"inLanguage\":\"de\",\"@id\":\"https:\/\/falk-toys.com\/de\/produkt\/volvo-bagger-mit-aufklappbarer-sitzflaeche\/#primaryimage\",\"url\":\"https:\/\/falk-toys.com\/wp-content\/uploads\/2024\/10\/pelleteuse-volvo-151-pks.jpg\",\"contentUrl\":\"https:\/\/falk-toys.com\/wp-content\/uploads\/2024\/10\/pelleteuse-volvo-151-pks.jpg\",\"width\":800,\"height\":800,\"caption\":\"Stacked from 5 images. Method=C (S=4)\"},{\"@type\":\"BreadcrumbList\",\"@id\":\"https:\/\/falk-toys.com\/de\/produkt\/volvo-bagger-mit-aufklappbarer-sitzflaeche\/#breadcrumb\",\"itemListElement\":[{\"@type\":\"ListItem\",\"position\":1,\"name\":\"Home\",\"item\":\"https:\/\/falk-toys.com\/de\/\"},{\"@type\":\"ListItem\",\"position\":2,\"name\":\"Shop\",\"item\":\"https:\/\/falk-toys.com\/de\/shop\/\"},{\"@type\":\"ListItem\",\"position\":3,\"name\":\"Volvo-Bagger mit aufklappbarer Sitzfl\u00e4che\"}]},{\"@type\":\"WebSite\",\"@id\":\"https:\/\/falk-toys.com\/de\/#website\",\"url\":\"https:\/\/falk-toys.com\/de\/\",\"name\":\"FALK - Toys that rolls\",\"description\":\"Jouets fabriqu\u00e9s en France\",\"publisher\":{\"@id\":\"https:\/\/falk-toys.com\/de\/#organization\"},\"potentialAction\":[{\"@type\":\"SearchAction\",\"target\":{\"@type\":\"EntryPoint\",\"urlTemplate\":\"https:\/\/falk-toys.com\/de\/?s={search_term_string}\"},\"query-input\":{\"@type\":\"PropertyValueSpecification\",\"valueRequired\":true,\"valueName\":\"search_term_string\"}}],\"inLanguage\":\"de\"},{\"@type\":\"Organization\",\"@id\":\"https:\/\/falk-toys.com\/de\/#organization\",\"name\":\"Falk Toys\",\"url\":\"https:\/\/falk-toys.com\/de\/\",\"logo\":{\"@type\":\"ImageObject\",\"inLanguage\":\"de\",\"@id\":\"https:\/\/falk-toys.com\/de\/#\/schema\/logo\/image\/\",\"url\":\"https:\/\/falk-toys.com\/wp-content\/uploads\/2019\/12\/falk-logo@2x.png\",\"contentUrl\":\"https:\/\/falk-toys.com\/wp-content\/uploads\/2019\/12\/falk-logo@2x.png\",\"width\":436,\"height\":351,\"caption\":\"Falk Toys\"},\"image\":{\"@id\":\"https:\/\/falk-toys.com\/de\/#\/schema\/logo\/image\/\"},\"sameAs\":[\"https:\/\/www.facebook.com\/FalkFR\/\",\"https:\/\/www.instagram.com\/falk_toys\/\",\"https:\/\/www.youtube.com\/channel\/UCKZXf1_E8UsPhjAQo-Y5vlg\"]}]}<\/script>\n<meta property=\"product:price:amount\" content=\"71.99\" \/>\n<meta property=\"product:price:currency\" content=\"EUR\" \/>\n<meta property=\"og:availability\" content=\"instock\" \/>\n<meta property=\"product:availability\" content=\"instock\" \/>\n<meta property=\"product:retailer_item_id\" content=\"151\" \/>\n<meta property=\"product:condition\" content=\"new\" \/>\n<!-- \/ Yoast SEO Premium plugin. -->","yoast_head_json":{"title":"Volvo-Bagger mit aufklappbarer Sitzfl\u00e4che | FALK - Toys that rolls","robots":{"index":"index","follow":"follow","max-snippet":"max-snippet:-1","max-image-preview":"max-image-preview:large","max-video-preview":"max-video-preview:-1"},"canonical":"https:\/\/falk-toys.com\/de\/produkt\/volvo-bagger-mit-aufklappbarer-sitzflaeche\/","og_locale":"de_DE","og_type":"article","og_title":"Volvo-Bagger mit aufklappbarer Sitzfl\u00e4che","og_description":"Volvo-Bagger mit um 360\u00b0 drehbarer Kabine, gelenkigem Baggerarm und Schaufel sowie aufklappbarer Sitzfl\u00e4che - 100% Made in France f\u00fcr kleine Baumeister ab 3 Jahren","og_url":"https:\/\/falk-toys.com\/de\/produkt\/volvo-bagger-mit-aufklappbarer-sitzflaeche\/","og_site_name":"FALK - Toys that rolls","article_publisher":"https:\/\/www.facebook.com\/FalkFR\/","article_modified_time":"2026-03-20T00:59:04+00:00","og_image":[{"width":800,"height":800,"url":"https:\/\/falk-toys.com\/wp-content\/uploads\/2024\/10\/pelleteuse-volvo-151-pks.jpg","type":"image\/jpeg"}],"twitter_card":"summary_large_image","twitter_misc":{"Preis":"71,99&euro;","Verf\u00fcgbarkeit":"Auf Lager"},"schema":{"@context":"https:\/\/schema.org","@graph":[{"@type":"WebPage","@id":"https:\/\/falk-toys.com\/de\/produkt\/volvo-bagger-mit-aufklappbarer-sitzflaeche\/","url":"https:\/\/falk-toys.com\/de\/produkt\/volvo-bagger-mit-aufklappbarer-sitzflaeche\/","name":"Volvo-Bagger mit aufklappbarer Sitzfl\u00e4che | FALK - Toys that rolls","isPartOf":{"@id":"https:\/\/falk-toys.com\/de\/#website"},"primaryImageOfPage":{"@id":"https:\/\/falk-toys.com\/de\/produkt\/volvo-bagger-mit-aufklappbarer-sitzflaeche\/#primaryimage"},"image":{"@id":"https:\/\/falk-toys.com\/de\/produkt\/volvo-bagger-mit-aufklappbarer-sitzflaeche\/#primaryimage"},"thumbnailUrl":"https:\/\/falk-toys.com\/wp-content\/uploads\/2024\/10\/pelleteuse-volvo-151-pks.jpg","datePublished":"2024-11-27T08:28:04+00:00","dateModified":"2026-03-20T00:59:04+00:00","breadcrumb":{"@id":"https:\/\/falk-toys.com\/de\/produkt\/volvo-bagger-mit-aufklappbarer-sitzflaeche\/#breadcrumb"},"inLanguage":"de","potentialAction":[{"@type":"ReadAction","target":["https:\/\/falk-toys.com\/de\/produkt\/volvo-bagger-mit-aufklappbarer-sitzflaeche\/"]}]},{"@type":"ImageObject","inLanguage":"de","@id":"https:\/\/falk-toys.com\/de\/produkt\/volvo-bagger-mit-aufklappbarer-sitzflaeche\/#primaryimage","url":"https:\/\/falk-toys.com\/wp-content\/uploads\/2024\/10\/pelleteuse-volvo-151-pks.jpg","contentUrl":"https:\/\/falk-toys.com\/wp-content\/uploads\/2024\/10\/pelleteuse-volvo-151-pks.jpg","width":800,"height":800,"caption":"Stacked from 5 images. Method=C (S=4)"},{"@type":"BreadcrumbList","@id":"https:\/\/falk-toys.com\/de\/produkt\/volvo-bagger-mit-aufklappbarer-sitzflaeche\/#breadcrumb","itemListElement":[{"@type":"ListItem","position":1,"name":"Home","item":"https:\/\/falk-toys.com\/de\/"},{"@type":"ListItem","position":2,"name":"Shop","item":"https:\/\/falk-toys.com\/de\/shop\/"},{"@type":"ListItem","position":3,"name":"Volvo-Bagger mit aufklappbarer Sitzfl\u00e4che"}]},{"@type":"WebSite","@id":"https:\/\/falk-toys.com\/de\/#website","url":"https:\/\/falk-toys.com\/de\/","name":"FALK - Toys that rolls","description":"Jouets fabriqu\u00e9s en France","publisher":{"@id":"https:\/\/falk-toys.com\/de\/#organization"},"potentialAction":[{"@type":"SearchAction","target":{"@type":"EntryPoint","urlTemplate":"https:\/\/falk-toys.com\/de\/?s={search_term_string}"},"query-input":{"@type":"PropertyValueSpecification","valueRequired":true,"valueName":"search_term_string"}}],"inLanguage":"de"},{"@type":"Organization","@id":"https:\/\/falk-toys.com\/de\/#organization","name":"Falk Toys","url":"https:\/\/falk-toys.com\/de\/","logo":{"@type":"ImageObject","inLanguage":"de","@id":"https:\/\/falk-toys.com\/de\/#\/schema\/logo\/image\/","url":"https:\/\/falk-toys.com\/wp-content\/uploads\/2019\/12\/falk-logo@2x.png","contentUrl":"https:\/\/falk-toys.com\/wp-content\/uploads\/2019\/12\/falk-logo@2x.png","width":436,"height":351,"caption":"Falk Toys"},"image":{"@id":"https:\/\/falk-toys.com\/de\/#\/schema\/logo\/image\/"},"sameAs":["https:\/\/www.facebook.com\/FalkFR\/","https:\/\/www.instagram.com\/falk_toys\/","https:\/\/www.youtube.com\/channel\/UCKZXf1_E8UsPhjAQo-Y5vlg"]}]},"product_price_amount":"71.99","product_price_currency":"EUR","og_availability":"instock","product_availability":"instock","product_retailer_item_id":"151","product_condition":"new"},"_links":{"self":[{"href":"https:\/\/falk-toys.com\/de\/wp-json\/wp\/v2\/product\/22708","targetHints":{"allow":["GET"]}}],"collection":[{"href":"https:\/\/falk-toys.com\/de\/wp-json\/wp\/v2\/product"}],"about":[{"href":"https:\/\/falk-toys.com\/de\/wp-json\/wp\/v2\/types\/product"}],"replies":[{"embeddable":true,"href":"https:\/\/falk-toys.com\/de\/wp-json\/wp\/v2\/comments?post=22708"}],"wp:featuredmedia":[{"embeddable":true,"href":"https:\/\/falk-toys.com\/de\/wp-json\/wp\/v2\/media\/19488"}],"wp:attachment":[{"href":"https:\/\/falk-toys.com\/de\/wp-json\/wp\/v2\/media?parent=22708"}],"wp:term":[{"taxonomy":"product_brand","embeddable":true,"href":"https:\/\/falk-toys.com\/de\/wp-json\/wp\/v2\/product_brand?post=22708"},{"taxonomy":"product_cat","embeddable":true,"href":"https:\/\/falk-toys.com\/de\/wp-json\/wp\/v2\/product_cat?post=22708"},{"taxonomy":"product_tag","embeddable":true,"href":"https:\/\/falk-toys.com\/de\/wp-json\/wp\/v2\/product_tag?post=22708"}],"curies":[{"name":"wp","href":"https:\/\/api.w.org\/{rel}","templated":true}]}}