{"id":22709,"date":"2025-03-09T09:28:04","date_gmt":"2025-03-09T08:28:04","guid":{"rendered":"https:\/\/falk-toys.com\/produit\/volvo-baustellentrjahreporter-mit-aufklappbarer-sitzflaeche-und-lenkrad-mit-hupe-anhaenger-und-sandspielzeug\/"},"modified":"2026-03-20T01:59:41","modified_gmt":"2026-03-20T00:59:41","slug":"volvo-baustellentrjahreporter-mit-aufklappbarer-sitzflaeche-und-lenkrad-mit-hupe-anhaenger-und-sandspielzeug","status":"publish","type":"product","link":"https:\/\/falk-toys.com\/de\/produkt\/volvo-baustellentrjahreporter-mit-aufklappbarer-sitzflaeche-und-lenkrad-mit-hupe-anhaenger-und-sandspielzeug\/","title":{"rendered":"Volvo-BaustellentrJahreporter mit aufklappbarer Sitzfl\u00e4che und Lenkrad mit Hupe, Anh\u00e4nger und Sandspielzeug"},"content":{"rendered":"<p>Il n\u2019y a pas de chantier trop ambitieux pour notre camion de travaux public Volvo 100% Fabriqu\u00e9 en France. Costaud und super complund, il est le compagnon id\u00e9al du bac \u00e0 sable avec sa Anh\u00e4nger d\u00e9tachable \u00e9quip\u00e9e d\u2019un tamis, d\u2019une pelle, d\u2019un r\u00e2teau und de moules en forme de parpaings pour se lancer dJahre les grands travaux de ma\u00e7onnerie !<br \/>\nLe porteur chantier Volvo est aussi maniable gr\u00e2ce \u00e0 un volant directionnel avec klaxon, und dot\u00e9 d\u2019une excellente stabilit\u00e9. Il est parfait pour d\u00e9velopper la motricit\u00e9 globale und l\u2019\u00e9quilibre de votre enfant par le jeu, tout en garantissant sa s\u00e9curit\u00e9.<br \/>\nMalin, un pundit coffre de rangement est dissimul\u00e9 sous l\u2019assise und une plaque d\u2019immatriculation personnalisable permund de personnaliser son bolide favori !<\/p>\n","protected":false},"excerpt":{"rendered":"<p>Volvo-Bauwagen mit aufklappbarer Sitzfl\u00e4che und Lenkrad mit Hupe, Anh\u00e4nger und Sandspielzeug &#8211; 100% Made in France f\u00fcr kleine Baumeister ab 12 Monaten.<\/p>\n","protected":false},"featured_media":20476,"comment_status":"closed","ping_status":"closed","template":"","meta":{"_acf_changed":false,"site-sidebar-layout":"default","site-content-layout":"","ast-site-content-layout":"default","site-content-style":"default","site-sidebar-style":"default","ast-global-header-display":"","ast-banner-title-visibility":"","ast-main-header-display":"","ast-hfb-above-header-display":"","ast-hfb-below-header-display":"","ast-hfb-mobile-header-display":"","site-post-title":"","ast-breadcrumbs-content":"","ast-featured-img":"","footer-sml-layout":"","theme-transparent-header-meta":"default","adv-header-id-meta":"","stick-header-meta":"","header-above-stick-meta":"","header-main-stick-meta":"","header-below-stick-meta":"","astra-migrate-meta-layouts":"set","ast-page-background-enabled":"default","ast-page-background-meta":{"desktop":{"background-color":"","background-image":"","background-repeat":"repeat","background-position":"center center","background-size":"auto","background-attachment":"scroll","background-type":"","background-media":"","overlay-type":"","overlay-color":"","overlay-opacity":"","overlay-gradient":""},"tablet":{"background-color":"","background-image":"","background-repeat":"repeat","background-position":"center center","background-size":"auto","background-attachment":"scroll","background-type":"","background-media":"","overlay-type":"","overlay-color":"","overlay-opacity":"","overlay-gradient":""},"mobile":{"background-color":"","background-image":"","background-repeat":"repeat","background-position":"center center","background-size":"auto","background-attachment":"scroll","background-type":"","background-media":"","overlay-type":"","overlay-color":"","overlay-opacity":"","overlay-gradient":""}},"ast-content-background-meta":{"desktop":{"background-color":"var(--ast-global-color-5)","background-image":"","background-repeat":"repeat","background-position":"center center","background-size":"auto","background-attachment":"scroll","background-type":"","background-media":"","overlay-type":"","overlay-color":"","overlay-opacity":"","overlay-gradient":""},"tablet":{"background-color":"var(--ast-global-color-5)","background-image":"","background-repeat":"repeat","background-position":"center center","background-size":"auto","background-attachment":"scroll","background-type":"","background-media":"","overlay-type":"","overlay-color":"","overlay-opacity":"","overlay-gradient":""},"mobile":{"background-color":"var(--ast-global-color-5)","background-image":"","background-repeat":"repeat","background-position":"center center","background-size":"auto","background-attachment":"scroll","background-type":"","background-media":"","overlay-type":"","overlay-color":"","overlay-opacity":"","overlay-gradient":""}}},"product_brand":[],"product_cat":[159,47,634],"product_tag":[640],"class_list":{"0":"post-22709","1":"product","2":"type-product","3":"status-publish","4":"has-post-thumbnail","6":"product_cat-1-3-jahre","7":"product_cat-die-kleinen-baumeister","8":"product_cat-volvo-de","9":"product_tag-first-age-carriers-de","10":"desktop-align-left","11":"tablet-align-left","12":"mobile-align-left","14":"first","15":"instock","16":"sale","17":"taxable","18":"shipping-taxable","19":"purchasable","20":"product-type-simple"},"acf":[],"yoast_head":"<!-- This site is optimized with the Yoast SEO Premium plugin v25.8 (Yoast SEO v26.3) - https:\/\/yoast.com\/wordpress\/plugins\/seo\/ -->\n<title>Volvo-BaustellentrJahreporter mit aufklappbarer Sitzfl\u00e4che und Lenkrad mit Hupe, Anh\u00e4nger und Sandspielzeug | FALK - Toys that rolls<\/title>\n<meta name=\"robots\" content=\"index, follow, max-snippet:-1, max-image-preview:large, max-video-preview:-1\" \/>\n<link rel=\"canonical\" href=\"https:\/\/falk-toys.com\/de\/produkt\/volvo-baustellentrjahreporter-mit-aufklappbarer-sitzflaeche-und-lenkrad-mit-hupe-anhaenger-und-sandspielzeug\/\" \/>\n<meta property=\"og:locale\" content=\"de_DE\" \/>\n<meta property=\"og:type\" content=\"article\" \/>\n<meta property=\"og:title\" content=\"Volvo-BaustellentrJahreporter mit aufklappbarer Sitzfl\u00e4che und Lenkrad mit Hupe, Anh\u00e4nger und Sandspielzeug\" \/>\n<meta property=\"og:description\" content=\"Volvo-Bauwagen mit aufklappbarer Sitzfl\u00e4che und Lenkrad mit Hupe, Anh\u00e4nger und Sandspielzeug - 100% Made in France f\u00fcr kleine Baumeister ab 12 Monaten.\" \/>\n<meta property=\"og:url\" content=\"https:\/\/falk-toys.com\/de\/produkt\/volvo-baustellentrjahreporter-mit-aufklappbarer-sitzflaeche-und-lenkrad-mit-hupe-anhaenger-und-sandspielzeug\/\" \/>\n<meta property=\"og:site_name\" content=\"FALK - Toys that rolls\" \/>\n<meta property=\"article:publisher\" content=\"https:\/\/www.facebook.com\/FalkFR\/\" \/>\n<meta property=\"article:modified_time\" content=\"2026-03-20T00:59:41+00:00\" \/>\n<meta property=\"og:image\" content=\"https:\/\/falk-toys.com\/wp-content\/uploads\/2024\/10\/porteur-volvo-avec-remorque-711C-pks.jpg\" \/>\n\t<meta property=\"og:image:width\" content=\"800\" \/>\n\t<meta property=\"og:image:height\" content=\"800\" \/>\n\t<meta property=\"og:image:type\" content=\"image\/jpeg\" \/>\n<meta name=\"twitter:card\" content=\"summary_large_image\" \/>\n<meta name=\"twitter:label1\" content=\"Preis\" \/>\n\t<meta name=\"twitter:data1\" content=\"44,99&euro;\" \/>\n\t<meta name=\"twitter:label2\" content=\"Verf\u00fcgbarkeit\" \/>\n\t<meta name=\"twitter:data2\" content=\"Auf Lager\" \/>\n<script type=\"application\/ld+json\" class=\"yoast-schema-graph\">{\"@context\":\"https:\/\/schema.org\",\"@graph\":[{\"@type\":\"WebPage\",\"@id\":\"https:\/\/falk-toys.com\/de\/produkt\/volvo-baustellentrjahreporter-mit-aufklappbarer-sitzflaeche-und-lenkrad-mit-hupe-anhaenger-und-sandspielzeug\/\",\"url\":\"https:\/\/falk-toys.com\/de\/produkt\/volvo-baustellentrjahreporter-mit-aufklappbarer-sitzflaeche-und-lenkrad-mit-hupe-anhaenger-und-sandspielzeug\/\",\"name\":\"Volvo-BaustellentrJahreporter mit aufklappbarer Sitzfl\u00e4che und Lenkrad mit Hupe, Anh\u00e4nger und Sandspielzeug | FALK - Toys that rolls\",\"isPartOf\":{\"@id\":\"https:\/\/falk-toys.com\/de\/#website\"},\"primaryImageOfPage\":{\"@id\":\"https:\/\/falk-toys.com\/de\/produkt\/volvo-baustellentrjahreporter-mit-aufklappbarer-sitzflaeche-und-lenkrad-mit-hupe-anhaenger-und-sandspielzeug\/#primaryimage\"},\"image\":{\"@id\":\"https:\/\/falk-toys.com\/de\/produkt\/volvo-baustellentrjahreporter-mit-aufklappbarer-sitzflaeche-und-lenkrad-mit-hupe-anhaenger-und-sandspielzeug\/#primaryimage\"},\"thumbnailUrl\":\"https:\/\/falk-toys.com\/wp-content\/uploads\/2024\/10\/porteur-volvo-avec-remorque-711C-pks.jpg\",\"datePublished\":\"2025-03-09T08:28:04+00:00\",\"dateModified\":\"2026-03-20T00:59:41+00:00\",\"breadcrumb\":{\"@id\":\"https:\/\/falk-toys.com\/de\/produkt\/volvo-baustellentrjahreporter-mit-aufklappbarer-sitzflaeche-und-lenkrad-mit-hupe-anhaenger-und-sandspielzeug\/#breadcrumb\"},\"inLanguage\":\"de\",\"potentialAction\":[{\"@type\":\"ReadAction\",\"target\":[\"https:\/\/falk-toys.com\/de\/produkt\/volvo-baustellentrjahreporter-mit-aufklappbarer-sitzflaeche-und-lenkrad-mit-hupe-anhaenger-und-sandspielzeug\/\"]}]},{\"@type\":\"ImageObject\",\"inLanguage\":\"de\",\"@id\":\"https:\/\/falk-toys.com\/de\/produkt\/volvo-baustellentrjahreporter-mit-aufklappbarer-sitzflaeche-und-lenkrad-mit-hupe-anhaenger-und-sandspielzeug\/#primaryimage\",\"url\":\"https:\/\/falk-toys.com\/wp-content\/uploads\/2024\/10\/porteur-volvo-avec-remorque-711C-pks.jpg\",\"contentUrl\":\"https:\/\/falk-toys.com\/wp-content\/uploads\/2024\/10\/porteur-volvo-avec-remorque-711C-pks.jpg\",\"width\":800,\"height\":800,\"caption\":\"Tr\u00e4ger Volvo mit Anh\u00e4nger\"},{\"@type\":\"BreadcrumbList\",\"@id\":\"https:\/\/falk-toys.com\/de\/produkt\/volvo-baustellentrjahreporter-mit-aufklappbarer-sitzflaeche-und-lenkrad-mit-hupe-anhaenger-und-sandspielzeug\/#breadcrumb\",\"itemListElement\":[{\"@type\":\"ListItem\",\"position\":1,\"name\":\"Home\",\"item\":\"https:\/\/falk-toys.com\/de\/\"},{\"@type\":\"ListItem\",\"position\":2,\"name\":\"Shop\",\"item\":\"https:\/\/falk-toys.com\/de\/shop\/\"},{\"@type\":\"ListItem\",\"position\":3,\"name\":\"Volvo-BaustellentrJahreporter mit aufklappbarer Sitzfl\u00e4che und Lenkrad mit Hupe, Anh\u00e4nger und Sandspielzeug\"}]},{\"@type\":\"WebSite\",\"@id\":\"https:\/\/falk-toys.com\/de\/#website\",\"url\":\"https:\/\/falk-toys.com\/de\/\",\"name\":\"FALK - Toys that rolls\",\"description\":\"Jouets fabriqu\u00e9s en France\",\"publisher\":{\"@id\":\"https:\/\/falk-toys.com\/de\/#organization\"},\"potentialAction\":[{\"@type\":\"SearchAction\",\"target\":{\"@type\":\"EntryPoint\",\"urlTemplate\":\"https:\/\/falk-toys.com\/de\/?s={search_term_string}\"},\"query-input\":{\"@type\":\"PropertyValueSpecification\",\"valueRequired\":true,\"valueName\":\"search_term_string\"}}],\"inLanguage\":\"de\"},{\"@type\":\"Organization\",\"@id\":\"https:\/\/falk-toys.com\/de\/#organization\",\"name\":\"Falk Toys\",\"url\":\"https:\/\/falk-toys.com\/de\/\",\"logo\":{\"@type\":\"ImageObject\",\"inLanguage\":\"de\",\"@id\":\"https:\/\/falk-toys.com\/de\/#\/schema\/logo\/image\/\",\"url\":\"https:\/\/falk-toys.com\/wp-content\/uploads\/2019\/12\/falk-logo@2x.png\",\"contentUrl\":\"https:\/\/falk-toys.com\/wp-content\/uploads\/2019\/12\/falk-logo@2x.png\",\"width\":436,\"height\":351,\"caption\":\"Falk Toys\"},\"image\":{\"@id\":\"https:\/\/falk-toys.com\/de\/#\/schema\/logo\/image\/\"},\"sameAs\":[\"https:\/\/www.facebook.com\/FalkFR\/\",\"https:\/\/www.instagram.com\/falk_toys\/\",\"https:\/\/www.youtube.com\/channel\/UCKZXf1_E8UsPhjAQo-Y5vlg\"]}]}<\/script>\n<meta property=\"product:price:amount\" content=\"44.99\" \/>\n<meta property=\"product:price:currency\" content=\"EUR\" \/>\n<meta property=\"og:availability\" content=\"instock\" \/>\n<meta property=\"product:availability\" content=\"instock\" \/>\n<meta property=\"product:retailer_item_id\" content=\"711C\" \/>\n<meta property=\"product:condition\" content=\"new\" \/>\n<!-- \/ Yoast SEO Premium plugin. -->","yoast_head_json":{"title":"Volvo-BaustellentrJahreporter mit aufklappbarer Sitzfl\u00e4che und Lenkrad mit Hupe, Anh\u00e4nger und Sandspielzeug | FALK - Toys that rolls","robots":{"index":"index","follow":"follow","max-snippet":"max-snippet:-1","max-image-preview":"max-image-preview:large","max-video-preview":"max-video-preview:-1"},"canonical":"https:\/\/falk-toys.com\/de\/produkt\/volvo-baustellentrjahreporter-mit-aufklappbarer-sitzflaeche-und-lenkrad-mit-hupe-anhaenger-und-sandspielzeug\/","og_locale":"de_DE","og_type":"article","og_title":"Volvo-BaustellentrJahreporter mit aufklappbarer Sitzfl\u00e4che und Lenkrad mit Hupe, Anh\u00e4nger und Sandspielzeug","og_description":"Volvo-Bauwagen mit aufklappbarer Sitzfl\u00e4che und Lenkrad mit Hupe, Anh\u00e4nger und Sandspielzeug - 100% Made in France f\u00fcr kleine Baumeister ab 12 Monaten.","og_url":"https:\/\/falk-toys.com\/de\/produkt\/volvo-baustellentrjahreporter-mit-aufklappbarer-sitzflaeche-und-lenkrad-mit-hupe-anhaenger-und-sandspielzeug\/","og_site_name":"FALK - Toys that rolls","article_publisher":"https:\/\/www.facebook.com\/FalkFR\/","article_modified_time":"2026-03-20T00:59:41+00:00","og_image":[{"width":800,"height":800,"url":"https:\/\/falk-toys.com\/wp-content\/uploads\/2024\/10\/porteur-volvo-avec-remorque-711C-pks.jpg","type":"image\/jpeg"}],"twitter_card":"summary_large_image","twitter_misc":{"Preis":"44,99&euro;","Verf\u00fcgbarkeit":"Auf Lager"},"schema":{"@context":"https:\/\/schema.org","@graph":[{"@type":"WebPage","@id":"https:\/\/falk-toys.com\/de\/produkt\/volvo-baustellentrjahreporter-mit-aufklappbarer-sitzflaeche-und-lenkrad-mit-hupe-anhaenger-und-sandspielzeug\/","url":"https:\/\/falk-toys.com\/de\/produkt\/volvo-baustellentrjahreporter-mit-aufklappbarer-sitzflaeche-und-lenkrad-mit-hupe-anhaenger-und-sandspielzeug\/","name":"Volvo-BaustellentrJahreporter mit aufklappbarer Sitzfl\u00e4che und Lenkrad mit Hupe, Anh\u00e4nger und Sandspielzeug | FALK - Toys that rolls","isPartOf":{"@id":"https:\/\/falk-toys.com\/de\/#website"},"primaryImageOfPage":{"@id":"https:\/\/falk-toys.com\/de\/produkt\/volvo-baustellentrjahreporter-mit-aufklappbarer-sitzflaeche-und-lenkrad-mit-hupe-anhaenger-und-sandspielzeug\/#primaryimage"},"image":{"@id":"https:\/\/falk-toys.com\/de\/produkt\/volvo-baustellentrjahreporter-mit-aufklappbarer-sitzflaeche-und-lenkrad-mit-hupe-anhaenger-und-sandspielzeug\/#primaryimage"},"thumbnailUrl":"https:\/\/falk-toys.com\/wp-content\/uploads\/2024\/10\/porteur-volvo-avec-remorque-711C-pks.jpg","datePublished":"2025-03-09T08:28:04+00:00","dateModified":"2026-03-20T00:59:41+00:00","breadcrumb":{"@id":"https:\/\/falk-toys.com\/de\/produkt\/volvo-baustellentrjahreporter-mit-aufklappbarer-sitzflaeche-und-lenkrad-mit-hupe-anhaenger-und-sandspielzeug\/#breadcrumb"},"inLanguage":"de","potentialAction":[{"@type":"ReadAction","target":["https:\/\/falk-toys.com\/de\/produkt\/volvo-baustellentrjahreporter-mit-aufklappbarer-sitzflaeche-und-lenkrad-mit-hupe-anhaenger-und-sandspielzeug\/"]}]},{"@type":"ImageObject","inLanguage":"de","@id":"https:\/\/falk-toys.com\/de\/produkt\/volvo-baustellentrjahreporter-mit-aufklappbarer-sitzflaeche-und-lenkrad-mit-hupe-anhaenger-und-sandspielzeug\/#primaryimage","url":"https:\/\/falk-toys.com\/wp-content\/uploads\/2024\/10\/porteur-volvo-avec-remorque-711C-pks.jpg","contentUrl":"https:\/\/falk-toys.com\/wp-content\/uploads\/2024\/10\/porteur-volvo-avec-remorque-711C-pks.jpg","width":800,"height":800,"caption":"Tr\u00e4ger Volvo mit Anh\u00e4nger"},{"@type":"BreadcrumbList","@id":"https:\/\/falk-toys.com\/de\/produkt\/volvo-baustellentrjahreporter-mit-aufklappbarer-sitzflaeche-und-lenkrad-mit-hupe-anhaenger-und-sandspielzeug\/#breadcrumb","itemListElement":[{"@type":"ListItem","position":1,"name":"Home","item":"https:\/\/falk-toys.com\/de\/"},{"@type":"ListItem","position":2,"name":"Shop","item":"https:\/\/falk-toys.com\/de\/shop\/"},{"@type":"ListItem","position":3,"name":"Volvo-BaustellentrJahreporter mit aufklappbarer Sitzfl\u00e4che und Lenkrad mit Hupe, Anh\u00e4nger und Sandspielzeug"}]},{"@type":"WebSite","@id":"https:\/\/falk-toys.com\/de\/#website","url":"https:\/\/falk-toys.com\/de\/","name":"FALK - Toys that rolls","description":"Jouets fabriqu\u00e9s en France","publisher":{"@id":"https:\/\/falk-toys.com\/de\/#organization"},"potentialAction":[{"@type":"SearchAction","target":{"@type":"EntryPoint","urlTemplate":"https:\/\/falk-toys.com\/de\/?s={search_term_string}"},"query-input":{"@type":"PropertyValueSpecification","valueRequired":true,"valueName":"search_term_string"}}],"inLanguage":"de"},{"@type":"Organization","@id":"https:\/\/falk-toys.com\/de\/#organization","name":"Falk Toys","url":"https:\/\/falk-toys.com\/de\/","logo":{"@type":"ImageObject","inLanguage":"de","@id":"https:\/\/falk-toys.com\/de\/#\/schema\/logo\/image\/","url":"https:\/\/falk-toys.com\/wp-content\/uploads\/2019\/12\/falk-logo@2x.png","contentUrl":"https:\/\/falk-toys.com\/wp-content\/uploads\/2019\/12\/falk-logo@2x.png","width":436,"height":351,"caption":"Falk Toys"},"image":{"@id":"https:\/\/falk-toys.com\/de\/#\/schema\/logo\/image\/"},"sameAs":["https:\/\/www.facebook.com\/FalkFR\/","https:\/\/www.instagram.com\/falk_toys\/","https:\/\/www.youtube.com\/channel\/UCKZXf1_E8UsPhjAQo-Y5vlg"]}]},"product_price_amount":"44.99","product_price_currency":"EUR","og_availability":"instock","product_availability":"instock","product_retailer_item_id":"711C","product_condition":"new"},"_links":{"self":[{"href":"https:\/\/falk-toys.com\/de\/wp-json\/wp\/v2\/product\/22709","targetHints":{"allow":["GET"]}}],"collection":[{"href":"https:\/\/falk-toys.com\/de\/wp-json\/wp\/v2\/product"}],"about":[{"href":"https:\/\/falk-toys.com\/de\/wp-json\/wp\/v2\/types\/product"}],"replies":[{"embeddable":true,"href":"https:\/\/falk-toys.com\/de\/wp-json\/wp\/v2\/comments?post=22709"}],"wp:featuredmedia":[{"embeddable":true,"href":"https:\/\/falk-toys.com\/de\/wp-json\/wp\/v2\/media\/20476"}],"wp:attachment":[{"href":"https:\/\/falk-toys.com\/de\/wp-json\/wp\/v2\/media?parent=22709"}],"wp:term":[{"taxonomy":"product_brand","embeddable":true,"href":"https:\/\/falk-toys.com\/de\/wp-json\/wp\/v2\/product_brand?post=22709"},{"taxonomy":"product_cat","embeddable":true,"href":"https:\/\/falk-toys.com\/de\/wp-json\/wp\/v2\/product_cat?post=22709"},{"taxonomy":"product_tag","embeddable":true,"href":"https:\/\/falk-toys.com\/de\/wp-json\/wp\/v2\/product_tag?post=22709"}],"curies":[{"name":"wp","href":"https:\/\/api.w.org\/{rel}","templated":true}]}}