{"id":22714,"date":"2024-10-08T09:28:04","date_gmt":"2024-10-08T09:57:10","guid":{"rendered":"https:\/\/falk-toys.com\/produit\/forwarder-traktor-claas-1-generation-lenkrad-mit-hupe-frontbagger-knickgelenkter-bagger-und-anhaenger\/"},"modified":"2024-10-08T09:57:31","modified_gmt":"2024-10-08T09:57:31","slug":"forwarder-traktor-claas-1-generation-lenkrad-mit-hupe-frontbagger-knickgelenkter-bagger-und-anhaenger","status":"publish","type":"product","link":"https:\/\/falk-toys.com\/de\/produkt\/forwarder-traktor-claas-1-generation-lenkrad-mit-hupe-frontbagger-knickgelenkter-bagger-und-anhaenger\/","title":{"rendered":"Forwarder Traktor Claas 1. Generation Lenkrad mit Hupe, Frontbagger, knickgelenkter Bagger und Anh\u00e4nger"},"content":{"rendered":"<p>Un pundit tractopelle Claas avec excavatrice tout mignon und plein d\u2019astuces qui accompagne votre enfant d\u00e8s 12 mois jusqu\u2019\u00e0 ses premiers pas gr\u00e2ce \u00e0 sa barre d\u2019aide \u00e0 la marche. Il est \u00e9quip\u00e9 d\u2019un volant directionnel avec klaxon pour d\u00e9velopper sa motricit\u00e9 fine und globale tout en s\u2019amusant \u00e0 se faufiler d\u2019un bout \u00e0 l\u2019autre de la maison ou du jardin. Il est accompagn\u00e9 d\u2019une Anh\u00e4nger pour encore plus de jouabilit\u00e9.<br \/>\nCundte r\u00e9interpr\u00e9tation du Traktor Claas Arion 470 est int\u00e9gralement fabriqu\u00e9 en France \u00e0 partir d\u2019au moins 90 % de plastique recycl\u00e9 und a \u00e9t\u00e9 con\u00e7u pour r\u00e9sister aux plus intr\u00e9pides des enfants !<\/p>\n","protected":false},"excerpt":{"rendered":"<p>Claas 1. Altersstufe Traktor mit Lenkrad und Hupe, Frontbagger, knickgelenktem Bagger und Anh\u00e4nger &#8211; 100% in Frankreich hergestellt &#8211; Besteht zu mindestens 90% aus recyceltem Kunststoff &#8211; Ab 12 Monaten.<\/p>\n","protected":false},"featured_media":20052,"comment_status":"closed","ping_status":"closed","template":"","meta":{"_acf_changed":false,"site-sidebar-layout":"default","site-content-layout":"","ast-site-content-layout":"default","site-content-style":"default","site-sidebar-style":"default","ast-global-header-display":"","ast-banner-title-visibility":"","ast-main-header-display":"","ast-hfb-above-header-display":"","ast-hfb-below-header-display":"","ast-hfb-mobile-header-display":"","site-post-title":"","ast-breadcrumbs-content":"","ast-featured-img":"","footer-sml-layout":"","ast-disable-related-posts":"","theme-transparent-header-meta":"","adv-header-id-meta":"","stick-header-meta":"","header-above-stick-meta":"","header-main-stick-meta":"","header-below-stick-meta":"","astra-migrate-meta-layouts":"default","ast-page-background-enabled":"default","ast-page-background-meta":{"desktop":{"background-color":"","background-image":"","background-repeat":"repeat","background-position":"center center","background-size":"auto","background-attachment":"scroll","background-type":"","background-media":"","overlay-type":"","overlay-color":"","overlay-opacity":"","overlay-gradient":""},"tablet":{"background-color":"","background-image":"","background-repeat":"repeat","background-position":"center center","background-size":"auto","background-attachment":"scroll","background-type":"","background-media":"","overlay-type":"","overlay-color":"","overlay-opacity":"","overlay-gradient":""},"mobile":{"background-color":"","background-image":"","background-repeat":"repeat","background-position":"center center","background-size":"auto","background-attachment":"scroll","background-type":"","background-media":"","overlay-type":"","overlay-color":"","overlay-opacity":"","overlay-gradient":""}},"ast-content-background-meta":{"desktop":{"background-color":"var(--ast-global-color-5)","background-image":"","background-repeat":"repeat","background-position":"center center","background-size":"auto","background-attachment":"scroll","background-type":"","background-media":"","overlay-type":"","overlay-color":"","overlay-opacity":"","overlay-gradient":""},"tablet":{"background-color":"var(--ast-global-color-5)","background-image":"","background-repeat":"repeat","background-position":"center center","background-size":"auto","background-attachment":"scroll","background-type":"","background-media":"","overlay-type":"","overlay-color":"","overlay-opacity":"","overlay-gradient":""},"mobile":{"background-color":"var(--ast-global-color-5)","background-image":"","background-repeat":"repeat","background-position":"center center","background-size":"auto","background-attachment":"scroll","background-type":"","background-media":"","overlay-type":"","overlay-color":"","overlay-opacity":"","overlay-gradient":""}}},"product_brand":[],"product_cat":[159,134,48],"product_tag":[68],"class_list":{"0":"post-22714","1":"product","2":"type-product","3":"status-publish","4":"has-post-thumbnail","6":"product_cat-1-3-jahre","7":"product_cat-claas-de","8":"product_cat-die-kleinen-gartner","9":"product_tag-kinderfahrzeuge-saugling","10":"desktop-align-left","11":"tablet-align-left","12":"mobile-align-left","14":"first","15":"instock","16":"purchasable","17":"product-type-simple"},"acf":[],"yoast_head":"<!-- This site is optimized with the Yoast SEO Premium plugin v25.8 (Yoast SEO v27.4) - https:\/\/yoast.com\/product\/yoast-seo-premium-wordpress\/ -->\n<title>Forwarder Traktor Claas 1. Generation Lenkrad mit Hupe, Frontbagger, knickgelenkter Bagger und Anh\u00e4nger | FALK - Toys that rolls<\/title>\n<meta name=\"robots\" content=\"index, follow, max-snippet:-1, max-image-preview:large, max-video-preview:-1\" \/>\n<link rel=\"canonical\" href=\"https:\/\/falk-toys.com\/de\/produkt\/forwarder-traktor-claas-1-generation-lenkrad-mit-hupe-frontbagger-knickgelenkter-bagger-und-anhaenger\/\" \/>\n<meta property=\"og:locale\" content=\"de_DE\" \/>\n<meta property=\"og:type\" content=\"article\" \/>\n<meta property=\"og:title\" content=\"Forwarder Traktor Claas 1. Generation Lenkrad mit Hupe, Frontbagger, knickgelenkter Bagger und Anh\u00e4nger\" \/>\n<meta property=\"og:description\" content=\"Claas 1. Altersstufe Traktor mit Lenkrad und Hupe, Frontbagger, knickgelenktem Bagger und Anh\u00e4nger - 100% in Frankreich hergestellt - Besteht zu mindestens 90% aus recyceltem Kunststoff - Ab 12 Monaten.\" \/>\n<meta property=\"og:url\" content=\"https:\/\/falk-toys.com\/de\/produkt\/forwarder-traktor-claas-1-generation-lenkrad-mit-hupe-frontbagger-knickgelenkter-bagger-und-anhaenger\/\" \/>\n<meta property=\"og:site_name\" content=\"FALK - Toys that rolls\" \/>\n<meta property=\"article:publisher\" content=\"https:\/\/www.facebook.com\/FalkFR\/\" \/>\n<meta property=\"article:modified_time\" content=\"2024-10-08T09:57:31+00:00\" \/>\n<meta property=\"og:image\" content=\"https:\/\/falk-toys.com\/wp-content\/uploads\/2024\/10\/porteur-tracteur-claas-312n-pks.jpg\" \/>\n\t<meta property=\"og:image:width\" content=\"800\" \/>\n\t<meta property=\"og:image:height\" content=\"800\" \/>\n\t<meta property=\"og:image:type\" content=\"image\/jpeg\" \/>\n<meta name=\"twitter:card\" content=\"summary_large_image\" \/>\n<meta name=\"twitter:label1\" content=\"Preis\" \/>\n\t<meta name=\"twitter:data1\" content=\"46,99&euro;\" \/>\n\t<meta name=\"twitter:label2\" content=\"Verf\u00fcgbarkeit\" \/>\n\t<meta name=\"twitter:data2\" content=\"Auf Lager\" \/>\n<script type=\"application\/ld+json\" class=\"yoast-schema-graph\">{\"@context\":\"https:\\\/\\\/schema.org\",\"@graph\":[{\"@type\":\"WebPage\",\"@id\":\"https:\\\/\\\/falk-toys.com\\\/de\\\/produkt\\\/forwarder-traktor-claas-1-generation-lenkrad-mit-hupe-frontbagger-knickgelenkter-bagger-und-anhaenger\\\/\",\"url\":\"https:\\\/\\\/falk-toys.com\\\/de\\\/produkt\\\/forwarder-traktor-claas-1-generation-lenkrad-mit-hupe-frontbagger-knickgelenkter-bagger-und-anhaenger\\\/\",\"name\":\"Forwarder Traktor Claas 1. Generation Lenkrad mit Hupe, Frontbagger, knickgelenkter Bagger und Anh\u00e4nger | FALK - Toys that rolls\",\"isPartOf\":{\"@id\":\"https:\\\/\\\/falk-toys.com\\\/de\\\/#website\"},\"primaryImageOfPage\":{\"@id\":\"https:\\\/\\\/falk-toys.com\\\/de\\\/produkt\\\/forwarder-traktor-claas-1-generation-lenkrad-mit-hupe-frontbagger-knickgelenkter-bagger-und-anhaenger\\\/#primaryimage\"},\"image\":{\"@id\":\"https:\\\/\\\/falk-toys.com\\\/de\\\/produkt\\\/forwarder-traktor-claas-1-generation-lenkrad-mit-hupe-frontbagger-knickgelenkter-bagger-und-anhaenger\\\/#primaryimage\"},\"thumbnailUrl\":\"https:\\\/\\\/falk-toys.com\\\/wp-content\\\/uploads\\\/2024\\\/10\\\/porteur-tracteur-claas-312n-pks.jpg\",\"datePublished\":\"2024-10-08T09:57:10+00:00\",\"dateModified\":\"2024-10-08T09:57:31+00:00\",\"breadcrumb\":{\"@id\":\"https:\\\/\\\/falk-toys.com\\\/de\\\/produkt\\\/forwarder-traktor-claas-1-generation-lenkrad-mit-hupe-frontbagger-knickgelenkter-bagger-und-anhaenger\\\/#breadcrumb\"},\"inLanguage\":\"de\",\"potentialAction\":[{\"@type\":\"ReadAction\",\"target\":[\"https:\\\/\\\/falk-toys.com\\\/de\\\/produkt\\\/forwarder-traktor-claas-1-generation-lenkrad-mit-hupe-frontbagger-knickgelenkter-bagger-und-anhaenger\\\/\"]}]},{\"@type\":\"ImageObject\",\"inLanguage\":\"de\",\"@id\":\"https:\\\/\\\/falk-toys.com\\\/de\\\/produkt\\\/forwarder-traktor-claas-1-generation-lenkrad-mit-hupe-frontbagger-knickgelenkter-bagger-und-anhaenger\\\/#primaryimage\",\"url\":\"https:\\\/\\\/falk-toys.com\\\/wp-content\\\/uploads\\\/2024\\\/10\\\/porteur-tracteur-claas-312n-pks.jpg\",\"contentUrl\":\"https:\\\/\\\/falk-toys.com\\\/wp-content\\\/uploads\\\/2024\\\/10\\\/porteur-tracteur-claas-312n-pks.jpg\",\"width\":800,\"height\":800,\"caption\":\"Tr\u00e4ger Traktor Claas\"},{\"@type\":\"BreadcrumbList\",\"@id\":\"https:\\\/\\\/falk-toys.com\\\/de\\\/produkt\\\/forwarder-traktor-claas-1-generation-lenkrad-mit-hupe-frontbagger-knickgelenkter-bagger-und-anhaenger\\\/#breadcrumb\",\"itemListElement\":[{\"@type\":\"ListItem\",\"position\":1,\"name\":\"Home\",\"item\":\"https:\\\/\\\/falk-toys.com\\\/de\\\/\"},{\"@type\":\"ListItem\",\"position\":2,\"name\":\"Shop\",\"item\":\"https:\\\/\\\/falk-toys.com\\\/de\\\/shop\\\/\"},{\"@type\":\"ListItem\",\"position\":3,\"name\":\"Forwarder Traktor Claas 1. Generation Lenkrad mit Hupe, Frontbagger, knickgelenkter Bagger und Anh\u00e4nger\"}]},{\"@type\":\"WebSite\",\"@id\":\"https:\\\/\\\/falk-toys.com\\\/de\\\/#website\",\"url\":\"https:\\\/\\\/falk-toys.com\\\/de\\\/\",\"name\":\"FALK - Toys that rolls\",\"description\":\"Jouets fabriqu\u00e9s en France\",\"publisher\":{\"@id\":\"https:\\\/\\\/falk-toys.com\\\/de\\\/#organization\"},\"potentialAction\":[{\"@type\":\"SearchAction\",\"target\":{\"@type\":\"EntryPoint\",\"urlTemplate\":\"https:\\\/\\\/falk-toys.com\\\/de\\\/?s={search_term_string}\"},\"query-input\":{\"@type\":\"PropertyValueSpecification\",\"valueRequired\":true,\"valueName\":\"search_term_string\"}}],\"inLanguage\":\"de\"},{\"@type\":\"Organization\",\"@id\":\"https:\\\/\\\/falk-toys.com\\\/de\\\/#organization\",\"name\":\"Falk Toys\",\"url\":\"https:\\\/\\\/falk-toys.com\\\/de\\\/\",\"logo\":{\"@type\":\"ImageObject\",\"inLanguage\":\"de\",\"@id\":\"https:\\\/\\\/falk-toys.com\\\/de\\\/#\\\/schema\\\/logo\\\/image\\\/\",\"url\":\"https:\\\/\\\/falk-toys.com\\\/wp-content\\\/uploads\\\/2019\\\/12\\\/falk-logo@2x.png\",\"contentUrl\":\"https:\\\/\\\/falk-toys.com\\\/wp-content\\\/uploads\\\/2019\\\/12\\\/falk-logo@2x.png\",\"width\":436,\"height\":351,\"caption\":\"Falk Toys\"},\"image\":{\"@id\":\"https:\\\/\\\/falk-toys.com\\\/de\\\/#\\\/schema\\\/logo\\\/image\\\/\"},\"sameAs\":[\"https:\\\/\\\/www.facebook.com\\\/FalkFR\\\/\",\"https:\\\/\\\/www.instagram.com\\\/falk_toys\\\/\",\"https:\\\/\\\/www.youtube.com\\\/channel\\\/UCKZXf1_E8UsPhjAQo-Y5vlg\"]}]}<\/script>\n<meta property=\"product:price:amount\" content=\"46.99\" \/>\n<meta property=\"product:price:currency\" content=\"EUR\" \/>\n<meta property=\"og:availability\" content=\"instock\" \/>\n<meta property=\"product:availability\" content=\"instock\" \/>\n<meta property=\"product:retailer_item_id\" content=\"312N\" \/>\n<meta property=\"product:condition\" content=\"new\" \/>\n<!-- \/ Yoast SEO Premium plugin. -->","yoast_head_json":{"title":"Forwarder Traktor Claas 1. Generation Lenkrad mit Hupe, Frontbagger, knickgelenkter Bagger und Anh\u00e4nger | FALK - Toys that rolls","robots":{"index":"index","follow":"follow","max-snippet":"max-snippet:-1","max-image-preview":"max-image-preview:large","max-video-preview":"max-video-preview:-1"},"canonical":"https:\/\/falk-toys.com\/de\/produkt\/forwarder-traktor-claas-1-generation-lenkrad-mit-hupe-frontbagger-knickgelenkter-bagger-und-anhaenger\/","og_locale":"de_DE","og_type":"article","og_title":"Forwarder Traktor Claas 1. Generation Lenkrad mit Hupe, Frontbagger, knickgelenkter Bagger und Anh\u00e4nger","og_description":"Claas 1. Altersstufe Traktor mit Lenkrad und Hupe, Frontbagger, knickgelenktem Bagger und Anh\u00e4nger - 100% in Frankreich hergestellt - Besteht zu mindestens 90% aus recyceltem Kunststoff - Ab 12 Monaten.","og_url":"https:\/\/falk-toys.com\/de\/produkt\/forwarder-traktor-claas-1-generation-lenkrad-mit-hupe-frontbagger-knickgelenkter-bagger-und-anhaenger\/","og_site_name":"FALK - Toys that rolls","article_publisher":"https:\/\/www.facebook.com\/FalkFR\/","article_modified_time":"2024-10-08T09:57:31+00:00","og_image":[{"width":800,"height":800,"url":"https:\/\/falk-toys.com\/wp-content\/uploads\/2024\/10\/porteur-tracteur-claas-312n-pks.jpg","type":"image\/jpeg"}],"twitter_card":"summary_large_image","twitter_misc":{"Preis":"46,99&euro;","Verf\u00fcgbarkeit":"Auf Lager"},"schema":{"@context":"https:\/\/schema.org","@graph":[{"@type":"WebPage","@id":"https:\/\/falk-toys.com\/de\/produkt\/forwarder-traktor-claas-1-generation-lenkrad-mit-hupe-frontbagger-knickgelenkter-bagger-und-anhaenger\/","url":"https:\/\/falk-toys.com\/de\/produkt\/forwarder-traktor-claas-1-generation-lenkrad-mit-hupe-frontbagger-knickgelenkter-bagger-und-anhaenger\/","name":"Forwarder Traktor Claas 1. Generation Lenkrad mit Hupe, Frontbagger, knickgelenkter Bagger und Anh\u00e4nger | FALK - Toys that rolls","isPartOf":{"@id":"https:\/\/falk-toys.com\/de\/#website"},"primaryImageOfPage":{"@id":"https:\/\/falk-toys.com\/de\/produkt\/forwarder-traktor-claas-1-generation-lenkrad-mit-hupe-frontbagger-knickgelenkter-bagger-und-anhaenger\/#primaryimage"},"image":{"@id":"https:\/\/falk-toys.com\/de\/produkt\/forwarder-traktor-claas-1-generation-lenkrad-mit-hupe-frontbagger-knickgelenkter-bagger-und-anhaenger\/#primaryimage"},"thumbnailUrl":"https:\/\/falk-toys.com\/wp-content\/uploads\/2024\/10\/porteur-tracteur-claas-312n-pks.jpg","datePublished":"2024-10-08T09:57:10+00:00","dateModified":"2024-10-08T09:57:31+00:00","breadcrumb":{"@id":"https:\/\/falk-toys.com\/de\/produkt\/forwarder-traktor-claas-1-generation-lenkrad-mit-hupe-frontbagger-knickgelenkter-bagger-und-anhaenger\/#breadcrumb"},"inLanguage":"de","potentialAction":[{"@type":"ReadAction","target":["https:\/\/falk-toys.com\/de\/produkt\/forwarder-traktor-claas-1-generation-lenkrad-mit-hupe-frontbagger-knickgelenkter-bagger-und-anhaenger\/"]}]},{"@type":"ImageObject","inLanguage":"de","@id":"https:\/\/falk-toys.com\/de\/produkt\/forwarder-traktor-claas-1-generation-lenkrad-mit-hupe-frontbagger-knickgelenkter-bagger-und-anhaenger\/#primaryimage","url":"https:\/\/falk-toys.com\/wp-content\/uploads\/2024\/10\/porteur-tracteur-claas-312n-pks.jpg","contentUrl":"https:\/\/falk-toys.com\/wp-content\/uploads\/2024\/10\/porteur-tracteur-claas-312n-pks.jpg","width":800,"height":800,"caption":"Tr\u00e4ger Traktor Claas"},{"@type":"BreadcrumbList","@id":"https:\/\/falk-toys.com\/de\/produkt\/forwarder-traktor-claas-1-generation-lenkrad-mit-hupe-frontbagger-knickgelenkter-bagger-und-anhaenger\/#breadcrumb","itemListElement":[{"@type":"ListItem","position":1,"name":"Home","item":"https:\/\/falk-toys.com\/de\/"},{"@type":"ListItem","position":2,"name":"Shop","item":"https:\/\/falk-toys.com\/de\/shop\/"},{"@type":"ListItem","position":3,"name":"Forwarder Traktor Claas 1. Generation Lenkrad mit Hupe, Frontbagger, knickgelenkter Bagger und Anh\u00e4nger"}]},{"@type":"WebSite","@id":"https:\/\/falk-toys.com\/de\/#website","url":"https:\/\/falk-toys.com\/de\/","name":"FALK - Toys that rolls","description":"Jouets fabriqu\u00e9s en France","publisher":{"@id":"https:\/\/falk-toys.com\/de\/#organization"},"potentialAction":[{"@type":"SearchAction","target":{"@type":"EntryPoint","urlTemplate":"https:\/\/falk-toys.com\/de\/?s={search_term_string}"},"query-input":{"@type":"PropertyValueSpecification","valueRequired":true,"valueName":"search_term_string"}}],"inLanguage":"de"},{"@type":"Organization","@id":"https:\/\/falk-toys.com\/de\/#organization","name":"Falk Toys","url":"https:\/\/falk-toys.com\/de\/","logo":{"@type":"ImageObject","inLanguage":"de","@id":"https:\/\/falk-toys.com\/de\/#\/schema\/logo\/image\/","url":"https:\/\/falk-toys.com\/wp-content\/uploads\/2019\/12\/falk-logo@2x.png","contentUrl":"https:\/\/falk-toys.com\/wp-content\/uploads\/2019\/12\/falk-logo@2x.png","width":436,"height":351,"caption":"Falk Toys"},"image":{"@id":"https:\/\/falk-toys.com\/de\/#\/schema\/logo\/image\/"},"sameAs":["https:\/\/www.facebook.com\/FalkFR\/","https:\/\/www.instagram.com\/falk_toys\/","https:\/\/www.youtube.com\/channel\/UCKZXf1_E8UsPhjAQo-Y5vlg"]}]},"product_price_amount":"46.99","product_price_currency":"EUR","og_availability":"instock","product_availability":"instock","product_retailer_item_id":"312N","product_condition":"new"},"_links":{"self":[{"href":"https:\/\/falk-toys.com\/de\/wp-json\/wp\/v2\/product\/22714","targetHints":{"allow":["GET"]}}],"collection":[{"href":"https:\/\/falk-toys.com\/de\/wp-json\/wp\/v2\/product"}],"about":[{"href":"https:\/\/falk-toys.com\/de\/wp-json\/wp\/v2\/types\/product"}],"replies":[{"embeddable":true,"href":"https:\/\/falk-toys.com\/de\/wp-json\/wp\/v2\/comments?post=22714"}],"wp:featuredmedia":[{"embeddable":true,"href":"https:\/\/falk-toys.com\/de\/wp-json\/wp\/v2\/media\/20052"}],"wp:attachment":[{"href":"https:\/\/falk-toys.com\/de\/wp-json\/wp\/v2\/media?parent=22714"}],"wp:term":[{"taxonomy":"product_brand","embeddable":true,"href":"https:\/\/falk-toys.com\/de\/wp-json\/wp\/v2\/product_brand?post=22714"},{"taxonomy":"product_cat","embeddable":true,"href":"https:\/\/falk-toys.com\/de\/wp-json\/wp\/v2\/product_cat?post=22714"},{"taxonomy":"product_tag","embeddable":true,"href":"https:\/\/falk-toys.com\/de\/wp-json\/wp\/v2\/product_tag?post=22714"}],"curies":[{"name":"wp","href":"https:\/\/api.w.org\/{rel}","templated":true}]}}