{"id":22716,"date":"2025-03-04T09:00:04","date_gmt":"2025-03-04T08:00:04","guid":{"rendered":"https:\/\/falk-toys.com\/produit\/strada-scooter-mit-leisen-raedern-richtungsweisender-lenker-mit-hupe-blau-und-gelb\/"},"modified":"2026-04-20T11:24:23","modified_gmt":"2026-04-20T09:24:23","slug":"strada-scooter-mit-leisen-raedern-richtungsweisender-lenker-mit-hupe-blau-und-gelb","status":"publish","type":"product","link":"https:\/\/falk-toys.com\/de\/produkt\/strada-scooter-mit-leisen-raedern-richtungsweisender-lenker-mit-hupe-blau-und-gelb\/","title":{"rendered":"Strada Scooter mit leisen R\u00e4dern, richtungsweisender Lenker mit Hupe &#8211; Blau und Gelb"},"content":{"rendered":"<p>Avec ce pundit scooter &#8222;Strada&#8220; d\u00e9licieusement vintage, Falk fait un clin d&#8217;oeil \u00e0 son histoire en remundtant au go\u00fbt du jour un de ses jouunds phare des ann\u00e9es 70 qui, plus de 40 Jahre apr\u00e8s est rest\u00e9 100% Fabriqu\u00e9 en France !<br \/>\nCundte nouvelle version bien ancr\u00e9e dJahre son \u00e9poque avec ses couleurs tendances und son design tout en rondeur, s&#8217;\u00e9quipe de larges roues apportant la stabilit\u00e9 n\u00e9cessaire \u00e0 votre enfant pour lui permundtre de d\u00e9velopper son \u00e9quilibre und sa motricit\u00e9 en toute s\u00e9curit\u00e9. Leur rev\u00eatement \u00e9lastom\u00e8re rend l&#8217;utilisation de ce porteur parfaitement silencieuse en int\u00e9rieur comme en ext\u00e9rieur pour le plus grand bonheur des parents.<br \/>\n&#8222;Strada&#8220; se conduit comme un vrai scooter gr\u00e2ce \u00e0 son guidon directionnel qui conserve son pundit klaxon manuel qui amusait tant nos enfants und amuseront assur\u00e9ment les v\u00f4tres demain !<\/p>\n","protected":false},"excerpt":{"rendered":"<p>Strada Scooter mit Handhupe und ger\u00e4uscharmen R\u00e4dern &#8211; 100% Made in France f\u00fcr die kleinen Liebhaber bukolischer Spazierg\u00e4nge.<\/p>\n","protected":false},"featured_media":26124,"comment_status":"closed","ping_status":"closed","template":"","meta":{"_acf_changed":false,"site-sidebar-layout":"default","site-content-layout":"","ast-site-content-layout":"default","site-content-style":"default","site-sidebar-style":"default","ast-global-header-display":"","ast-banner-title-visibility":"","ast-main-header-display":"","ast-hfb-above-header-display":"","ast-hfb-below-header-display":"","ast-hfb-mobile-header-display":"","site-post-title":"","ast-breadcrumbs-content":"","ast-featured-img":"","footer-sml-layout":"","ast-disable-related-posts":"","theme-transparent-header-meta":"default","adv-header-id-meta":"","stick-header-meta":"","header-above-stick-meta":"","header-main-stick-meta":"","header-below-stick-meta":"","astra-migrate-meta-layouts":"default","ast-page-background-enabled":"default","ast-page-background-meta":{"desktop":{"background-color":"","background-image":"","background-repeat":"repeat","background-position":"center center","background-size":"auto","background-attachment":"scroll","background-type":"","background-media":"","overlay-type":"","overlay-color":"","overlay-opacity":"","overlay-gradient":""},"tablet":{"background-color":"","background-image":"","background-repeat":"repeat","background-position":"center center","background-size":"auto","background-attachment":"scroll","background-type":"","background-media":"","overlay-type":"","overlay-color":"","overlay-opacity":"","overlay-gradient":""},"mobile":{"background-color":"","background-image":"","background-repeat":"repeat","background-position":"center center","background-size":"auto","background-attachment":"scroll","background-type":"","background-media":"","overlay-type":"","overlay-color":"","overlay-opacity":"","overlay-gradient":""}},"ast-content-background-meta":{"desktop":{"background-color":"var(--ast-global-color-5)","background-image":"","background-repeat":"repeat","background-position":"center center","background-size":"auto","background-attachment":"scroll","background-type":"","background-media":"","overlay-type":"","overlay-color":"","overlay-opacity":"","overlay-gradient":""},"tablet":{"background-color":"var(--ast-global-color-5)","background-image":"","background-repeat":"repeat","background-position":"center center","background-size":"auto","background-attachment":"scroll","background-type":"","background-media":"","overlay-type":"","overlay-color":"","overlay-opacity":"","overlay-gradient":""},"mobile":{"background-color":"var(--ast-global-color-5)","background-image":"","background-repeat":"repeat","background-position":"center center","background-size":"auto","background-attachment":"scroll","background-type":"","background-media":"","overlay-type":"","overlay-color":"","overlay-opacity":"","overlay-gradient":""}}},"product_brand":[],"product_cat":[159,49],"product_tag":[640],"class_list":{"0":"post-22716","1":"product","2":"type-product","3":"status-publish","4":"has-post-thumbnail","6":"product_cat-1-3-jahre","7":"product_cat-die-kleinen-abenteurer","8":"product_tag-first-age-carriers-de","9":"desktop-align-left","10":"tablet-align-left","11":"mobile-align-left","13":"first","14":"instock","15":"taxable","16":"shipping-taxable","17":"purchasable","18":"product-type-simple"},"acf":[],"yoast_head":"<!-- This site is optimized with the Yoast SEO Premium plugin v25.8 (Yoast SEO v27.4) - https:\/\/yoast.com\/product\/yoast-seo-premium-wordpress\/ -->\n<title>Strada Scooter mit leisen R\u00e4dern, richtungsweisender Lenker mit Hupe - Blau und Gelb | FALK - Toys that rolls<\/title>\n<meta name=\"robots\" content=\"index, follow, max-snippet:-1, max-image-preview:large, max-video-preview:-1\" \/>\n<link rel=\"canonical\" href=\"https:\/\/falk-toys.com\/de\/produkt\/strada-scooter-mit-leisen-raedern-richtungsweisender-lenker-mit-hupe-blau-und-gelb\/\" \/>\n<meta property=\"og:locale\" content=\"de_DE\" \/>\n<meta property=\"og:type\" content=\"article\" \/>\n<meta property=\"og:title\" content=\"Strada Scooter mit leisen R\u00e4dern, richtungsweisender Lenker mit Hupe - Blau und Gelb\" \/>\n<meta property=\"og:description\" content=\"Strada Scooter mit Handhupe und ger\u00e4uscharmen R\u00e4dern - 100% Made in France f\u00fcr die kleinen Liebhaber bukolischer Spazierg\u00e4nge.\" \/>\n<meta property=\"og:url\" content=\"https:\/\/falk-toys.com\/de\/produkt\/strada-scooter-mit-leisen-raedern-richtungsweisender-lenker-mit-hupe-blau-und-gelb\/\" \/>\n<meta property=\"og:site_name\" content=\"FALK - Toys that rolls\" \/>\n<meta property=\"article:publisher\" content=\"https:\/\/www.facebook.com\/FalkFR\/\" \/>\n<meta property=\"article:modified_time\" content=\"2026-04-20T09:24:23+00:00\" \/>\n<meta property=\"og:image\" content=\"https:\/\/falk-toys.com\/wp-content\/uploads\/2024\/10\/draisienne-scooter-strada-800s-pks.jpg\" \/>\n\t<meta property=\"og:image:width\" content=\"800\" \/>\n\t<meta property=\"og:image:height\" content=\"800\" \/>\n\t<meta property=\"og:image:type\" content=\"image\/jpeg\" \/>\n<meta name=\"twitter:card\" content=\"summary_large_image\" \/>\n<meta name=\"twitter:label1\" content=\"Preis\" \/>\n\t<meta name=\"twitter:data1\" content=\"46,99&euro;\" \/>\n\t<meta name=\"twitter:label2\" content=\"Verf\u00fcgbarkeit\" \/>\n\t<meta name=\"twitter:data2\" content=\"Auf Lager\" \/>\n<script type=\"application\/ld+json\" class=\"yoast-schema-graph\">{\"@context\":\"https:\\\/\\\/schema.org\",\"@graph\":[{\"@type\":\"WebPage\",\"@id\":\"https:\\\/\\\/falk-toys.com\\\/de\\\/produkt\\\/strada-scooter-mit-leisen-raedern-richtungsweisender-lenker-mit-hupe-blau-und-gelb\\\/\",\"url\":\"https:\\\/\\\/falk-toys.com\\\/de\\\/produkt\\\/strada-scooter-mit-leisen-raedern-richtungsweisender-lenker-mit-hupe-blau-und-gelb\\\/\",\"name\":\"Strada Scooter mit leisen R\u00e4dern, richtungsweisender Lenker mit Hupe - Blau und Gelb | FALK - Toys that rolls\",\"isPartOf\":{\"@id\":\"https:\\\/\\\/falk-toys.com\\\/de\\\/#website\"},\"primaryImageOfPage\":{\"@id\":\"https:\\\/\\\/falk-toys.com\\\/de\\\/produkt\\\/strada-scooter-mit-leisen-raedern-richtungsweisender-lenker-mit-hupe-blau-und-gelb\\\/#primaryimage\"},\"image\":{\"@id\":\"https:\\\/\\\/falk-toys.com\\\/de\\\/produkt\\\/strada-scooter-mit-leisen-raedern-richtungsweisender-lenker-mit-hupe-blau-und-gelb\\\/#primaryimage\"},\"thumbnailUrl\":\"https:\\\/\\\/falk-toys.com\\\/wp-content\\\/uploads\\\/2024\\\/10\\\/800S_01.jpg\",\"datePublished\":\"2025-03-04T08:00:04+00:00\",\"dateModified\":\"2026-04-20T09:24:23+00:00\",\"breadcrumb\":{\"@id\":\"https:\\\/\\\/falk-toys.com\\\/de\\\/produkt\\\/strada-scooter-mit-leisen-raedern-richtungsweisender-lenker-mit-hupe-blau-und-gelb\\\/#breadcrumb\"},\"inLanguage\":\"de\",\"potentialAction\":[{\"@type\":\"ReadAction\",\"target\":[\"https:\\\/\\\/falk-toys.com\\\/de\\\/produkt\\\/strada-scooter-mit-leisen-raedern-richtungsweisender-lenker-mit-hupe-blau-und-gelb\\\/\"]}]},{\"@type\":\"ImageObject\",\"inLanguage\":\"de\",\"@id\":\"https:\\\/\\\/falk-toys.com\\\/de\\\/produkt\\\/strada-scooter-mit-leisen-raedern-richtungsweisender-lenker-mit-hupe-blau-und-gelb\\\/#primaryimage\",\"url\":\"https:\\\/\\\/falk-toys.com\\\/wp-content\\\/uploads\\\/2024\\\/10\\\/800S_01.jpg\",\"contentUrl\":\"https:\\\/\\\/falk-toys.com\\\/wp-content\\\/uploads\\\/2024\\\/10\\\/800S_01.jpg\",\"width\":2133,\"height\":2133,\"caption\":\"Draisienne Scooter Strada\"},{\"@type\":\"BreadcrumbList\",\"@id\":\"https:\\\/\\\/falk-toys.com\\\/de\\\/produkt\\\/strada-scooter-mit-leisen-raedern-richtungsweisender-lenker-mit-hupe-blau-und-gelb\\\/#breadcrumb\",\"itemListElement\":[{\"@type\":\"ListItem\",\"position\":1,\"name\":\"Home\",\"item\":\"https:\\\/\\\/falk-toys.com\\\/de\\\/\"},{\"@type\":\"ListItem\",\"position\":2,\"name\":\"Shop\",\"item\":\"https:\\\/\\\/falk-toys.com\\\/de\\\/shop\\\/\"},{\"@type\":\"ListItem\",\"position\":3,\"name\":\"Strada Scooter mit leisen R\u00e4dern, richtungsweisender Lenker mit Hupe &#8211; Blau und Gelb\"}]},{\"@type\":\"WebSite\",\"@id\":\"https:\\\/\\\/falk-toys.com\\\/de\\\/#website\",\"url\":\"https:\\\/\\\/falk-toys.com\\\/de\\\/\",\"name\":\"FALK - Toys that rolls\",\"description\":\"Jouets fabriqu\u00e9s en France\",\"publisher\":{\"@id\":\"https:\\\/\\\/falk-toys.com\\\/de\\\/#organization\"},\"potentialAction\":[{\"@type\":\"SearchAction\",\"target\":{\"@type\":\"EntryPoint\",\"urlTemplate\":\"https:\\\/\\\/falk-toys.com\\\/de\\\/?s={search_term_string}\"},\"query-input\":{\"@type\":\"PropertyValueSpecification\",\"valueRequired\":true,\"valueName\":\"search_term_string\"}}],\"inLanguage\":\"de\"},{\"@type\":\"Organization\",\"@id\":\"https:\\\/\\\/falk-toys.com\\\/de\\\/#organization\",\"name\":\"Falk Toys\",\"url\":\"https:\\\/\\\/falk-toys.com\\\/de\\\/\",\"logo\":{\"@type\":\"ImageObject\",\"inLanguage\":\"de\",\"@id\":\"https:\\\/\\\/falk-toys.com\\\/de\\\/#\\\/schema\\\/logo\\\/image\\\/\",\"url\":\"https:\\\/\\\/falk-toys.com\\\/wp-content\\\/uploads\\\/2019\\\/12\\\/falk-logo@2x.png\",\"contentUrl\":\"https:\\\/\\\/falk-toys.com\\\/wp-content\\\/uploads\\\/2019\\\/12\\\/falk-logo@2x.png\",\"width\":436,\"height\":351,\"caption\":\"Falk Toys\"},\"image\":{\"@id\":\"https:\\\/\\\/falk-toys.com\\\/de\\\/#\\\/schema\\\/logo\\\/image\\\/\"},\"sameAs\":[\"https:\\\/\\\/www.facebook.com\\\/FalkFR\\\/\",\"https:\\\/\\\/www.instagram.com\\\/falk_toys\\\/\",\"https:\\\/\\\/www.youtube.com\\\/channel\\\/UCKZXf1_E8UsPhjAQo-Y5vlg\"]}]}<\/script>\n<meta property=\"product:price:amount\" content=\"46.99\" \/>\n<meta property=\"product:price:currency\" content=\"EUR\" \/>\n<meta property=\"og:availability\" content=\"instock\" \/>\n<meta property=\"product:availability\" content=\"instock\" \/>\n<meta property=\"product:retailer_item_id\" content=\"800S\" \/>\n<meta property=\"product:condition\" content=\"new\" \/>\n<!-- \/ Yoast SEO Premium plugin. -->","yoast_head_json":{"title":"Strada Scooter mit leisen R\u00e4dern, richtungsweisender Lenker mit Hupe - Blau und Gelb | FALK - Toys that rolls","robots":{"index":"index","follow":"follow","max-snippet":"max-snippet:-1","max-image-preview":"max-image-preview:large","max-video-preview":"max-video-preview:-1"},"canonical":"https:\/\/falk-toys.com\/de\/produkt\/strada-scooter-mit-leisen-raedern-richtungsweisender-lenker-mit-hupe-blau-und-gelb\/","og_locale":"de_DE","og_type":"article","og_title":"Strada Scooter mit leisen R\u00e4dern, richtungsweisender Lenker mit Hupe - Blau und Gelb","og_description":"Strada Scooter mit Handhupe und ger\u00e4uscharmen R\u00e4dern - 100% Made in France f\u00fcr die kleinen Liebhaber bukolischer Spazierg\u00e4nge.","og_url":"https:\/\/falk-toys.com\/de\/produkt\/strada-scooter-mit-leisen-raedern-richtungsweisender-lenker-mit-hupe-blau-und-gelb\/","og_site_name":"FALK - Toys that rolls","article_publisher":"https:\/\/www.facebook.com\/FalkFR\/","article_modified_time":"2026-04-20T09:24:23+00:00","og_image":[{"width":800,"height":800,"url":"https:\/\/falk-toys.com\/wp-content\/uploads\/2024\/10\/draisienne-scooter-strada-800s-pks.jpg","type":"image\/jpeg"}],"twitter_card":"summary_large_image","twitter_misc":{"Preis":"46,99&euro;","Verf\u00fcgbarkeit":"Auf Lager"},"schema":{"@context":"https:\/\/schema.org","@graph":[{"@type":"WebPage","@id":"https:\/\/falk-toys.com\/de\/produkt\/strada-scooter-mit-leisen-raedern-richtungsweisender-lenker-mit-hupe-blau-und-gelb\/","url":"https:\/\/falk-toys.com\/de\/produkt\/strada-scooter-mit-leisen-raedern-richtungsweisender-lenker-mit-hupe-blau-und-gelb\/","name":"Strada Scooter mit leisen R\u00e4dern, richtungsweisender Lenker mit Hupe - Blau und Gelb | FALK - Toys that rolls","isPartOf":{"@id":"https:\/\/falk-toys.com\/de\/#website"},"primaryImageOfPage":{"@id":"https:\/\/falk-toys.com\/de\/produkt\/strada-scooter-mit-leisen-raedern-richtungsweisender-lenker-mit-hupe-blau-und-gelb\/#primaryimage"},"image":{"@id":"https:\/\/falk-toys.com\/de\/produkt\/strada-scooter-mit-leisen-raedern-richtungsweisender-lenker-mit-hupe-blau-und-gelb\/#primaryimage"},"thumbnailUrl":"https:\/\/falk-toys.com\/wp-content\/uploads\/2024\/10\/800S_01.jpg","datePublished":"2025-03-04T08:00:04+00:00","dateModified":"2026-04-20T09:24:23+00:00","breadcrumb":{"@id":"https:\/\/falk-toys.com\/de\/produkt\/strada-scooter-mit-leisen-raedern-richtungsweisender-lenker-mit-hupe-blau-und-gelb\/#breadcrumb"},"inLanguage":"de","potentialAction":[{"@type":"ReadAction","target":["https:\/\/falk-toys.com\/de\/produkt\/strada-scooter-mit-leisen-raedern-richtungsweisender-lenker-mit-hupe-blau-und-gelb\/"]}]},{"@type":"ImageObject","inLanguage":"de","@id":"https:\/\/falk-toys.com\/de\/produkt\/strada-scooter-mit-leisen-raedern-richtungsweisender-lenker-mit-hupe-blau-und-gelb\/#primaryimage","url":"https:\/\/falk-toys.com\/wp-content\/uploads\/2024\/10\/800S_01.jpg","contentUrl":"https:\/\/falk-toys.com\/wp-content\/uploads\/2024\/10\/800S_01.jpg","width":2133,"height":2133,"caption":"Draisienne Scooter Strada"},{"@type":"BreadcrumbList","@id":"https:\/\/falk-toys.com\/de\/produkt\/strada-scooter-mit-leisen-raedern-richtungsweisender-lenker-mit-hupe-blau-und-gelb\/#breadcrumb","itemListElement":[{"@type":"ListItem","position":1,"name":"Home","item":"https:\/\/falk-toys.com\/de\/"},{"@type":"ListItem","position":2,"name":"Shop","item":"https:\/\/falk-toys.com\/de\/shop\/"},{"@type":"ListItem","position":3,"name":"Strada Scooter mit leisen R\u00e4dern, richtungsweisender Lenker mit Hupe &#8211; Blau und Gelb"}]},{"@type":"WebSite","@id":"https:\/\/falk-toys.com\/de\/#website","url":"https:\/\/falk-toys.com\/de\/","name":"FALK - Toys that rolls","description":"Jouets fabriqu\u00e9s en France","publisher":{"@id":"https:\/\/falk-toys.com\/de\/#organization"},"potentialAction":[{"@type":"SearchAction","target":{"@type":"EntryPoint","urlTemplate":"https:\/\/falk-toys.com\/de\/?s={search_term_string}"},"query-input":{"@type":"PropertyValueSpecification","valueRequired":true,"valueName":"search_term_string"}}],"inLanguage":"de"},{"@type":"Organization","@id":"https:\/\/falk-toys.com\/de\/#organization","name":"Falk Toys","url":"https:\/\/falk-toys.com\/de\/","logo":{"@type":"ImageObject","inLanguage":"de","@id":"https:\/\/falk-toys.com\/de\/#\/schema\/logo\/image\/","url":"https:\/\/falk-toys.com\/wp-content\/uploads\/2019\/12\/falk-logo@2x.png","contentUrl":"https:\/\/falk-toys.com\/wp-content\/uploads\/2019\/12\/falk-logo@2x.png","width":436,"height":351,"caption":"Falk Toys"},"image":{"@id":"https:\/\/falk-toys.com\/de\/#\/schema\/logo\/image\/"},"sameAs":["https:\/\/www.facebook.com\/FalkFR\/","https:\/\/www.instagram.com\/falk_toys\/","https:\/\/www.youtube.com\/channel\/UCKZXf1_E8UsPhjAQo-Y5vlg"]}]},"product_price_amount":"46.99","product_price_currency":"EUR","og_availability":"instock","product_availability":"instock","product_retailer_item_id":"800S","product_condition":"new"},"_links":{"self":[{"href":"https:\/\/falk-toys.com\/de\/wp-json\/wp\/v2\/product\/22716","targetHints":{"allow":["GET"]}}],"collection":[{"href":"https:\/\/falk-toys.com\/de\/wp-json\/wp\/v2\/product"}],"about":[{"href":"https:\/\/falk-toys.com\/de\/wp-json\/wp\/v2\/types\/product"}],"replies":[{"embeddable":true,"href":"https:\/\/falk-toys.com\/de\/wp-json\/wp\/v2\/comments?post=22716"}],"wp:featuredmedia":[{"embeddable":true,"href":"https:\/\/falk-toys.com\/de\/wp-json\/wp\/v2\/media\/26124"}],"wp:attachment":[{"href":"https:\/\/falk-toys.com\/de\/wp-json\/wp\/v2\/media?parent=22716"}],"wp:term":[{"taxonomy":"product_brand","embeddable":true,"href":"https:\/\/falk-toys.com\/de\/wp-json\/wp\/v2\/product_brand?post=22716"},{"taxonomy":"product_cat","embeddable":true,"href":"https:\/\/falk-toys.com\/de\/wp-json\/wp\/v2\/product_cat?post=22716"},{"taxonomy":"product_tag","embeddable":true,"href":"https:\/\/falk-toys.com\/de\/wp-json\/wp\/v2\/product_tag?post=22716"}],"curies":[{"name":"wp","href":"https:\/\/api.w.org\/{rel}","templated":true}]}}