{"id":22430,"date":"2024-11-10T09:25:35","date_gmt":"2024-11-10T08:25:35","guid":{"rendered":"https:\/\/falk-toys.com\/produit\/komatsu-backhoe-with-excavator-and-maxi-tilt-trailer\/"},"modified":"2026-03-20T01:59:26","modified_gmt":"2026-03-20T00:59:26","slug":"komatsu-backhoe-with-excavator-and-maxi-tilt-trailer","status":"publish","type":"product","link":"https:\/\/falk-toys.com\/en\/product\/komatsu-backhoe-with-excavator-and-maxi-tilt-trailer\/","title":{"rendered":"Komatsu backhoe with excavator and Maxi tilt trailer"},"content":{"rendered":"<p>More than just a backhoe! This 100% made in France faithful pedal replica of a Komatsu backhoe is a perfect playing platform for little adventurers from 3 to 7 years old. From the 360\u00b0 swivelling cab your child can easily reach not only the steering wheel with horn, but also the front loader and rear excavator. It is equipped with a maxi tipping trailer that offers unlimited play opportunities. Digging and transporting have never been so much fun!<\/p>\n","protected":false},"excerpt":{"rendered":"<p>Komatsu backhoe, equipped with front loader, excavator and tilt trailer. A perfect playing platform &#8211; 100% made in France for little adventurers from 3 to 7 years old.<\/p>\n","protected":false},"featured_media":22944,"comment_status":"closed","ping_status":"closed","template":"","meta":{"_acf_changed":false,"site-sidebar-layout":"default","site-content-layout":"","ast-site-content-layout":"default","site-content-style":"default","site-sidebar-style":"default","ast-global-header-display":"","ast-banner-title-visibility":"","ast-main-header-display":"","ast-hfb-above-header-display":"","ast-hfb-below-header-display":"","ast-hfb-mobile-header-display":"","site-post-title":"","ast-breadcrumbs-content":"","ast-featured-img":"","footer-sml-layout":"","theme-transparent-header-meta":"default","adv-header-id-meta":"","stick-header-meta":"","header-above-stick-meta":"","header-main-stick-meta":"","header-below-stick-meta":"","astra-migrate-meta-layouts":"default","ast-page-background-enabled":"default","ast-page-background-meta":{"desktop":{"background-color":"","background-image":"","background-repeat":"repeat","background-position":"center center","background-size":"auto","background-attachment":"scroll","background-type":"","background-media":"","overlay-type":"","overlay-color":"","overlay-opacity":"","overlay-gradient":""},"tablet":{"background-color":"","background-image":"","background-repeat":"repeat","background-position":"center center","background-size":"auto","background-attachment":"scroll","background-type":"","background-media":"","overlay-type":"","overlay-color":"","overlay-opacity":"","overlay-gradient":""},"mobile":{"background-color":"","background-image":"","background-repeat":"repeat","background-position":"center center","background-size":"auto","background-attachment":"scroll","background-type":"","background-media":"","overlay-type":"","overlay-color":"","overlay-opacity":"","overlay-gradient":""}},"ast-content-background-meta":{"desktop":{"background-color":"var(--ast-global-color-5)","background-image":"","background-repeat":"repeat","background-position":"center center","background-size":"auto","background-attachment":"scroll","background-type":"","background-media":"","overlay-type":"","overlay-color":"","overlay-opacity":"","overlay-gradient":""},"tablet":{"background-color":"var(--ast-global-color-5)","background-image":"","background-repeat":"repeat","background-position":"center center","background-size":"auto","background-attachment":"scroll","background-type":"","background-media":"","overlay-type":"","overlay-color":"","overlay-opacity":"","overlay-gradient":""},"mobile":{"background-color":"var(--ast-global-color-5)","background-image":"","background-repeat":"repeat","background-position":"center center","background-size":"auto","background-attachment":"scroll","background-type":"","background-media":"","overlay-type":"","overlay-color":"","overlay-opacity":"","overlay-gradient":""}}},"product_brand":[],"product_cat":[158,117,41],"product_tag":[64],"class_list":{"0":"post-22430","1":"product","2":"type-product","3":"status-publish","4":"has-post-thumbnail","6":"product_cat-3-7-years","7":"product_cat-komatsu-en","8":"product_cat-the-little-builders","9":"product_tag-backhoe-loaders","10":"desktop-align-left","11":"tablet-align-left","12":"mobile-align-left","14":"first","15":"instock","16":"sale","17":"taxable","18":"shipping-taxable","19":"purchasable","20":"product-type-simple"},"acf":[],"yoast_head":"<!-- This site is optimized with the Yoast SEO Premium plugin v25.8 (Yoast SEO v26.3) - https:\/\/yoast.com\/wordpress\/plugins\/seo\/ -->\n<title>Komatsu backhoe with excavator and Maxi tilt trailer | FALK - Toys that rolls<\/title>\n<meta name=\"robots\" content=\"index, follow, max-snippet:-1, max-image-preview:large, max-video-preview:-1\" \/>\n<link rel=\"canonical\" href=\"https:\/\/falk-toys.com\/en\/product\/komatsu-backhoe-with-excavator-and-maxi-tilt-trailer\/\" \/>\n<meta property=\"og:locale\" content=\"en_US\" \/>\n<meta property=\"og:type\" content=\"article\" \/>\n<meta property=\"og:title\" content=\"Komatsu backhoe with excavator and Maxi tilt trailer\" \/>\n<meta property=\"og:description\" content=\"Komatsu backhoe, equipped with front loader, excavator and tilt trailer. A perfect playing platform - 100% made in France for little adventurers from 3 to 7 years old.\" \/>\n<meta property=\"og:url\" content=\"https:\/\/falk-toys.com\/en\/product\/komatsu-backhoe-with-excavator-and-maxi-tilt-trailer\/\" \/>\n<meta property=\"og:site_name\" content=\"FALK - Toys that rolls\" \/>\n<meta property=\"article:publisher\" content=\"https:\/\/www.facebook.com\/FalkFR\/\" \/>\n<meta property=\"article:modified_time\" content=\"2026-03-20T00:59:26+00:00\" \/>\n<meta property=\"og:image\" content=\"https:\/\/falk-toys.com\/wp-content\/uploads\/2024\/10\/tractopelle-komatsu-remorque-remorque-basculante-2086w-1.jpg.jpg\" \/>\n\t<meta property=\"og:image:width\" content=\"800\" \/>\n\t<meta property=\"og:image:height\" content=\"800\" \/>\n\t<meta property=\"og:image:type\" content=\"image\/jpeg\" \/>\n<meta name=\"twitter:card\" content=\"summary_large_image\" \/>\n<meta name=\"twitter:label1\" content=\"Price\" \/>\n\t<meta name=\"twitter:data1\" content=\"249,99&euro;\" \/>\n\t<meta name=\"twitter:label2\" content=\"Availability\" \/>\n\t<meta name=\"twitter:data2\" content=\"In stock\" \/>\n<script type=\"application\/ld+json\" class=\"yoast-schema-graph\">{\"@context\":\"https:\/\/schema.org\",\"@graph\":[{\"@type\":\"WebPage\",\"@id\":\"https:\/\/falk-toys.com\/en\/product\/komatsu-backhoe-with-excavator-and-maxi-tilt-trailer\/\",\"url\":\"https:\/\/falk-toys.com\/en\/product\/komatsu-backhoe-with-excavator-and-maxi-tilt-trailer\/\",\"name\":\"Komatsu backhoe with excavator and Maxi tilt trailer | FALK - Toys that rolls\",\"isPartOf\":{\"@id\":\"https:\/\/falk-toys.com\/en\/#website\"},\"primaryImageOfPage\":{\"@id\":\"https:\/\/falk-toys.com\/en\/product\/komatsu-backhoe-with-excavator-and-maxi-tilt-trailer\/#primaryimage\"},\"image\":{\"@id\":\"https:\/\/falk-toys.com\/en\/product\/komatsu-backhoe-with-excavator-and-maxi-tilt-trailer\/#primaryimage\"},\"thumbnailUrl\":\"https:\/\/falk-toys.com\/wp-content\/uploads\/2024\/10\/tractopelle-komatsu-remorque-remorque-basculante-2086w-1.jpg.jpg\",\"datePublished\":\"2024-11-10T08:25:35+00:00\",\"dateModified\":\"2026-03-20T00:59:26+00:00\",\"breadcrumb\":{\"@id\":\"https:\/\/falk-toys.com\/en\/product\/komatsu-backhoe-with-excavator-and-maxi-tilt-trailer\/#breadcrumb\"},\"inLanguage\":\"en-US\",\"potentialAction\":[{\"@type\":\"ReadAction\",\"target\":[\"https:\/\/falk-toys.com\/en\/product\/komatsu-backhoe-with-excavator-and-maxi-tilt-trailer\/\"]}]},{\"@type\":\"ImageObject\",\"inLanguage\":\"en-US\",\"@id\":\"https:\/\/falk-toys.com\/en\/product\/komatsu-backhoe-with-excavator-and-maxi-tilt-trailer\/#primaryimage\",\"url\":\"https:\/\/falk-toys.com\/wp-content\/uploads\/2024\/10\/tractopelle-komatsu-remorque-remorque-basculante-2086w-1.jpg.jpg\",\"contentUrl\":\"https:\/\/falk-toys.com\/wp-content\/uploads\/2024\/10\/tractopelle-komatsu-remorque-remorque-basculante-2086w-1.jpg.jpg\",\"width\":800,\"height\":800,\"caption\":\"Tractopelle \u00e0 p\u00e9dales Komatsu avec excavatrice arri\u00e8re et remorque basculante\"},{\"@type\":\"BreadcrumbList\",\"@id\":\"https:\/\/falk-toys.com\/en\/product\/komatsu-backhoe-with-excavator-and-maxi-tilt-trailer\/#breadcrumb\",\"itemListElement\":[{\"@type\":\"ListItem\",\"position\":1,\"name\":\"Home\",\"item\":\"https:\/\/falk-toys.com\/en\/\"},{\"@type\":\"ListItem\",\"position\":2,\"name\":\"Shop\",\"item\":\"https:\/\/falk-toys.com\/en\/shop\/\"},{\"@type\":\"ListItem\",\"position\":3,\"name\":\"Komatsu backhoe with excavator and Maxi tilt trailer\"}]},{\"@type\":\"WebSite\",\"@id\":\"https:\/\/falk-toys.com\/en\/#website\",\"url\":\"https:\/\/falk-toys.com\/en\/\",\"name\":\"FALK - Toys that rolls\",\"description\":\"Jouets fabriqu\u00e9s en France\",\"publisher\":{\"@id\":\"https:\/\/falk-toys.com\/en\/#organization\"},\"potentialAction\":[{\"@type\":\"SearchAction\",\"target\":{\"@type\":\"EntryPoint\",\"urlTemplate\":\"https:\/\/falk-toys.com\/en\/?s={search_term_string}\"},\"query-input\":{\"@type\":\"PropertyValueSpecification\",\"valueRequired\":true,\"valueName\":\"search_term_string\"}}],\"inLanguage\":\"en-US\"},{\"@type\":\"Organization\",\"@id\":\"https:\/\/falk-toys.com\/en\/#organization\",\"name\":\"Falk Toys\",\"url\":\"https:\/\/falk-toys.com\/en\/\",\"logo\":{\"@type\":\"ImageObject\",\"inLanguage\":\"en-US\",\"@id\":\"https:\/\/falk-toys.com\/en\/#\/schema\/logo\/image\/\",\"url\":\"https:\/\/falk-toys.com\/wp-content\/uploads\/2019\/12\/falk-logo@2x.png\",\"contentUrl\":\"https:\/\/falk-toys.com\/wp-content\/uploads\/2019\/12\/falk-logo@2x.png\",\"width\":436,\"height\":351,\"caption\":\"Falk Toys\"},\"image\":{\"@id\":\"https:\/\/falk-toys.com\/en\/#\/schema\/logo\/image\/\"},\"sameAs\":[\"https:\/\/www.facebook.com\/FalkFR\/\",\"https:\/\/www.instagram.com\/falk_toys\/\",\"https:\/\/www.youtube.com\/channel\/UCKZXf1_E8UsPhjAQo-Y5vlg\"]}]}<\/script>\n<meta property=\"product:price:amount\" content=\"249.99\" \/>\n<meta property=\"product:price:currency\" content=\"EUR\" \/>\n<meta property=\"og:availability\" content=\"instock\" \/>\n<meta property=\"product:availability\" content=\"instock\" \/>\n<meta property=\"product:retailer_item_id\" content=\"2086W\" \/>\n<meta property=\"product:condition\" content=\"new\" \/>\n<!-- \/ Yoast SEO Premium plugin. -->","yoast_head_json":{"title":"Komatsu backhoe with excavator and Maxi tilt trailer | FALK - Toys that rolls","robots":{"index":"index","follow":"follow","max-snippet":"max-snippet:-1","max-image-preview":"max-image-preview:large","max-video-preview":"max-video-preview:-1"},"canonical":"https:\/\/falk-toys.com\/en\/product\/komatsu-backhoe-with-excavator-and-maxi-tilt-trailer\/","og_locale":"en_US","og_type":"article","og_title":"Komatsu backhoe with excavator and Maxi tilt trailer","og_description":"Komatsu backhoe, equipped with front loader, excavator and tilt trailer. A perfect playing platform - 100% made in France for little adventurers from 3 to 7 years old.","og_url":"https:\/\/falk-toys.com\/en\/product\/komatsu-backhoe-with-excavator-and-maxi-tilt-trailer\/","og_site_name":"FALK - Toys that rolls","article_publisher":"https:\/\/www.facebook.com\/FalkFR\/","article_modified_time":"2026-03-20T00:59:26+00:00","og_image":[{"width":800,"height":800,"url":"https:\/\/falk-toys.com\/wp-content\/uploads\/2024\/10\/tractopelle-komatsu-remorque-remorque-basculante-2086w-1.jpg.jpg","type":"image\/jpeg"}],"twitter_card":"summary_large_image","twitter_misc":{"Price":"249,99&euro;","Availability":"In stock"},"schema":{"@context":"https:\/\/schema.org","@graph":[{"@type":"WebPage","@id":"https:\/\/falk-toys.com\/en\/product\/komatsu-backhoe-with-excavator-and-maxi-tilt-trailer\/","url":"https:\/\/falk-toys.com\/en\/product\/komatsu-backhoe-with-excavator-and-maxi-tilt-trailer\/","name":"Komatsu backhoe with excavator and Maxi tilt trailer | FALK - Toys that rolls","isPartOf":{"@id":"https:\/\/falk-toys.com\/en\/#website"},"primaryImageOfPage":{"@id":"https:\/\/falk-toys.com\/en\/product\/komatsu-backhoe-with-excavator-and-maxi-tilt-trailer\/#primaryimage"},"image":{"@id":"https:\/\/falk-toys.com\/en\/product\/komatsu-backhoe-with-excavator-and-maxi-tilt-trailer\/#primaryimage"},"thumbnailUrl":"https:\/\/falk-toys.com\/wp-content\/uploads\/2024\/10\/tractopelle-komatsu-remorque-remorque-basculante-2086w-1.jpg.jpg","datePublished":"2024-11-10T08:25:35+00:00","dateModified":"2026-03-20T00:59:26+00:00","breadcrumb":{"@id":"https:\/\/falk-toys.com\/en\/product\/komatsu-backhoe-with-excavator-and-maxi-tilt-trailer\/#breadcrumb"},"inLanguage":"en-US","potentialAction":[{"@type":"ReadAction","target":["https:\/\/falk-toys.com\/en\/product\/komatsu-backhoe-with-excavator-and-maxi-tilt-trailer\/"]}]},{"@type":"ImageObject","inLanguage":"en-US","@id":"https:\/\/falk-toys.com\/en\/product\/komatsu-backhoe-with-excavator-and-maxi-tilt-trailer\/#primaryimage","url":"https:\/\/falk-toys.com\/wp-content\/uploads\/2024\/10\/tractopelle-komatsu-remorque-remorque-basculante-2086w-1.jpg.jpg","contentUrl":"https:\/\/falk-toys.com\/wp-content\/uploads\/2024\/10\/tractopelle-komatsu-remorque-remorque-basculante-2086w-1.jpg.jpg","width":800,"height":800,"caption":"Tractopelle \u00e0 p\u00e9dales Komatsu avec excavatrice arri\u00e8re et remorque basculante"},{"@type":"BreadcrumbList","@id":"https:\/\/falk-toys.com\/en\/product\/komatsu-backhoe-with-excavator-and-maxi-tilt-trailer\/#breadcrumb","itemListElement":[{"@type":"ListItem","position":1,"name":"Home","item":"https:\/\/falk-toys.com\/en\/"},{"@type":"ListItem","position":2,"name":"Shop","item":"https:\/\/falk-toys.com\/en\/shop\/"},{"@type":"ListItem","position":3,"name":"Komatsu backhoe with excavator and Maxi tilt trailer"}]},{"@type":"WebSite","@id":"https:\/\/falk-toys.com\/en\/#website","url":"https:\/\/falk-toys.com\/en\/","name":"FALK - Toys that rolls","description":"Jouets fabriqu\u00e9s en France","publisher":{"@id":"https:\/\/falk-toys.com\/en\/#organization"},"potentialAction":[{"@type":"SearchAction","target":{"@type":"EntryPoint","urlTemplate":"https:\/\/falk-toys.com\/en\/?s={search_term_string}"},"query-input":{"@type":"PropertyValueSpecification","valueRequired":true,"valueName":"search_term_string"}}],"inLanguage":"en-US"},{"@type":"Organization","@id":"https:\/\/falk-toys.com\/en\/#organization","name":"Falk Toys","url":"https:\/\/falk-toys.com\/en\/","logo":{"@type":"ImageObject","inLanguage":"en-US","@id":"https:\/\/falk-toys.com\/en\/#\/schema\/logo\/image\/","url":"https:\/\/falk-toys.com\/wp-content\/uploads\/2019\/12\/falk-logo@2x.png","contentUrl":"https:\/\/falk-toys.com\/wp-content\/uploads\/2019\/12\/falk-logo@2x.png","width":436,"height":351,"caption":"Falk Toys"},"image":{"@id":"https:\/\/falk-toys.com\/en\/#\/schema\/logo\/image\/"},"sameAs":["https:\/\/www.facebook.com\/FalkFR\/","https:\/\/www.instagram.com\/falk_toys\/","https:\/\/www.youtube.com\/channel\/UCKZXf1_E8UsPhjAQo-Y5vlg"]}]},"product_price_amount":"249.99","product_price_currency":"EUR","og_availability":"instock","product_availability":"instock","product_retailer_item_id":"2086W","product_condition":"new"},"_links":{"self":[{"href":"https:\/\/falk-toys.com\/en\/wp-json\/wp\/v2\/product\/22430","targetHints":{"allow":["GET"]}}],"collection":[{"href":"https:\/\/falk-toys.com\/en\/wp-json\/wp\/v2\/product"}],"about":[{"href":"https:\/\/falk-toys.com\/en\/wp-json\/wp\/v2\/types\/product"}],"replies":[{"embeddable":true,"href":"https:\/\/falk-toys.com\/en\/wp-json\/wp\/v2\/comments?post=22430"}],"wp:featuredmedia":[{"embeddable":true,"href":"https:\/\/falk-toys.com\/en\/wp-json\/wp\/v2\/media\/22944"}],"wp:attachment":[{"href":"https:\/\/falk-toys.com\/en\/wp-json\/wp\/v2\/media?parent=22430"}],"wp:term":[{"taxonomy":"product_brand","embeddable":true,"href":"https:\/\/falk-toys.com\/en\/wp-json\/wp\/v2\/product_brand?post=22430"},{"taxonomy":"product_cat","embeddable":true,"href":"https:\/\/falk-toys.com\/en\/wp-json\/wp\/v2\/product_cat?post=22430"},{"taxonomy":"product_tag","embeddable":true,"href":"https:\/\/falk-toys.com\/en\/wp-json\/wp\/v2\/product_tag?post=22430"}],"curies":[{"name":"wp","href":"https:\/\/api.w.org\/{rel}","templated":true}]}}