{"id":29717,"date":"2025-07-17T10:04:29","date_gmt":"2025-07-17T08:04:29","guid":{"rendered":"https:\/\/falk-toys.com\/produit\/prem1er-balance-bike-with-silent-wheels\/"},"modified":"2025-09-15T14:45:08","modified_gmt":"2025-09-15T12:45:08","slug":"prem1er-balance-bike-with-silent-wheels","status":"publish","type":"product","link":"https:\/\/falk-toys.com\/en\/product\/prem1er-balance-bike-with-silent-wheels\/","title":{"rendered":"&#8220;Prem1er&#8221; balance bike with silent wheels"},"content":{"rendered":"<p>The &#8220;Prem1er&#8221; balance bike with silent wheels is bold with its retro yet modern design. It is 100% made in France from 75% recycled plastic. <\/p>\n<p>Chez Falk, pr\u00e9server l\u2019environnement s\u2019apprend d\u00e8s les premiers pas de nos enfants !<\/p>\n<p>Avec ses larges roues silencieuses et antid\u00e9rapantes, cette moto draisienne &#8220;Prem1er&#8221; apporte \u00e9galement la stabilit\u00e9 n\u00e9cessaire \u00e0 votre enfant pour lui permettre de d\u00e9velopper son \u00e9quilibre et sa motricit\u00e9 en toute s\u00e9curit\u00e9. Ses roues ne laissent pas de marques sur le sol ce qui la rend parfaitement adapt\u00e9e \u00e0 un usage en int\u00e9rieur comme en ext\u00e9rieur. <\/p>\n<p>Attention ! Ne dois pas \u00eatre utilis\u00e9 par les enfants de plus de 36 mois de par sa conception. <\/p>\n","protected":false},"excerpt":{"rendered":"<p>Moto \u00ab Premier \u00bb &#8211; Draisienne vintage avec larges roues silencieuses et antid\u00e9rapantes &#8211; Vert &#8211; 75% Plastique Recycl\u00e9 &#8211; 100% Fabriqu\u00e9 en France &#8211; D\u00e8s 12 mois<\/p>\n","protected":false},"featured_media":25909,"comment_status":"open","ping_status":"closed","template":"","meta":{"_acf_changed":false,"site-sidebar-layout":"default","site-content-layout":"","ast-site-content-layout":"default","site-content-style":"default","site-sidebar-style":"default","ast-global-header-display":"","ast-banner-title-visibility":"","ast-main-header-display":"","ast-hfb-above-header-display":"","ast-hfb-below-header-display":"","ast-hfb-mobile-header-display":"","site-post-title":"","ast-breadcrumbs-content":"","ast-featured-img":"","footer-sml-layout":"","theme-transparent-header-meta":"default","adv-header-id-meta":"","stick-header-meta":"","header-above-stick-meta":"","header-main-stick-meta":"","header-below-stick-meta":"","astra-migrate-meta-layouts":"set","ast-page-background-enabled":"default","ast-page-background-meta":{"desktop":{"background-color":"","background-image":"","background-repeat":"repeat","background-position":"center center","background-size":"auto","background-attachment":"scroll","background-type":"","background-media":"","overlay-type":"","overlay-color":"","overlay-opacity":"","overlay-gradient":""},"tablet":{"background-color":"","background-image":"","background-repeat":"repeat","background-position":"center center","background-size":"auto","background-attachment":"scroll","background-type":"","background-media":"","overlay-type":"","overlay-color":"","overlay-opacity":"","overlay-gradient":""},"mobile":{"background-color":"","background-image":"","background-repeat":"repeat","background-position":"center center","background-size":"auto","background-attachment":"scroll","background-type":"","background-media":"","overlay-type":"","overlay-color":"","overlay-opacity":"","overlay-gradient":""}},"ast-content-background-meta":{"desktop":{"background-color":"var(--ast-global-color-5)","background-image":"","background-repeat":"repeat","background-position":"center center","background-size":"auto","background-attachment":"scroll","background-type":"","background-media":"","overlay-type":"","overlay-color":"","overlay-opacity":"","overlay-gradient":""},"tablet":{"background-color":"var(--ast-global-color-5)","background-image":"","background-repeat":"repeat","background-position":"center center","background-size":"auto","background-attachment":"scroll","background-type":"","background-media":"","overlay-type":"","overlay-color":"","overlay-opacity":"","overlay-gradient":""},"mobile":{"background-color":"var(--ast-global-color-5)","background-image":"","background-repeat":"repeat","background-position":"center center","background-size":"auto","background-attachment":"scroll","background-type":"","background-media":"","overlay-type":"","overlay-color":"","overlay-opacity":"","overlay-gradient":""}}},"product_brand":[],"product_cat":[156,39],"product_tag":[61,59],"class_list":{"0":"post-29717","1":"product","2":"type-product","3":"status-publish","4":"has-post-thumbnail","6":"product_cat-1-3-years","7":"product_cat-the-little-furies","8":"product_tag-first-age-carriers","9":"product_tag-motorcycles","10":"desktop-align-left","11":"tablet-align-left","12":"mobile-align-left","14":"first","15":"instock","16":"taxable","17":"shipping-taxable","18":"purchasable","19":"product-type-simple"},"acf":[],"yoast_head":"<!-- This site is optimized with the Yoast SEO Premium plugin v25.8 (Yoast SEO v26.3) - https:\/\/yoast.com\/wordpress\/plugins\/seo\/ -->\n<title>&quot;Prem1er&quot; balance bike with silent wheels | 451S | FALK<\/title>\n<meta name=\"description\" content=\"La moto draisienne &quot;Prem1er&quot; \u00e0 roues silencieuses d\u00e8s 12 mois. Avec son design r\u00e9tro, c&#039;est la moto id\u00e9ale en int\u00e9rieur comme en ext\u00e9rieur.\" \/>\n<meta name=\"robots\" content=\"index, follow, max-snippet:-1, max-image-preview:large, max-video-preview:-1\" \/>\n<link rel=\"canonical\" href=\"https:\/\/falk-toys.com\/en\/product\/prem1er-balance-bike-with-silent-wheels\/\" \/>\n<meta property=\"og:locale\" content=\"en_US\" \/>\n<meta property=\"og:type\" content=\"article\" \/>\n<meta property=\"og:title\" content=\"&quot;Prem1er&quot; balance bike with silent wheels\" \/>\n<meta property=\"og:description\" content=\"La moto draisienne &quot;Prem1er&quot; \u00e0 roues silencieuses d\u00e8s 12 mois. Avec son design r\u00e9tro, c&#039;est la moto id\u00e9ale en int\u00e9rieur comme en ext\u00e9rieur.\" \/>\n<meta property=\"og:url\" content=\"https:\/\/falk-toys.com\/en\/product\/prem1er-balance-bike-with-silent-wheels\/\" \/>\n<meta property=\"og:site_name\" content=\"FALK - Toys that rolls\" \/>\n<meta property=\"article:publisher\" content=\"https:\/\/www.facebook.com\/FalkFR\/\" \/>\n<meta property=\"article:modified_time\" content=\"2025-09-15T12:45:08+00:00\" \/>\n<meta property=\"og:image\" content=\"https:\/\/falk-toys.com\/wp-content\/uploads\/2025\/07\/451S_01_01.jpg\" \/>\n\t<meta property=\"og:image:width\" content=\"2133\" \/>\n\t<meta property=\"og:image:height\" content=\"2133\" \/>\n\t<meta property=\"og:image:type\" content=\"image\/jpeg\" \/>\n<meta name=\"twitter:card\" content=\"summary_large_image\" \/>\n<meta name=\"twitter:label1\" content=\"Price\" \/>\n\t<meta name=\"twitter:data1\" content=\"46,99&euro;\" \/>\n\t<meta name=\"twitter:label2\" content=\"Availability\" \/>\n\t<meta name=\"twitter:data2\" content=\"In stock\" \/>\n<script type=\"application\/ld+json\" class=\"yoast-schema-graph\">{\"@context\":\"https:\/\/schema.org\",\"@graph\":[{\"@type\":\"WebPage\",\"@id\":\"https:\/\/falk-toys.com\/en\/product\/prem1er-balance-bike-with-silent-wheels\/\",\"url\":\"https:\/\/falk-toys.com\/en\/product\/prem1er-balance-bike-with-silent-wheels\/\",\"name\":\"\\\"Prem1er\\\" balance bike with silent wheels | 451S | FALK\",\"isPartOf\":{\"@id\":\"https:\/\/falk-toys.com\/en\/#website\"},\"primaryImageOfPage\":{\"@id\":\"https:\/\/falk-toys.com\/en\/product\/prem1er-balance-bike-with-silent-wheels\/#primaryimage\"},\"image\":{\"@id\":\"https:\/\/falk-toys.com\/en\/product\/prem1er-balance-bike-with-silent-wheels\/#primaryimage\"},\"thumbnailUrl\":\"https:\/\/falk-toys.com\/wp-content\/uploads\/2025\/07\/451S_01_01.jpg\",\"datePublished\":\"2025-07-17T08:04:29+00:00\",\"dateModified\":\"2025-09-15T12:45:08+00:00\",\"description\":\"La moto draisienne \\\"Prem1er\\\" \u00e0 roues silencieuses d\u00e8s 12 mois. Avec son design r\u00e9tro, c'est la moto id\u00e9ale en int\u00e9rieur comme en ext\u00e9rieur.\",\"breadcrumb\":{\"@id\":\"https:\/\/falk-toys.com\/en\/product\/prem1er-balance-bike-with-silent-wheels\/#breadcrumb\"},\"inLanguage\":\"en-US\",\"potentialAction\":[{\"@type\":\"ReadAction\",\"target\":[\"https:\/\/falk-toys.com\/en\/product\/prem1er-balance-bike-with-silent-wheels\/\"]}]},{\"@type\":\"ImageObject\",\"inLanguage\":\"en-US\",\"@id\":\"https:\/\/falk-toys.com\/en\/product\/prem1er-balance-bike-with-silent-wheels\/#primaryimage\",\"url\":\"https:\/\/falk-toys.com\/wp-content\/uploads\/2025\/07\/451S_01_01.jpg\",\"contentUrl\":\"https:\/\/falk-toys.com\/wp-content\/uploads\/2025\/07\/451S_01_01.jpg\",\"width\":2133,\"height\":2133,\"caption\":\"Draisienne Moto Prem1er vert vintage\"},{\"@type\":\"BreadcrumbList\",\"@id\":\"https:\/\/falk-toys.com\/en\/product\/prem1er-balance-bike-with-silent-wheels\/#breadcrumb\",\"itemListElement\":[{\"@type\":\"ListItem\",\"position\":1,\"name\":\"Home\",\"item\":\"https:\/\/falk-toys.com\/en\/\"},{\"@type\":\"ListItem\",\"position\":2,\"name\":\"Shop\",\"item\":\"https:\/\/falk-toys.com\/en\/shop\/\"},{\"@type\":\"ListItem\",\"position\":3,\"name\":\"\u00ab\u00a0Prem1er\u00a0\u00bb balance bike with silent wheels\"}]},{\"@type\":\"WebSite\",\"@id\":\"https:\/\/falk-toys.com\/en\/#website\",\"url\":\"https:\/\/falk-toys.com\/en\/\",\"name\":\"FALK - Toys that rolls\",\"description\":\"Jouets fabriqu\u00e9s en France\",\"publisher\":{\"@id\":\"https:\/\/falk-toys.com\/en\/#organization\"},\"potentialAction\":[{\"@type\":\"SearchAction\",\"target\":{\"@type\":\"EntryPoint\",\"urlTemplate\":\"https:\/\/falk-toys.com\/en\/?s={search_term_string}\"},\"query-input\":{\"@type\":\"PropertyValueSpecification\",\"valueRequired\":true,\"valueName\":\"search_term_string\"}}],\"inLanguage\":\"en-US\"},{\"@type\":\"Organization\",\"@id\":\"https:\/\/falk-toys.com\/en\/#organization\",\"name\":\"Falk Toys\",\"url\":\"https:\/\/falk-toys.com\/en\/\",\"logo\":{\"@type\":\"ImageObject\",\"inLanguage\":\"en-US\",\"@id\":\"https:\/\/falk-toys.com\/en\/#\/schema\/logo\/image\/\",\"url\":\"https:\/\/falk-toys.com\/wp-content\/uploads\/2019\/12\/falk-logo@2x.png\",\"contentUrl\":\"https:\/\/falk-toys.com\/wp-content\/uploads\/2019\/12\/falk-logo@2x.png\",\"width\":436,\"height\":351,\"caption\":\"Falk Toys\"},\"image\":{\"@id\":\"https:\/\/falk-toys.com\/en\/#\/schema\/logo\/image\/\"},\"sameAs\":[\"https:\/\/www.facebook.com\/FalkFR\/\",\"https:\/\/www.instagram.com\/falk_toys\/\",\"https:\/\/www.youtube.com\/channel\/UCKZXf1_E8UsPhjAQo-Y5vlg\"]}]}<\/script>\n<meta property=\"product:price:amount\" content=\"46.99\" \/>\n<meta property=\"product:price:currency\" content=\"EUR\" \/>\n<meta property=\"og:availability\" content=\"instock\" \/>\n<meta property=\"product:availability\" content=\"instock\" \/>\n<meta property=\"product:retailer_item_id\" content=\"451S\" \/>\n<meta property=\"product:condition\" content=\"new\" \/>\n<!-- \/ Yoast SEO Premium plugin. -->","yoast_head_json":{"title":"\"Prem1er\" balance bike with silent wheels | 451S | FALK","description":"La moto draisienne \"Prem1er\" \u00e0 roues silencieuses d\u00e8s 12 mois. Avec son design r\u00e9tro, c'est la moto id\u00e9ale en int\u00e9rieur comme en ext\u00e9rieur.","robots":{"index":"index","follow":"follow","max-snippet":"max-snippet:-1","max-image-preview":"max-image-preview:large","max-video-preview":"max-video-preview:-1"},"canonical":"https:\/\/falk-toys.com\/en\/product\/prem1er-balance-bike-with-silent-wheels\/","og_locale":"en_US","og_type":"article","og_title":"\"Prem1er\" balance bike with silent wheels","og_description":"La moto draisienne \"Prem1er\" \u00e0 roues silencieuses d\u00e8s 12 mois. Avec son design r\u00e9tro, c'est la moto id\u00e9ale en int\u00e9rieur comme en ext\u00e9rieur.","og_url":"https:\/\/falk-toys.com\/en\/product\/prem1er-balance-bike-with-silent-wheels\/","og_site_name":"FALK - Toys that rolls","article_publisher":"https:\/\/www.facebook.com\/FalkFR\/","article_modified_time":"2025-09-15T12:45:08+00:00","og_image":[{"width":2133,"height":2133,"url":"https:\/\/falk-toys.com\/wp-content\/uploads\/2025\/07\/451S_01_01.jpg","type":"image\/jpeg"}],"twitter_card":"summary_large_image","twitter_misc":{"Price":"46,99&euro;","Availability":"In stock"},"schema":{"@context":"https:\/\/schema.org","@graph":[{"@type":"WebPage","@id":"https:\/\/falk-toys.com\/en\/product\/prem1er-balance-bike-with-silent-wheels\/","url":"https:\/\/falk-toys.com\/en\/product\/prem1er-balance-bike-with-silent-wheels\/","name":"\"Prem1er\" balance bike with silent wheels | 451S | FALK","isPartOf":{"@id":"https:\/\/falk-toys.com\/en\/#website"},"primaryImageOfPage":{"@id":"https:\/\/falk-toys.com\/en\/product\/prem1er-balance-bike-with-silent-wheels\/#primaryimage"},"image":{"@id":"https:\/\/falk-toys.com\/en\/product\/prem1er-balance-bike-with-silent-wheels\/#primaryimage"},"thumbnailUrl":"https:\/\/falk-toys.com\/wp-content\/uploads\/2025\/07\/451S_01_01.jpg","datePublished":"2025-07-17T08:04:29+00:00","dateModified":"2025-09-15T12:45:08+00:00","description":"La moto draisienne \"Prem1er\" \u00e0 roues silencieuses d\u00e8s 12 mois. Avec son design r\u00e9tro, c'est la moto id\u00e9ale en int\u00e9rieur comme en ext\u00e9rieur.","breadcrumb":{"@id":"https:\/\/falk-toys.com\/en\/product\/prem1er-balance-bike-with-silent-wheels\/#breadcrumb"},"inLanguage":"en-US","potentialAction":[{"@type":"ReadAction","target":["https:\/\/falk-toys.com\/en\/product\/prem1er-balance-bike-with-silent-wheels\/"]}]},{"@type":"ImageObject","inLanguage":"en-US","@id":"https:\/\/falk-toys.com\/en\/product\/prem1er-balance-bike-with-silent-wheels\/#primaryimage","url":"https:\/\/falk-toys.com\/wp-content\/uploads\/2025\/07\/451S_01_01.jpg","contentUrl":"https:\/\/falk-toys.com\/wp-content\/uploads\/2025\/07\/451S_01_01.jpg","width":2133,"height":2133,"caption":"Draisienne Moto Prem1er vert vintage"},{"@type":"BreadcrumbList","@id":"https:\/\/falk-toys.com\/en\/product\/prem1er-balance-bike-with-silent-wheels\/#breadcrumb","itemListElement":[{"@type":"ListItem","position":1,"name":"Home","item":"https:\/\/falk-toys.com\/en\/"},{"@type":"ListItem","position":2,"name":"Shop","item":"https:\/\/falk-toys.com\/en\/shop\/"},{"@type":"ListItem","position":3,"name":"\u00ab\u00a0Prem1er\u00a0\u00bb balance bike with silent wheels"}]},{"@type":"WebSite","@id":"https:\/\/falk-toys.com\/en\/#website","url":"https:\/\/falk-toys.com\/en\/","name":"FALK - Toys that rolls","description":"Jouets fabriqu\u00e9s en France","publisher":{"@id":"https:\/\/falk-toys.com\/en\/#organization"},"potentialAction":[{"@type":"SearchAction","target":{"@type":"EntryPoint","urlTemplate":"https:\/\/falk-toys.com\/en\/?s={search_term_string}"},"query-input":{"@type":"PropertyValueSpecification","valueRequired":true,"valueName":"search_term_string"}}],"inLanguage":"en-US"},{"@type":"Organization","@id":"https:\/\/falk-toys.com\/en\/#organization","name":"Falk Toys","url":"https:\/\/falk-toys.com\/en\/","logo":{"@type":"ImageObject","inLanguage":"en-US","@id":"https:\/\/falk-toys.com\/en\/#\/schema\/logo\/image\/","url":"https:\/\/falk-toys.com\/wp-content\/uploads\/2019\/12\/falk-logo@2x.png","contentUrl":"https:\/\/falk-toys.com\/wp-content\/uploads\/2019\/12\/falk-logo@2x.png","width":436,"height":351,"caption":"Falk Toys"},"image":{"@id":"https:\/\/falk-toys.com\/en\/#\/schema\/logo\/image\/"},"sameAs":["https:\/\/www.facebook.com\/FalkFR\/","https:\/\/www.instagram.com\/falk_toys\/","https:\/\/www.youtube.com\/channel\/UCKZXf1_E8UsPhjAQo-Y5vlg"]}]},"product_price_amount":"46.99","product_price_currency":"EUR","og_availability":"instock","product_availability":"instock","product_retailer_item_id":"451S","product_condition":"new"},"_links":{"self":[{"href":"https:\/\/falk-toys.com\/en\/wp-json\/wp\/v2\/product\/29717","targetHints":{"allow":["GET"]}}],"collection":[{"href":"https:\/\/falk-toys.com\/en\/wp-json\/wp\/v2\/product"}],"about":[{"href":"https:\/\/falk-toys.com\/en\/wp-json\/wp\/v2\/types\/product"}],"replies":[{"embeddable":true,"href":"https:\/\/falk-toys.com\/en\/wp-json\/wp\/v2\/comments?post=29717"}],"wp:featuredmedia":[{"embeddable":true,"href":"https:\/\/falk-toys.com\/en\/wp-json\/wp\/v2\/media\/25909"}],"wp:attachment":[{"href":"https:\/\/falk-toys.com\/en\/wp-json\/wp\/v2\/media?parent=29717"}],"wp:term":[{"taxonomy":"product_brand","embeddable":true,"href":"https:\/\/falk-toys.com\/en\/wp-json\/wp\/v2\/product_brand?post=29717"},{"taxonomy":"product_cat","embeddable":true,"href":"https:\/\/falk-toys.com\/en\/wp-json\/wp\/v2\/product_cat?post=29717"},{"taxonomy":"product_tag","embeddable":true,"href":"https:\/\/falk-toys.com\/en\/wp-json\/wp\/v2\/product_tag?post=29717"}],"curies":[{"name":"wp","href":"https:\/\/api.w.org\/{rel}","templated":true}]}}