{"id":22514,"date":"2024-11-21T09:24:44","date_gmt":"2024-11-21T08:24:44","guid":{"rendered":"https:\/\/falk-toys.com\/produit\/excavadora-super-builder-totalmente-articulada-con-asiento-abatible-remolque-con-cribas-y-juegos-de-arena\/"},"modified":"2026-03-20T01:59:10","modified_gmt":"2026-03-20T00:59:10","slug":"excavadora-super-builder-totalmente-articulada-con-asiento-abatible-remolque-con-cribas-y-juegos-de-arena","status":"publish","type":"product","link":"https:\/\/falk-toys.com\/es\/producto\/excavadora-super-builder-totalmente-articulada-con-asiento-abatible-remolque-con-cribas-y-juegos-de-arena\/","title":{"rendered":"Excavadora Super Builder totalmente articulada con asiento abatible, remolque con cribas y juegos de arena"},"content":{"rendered":"<p>\u00a1S\u00fabete las mangas! No hay trabajo demasiado grande para los peque\u00f1os constructores con la Super excavadora, con su cabina giratoria de 360\u00ba con asiento abatible y una excavadora totalmente articulada como la de verdad.<br \/>\nEsta aut\u00e9ntica m\u00e1quina de construcci\u00f3n en miniatura viene con un remolque que contiene una criba, una pala, un rastrillo y moldes en forma de bloques de brisa para empezar los trabajos de alba\u00f1iler\u00eda m\u00e1s atrevidos.<br \/>\nEspecialmente dise\u00f1ada para resistir a los ni\u00f1os de entre 3 y 7 a\u00f1os y benefici\u00e1ndose de una fabricaci\u00f3n 100% made in France, esta excavadora garantiza horas de juego: ponte a cavar la piscina de los padres o cava el parterre de tulipanes de la abuela, \u00a1las ideas de escenarios no se agotar\u00e1n nunca!<\/p>\n","protected":false},"excerpt":{"rendered":"<p>Excavadora Super Builder con cabina giratoria de 360\u00b0, brazo de pala y cazo articulados, asiento abatible, remolque desmontable con criba y juego de arena &#8211; 100% made in France para peque\u00f1os constructores a partir de 3 a\u00f1os<\/p>\n","protected":false},"featured_media":19417,"comment_status":"closed","ping_status":"closed","template":"","meta":{"_acf_changed":false,"site-sidebar-layout":"default","site-content-layout":"","ast-site-content-layout":"default","site-content-style":"default","site-sidebar-style":"default","ast-global-header-display":"","ast-banner-title-visibility":"","ast-main-header-display":"","ast-hfb-above-header-display":"","ast-hfb-below-header-display":"","ast-hfb-mobile-header-display":"","site-post-title":"","ast-breadcrumbs-content":"","ast-featured-img":"","footer-sml-layout":"","theme-transparent-header-meta":"default","adv-header-id-meta":"","stick-header-meta":"","header-above-stick-meta":"","header-main-stick-meta":"","header-below-stick-meta":"","astra-migrate-meta-layouts":"default","ast-page-background-enabled":"default","ast-page-background-meta":{"desktop":{"background-color":"","background-image":"","background-repeat":"repeat","background-position":"center center","background-size":"auto","background-attachment":"scroll","background-type":"","background-media":"","overlay-type":"","overlay-color":"","overlay-opacity":"","overlay-gradient":""},"tablet":{"background-color":"","background-image":"","background-repeat":"repeat","background-position":"center center","background-size":"auto","background-attachment":"scroll","background-type":"","background-media":"","overlay-type":"","overlay-color":"","overlay-opacity":"","overlay-gradient":""},"mobile":{"background-color":"","background-image":"","background-repeat":"repeat","background-position":"center center","background-size":"auto","background-attachment":"scroll","background-type":"","background-media":"","overlay-type":"","overlay-color":"","overlay-opacity":"","overlay-gradient":""}},"ast-content-background-meta":{"desktop":{"background-color":"var(--ast-global-color-5)","background-image":"","background-repeat":"repeat","background-position":"center center","background-size":"auto","background-attachment":"scroll","background-type":"","background-media":"","overlay-type":"","overlay-color":"","overlay-opacity":"","overlay-gradient":""},"tablet":{"background-color":"var(--ast-global-color-5)","background-image":"","background-repeat":"repeat","background-position":"center center","background-size":"auto","background-attachment":"scroll","background-type":"","background-media":"","overlay-type":"","overlay-color":"","overlay-opacity":"","overlay-gradient":""},"mobile":{"background-color":"var(--ast-global-color-5)","background-image":"","background-repeat":"repeat","background-position":"center center","background-size":"auto","background-attachment":"scroll","background-type":"","background-media":"","overlay-type":"","overlay-color":"","overlay-opacity":"","overlay-gradient":""}}},"product_brand":[],"product_cat":[164,45],"product_tag":[74],"class_list":{"0":"post-22514","1":"product","2":"type-product","3":"status-publish","4":"has-post-thumbnail","6":"product_cat-3-7-anos","7":"product_cat-los-pequenos-constructores","8":"product_tag-excavadora","9":"desktop-align-left","10":"tablet-align-left","11":"mobile-align-left","13":"first","14":"outofstock","15":"sale","16":"taxable","17":"shipping-taxable","18":"purchasable","19":"product-type-simple"},"acf":[],"yoast_head":"<!-- This site is optimized with the Yoast SEO Premium plugin v25.8 (Yoast SEO v26.3) - https:\/\/yoast.com\/wordpress\/plugins\/seo\/ -->\n<title>Excavadora Super Builder totalmente articulada con asiento abatible, remolque con cribas y juegos de arena | FALK - Toys that rolls<\/title>\n<meta name=\"robots\" content=\"index, follow, max-snippet:-1, max-image-preview:large, max-video-preview:-1\" \/>\n<link rel=\"canonical\" href=\"https:\/\/falk-toys.com\/es\/producto\/excavadora-super-builder-totalmente-articulada-con-asiento-abatible-remolque-con-cribas-y-juegos-de-arena\/\" \/>\n<meta property=\"og:locale\" content=\"es_ES\" \/>\n<meta property=\"og:type\" content=\"article\" \/>\n<meta property=\"og:title\" content=\"Excavadora Super Builder totalmente articulada con asiento abatible, remolque con cribas y juegos de arena\" \/>\n<meta property=\"og:description\" content=\"Excavadora Super Builder con cabina giratoria de 360\u00b0, brazo de pala y cazo articulados, asiento abatible, remolque desmontable con criba y juego de arena - 100% made in France para peque\u00f1os constructores a partir de 3 a\u00f1os\" \/>\n<meta property=\"og:url\" content=\"https:\/\/falk-toys.com\/es\/producto\/excavadora-super-builder-totalmente-articulada-con-asiento-abatible-remolque-con-cribas-y-juegos-de-arena\/\" \/>\n<meta property=\"og:site_name\" content=\"FALK - Toys that rolls\" \/>\n<meta property=\"article:publisher\" content=\"https:\/\/www.facebook.com\/FalkFR\/\" \/>\n<meta property=\"article:modified_time\" content=\"2026-03-20T00:59:10+00:00\" \/>\n<meta property=\"og:image\" content=\"https:\/\/falk-toys.com\/wp-content\/uploads\/2024\/10\/pelleteuse-super-builder-140A-pks.jpg\" \/>\n\t<meta property=\"og:image:width\" content=\"800\" \/>\n\t<meta property=\"og:image:height\" content=\"800\" \/>\n\t<meta property=\"og:image:type\" content=\"image\/jpeg\" \/>\n<meta name=\"twitter:card\" content=\"summary_large_image\" \/>\n<meta name=\"twitter:label1\" content=\"Precio\" \/>\n\t<meta name=\"twitter:data1\" content=\"64,99&euro;\" \/>\n\t<meta name=\"twitter:label2\" content=\"Disponibilidad\" \/>\n\t<meta name=\"twitter:data2\" content=\"Sin existencias\" \/>\n<script type=\"application\/ld+json\" class=\"yoast-schema-graph\">{\"@context\":\"https:\/\/schema.org\",\"@graph\":[{\"@type\":\"WebPage\",\"@id\":\"https:\/\/falk-toys.com\/es\/producto\/excavadora-super-builder-totalmente-articulada-con-asiento-abatible-remolque-con-cribas-y-juegos-de-arena\/\",\"url\":\"https:\/\/falk-toys.com\/es\/producto\/excavadora-super-builder-totalmente-articulada-con-asiento-abatible-remolque-con-cribas-y-juegos-de-arena\/\",\"name\":\"Excavadora Super Builder totalmente articulada con asiento abatible, remolque con cribas y juegos de arena | FALK - Toys that rolls\",\"isPartOf\":{\"@id\":\"https:\/\/falk-toys.com\/es\/#website\"},\"primaryImageOfPage\":{\"@id\":\"https:\/\/falk-toys.com\/es\/producto\/excavadora-super-builder-totalmente-articulada-con-asiento-abatible-remolque-con-cribas-y-juegos-de-arena\/#primaryimage\"},\"image\":{\"@id\":\"https:\/\/falk-toys.com\/es\/producto\/excavadora-super-builder-totalmente-articulada-con-asiento-abatible-remolque-con-cribas-y-juegos-de-arena\/#primaryimage\"},\"thumbnailUrl\":\"https:\/\/falk-toys.com\/wp-content\/uploads\/2024\/10\/pelleteuse-super-builder-140A-pks.jpg\",\"datePublished\":\"2024-11-21T08:24:44+00:00\",\"dateModified\":\"2026-03-20T00:59:10+00:00\",\"breadcrumb\":{\"@id\":\"https:\/\/falk-toys.com\/es\/producto\/excavadora-super-builder-totalmente-articulada-con-asiento-abatible-remolque-con-cribas-y-juegos-de-arena\/#breadcrumb\"},\"inLanguage\":\"es\",\"potentialAction\":[{\"@type\":\"ReadAction\",\"target\":[\"https:\/\/falk-toys.com\/es\/producto\/excavadora-super-builder-totalmente-articulada-con-asiento-abatible-remolque-con-cribas-y-juegos-de-arena\/\"]}]},{\"@type\":\"ImageObject\",\"inLanguage\":\"es\",\"@id\":\"https:\/\/falk-toys.com\/es\/producto\/excavadora-super-builder-totalmente-articulada-con-asiento-abatible-remolque-con-cribas-y-juegos-de-arena\/#primaryimage\",\"url\":\"https:\/\/falk-toys.com\/wp-content\/uploads\/2024\/10\/pelleteuse-super-builder-140A-pks.jpg\",\"contentUrl\":\"https:\/\/falk-toys.com\/wp-content\/uploads\/2024\/10\/pelleteuse-super-builder-140A-pks.jpg\",\"width\":800,\"height\":800,\"caption\":\"Stacked from 2 images. Method=C (S=4)\"},{\"@type\":\"BreadcrumbList\",\"@id\":\"https:\/\/falk-toys.com\/es\/producto\/excavadora-super-builder-totalmente-articulada-con-asiento-abatible-remolque-con-cribas-y-juegos-de-arena\/#breadcrumb\",\"itemListElement\":[{\"@type\":\"ListItem\",\"position\":1,\"name\":\"Home\",\"item\":\"https:\/\/falk-toys.com\/es\/\"},{\"@type\":\"ListItem\",\"position\":2,\"name\":\"Tienda\",\"item\":\"https:\/\/falk-toys.com\/es\/tienda\/\"},{\"@type\":\"ListItem\",\"position\":3,\"name\":\"Excavadora Super Builder totalmente articulada con asiento abatible, remolque con cribas y juegos de arena\"}]},{\"@type\":\"WebSite\",\"@id\":\"https:\/\/falk-toys.com\/es\/#website\",\"url\":\"https:\/\/falk-toys.com\/es\/\",\"name\":\"FALK - Toys that rolls\",\"description\":\"Jouets fabriqu\u00e9s en France\",\"publisher\":{\"@id\":\"https:\/\/falk-toys.com\/es\/#organization\"},\"potentialAction\":[{\"@type\":\"SearchAction\",\"target\":{\"@type\":\"EntryPoint\",\"urlTemplate\":\"https:\/\/falk-toys.com\/es\/?s={search_term_string}\"},\"query-input\":{\"@type\":\"PropertyValueSpecification\",\"valueRequired\":true,\"valueName\":\"search_term_string\"}}],\"inLanguage\":\"es\"},{\"@type\":\"Organization\",\"@id\":\"https:\/\/falk-toys.com\/es\/#organization\",\"name\":\"Falk Toys\",\"url\":\"https:\/\/falk-toys.com\/es\/\",\"logo\":{\"@type\":\"ImageObject\",\"inLanguage\":\"es\",\"@id\":\"https:\/\/falk-toys.com\/es\/#\/schema\/logo\/image\/\",\"url\":\"https:\/\/falk-toys.com\/wp-content\/uploads\/2019\/12\/falk-logo@2x.png\",\"contentUrl\":\"https:\/\/falk-toys.com\/wp-content\/uploads\/2019\/12\/falk-logo@2x.png\",\"width\":436,\"height\":351,\"caption\":\"Falk Toys\"},\"image\":{\"@id\":\"https:\/\/falk-toys.com\/es\/#\/schema\/logo\/image\/\"},\"sameAs\":[\"https:\/\/www.facebook.com\/FalkFR\/\",\"https:\/\/www.instagram.com\/falk_toys\/\",\"https:\/\/www.youtube.com\/channel\/UCKZXf1_E8UsPhjAQo-Y5vlg\"]}]}<\/script>\n<meta property=\"product:price:amount\" content=\"64.99\" \/>\n<meta property=\"product:price:currency\" content=\"EUR\" \/>\n<meta property=\"og:availability\" content=\"out of stock\" \/>\n<meta property=\"product:availability\" content=\"out of stock\" \/>\n<meta property=\"product:retailer_item_id\" content=\"140A\" \/>\n<meta property=\"product:condition\" content=\"new\" \/>\n<!-- \/ Yoast SEO Premium plugin. -->","yoast_head_json":{"title":"Excavadora Super Builder totalmente articulada con asiento abatible, remolque con cribas y juegos de arena | FALK - Toys that rolls","robots":{"index":"index","follow":"follow","max-snippet":"max-snippet:-1","max-image-preview":"max-image-preview:large","max-video-preview":"max-video-preview:-1"},"canonical":"https:\/\/falk-toys.com\/es\/producto\/excavadora-super-builder-totalmente-articulada-con-asiento-abatible-remolque-con-cribas-y-juegos-de-arena\/","og_locale":"es_ES","og_type":"article","og_title":"Excavadora Super Builder totalmente articulada con asiento abatible, remolque con cribas y juegos de arena","og_description":"Excavadora Super Builder con cabina giratoria de 360\u00b0, brazo de pala y cazo articulados, asiento abatible, remolque desmontable con criba y juego de arena - 100% made in France para peque\u00f1os constructores a partir de 3 a\u00f1os","og_url":"https:\/\/falk-toys.com\/es\/producto\/excavadora-super-builder-totalmente-articulada-con-asiento-abatible-remolque-con-cribas-y-juegos-de-arena\/","og_site_name":"FALK - Toys that rolls","article_publisher":"https:\/\/www.facebook.com\/FalkFR\/","article_modified_time":"2026-03-20T00:59:10+00:00","og_image":[{"width":800,"height":800,"url":"https:\/\/falk-toys.com\/wp-content\/uploads\/2024\/10\/pelleteuse-super-builder-140A-pks.jpg","type":"image\/jpeg"}],"twitter_card":"summary_large_image","twitter_misc":{"Precio":"64,99&euro;","Disponibilidad":"Sin existencias"},"schema":{"@context":"https:\/\/schema.org","@graph":[{"@type":"WebPage","@id":"https:\/\/falk-toys.com\/es\/producto\/excavadora-super-builder-totalmente-articulada-con-asiento-abatible-remolque-con-cribas-y-juegos-de-arena\/","url":"https:\/\/falk-toys.com\/es\/producto\/excavadora-super-builder-totalmente-articulada-con-asiento-abatible-remolque-con-cribas-y-juegos-de-arena\/","name":"Excavadora Super Builder totalmente articulada con asiento abatible, remolque con cribas y juegos de arena | FALK - Toys that rolls","isPartOf":{"@id":"https:\/\/falk-toys.com\/es\/#website"},"primaryImageOfPage":{"@id":"https:\/\/falk-toys.com\/es\/producto\/excavadora-super-builder-totalmente-articulada-con-asiento-abatible-remolque-con-cribas-y-juegos-de-arena\/#primaryimage"},"image":{"@id":"https:\/\/falk-toys.com\/es\/producto\/excavadora-super-builder-totalmente-articulada-con-asiento-abatible-remolque-con-cribas-y-juegos-de-arena\/#primaryimage"},"thumbnailUrl":"https:\/\/falk-toys.com\/wp-content\/uploads\/2024\/10\/pelleteuse-super-builder-140A-pks.jpg","datePublished":"2024-11-21T08:24:44+00:00","dateModified":"2026-03-20T00:59:10+00:00","breadcrumb":{"@id":"https:\/\/falk-toys.com\/es\/producto\/excavadora-super-builder-totalmente-articulada-con-asiento-abatible-remolque-con-cribas-y-juegos-de-arena\/#breadcrumb"},"inLanguage":"es","potentialAction":[{"@type":"ReadAction","target":["https:\/\/falk-toys.com\/es\/producto\/excavadora-super-builder-totalmente-articulada-con-asiento-abatible-remolque-con-cribas-y-juegos-de-arena\/"]}]},{"@type":"ImageObject","inLanguage":"es","@id":"https:\/\/falk-toys.com\/es\/producto\/excavadora-super-builder-totalmente-articulada-con-asiento-abatible-remolque-con-cribas-y-juegos-de-arena\/#primaryimage","url":"https:\/\/falk-toys.com\/wp-content\/uploads\/2024\/10\/pelleteuse-super-builder-140A-pks.jpg","contentUrl":"https:\/\/falk-toys.com\/wp-content\/uploads\/2024\/10\/pelleteuse-super-builder-140A-pks.jpg","width":800,"height":800,"caption":"Stacked from 2 images. Method=C (S=4)"},{"@type":"BreadcrumbList","@id":"https:\/\/falk-toys.com\/es\/producto\/excavadora-super-builder-totalmente-articulada-con-asiento-abatible-remolque-con-cribas-y-juegos-de-arena\/#breadcrumb","itemListElement":[{"@type":"ListItem","position":1,"name":"Home","item":"https:\/\/falk-toys.com\/es\/"},{"@type":"ListItem","position":2,"name":"Tienda","item":"https:\/\/falk-toys.com\/es\/tienda\/"},{"@type":"ListItem","position":3,"name":"Excavadora Super Builder totalmente articulada con asiento abatible, remolque con cribas y juegos de arena"}]},{"@type":"WebSite","@id":"https:\/\/falk-toys.com\/es\/#website","url":"https:\/\/falk-toys.com\/es\/","name":"FALK - Toys that rolls","description":"Jouets fabriqu\u00e9s en France","publisher":{"@id":"https:\/\/falk-toys.com\/es\/#organization"},"potentialAction":[{"@type":"SearchAction","target":{"@type":"EntryPoint","urlTemplate":"https:\/\/falk-toys.com\/es\/?s={search_term_string}"},"query-input":{"@type":"PropertyValueSpecification","valueRequired":true,"valueName":"search_term_string"}}],"inLanguage":"es"},{"@type":"Organization","@id":"https:\/\/falk-toys.com\/es\/#organization","name":"Falk Toys","url":"https:\/\/falk-toys.com\/es\/","logo":{"@type":"ImageObject","inLanguage":"es","@id":"https:\/\/falk-toys.com\/es\/#\/schema\/logo\/image\/","url":"https:\/\/falk-toys.com\/wp-content\/uploads\/2019\/12\/falk-logo@2x.png","contentUrl":"https:\/\/falk-toys.com\/wp-content\/uploads\/2019\/12\/falk-logo@2x.png","width":436,"height":351,"caption":"Falk Toys"},"image":{"@id":"https:\/\/falk-toys.com\/es\/#\/schema\/logo\/image\/"},"sameAs":["https:\/\/www.facebook.com\/FalkFR\/","https:\/\/www.instagram.com\/falk_toys\/","https:\/\/www.youtube.com\/channel\/UCKZXf1_E8UsPhjAQo-Y5vlg"]}]},"product_price_amount":"64.99","product_price_currency":"EUR","og_availability":"out of stock","product_availability":"out of stock","product_retailer_item_id":"140A","product_condition":"new"},"_links":{"self":[{"href":"https:\/\/falk-toys.com\/es\/wp-json\/wp\/v2\/product\/22514","targetHints":{"allow":["GET"]}}],"collection":[{"href":"https:\/\/falk-toys.com\/es\/wp-json\/wp\/v2\/product"}],"about":[{"href":"https:\/\/falk-toys.com\/es\/wp-json\/wp\/v2\/types\/product"}],"replies":[{"embeddable":true,"href":"https:\/\/falk-toys.com\/es\/wp-json\/wp\/v2\/comments?post=22514"}],"wp:featuredmedia":[{"embeddable":true,"href":"https:\/\/falk-toys.com\/es\/wp-json\/wp\/v2\/media\/19417"}],"wp:attachment":[{"href":"https:\/\/falk-toys.com\/es\/wp-json\/wp\/v2\/media?parent=22514"}],"wp:term":[{"taxonomy":"product_brand","embeddable":true,"href":"https:\/\/falk-toys.com\/es\/wp-json\/wp\/v2\/product_brand?post=22514"},{"taxonomy":"product_cat","embeddable":true,"href":"https:\/\/falk-toys.com\/es\/wp-json\/wp\/v2\/product_cat?post=22514"},{"taxonomy":"product_tag","embeddable":true,"href":"https:\/\/falk-toys.com\/es\/wp-json\/wp\/v2\/product_tag?post=22514"}],"curies":[{"name":"wp","href":"https:\/\/api.w.org\/{rel}","templated":true}]}}