{"id":22518,"date":"2024-11-01T09:24:44","date_gmt":"2024-11-01T08:24:44","guid":{"rendered":"https:\/\/falk-toys.com\/produit\/retroexcavadora-superbuilder-con-capo-abrible-y-remolque-basculante\/"},"modified":"2026-03-20T01:59:13","modified_gmt":"2026-03-20T00:59:13","slug":"retroexcavadora-superbuilder-con-capo-abrible-y-remolque-basculante","status":"publish","type":"product","link":"https:\/\/falk-toys.com\/es\/producto\/retroexcavadora-superbuilder-con-capo-abrible-y-remolque-basculante\/","title":{"rendered":"Retroexcavadora SuperBuilder con cap\u00f3 abrible y remolque basculante"},"content":{"rendered":"<p>No hay sitio demasiado ambicioso para los peque\u00f1os constructores equipados con esta retroexcavadora SuperBuilder, que parece una de verdad, con su pala frontal y su cap\u00f3 que se abre para los aficionados a la mec\u00e1nica. Tambi\u00e9n est\u00e1 equipada con un pr\u00e1ctico remolque, por lo que no hay l\u00edmite a lo que se puede hacer con ella.<br \/>\nFabricada con al menos un 50% de pl\u00e1stico reciclado, esta m\u00e1quina de construcci\u00f3n en miniatura est\u00e1 especialmente dise\u00f1ada para resistir a ni\u00f1os de 3 a 7 a\u00f1os, y est\u00e1 fabricada 100% en Francia para garantizar horas de juego.<br \/>\n\u00a1Es hora de echar una mano a los padres en sus proyectos de construcci\u00f3n!<\/p>\n","protected":false},"excerpt":{"rendered":"<p>Retroexcavadora a pedales SuperBuilder con volante y bocina, pala frontal y excavadora de verdad, remolque basculante y cap\u00f3 abrible &#8211; 100% Made in France &#8211; Contiene al menos un 60% de pl\u00e1stico &#8211; A partir de 3 a\u00f1os.<\/p>\n","protected":false},"featured_media":23234,"comment_status":"closed","ping_status":"closed","template":"","meta":{"_acf_changed":false,"site-sidebar-layout":"default","site-content-layout":"","ast-site-content-layout":"default","site-content-style":"default","site-sidebar-style":"default","ast-global-header-display":"","ast-banner-title-visibility":"","ast-main-header-display":"","ast-hfb-above-header-display":"","ast-hfb-below-header-display":"","ast-hfb-mobile-header-display":"","site-post-title":"","ast-breadcrumbs-content":"","ast-featured-img":"","footer-sml-layout":"","theme-transparent-header-meta":"default","adv-header-id-meta":"","stick-header-meta":"","header-above-stick-meta":"","header-main-stick-meta":"","header-below-stick-meta":"","astra-migrate-meta-layouts":"default","ast-page-background-enabled":"default","ast-page-background-meta":{"desktop":{"background-color":"","background-image":"","background-repeat":"repeat","background-position":"center center","background-size":"auto","background-attachment":"scroll","background-type":"","background-media":"","overlay-type":"","overlay-color":"","overlay-opacity":"","overlay-gradient":""},"tablet":{"background-color":"","background-image":"","background-repeat":"repeat","background-position":"center center","background-size":"auto","background-attachment":"scroll","background-type":"","background-media":"","overlay-type":"","overlay-color":"","overlay-opacity":"","overlay-gradient":""},"mobile":{"background-color":"","background-image":"","background-repeat":"repeat","background-position":"center center","background-size":"auto","background-attachment":"scroll","background-type":"","background-media":"","overlay-type":"","overlay-color":"","overlay-opacity":"","overlay-gradient":""}},"ast-content-background-meta":{"desktop":{"background-color":"var(--ast-global-color-5)","background-image":"","background-repeat":"repeat","background-position":"center center","background-size":"auto","background-attachment":"scroll","background-type":"","background-media":"","overlay-type":"","overlay-color":"","overlay-opacity":"","overlay-gradient":""},"tablet":{"background-color":"var(--ast-global-color-5)","background-image":"","background-repeat":"repeat","background-position":"center center","background-size":"auto","background-attachment":"scroll","background-type":"","background-media":"","overlay-type":"","overlay-color":"","overlay-opacity":"","overlay-gradient":""},"mobile":{"background-color":"var(--ast-global-color-5)","background-image":"","background-repeat":"repeat","background-position":"center center","background-size":"auto","background-attachment":"scroll","background-type":"","background-media":"","overlay-type":"","overlay-color":"","overlay-opacity":"","overlay-gradient":""}}},"product_brand":[],"product_cat":[164,45],"product_tag":[78],"class_list":{"0":"post-22518","1":"product","2":"type-product","3":"status-publish","4":"has-post-thumbnail","6":"product_cat-3-7-anos","7":"product_cat-los-pequenos-constructores","8":"product_tag-retroexcavadora","9":"desktop-align-left","10":"tablet-align-left","11":"mobile-align-left","13":"first","14":"instock","15":"sale","16":"taxable","17":"shipping-taxable","18":"purchasable","19":"product-type-simple"},"acf":[],"yoast_head":"<!-- This site is optimized with the Yoast SEO Premium plugin v25.8 (Yoast SEO v26.3) - https:\/\/yoast.com\/wordpress\/plugins\/seo\/ -->\n<title>Retroexcavadora SuperBuilder con cap\u00f3 abrible y remolque basculante | FALK - Toys that rolls<\/title>\n<meta name=\"robots\" content=\"index, follow, max-snippet:-1, max-image-preview:large, max-video-preview:-1\" \/>\n<link rel=\"canonical\" href=\"https:\/\/falk-toys.com\/es\/producto\/retroexcavadora-superbuilder-con-capo-abrible-y-remolque-basculante\/\" \/>\n<meta property=\"og:locale\" content=\"es_ES\" \/>\n<meta property=\"og:type\" content=\"article\" \/>\n<meta property=\"og:title\" content=\"Retroexcavadora SuperBuilder con cap\u00f3 abrible y remolque basculante\" \/>\n<meta property=\"og:description\" content=\"Retroexcavadora a pedales SuperBuilder con volante y bocina, pala frontal y excavadora de verdad, remolque basculante y cap\u00f3 abrible - 100% Made in France - Contiene al menos un 60% de pl\u00e1stico - A partir de 3 a\u00f1os.\" \/>\n<meta property=\"og:url\" content=\"https:\/\/falk-toys.com\/es\/producto\/retroexcavadora-superbuilder-con-capo-abrible-y-remolque-basculante\/\" \/>\n<meta property=\"og:site_name\" content=\"FALK - Toys that rolls\" \/>\n<meta property=\"article:publisher\" content=\"https:\/\/www.facebook.com\/FalkFR\/\" \/>\n<meta property=\"article:modified_time\" content=\"2026-03-20T00:59:13+00:00\" \/>\n<meta property=\"og:image\" content=\"https:\/\/falk-toys.com\/wp-content\/uploads\/2024\/10\/tractopelle-super-builder-avec-remorque-2025am-1.jpg.jpg\" \/>\n\t<meta property=\"og:image:width\" content=\"800\" \/>\n\t<meta property=\"og:image:height\" content=\"800\" \/>\n\t<meta property=\"og:image:type\" content=\"image\/jpeg\" \/>\n<meta name=\"twitter:card\" content=\"summary_large_image\" \/>\n<meta name=\"twitter:label1\" content=\"Precio\" \/>\n\t<meta name=\"twitter:data1\" content=\"144,49&euro;\" \/>\n\t<meta name=\"twitter:label2\" content=\"Disponibilidad\" \/>\n\t<meta name=\"twitter:data2\" content=\"Disponible\" \/>\n<script type=\"application\/ld+json\" class=\"yoast-schema-graph\">{\"@context\":\"https:\/\/schema.org\",\"@graph\":[{\"@type\":\"WebPage\",\"@id\":\"https:\/\/falk-toys.com\/es\/producto\/retroexcavadora-superbuilder-con-capo-abrible-y-remolque-basculante\/\",\"url\":\"https:\/\/falk-toys.com\/es\/producto\/retroexcavadora-superbuilder-con-capo-abrible-y-remolque-basculante\/\",\"name\":\"Retroexcavadora SuperBuilder con cap\u00f3 abrible y remolque basculante | FALK - Toys that rolls\",\"isPartOf\":{\"@id\":\"https:\/\/falk-toys.com\/es\/#website\"},\"primaryImageOfPage\":{\"@id\":\"https:\/\/falk-toys.com\/es\/producto\/retroexcavadora-superbuilder-con-capo-abrible-y-remolque-basculante\/#primaryimage\"},\"image\":{\"@id\":\"https:\/\/falk-toys.com\/es\/producto\/retroexcavadora-superbuilder-con-capo-abrible-y-remolque-basculante\/#primaryimage\"},\"thumbnailUrl\":\"https:\/\/falk-toys.com\/wp-content\/uploads\/2024\/10\/tractopelle-super-builder-avec-remorque-2025am-1.jpg.jpg\",\"datePublished\":\"2024-11-01T08:24:44+00:00\",\"dateModified\":\"2026-03-20T00:59:13+00:00\",\"breadcrumb\":{\"@id\":\"https:\/\/falk-toys.com\/es\/producto\/retroexcavadora-superbuilder-con-capo-abrible-y-remolque-basculante\/#breadcrumb\"},\"inLanguage\":\"es\",\"potentialAction\":[{\"@type\":\"ReadAction\",\"target\":[\"https:\/\/falk-toys.com\/es\/producto\/retroexcavadora-superbuilder-con-capo-abrible-y-remolque-basculante\/\"]}]},{\"@type\":\"ImageObject\",\"inLanguage\":\"es\",\"@id\":\"https:\/\/falk-toys.com\/es\/producto\/retroexcavadora-superbuilder-con-capo-abrible-y-remolque-basculante\/#primaryimage\",\"url\":\"https:\/\/falk-toys.com\/wp-content\/uploads\/2024\/10\/tractopelle-super-builder-avec-remorque-2025am-1.jpg.jpg\",\"contentUrl\":\"https:\/\/falk-toys.com\/wp-content\/uploads\/2024\/10\/tractopelle-super-builder-avec-remorque-2025am-1.jpg.jpg\",\"width\":800,\"height\":800,\"caption\":\"Stacked from 6 images. Method=C (S=4)\"},{\"@type\":\"BreadcrumbList\",\"@id\":\"https:\/\/falk-toys.com\/es\/producto\/retroexcavadora-superbuilder-con-capo-abrible-y-remolque-basculante\/#breadcrumb\",\"itemListElement\":[{\"@type\":\"ListItem\",\"position\":1,\"name\":\"Home\",\"item\":\"https:\/\/falk-toys.com\/es\/\"},{\"@type\":\"ListItem\",\"position\":2,\"name\":\"Tienda\",\"item\":\"https:\/\/falk-toys.com\/es\/tienda\/\"},{\"@type\":\"ListItem\",\"position\":3,\"name\":\"Retroexcavadora SuperBuilder con cap\u00f3 abrible y remolque basculante\"}]},{\"@type\":\"WebSite\",\"@id\":\"https:\/\/falk-toys.com\/es\/#website\",\"url\":\"https:\/\/falk-toys.com\/es\/\",\"name\":\"FALK - Toys that rolls\",\"description\":\"Jouets fabriqu\u00e9s en France\",\"publisher\":{\"@id\":\"https:\/\/falk-toys.com\/es\/#organization\"},\"potentialAction\":[{\"@type\":\"SearchAction\",\"target\":{\"@type\":\"EntryPoint\",\"urlTemplate\":\"https:\/\/falk-toys.com\/es\/?s={search_term_string}\"},\"query-input\":{\"@type\":\"PropertyValueSpecification\",\"valueRequired\":true,\"valueName\":\"search_term_string\"}}],\"inLanguage\":\"es\"},{\"@type\":\"Organization\",\"@id\":\"https:\/\/falk-toys.com\/es\/#organization\",\"name\":\"Falk Toys\",\"url\":\"https:\/\/falk-toys.com\/es\/\",\"logo\":{\"@type\":\"ImageObject\",\"inLanguage\":\"es\",\"@id\":\"https:\/\/falk-toys.com\/es\/#\/schema\/logo\/image\/\",\"url\":\"https:\/\/falk-toys.com\/wp-content\/uploads\/2019\/12\/falk-logo@2x.png\",\"contentUrl\":\"https:\/\/falk-toys.com\/wp-content\/uploads\/2019\/12\/falk-logo@2x.png\",\"width\":436,\"height\":351,\"caption\":\"Falk Toys\"},\"image\":{\"@id\":\"https:\/\/falk-toys.com\/es\/#\/schema\/logo\/image\/\"},\"sameAs\":[\"https:\/\/www.facebook.com\/FalkFR\/\",\"https:\/\/www.instagram.com\/falk_toys\/\",\"https:\/\/www.youtube.com\/channel\/UCKZXf1_E8UsPhjAQo-Y5vlg\"]}]}<\/script>\n<meta property=\"product:price:amount\" content=\"144.49\" \/>\n<meta property=\"product:price:currency\" content=\"EUR\" \/>\n<meta property=\"og:availability\" content=\"instock\" \/>\n<meta property=\"product:availability\" content=\"instock\" \/>\n<meta property=\"product:retailer_item_id\" content=\"2025AM\" \/>\n<meta property=\"product:condition\" content=\"new\" \/>\n<!-- \/ Yoast SEO Premium plugin. -->","yoast_head_json":{"title":"Retroexcavadora SuperBuilder con cap\u00f3 abrible y remolque basculante | FALK - Toys that rolls","robots":{"index":"index","follow":"follow","max-snippet":"max-snippet:-1","max-image-preview":"max-image-preview:large","max-video-preview":"max-video-preview:-1"},"canonical":"https:\/\/falk-toys.com\/es\/producto\/retroexcavadora-superbuilder-con-capo-abrible-y-remolque-basculante\/","og_locale":"es_ES","og_type":"article","og_title":"Retroexcavadora SuperBuilder con cap\u00f3 abrible y remolque basculante","og_description":"Retroexcavadora a pedales SuperBuilder con volante y bocina, pala frontal y excavadora de verdad, remolque basculante y cap\u00f3 abrible - 100% Made in France - Contiene al menos un 60% de pl\u00e1stico - A partir de 3 a\u00f1os.","og_url":"https:\/\/falk-toys.com\/es\/producto\/retroexcavadora-superbuilder-con-capo-abrible-y-remolque-basculante\/","og_site_name":"FALK - Toys that rolls","article_publisher":"https:\/\/www.facebook.com\/FalkFR\/","article_modified_time":"2026-03-20T00:59:13+00:00","og_image":[{"width":800,"height":800,"url":"https:\/\/falk-toys.com\/wp-content\/uploads\/2024\/10\/tractopelle-super-builder-avec-remorque-2025am-1.jpg.jpg","type":"image\/jpeg"}],"twitter_card":"summary_large_image","twitter_misc":{"Precio":"144,49&euro;","Disponibilidad":"Disponible"},"schema":{"@context":"https:\/\/schema.org","@graph":[{"@type":"WebPage","@id":"https:\/\/falk-toys.com\/es\/producto\/retroexcavadora-superbuilder-con-capo-abrible-y-remolque-basculante\/","url":"https:\/\/falk-toys.com\/es\/producto\/retroexcavadora-superbuilder-con-capo-abrible-y-remolque-basculante\/","name":"Retroexcavadora SuperBuilder con cap\u00f3 abrible y remolque basculante | FALK - Toys that rolls","isPartOf":{"@id":"https:\/\/falk-toys.com\/es\/#website"},"primaryImageOfPage":{"@id":"https:\/\/falk-toys.com\/es\/producto\/retroexcavadora-superbuilder-con-capo-abrible-y-remolque-basculante\/#primaryimage"},"image":{"@id":"https:\/\/falk-toys.com\/es\/producto\/retroexcavadora-superbuilder-con-capo-abrible-y-remolque-basculante\/#primaryimage"},"thumbnailUrl":"https:\/\/falk-toys.com\/wp-content\/uploads\/2024\/10\/tractopelle-super-builder-avec-remorque-2025am-1.jpg.jpg","datePublished":"2024-11-01T08:24:44+00:00","dateModified":"2026-03-20T00:59:13+00:00","breadcrumb":{"@id":"https:\/\/falk-toys.com\/es\/producto\/retroexcavadora-superbuilder-con-capo-abrible-y-remolque-basculante\/#breadcrumb"},"inLanguage":"es","potentialAction":[{"@type":"ReadAction","target":["https:\/\/falk-toys.com\/es\/producto\/retroexcavadora-superbuilder-con-capo-abrible-y-remolque-basculante\/"]}]},{"@type":"ImageObject","inLanguage":"es","@id":"https:\/\/falk-toys.com\/es\/producto\/retroexcavadora-superbuilder-con-capo-abrible-y-remolque-basculante\/#primaryimage","url":"https:\/\/falk-toys.com\/wp-content\/uploads\/2024\/10\/tractopelle-super-builder-avec-remorque-2025am-1.jpg.jpg","contentUrl":"https:\/\/falk-toys.com\/wp-content\/uploads\/2024\/10\/tractopelle-super-builder-avec-remorque-2025am-1.jpg.jpg","width":800,"height":800,"caption":"Stacked from 6 images. Method=C (S=4)"},{"@type":"BreadcrumbList","@id":"https:\/\/falk-toys.com\/es\/producto\/retroexcavadora-superbuilder-con-capo-abrible-y-remolque-basculante\/#breadcrumb","itemListElement":[{"@type":"ListItem","position":1,"name":"Home","item":"https:\/\/falk-toys.com\/es\/"},{"@type":"ListItem","position":2,"name":"Tienda","item":"https:\/\/falk-toys.com\/es\/tienda\/"},{"@type":"ListItem","position":3,"name":"Retroexcavadora SuperBuilder con cap\u00f3 abrible y remolque basculante"}]},{"@type":"WebSite","@id":"https:\/\/falk-toys.com\/es\/#website","url":"https:\/\/falk-toys.com\/es\/","name":"FALK - Toys that rolls","description":"Jouets fabriqu\u00e9s en France","publisher":{"@id":"https:\/\/falk-toys.com\/es\/#organization"},"potentialAction":[{"@type":"SearchAction","target":{"@type":"EntryPoint","urlTemplate":"https:\/\/falk-toys.com\/es\/?s={search_term_string}"},"query-input":{"@type":"PropertyValueSpecification","valueRequired":true,"valueName":"search_term_string"}}],"inLanguage":"es"},{"@type":"Organization","@id":"https:\/\/falk-toys.com\/es\/#organization","name":"Falk Toys","url":"https:\/\/falk-toys.com\/es\/","logo":{"@type":"ImageObject","inLanguage":"es","@id":"https:\/\/falk-toys.com\/es\/#\/schema\/logo\/image\/","url":"https:\/\/falk-toys.com\/wp-content\/uploads\/2019\/12\/falk-logo@2x.png","contentUrl":"https:\/\/falk-toys.com\/wp-content\/uploads\/2019\/12\/falk-logo@2x.png","width":436,"height":351,"caption":"Falk Toys"},"image":{"@id":"https:\/\/falk-toys.com\/es\/#\/schema\/logo\/image\/"},"sameAs":["https:\/\/www.facebook.com\/FalkFR\/","https:\/\/www.instagram.com\/falk_toys\/","https:\/\/www.youtube.com\/channel\/UCKZXf1_E8UsPhjAQo-Y5vlg"]}]},"product_price_amount":"144.49","product_price_currency":"EUR","og_availability":"instock","product_availability":"instock","product_retailer_item_id":"2025AM","product_condition":"new"},"_links":{"self":[{"href":"https:\/\/falk-toys.com\/es\/wp-json\/wp\/v2\/product\/22518","targetHints":{"allow":["GET"]}}],"collection":[{"href":"https:\/\/falk-toys.com\/es\/wp-json\/wp\/v2\/product"}],"about":[{"href":"https:\/\/falk-toys.com\/es\/wp-json\/wp\/v2\/types\/product"}],"replies":[{"embeddable":true,"href":"https:\/\/falk-toys.com\/es\/wp-json\/wp\/v2\/comments?post=22518"}],"wp:featuredmedia":[{"embeddable":true,"href":"https:\/\/falk-toys.com\/es\/wp-json\/wp\/v2\/media\/23234"}],"wp:attachment":[{"href":"https:\/\/falk-toys.com\/es\/wp-json\/wp\/v2\/media?parent=22518"}],"wp:term":[{"taxonomy":"product_brand","embeddable":true,"href":"https:\/\/falk-toys.com\/es\/wp-json\/wp\/v2\/product_brand?post=22518"},{"taxonomy":"product_cat","embeddable":true,"href":"https:\/\/falk-toys.com\/es\/wp-json\/wp\/v2\/product_cat?post=22518"},{"taxonomy":"product_tag","embeddable":true,"href":"https:\/\/falk-toys.com\/es\/wp-json\/wp\/v2\/product_tag?post=22518"}],"curies":[{"name":"wp","href":"https:\/\/api.w.org\/{rel}","templated":true}]}}