{"id":22529,"date":"2025-01-08T09:24:44","date_gmt":"2025-01-08T08:24:44","guid":{"rendered":"https:\/\/falk-toys.com\/produit\/retroexcavadora-a-pedales-farm-lander-con-pala-trasera-y-remolque-verde-vintage\/"},"modified":"2026-03-20T01:59:18","modified_gmt":"2026-03-20T00:59:18","slug":"retroexcavadora-a-pedales-farm-lander-con-pala-trasera-y-remolque-verde-vintage","status":"publish","type":"product","link":"https:\/\/falk-toys.com\/es\/producto\/retroexcavadora-a-pedales-farm-lander-con-pala-trasera-y-remolque-verde-vintage\/","title":{"rendered":"Retroexcavadora a pedales Farm Lander con pala trasera y remolque &#8211; Verde vintage"},"content":{"rendered":"<p>No hay obra demasiado ambiciosa para los peque\u00f1os jardineros equipados con esta retroexcavadora Farm Lander, igual que una real con su excavadora y pala frontal completamente articuladas y un remolque que permite jugar sin l\u00edmites.<br \/>\nEste verdadero equipo de construcci\u00f3n en miniatura, 100% fabricado en Francia y compuesto por al menos un 30% de pl\u00e1stico reciclado, est\u00e1 especialmente dise\u00f1ado para resistir a los ni\u00f1os entre 2 y 5 a\u00f1os, garantizando horas de juegos al aire libre.<br \/>\n\u00a1Es hora de echar una mano a los padres en sus proyectos de construcci\u00f3n!<\/p>\n","protected":false},"excerpt":{"rendered":"<p>Retroexcavadora a pedales Farm Lander con excavadora trasera y remolque &#8211; 100% fabricado en Francia &#8211; Contiene un 30% de pl\u00e1stico reciclado &#8211; A partir de 2 a\u00f1os.<\/p>\n","protected":false},"featured_media":23134,"comment_status":"closed","ping_status":"closed","template":"","meta":{"_acf_changed":false,"site-sidebar-layout":"default","site-content-layout":"","ast-site-content-layout":"default","site-content-style":"default","site-sidebar-style":"default","ast-global-header-display":"","ast-banner-title-visibility":"","ast-main-header-display":"","ast-hfb-above-header-display":"","ast-hfb-below-header-display":"","ast-hfb-mobile-header-display":"","site-post-title":"","ast-breadcrumbs-content":"","ast-featured-img":"","footer-sml-layout":"","theme-transparent-header-meta":"default","adv-header-id-meta":"","stick-header-meta":"","header-above-stick-meta":"","header-main-stick-meta":"","header-below-stick-meta":"","astra-migrate-meta-layouts":"default","ast-page-background-enabled":"default","ast-page-background-meta":{"desktop":{"background-color":"","background-image":"","background-repeat":"repeat","background-position":"center center","background-size":"auto","background-attachment":"scroll","background-type":"","background-media":"","overlay-type":"","overlay-color":"","overlay-opacity":"","overlay-gradient":""},"tablet":{"background-color":"","background-image":"","background-repeat":"repeat","background-position":"center center","background-size":"auto","background-attachment":"scroll","background-type":"","background-media":"","overlay-type":"","overlay-color":"","overlay-opacity":"","overlay-gradient":""},"mobile":{"background-color":"","background-image":"","background-repeat":"repeat","background-position":"center center","background-size":"auto","background-attachment":"scroll","background-type":"","background-media":"","overlay-type":"","overlay-color":"","overlay-opacity":"","overlay-gradient":""}},"ast-content-background-meta":{"desktop":{"background-color":"var(--ast-global-color-5)","background-image":"","background-repeat":"repeat","background-position":"center center","background-size":"auto","background-attachment":"scroll","background-type":"","background-media":"","overlay-type":"","overlay-color":"","overlay-opacity":"","overlay-gradient":""},"tablet":{"background-color":"var(--ast-global-color-5)","background-image":"","background-repeat":"repeat","background-position":"center center","background-size":"auto","background-attachment":"scroll","background-type":"","background-media":"","overlay-type":"","overlay-color":"","overlay-opacity":"","overlay-gradient":""},"mobile":{"background-color":"var(--ast-global-color-5)","background-image":"","background-repeat":"repeat","background-position":"center center","background-size":"auto","background-attachment":"scroll","background-type":"","background-media":"","overlay-type":"","overlay-color":"","overlay-opacity":"","overlay-gradient":""}}},"product_brand":[],"product_cat":[163,46],"product_tag":[78],"class_list":{"0":"post-22529","1":"product","2":"type-product","3":"status-publish","4":"has-post-thumbnail","6":"product_cat-2-5-anos","7":"product_cat-los-pequenos-jardineros","8":"product_tag-retroexcavadora","9":"desktop-align-left","10":"tablet-align-left","11":"mobile-align-left","13":"first","14":"instock","15":"sale","16":"taxable","17":"shipping-taxable","18":"purchasable","19":"product-type-simple"},"acf":[],"yoast_head":"<!-- This site is optimized with the Yoast SEO Premium plugin v25.8 (Yoast SEO v26.3) - https:\/\/yoast.com\/wordpress\/plugins\/seo\/ -->\n<title>Retroexcavadora a pedales Farm Lander con pala trasera y remolque - Verde vintage | FALK - Toys that rolls<\/title>\n<meta name=\"robots\" content=\"index, follow, max-snippet:-1, max-image-preview:large, max-video-preview:-1\" \/>\n<link rel=\"canonical\" href=\"https:\/\/falk-toys.com\/es\/producto\/retroexcavadora-a-pedales-farm-lander-con-pala-trasera-y-remolque-verde-vintage\/\" \/>\n<meta property=\"og:locale\" content=\"es_ES\" \/>\n<meta property=\"og:type\" content=\"article\" \/>\n<meta property=\"og:title\" content=\"Retroexcavadora a pedales Farm Lander con pala trasera y remolque - Verde vintage\" \/>\n<meta property=\"og:description\" content=\"Retroexcavadora a pedales Farm Lander con excavadora trasera y remolque - 100% fabricado en Francia - Contiene un 30% de pl\u00e1stico reciclado - A partir de 2 a\u00f1os.\" \/>\n<meta property=\"og:url\" content=\"https:\/\/falk-toys.com\/es\/producto\/retroexcavadora-a-pedales-farm-lander-con-pala-trasera-y-remolque-verde-vintage\/\" \/>\n<meta property=\"og:site_name\" content=\"FALK - Toys that rolls\" \/>\n<meta property=\"article:publisher\" content=\"https:\/\/www.facebook.com\/FalkFR\/\" \/>\n<meta property=\"article:modified_time\" content=\"2026-03-20T00:59:18+00:00\" \/>\n<meta property=\"og:image\" content=\"https:\/\/falk-toys.com\/wp-content\/uploads\/2024\/10\/tractopelle-farm-lander-avec-excavatrice-et-remorque-2054n-pks.jpg.jpg\" \/>\n\t<meta property=\"og:image:width\" content=\"800\" \/>\n\t<meta property=\"og:image:height\" content=\"800\" \/>\n\t<meta property=\"og:image:type\" content=\"image\/jpeg\" \/>\n<meta name=\"twitter:card\" content=\"summary_large_image\" \/>\n<meta name=\"twitter:label1\" content=\"Precio\" \/>\n\t<meta name=\"twitter:data1\" content=\"114,99&euro;\" \/>\n\t<meta name=\"twitter:label2\" content=\"Disponibilidad\" \/>\n\t<meta name=\"twitter:data2\" content=\"Disponible\" \/>\n<script type=\"application\/ld+json\" class=\"yoast-schema-graph\">{\"@context\":\"https:\/\/schema.org\",\"@graph\":[{\"@type\":\"WebPage\",\"@id\":\"https:\/\/falk-toys.com\/es\/producto\/retroexcavadora-a-pedales-farm-lander-con-pala-trasera-y-remolque-verde-vintage\/\",\"url\":\"https:\/\/falk-toys.com\/es\/producto\/retroexcavadora-a-pedales-farm-lander-con-pala-trasera-y-remolque-verde-vintage\/\",\"name\":\"Retroexcavadora a pedales Farm Lander con pala trasera y remolque - Verde vintage | FALK - Toys that rolls\",\"isPartOf\":{\"@id\":\"https:\/\/falk-toys.com\/es\/#website\"},\"primaryImageOfPage\":{\"@id\":\"https:\/\/falk-toys.com\/es\/producto\/retroexcavadora-a-pedales-farm-lander-con-pala-trasera-y-remolque-verde-vintage\/#primaryimage\"},\"image\":{\"@id\":\"https:\/\/falk-toys.com\/es\/producto\/retroexcavadora-a-pedales-farm-lander-con-pala-trasera-y-remolque-verde-vintage\/#primaryimage\"},\"thumbnailUrl\":\"https:\/\/falk-toys.com\/wp-content\/uploads\/2024\/10\/tractopelle-farm-lander-avec-excavatrice-et-remorque-2054n-pks.jpg.jpg\",\"datePublished\":\"2025-01-08T08:24:44+00:00\",\"dateModified\":\"2026-03-20T00:59:18+00:00\",\"breadcrumb\":{\"@id\":\"https:\/\/falk-toys.com\/es\/producto\/retroexcavadora-a-pedales-farm-lander-con-pala-trasera-y-remolque-verde-vintage\/#breadcrumb\"},\"inLanguage\":\"es\",\"potentialAction\":[{\"@type\":\"ReadAction\",\"target\":[\"https:\/\/falk-toys.com\/es\/producto\/retroexcavadora-a-pedales-farm-lander-con-pala-trasera-y-remolque-verde-vintage\/\"]}]},{\"@type\":\"ImageObject\",\"inLanguage\":\"es\",\"@id\":\"https:\/\/falk-toys.com\/es\/producto\/retroexcavadora-a-pedales-farm-lander-con-pala-trasera-y-remolque-verde-vintage\/#primaryimage\",\"url\":\"https:\/\/falk-toys.com\/wp-content\/uploads\/2024\/10\/tractopelle-farm-lander-avec-excavatrice-et-remorque-2054n-pks.jpg.jpg\",\"contentUrl\":\"https:\/\/falk-toys.com\/wp-content\/uploads\/2024\/10\/tractopelle-farm-lander-avec-excavatrice-et-remorque-2054n-pks.jpg.jpg\",\"width\":800,\"height\":800,\"caption\":\"Stacked from 11 images. Method=C (S=4)\"},{\"@type\":\"BreadcrumbList\",\"@id\":\"https:\/\/falk-toys.com\/es\/producto\/retroexcavadora-a-pedales-farm-lander-con-pala-trasera-y-remolque-verde-vintage\/#breadcrumb\",\"itemListElement\":[{\"@type\":\"ListItem\",\"position\":1,\"name\":\"Home\",\"item\":\"https:\/\/falk-toys.com\/es\/\"},{\"@type\":\"ListItem\",\"position\":2,\"name\":\"Tienda\",\"item\":\"https:\/\/falk-toys.com\/es\/tienda\/\"},{\"@type\":\"ListItem\",\"position\":3,\"name\":\"Retroexcavadora a pedales Farm Lander con pala trasera y remolque &#8211; Verde vintage\"}]},{\"@type\":\"WebSite\",\"@id\":\"https:\/\/falk-toys.com\/es\/#website\",\"url\":\"https:\/\/falk-toys.com\/es\/\",\"name\":\"FALK - Toys that rolls\",\"description\":\"Jouets fabriqu\u00e9s en France\",\"publisher\":{\"@id\":\"https:\/\/falk-toys.com\/es\/#organization\"},\"potentialAction\":[{\"@type\":\"SearchAction\",\"target\":{\"@type\":\"EntryPoint\",\"urlTemplate\":\"https:\/\/falk-toys.com\/es\/?s={search_term_string}\"},\"query-input\":{\"@type\":\"PropertyValueSpecification\",\"valueRequired\":true,\"valueName\":\"search_term_string\"}}],\"inLanguage\":\"es\"},{\"@type\":\"Organization\",\"@id\":\"https:\/\/falk-toys.com\/es\/#organization\",\"name\":\"Falk Toys\",\"url\":\"https:\/\/falk-toys.com\/es\/\",\"logo\":{\"@type\":\"ImageObject\",\"inLanguage\":\"es\",\"@id\":\"https:\/\/falk-toys.com\/es\/#\/schema\/logo\/image\/\",\"url\":\"https:\/\/falk-toys.com\/wp-content\/uploads\/2019\/12\/falk-logo@2x.png\",\"contentUrl\":\"https:\/\/falk-toys.com\/wp-content\/uploads\/2019\/12\/falk-logo@2x.png\",\"width\":436,\"height\":351,\"caption\":\"Falk Toys\"},\"image\":{\"@id\":\"https:\/\/falk-toys.com\/es\/#\/schema\/logo\/image\/\"},\"sameAs\":[\"https:\/\/www.facebook.com\/FalkFR\/\",\"https:\/\/www.instagram.com\/falk_toys\/\",\"https:\/\/www.youtube.com\/channel\/UCKZXf1_E8UsPhjAQo-Y5vlg\"]}]}<\/script>\n<meta property=\"product:price:amount\" content=\"114.99\" \/>\n<meta property=\"product:price:currency\" content=\"EUR\" \/>\n<meta property=\"og:availability\" content=\"instock\" \/>\n<meta property=\"product:availability\" content=\"instock\" \/>\n<meta property=\"product:retailer_item_id\" content=\"2054N\" \/>\n<meta property=\"product:condition\" content=\"new\" \/>\n<!-- \/ Yoast SEO Premium plugin. -->","yoast_head_json":{"title":"Retroexcavadora a pedales Farm Lander con pala trasera y remolque - Verde vintage | FALK - Toys that rolls","robots":{"index":"index","follow":"follow","max-snippet":"max-snippet:-1","max-image-preview":"max-image-preview:large","max-video-preview":"max-video-preview:-1"},"canonical":"https:\/\/falk-toys.com\/es\/producto\/retroexcavadora-a-pedales-farm-lander-con-pala-trasera-y-remolque-verde-vintage\/","og_locale":"es_ES","og_type":"article","og_title":"Retroexcavadora a pedales Farm Lander con pala trasera y remolque - Verde vintage","og_description":"Retroexcavadora a pedales Farm Lander con excavadora trasera y remolque - 100% fabricado en Francia - Contiene un 30% de pl\u00e1stico reciclado - A partir de 2 a\u00f1os.","og_url":"https:\/\/falk-toys.com\/es\/producto\/retroexcavadora-a-pedales-farm-lander-con-pala-trasera-y-remolque-verde-vintage\/","og_site_name":"FALK - Toys that rolls","article_publisher":"https:\/\/www.facebook.com\/FalkFR\/","article_modified_time":"2026-03-20T00:59:18+00:00","og_image":[{"width":800,"height":800,"url":"https:\/\/falk-toys.com\/wp-content\/uploads\/2024\/10\/tractopelle-farm-lander-avec-excavatrice-et-remorque-2054n-pks.jpg.jpg","type":"image\/jpeg"}],"twitter_card":"summary_large_image","twitter_misc":{"Precio":"114,99&euro;","Disponibilidad":"Disponible"},"schema":{"@context":"https:\/\/schema.org","@graph":[{"@type":"WebPage","@id":"https:\/\/falk-toys.com\/es\/producto\/retroexcavadora-a-pedales-farm-lander-con-pala-trasera-y-remolque-verde-vintage\/","url":"https:\/\/falk-toys.com\/es\/producto\/retroexcavadora-a-pedales-farm-lander-con-pala-trasera-y-remolque-verde-vintage\/","name":"Retroexcavadora a pedales Farm Lander con pala trasera y remolque - Verde vintage | FALK - Toys that rolls","isPartOf":{"@id":"https:\/\/falk-toys.com\/es\/#website"},"primaryImageOfPage":{"@id":"https:\/\/falk-toys.com\/es\/producto\/retroexcavadora-a-pedales-farm-lander-con-pala-trasera-y-remolque-verde-vintage\/#primaryimage"},"image":{"@id":"https:\/\/falk-toys.com\/es\/producto\/retroexcavadora-a-pedales-farm-lander-con-pala-trasera-y-remolque-verde-vintage\/#primaryimage"},"thumbnailUrl":"https:\/\/falk-toys.com\/wp-content\/uploads\/2024\/10\/tractopelle-farm-lander-avec-excavatrice-et-remorque-2054n-pks.jpg.jpg","datePublished":"2025-01-08T08:24:44+00:00","dateModified":"2026-03-20T00:59:18+00:00","breadcrumb":{"@id":"https:\/\/falk-toys.com\/es\/producto\/retroexcavadora-a-pedales-farm-lander-con-pala-trasera-y-remolque-verde-vintage\/#breadcrumb"},"inLanguage":"es","potentialAction":[{"@type":"ReadAction","target":["https:\/\/falk-toys.com\/es\/producto\/retroexcavadora-a-pedales-farm-lander-con-pala-trasera-y-remolque-verde-vintage\/"]}]},{"@type":"ImageObject","inLanguage":"es","@id":"https:\/\/falk-toys.com\/es\/producto\/retroexcavadora-a-pedales-farm-lander-con-pala-trasera-y-remolque-verde-vintage\/#primaryimage","url":"https:\/\/falk-toys.com\/wp-content\/uploads\/2024\/10\/tractopelle-farm-lander-avec-excavatrice-et-remorque-2054n-pks.jpg.jpg","contentUrl":"https:\/\/falk-toys.com\/wp-content\/uploads\/2024\/10\/tractopelle-farm-lander-avec-excavatrice-et-remorque-2054n-pks.jpg.jpg","width":800,"height":800,"caption":"Stacked from 11 images. Method=C (S=4)"},{"@type":"BreadcrumbList","@id":"https:\/\/falk-toys.com\/es\/producto\/retroexcavadora-a-pedales-farm-lander-con-pala-trasera-y-remolque-verde-vintage\/#breadcrumb","itemListElement":[{"@type":"ListItem","position":1,"name":"Home","item":"https:\/\/falk-toys.com\/es\/"},{"@type":"ListItem","position":2,"name":"Tienda","item":"https:\/\/falk-toys.com\/es\/tienda\/"},{"@type":"ListItem","position":3,"name":"Retroexcavadora a pedales Farm Lander con pala trasera y remolque &#8211; Verde vintage"}]},{"@type":"WebSite","@id":"https:\/\/falk-toys.com\/es\/#website","url":"https:\/\/falk-toys.com\/es\/","name":"FALK - Toys that rolls","description":"Jouets fabriqu\u00e9s en France","publisher":{"@id":"https:\/\/falk-toys.com\/es\/#organization"},"potentialAction":[{"@type":"SearchAction","target":{"@type":"EntryPoint","urlTemplate":"https:\/\/falk-toys.com\/es\/?s={search_term_string}"},"query-input":{"@type":"PropertyValueSpecification","valueRequired":true,"valueName":"search_term_string"}}],"inLanguage":"es"},{"@type":"Organization","@id":"https:\/\/falk-toys.com\/es\/#organization","name":"Falk Toys","url":"https:\/\/falk-toys.com\/es\/","logo":{"@type":"ImageObject","inLanguage":"es","@id":"https:\/\/falk-toys.com\/es\/#\/schema\/logo\/image\/","url":"https:\/\/falk-toys.com\/wp-content\/uploads\/2019\/12\/falk-logo@2x.png","contentUrl":"https:\/\/falk-toys.com\/wp-content\/uploads\/2019\/12\/falk-logo@2x.png","width":436,"height":351,"caption":"Falk Toys"},"image":{"@id":"https:\/\/falk-toys.com\/es\/#\/schema\/logo\/image\/"},"sameAs":["https:\/\/www.facebook.com\/FalkFR\/","https:\/\/www.instagram.com\/falk_toys\/","https:\/\/www.youtube.com\/channel\/UCKZXf1_E8UsPhjAQo-Y5vlg"]}]},"product_price_amount":"114.99","product_price_currency":"EUR","og_availability":"instock","product_availability":"instock","product_retailer_item_id":"2054N","product_condition":"new"},"_links":{"self":[{"href":"https:\/\/falk-toys.com\/es\/wp-json\/wp\/v2\/product\/22529","targetHints":{"allow":["GET"]}}],"collection":[{"href":"https:\/\/falk-toys.com\/es\/wp-json\/wp\/v2\/product"}],"about":[{"href":"https:\/\/falk-toys.com\/es\/wp-json\/wp\/v2\/types\/product"}],"replies":[{"embeddable":true,"href":"https:\/\/falk-toys.com\/es\/wp-json\/wp\/v2\/comments?post=22529"}],"wp:featuredmedia":[{"embeddable":true,"href":"https:\/\/falk-toys.com\/es\/wp-json\/wp\/v2\/media\/23134"}],"wp:attachment":[{"href":"https:\/\/falk-toys.com\/es\/wp-json\/wp\/v2\/media?parent=22529"}],"wp:term":[{"taxonomy":"product_brand","embeddable":true,"href":"https:\/\/falk-toys.com\/es\/wp-json\/wp\/v2\/product_brand?post=22529"},{"taxonomy":"product_cat","embeddable":true,"href":"https:\/\/falk-toys.com\/es\/wp-json\/wp\/v2\/product_cat?post=22529"},{"taxonomy":"product_tag","embeddable":true,"href":"https:\/\/falk-toys.com\/es\/wp-json\/wp\/v2\/product_tag?post=22529"}],"curies":[{"name":"wp","href":"https:\/\/api.w.org\/{rel}","templated":true}]}}