{"id":22548,"date":"2024-10-25T09:25:35","date_gmt":"2024-10-25T07:25:35","guid":{"rendered":"https:\/\/falk-toys.com\/produit\/tractor-baby-mc-cormick-con-remolque-pala-y-rastrillo\/"},"modified":"2026-03-20T01:59:29","modified_gmt":"2026-03-20T00:59:29","slug":"tractor-baby-mc-cormick-con-remolque-pala-y-rastrillo","status":"publish","type":"product","link":"https:\/\/falk-toys.com\/es\/producto\/tractor-baby-mc-cormick-con-remolque-pala-y-rastrillo\/","title":{"rendered":"Tractor Baby Mc Cormick con remolque, pala y rastrillo"},"content":{"rendered":"<p>Tractor Mc Cormick, 100% fabricado en Francia y compuesto por al menos un 40% de pl\u00e1stico reciclado para los m\u00e1s peque\u00f1os a partir de 1 a\u00f1o. L\u00fadico con sus formas redondeadas, este peque\u00f1o b\u00f3lido har\u00e1 la felicidad de los peque\u00f1os jardineros. Sus colores vivos son perfectos para el despertar del beb\u00e9, quien tambi\u00e9n podr\u00e1 desarrollar su motricidad y equilibrio \u00a1mientras se divierte! Tan c\u00f3modo en exteriores como en interiores gracias a su volante direccional con claxon, este peque\u00f1o tractor tan lindo, equipado con un remolque con pala y rastrillo, ser\u00e1 su medio de transporte preferido para llevar su peluche favorito de la habitaci\u00f3n al sal\u00f3n o en peque\u00f1as escapadas al aire libre \u00a1direcci\u00f3n al arenero! Astuto, \u00a1un kit adhesivo adicional incluido permite que su peque\u00f1o elija el estilo de su portador y lo haga suyo gracias a su matr\u00edcula personalizable!<\/p>\n","protected":false},"excerpt":{"rendered":"<p>Tractor Mc Cormick equipado con un volante con bocina, un mini remolque con pala y rastrillo y 2 kits de personalizaci\u00f3n incluidos, entre ellos una matr\u00edcula personalizable &#8211; 100% Made in France &#8211; Con un 40% de pl\u00e1stico reciclado &#8211; A partir de 12 meses.<\/p>\n","protected":false},"featured_media":28935,"comment_status":"closed","ping_status":"closed","template":"","meta":{"_acf_changed":false,"site-sidebar-layout":"default","site-content-layout":"","ast-site-content-layout":"default","site-content-style":"default","site-sidebar-style":"default","ast-global-header-display":"","ast-banner-title-visibility":"","ast-main-header-display":"","ast-hfb-above-header-display":"","ast-hfb-below-header-display":"","ast-hfb-mobile-header-display":"","site-post-title":"","ast-breadcrumbs-content":"","ast-featured-img":"","footer-sml-layout":"","theme-transparent-header-meta":"default","adv-header-id-meta":"","stick-header-meta":"","header-above-stick-meta":"","header-main-stick-meta":"","header-below-stick-meta":"","astra-migrate-meta-layouts":"default","ast-page-background-enabled":"default","ast-page-background-meta":{"desktop":{"background-color":"","background-image":"","background-repeat":"repeat","background-position":"center center","background-size":"auto","background-attachment":"scroll","background-type":"","background-media":"","overlay-type":"","overlay-color":"","overlay-opacity":"","overlay-gradient":""},"tablet":{"background-color":"","background-image":"","background-repeat":"repeat","background-position":"center center","background-size":"auto","background-attachment":"scroll","background-type":"","background-media":"","overlay-type":"","overlay-color":"","overlay-opacity":"","overlay-gradient":""},"mobile":{"background-color":"","background-image":"","background-repeat":"repeat","background-position":"center center","background-size":"auto","background-attachment":"scroll","background-type":"","background-media":"","overlay-type":"","overlay-color":"","overlay-opacity":"","overlay-gradient":""}},"ast-content-background-meta":{"desktop":{"background-color":"var(--ast-global-color-5)","background-image":"","background-repeat":"repeat","background-position":"center center","background-size":"auto","background-attachment":"scroll","background-type":"","background-media":"","overlay-type":"","overlay-color":"","overlay-opacity":"","overlay-gradient":""},"tablet":{"background-color":"var(--ast-global-color-5)","background-image":"","background-repeat":"repeat","background-position":"center center","background-size":"auto","background-attachment":"scroll","background-type":"","background-media":"","overlay-type":"","overlay-color":"","overlay-opacity":"","overlay-gradient":""},"mobile":{"background-color":"var(--ast-global-color-5)","background-image":"","background-repeat":"repeat","background-position":"center center","background-size":"auto","background-attachment":"scroll","background-type":"","background-media":"","overlay-type":"","overlay-color":"","overlay-opacity":"","overlay-gradient":""}}},"product_brand":[],"product_cat":[162,46,151],"product_tag":[75],"class_list":{"0":"post-22548","1":"product","2":"type-product","3":"status-publish","4":"has-post-thumbnail","6":"product_cat-1-3-anos","7":"product_cat-los-pequenos-jardineros","8":"product_cat-mc-cormick-es","9":"product_tag-correpasillos-para-los-primeros-anos","10":"desktop-align-left","11":"tablet-align-left","12":"mobile-align-left","14":"first","15":"outofstock","16":"sale","17":"taxable","18":"shipping-taxable","19":"purchasable","20":"product-type-simple"},"acf":[],"yoast_head":"<!-- This site is optimized with the Yoast SEO Premium plugin v25.8 (Yoast SEO v26.3) - https:\/\/yoast.com\/wordpress\/plugins\/seo\/ -->\n<title>Tractor Baby Mc Cormick con remolque, pala y rastrillo | FALK - Toys that rolls<\/title>\n<meta name=\"robots\" content=\"index, follow, max-snippet:-1, max-image-preview:large, max-video-preview:-1\" \/>\n<link rel=\"canonical\" href=\"https:\/\/falk-toys.com\/es\/producto\/tractor-baby-mc-cormick-con-remolque-pala-y-rastrillo\/\" \/>\n<meta property=\"og:locale\" content=\"es_ES\" \/>\n<meta property=\"og:type\" content=\"article\" \/>\n<meta property=\"og:title\" content=\"Tractor Baby Mc Cormick con remolque, pala y rastrillo\" \/>\n<meta property=\"og:description\" content=\"Tractor Mc Cormick equipado con un volante con bocina, un mini remolque con pala y rastrillo y 2 kits de personalizaci\u00f3n incluidos, entre ellos una matr\u00edcula personalizable - 100% Made in France - Con un 40% de pl\u00e1stico reciclado - A partir de 12 meses.\" \/>\n<meta property=\"og:url\" content=\"https:\/\/falk-toys.com\/es\/producto\/tractor-baby-mc-cormick-con-remolque-pala-y-rastrillo\/\" \/>\n<meta property=\"og:site_name\" content=\"FALK - Toys that rolls\" \/>\n<meta property=\"article:publisher\" content=\"https:\/\/www.facebook.com\/FalkFR\/\" \/>\n<meta property=\"article:modified_time\" content=\"2026-03-20T00:59:29+00:00\" \/>\n<meta property=\"og:image\" content=\"https:\/\/falk-toys.com\/wp-content\/uploads\/2024\/10\/porteur-mccormick-avec-remorque-220C-pks2.jpg.jpg\" \/>\n\t<meta property=\"og:image:width\" content=\"800\" \/>\n\t<meta property=\"og:image:height\" content=\"800\" \/>\n\t<meta property=\"og:image:type\" content=\"image\/jpeg\" \/>\n<meta name=\"twitter:card\" content=\"summary_large_image\" \/>\n<meta name=\"twitter:label1\" content=\"Precio\" \/>\n\t<meta name=\"twitter:data1\" content=\"42,99&euro;\" \/>\n\t<meta name=\"twitter:label2\" content=\"Disponibilidad\" \/>\n\t<meta name=\"twitter:data2\" content=\"Sin existencias\" \/>\n<script type=\"application\/ld+json\" class=\"yoast-schema-graph\">{\"@context\":\"https:\/\/schema.org\",\"@graph\":[{\"@type\":\"WebPage\",\"@id\":\"https:\/\/falk-toys.com\/es\/producto\/tractor-baby-mc-cormick-con-remolque-pala-y-rastrillo\/\",\"url\":\"https:\/\/falk-toys.com\/es\/producto\/tractor-baby-mc-cormick-con-remolque-pala-y-rastrillo\/\",\"name\":\"Tractor Baby Mc Cormick con remolque, pala y rastrillo | FALK - Toys that rolls\",\"isPartOf\":{\"@id\":\"https:\/\/falk-toys.com\/es\/#website\"},\"primaryImageOfPage\":{\"@id\":\"https:\/\/falk-toys.com\/es\/producto\/tractor-baby-mc-cormick-con-remolque-pala-y-rastrillo\/#primaryimage\"},\"image\":{\"@id\":\"https:\/\/falk-toys.com\/es\/producto\/tractor-baby-mc-cormick-con-remolque-pala-y-rastrillo\/#primaryimage\"},\"thumbnailUrl\":\"https:\/\/falk-toys.com\/wp-content\/uploads\/2024\/10\/220C_01.jpg\",\"datePublished\":\"2024-10-25T07:25:35+00:00\",\"dateModified\":\"2026-03-20T00:59:29+00:00\",\"breadcrumb\":{\"@id\":\"https:\/\/falk-toys.com\/es\/producto\/tractor-baby-mc-cormick-con-remolque-pala-y-rastrillo\/#breadcrumb\"},\"inLanguage\":\"es\",\"potentialAction\":[{\"@type\":\"ReadAction\",\"target\":[\"https:\/\/falk-toys.com\/es\/producto\/tractor-baby-mc-cormick-con-remolque-pala-y-rastrillo\/\"]}]},{\"@type\":\"ImageObject\",\"inLanguage\":\"es\",\"@id\":\"https:\/\/falk-toys.com\/es\/producto\/tractor-baby-mc-cormick-con-remolque-pala-y-rastrillo\/#primaryimage\",\"url\":\"https:\/\/falk-toys.com\/wp-content\/uploads\/2024\/10\/220C_01.jpg\",\"contentUrl\":\"https:\/\/falk-toys.com\/wp-content\/uploads\/2024\/10\/220C_01.jpg\",\"width\":2133,\"height\":2133,\"caption\":\"Porteur McCormick avec remorque\"},{\"@type\":\"BreadcrumbList\",\"@id\":\"https:\/\/falk-toys.com\/es\/producto\/tractor-baby-mc-cormick-con-remolque-pala-y-rastrillo\/#breadcrumb\",\"itemListElement\":[{\"@type\":\"ListItem\",\"position\":1,\"name\":\"Home\",\"item\":\"https:\/\/falk-toys.com\/es\/\"},{\"@type\":\"ListItem\",\"position\":2,\"name\":\"Tienda\",\"item\":\"https:\/\/falk-toys.com\/es\/tienda\/\"},{\"@type\":\"ListItem\",\"position\":3,\"name\":\"Tractor Baby Mc Cormick con remolque, pala y rastrillo\"}]},{\"@type\":\"WebSite\",\"@id\":\"https:\/\/falk-toys.com\/es\/#website\",\"url\":\"https:\/\/falk-toys.com\/es\/\",\"name\":\"FALK - Toys that rolls\",\"description\":\"Jouets fabriqu\u00e9s en France\",\"publisher\":{\"@id\":\"https:\/\/falk-toys.com\/es\/#organization\"},\"potentialAction\":[{\"@type\":\"SearchAction\",\"target\":{\"@type\":\"EntryPoint\",\"urlTemplate\":\"https:\/\/falk-toys.com\/es\/?s={search_term_string}\"},\"query-input\":{\"@type\":\"PropertyValueSpecification\",\"valueRequired\":true,\"valueName\":\"search_term_string\"}}],\"inLanguage\":\"es\"},{\"@type\":\"Organization\",\"@id\":\"https:\/\/falk-toys.com\/es\/#organization\",\"name\":\"Falk Toys\",\"url\":\"https:\/\/falk-toys.com\/es\/\",\"logo\":{\"@type\":\"ImageObject\",\"inLanguage\":\"es\",\"@id\":\"https:\/\/falk-toys.com\/es\/#\/schema\/logo\/image\/\",\"url\":\"https:\/\/falk-toys.com\/wp-content\/uploads\/2019\/12\/falk-logo@2x.png\",\"contentUrl\":\"https:\/\/falk-toys.com\/wp-content\/uploads\/2019\/12\/falk-logo@2x.png\",\"width\":436,\"height\":351,\"caption\":\"Falk Toys\"},\"image\":{\"@id\":\"https:\/\/falk-toys.com\/es\/#\/schema\/logo\/image\/\"},\"sameAs\":[\"https:\/\/www.facebook.com\/FalkFR\/\",\"https:\/\/www.instagram.com\/falk_toys\/\",\"https:\/\/www.youtube.com\/channel\/UCKZXf1_E8UsPhjAQo-Y5vlg\"]}]}<\/script>\n<meta property=\"product:price:amount\" content=\"42.99\" \/>\n<meta property=\"product:price:currency\" content=\"EUR\" \/>\n<meta property=\"og:availability\" content=\"out of stock\" \/>\n<meta property=\"product:availability\" content=\"out of stock\" \/>\n<meta property=\"product:retailer_item_id\" content=\"220C\" \/>\n<meta property=\"product:condition\" content=\"new\" \/>\n<!-- \/ Yoast SEO Premium plugin. -->","yoast_head_json":{"title":"Tractor Baby Mc Cormick con remolque, pala y rastrillo | FALK - Toys that rolls","robots":{"index":"index","follow":"follow","max-snippet":"max-snippet:-1","max-image-preview":"max-image-preview:large","max-video-preview":"max-video-preview:-1"},"canonical":"https:\/\/falk-toys.com\/es\/producto\/tractor-baby-mc-cormick-con-remolque-pala-y-rastrillo\/","og_locale":"es_ES","og_type":"article","og_title":"Tractor Baby Mc Cormick con remolque, pala y rastrillo","og_description":"Tractor Mc Cormick equipado con un volante con bocina, un mini remolque con pala y rastrillo y 2 kits de personalizaci\u00f3n incluidos, entre ellos una matr\u00edcula personalizable - 100% Made in France - Con un 40% de pl\u00e1stico reciclado - A partir de 12 meses.","og_url":"https:\/\/falk-toys.com\/es\/producto\/tractor-baby-mc-cormick-con-remolque-pala-y-rastrillo\/","og_site_name":"FALK - Toys that rolls","article_publisher":"https:\/\/www.facebook.com\/FalkFR\/","article_modified_time":"2026-03-20T00:59:29+00:00","og_image":[{"width":800,"height":800,"url":"https:\/\/falk-toys.com\/wp-content\/uploads\/2024\/10\/porteur-mccormick-avec-remorque-220C-pks2.jpg.jpg","type":"image\/jpeg"}],"twitter_card":"summary_large_image","twitter_misc":{"Precio":"42,99&euro;","Disponibilidad":"Sin existencias"},"schema":{"@context":"https:\/\/schema.org","@graph":[{"@type":"WebPage","@id":"https:\/\/falk-toys.com\/es\/producto\/tractor-baby-mc-cormick-con-remolque-pala-y-rastrillo\/","url":"https:\/\/falk-toys.com\/es\/producto\/tractor-baby-mc-cormick-con-remolque-pala-y-rastrillo\/","name":"Tractor Baby Mc Cormick con remolque, pala y rastrillo | FALK - Toys that rolls","isPartOf":{"@id":"https:\/\/falk-toys.com\/es\/#website"},"primaryImageOfPage":{"@id":"https:\/\/falk-toys.com\/es\/producto\/tractor-baby-mc-cormick-con-remolque-pala-y-rastrillo\/#primaryimage"},"image":{"@id":"https:\/\/falk-toys.com\/es\/producto\/tractor-baby-mc-cormick-con-remolque-pala-y-rastrillo\/#primaryimage"},"thumbnailUrl":"https:\/\/falk-toys.com\/wp-content\/uploads\/2024\/10\/220C_01.jpg","datePublished":"2024-10-25T07:25:35+00:00","dateModified":"2026-03-20T00:59:29+00:00","breadcrumb":{"@id":"https:\/\/falk-toys.com\/es\/producto\/tractor-baby-mc-cormick-con-remolque-pala-y-rastrillo\/#breadcrumb"},"inLanguage":"es","potentialAction":[{"@type":"ReadAction","target":["https:\/\/falk-toys.com\/es\/producto\/tractor-baby-mc-cormick-con-remolque-pala-y-rastrillo\/"]}]},{"@type":"ImageObject","inLanguage":"es","@id":"https:\/\/falk-toys.com\/es\/producto\/tractor-baby-mc-cormick-con-remolque-pala-y-rastrillo\/#primaryimage","url":"https:\/\/falk-toys.com\/wp-content\/uploads\/2024\/10\/220C_01.jpg","contentUrl":"https:\/\/falk-toys.com\/wp-content\/uploads\/2024\/10\/220C_01.jpg","width":2133,"height":2133,"caption":"Porteur McCormick avec remorque"},{"@type":"BreadcrumbList","@id":"https:\/\/falk-toys.com\/es\/producto\/tractor-baby-mc-cormick-con-remolque-pala-y-rastrillo\/#breadcrumb","itemListElement":[{"@type":"ListItem","position":1,"name":"Home","item":"https:\/\/falk-toys.com\/es\/"},{"@type":"ListItem","position":2,"name":"Tienda","item":"https:\/\/falk-toys.com\/es\/tienda\/"},{"@type":"ListItem","position":3,"name":"Tractor Baby Mc Cormick con remolque, pala y rastrillo"}]},{"@type":"WebSite","@id":"https:\/\/falk-toys.com\/es\/#website","url":"https:\/\/falk-toys.com\/es\/","name":"FALK - Toys that rolls","description":"Jouets fabriqu\u00e9s en France","publisher":{"@id":"https:\/\/falk-toys.com\/es\/#organization"},"potentialAction":[{"@type":"SearchAction","target":{"@type":"EntryPoint","urlTemplate":"https:\/\/falk-toys.com\/es\/?s={search_term_string}"},"query-input":{"@type":"PropertyValueSpecification","valueRequired":true,"valueName":"search_term_string"}}],"inLanguage":"es"},{"@type":"Organization","@id":"https:\/\/falk-toys.com\/es\/#organization","name":"Falk Toys","url":"https:\/\/falk-toys.com\/es\/","logo":{"@type":"ImageObject","inLanguage":"es","@id":"https:\/\/falk-toys.com\/es\/#\/schema\/logo\/image\/","url":"https:\/\/falk-toys.com\/wp-content\/uploads\/2019\/12\/falk-logo@2x.png","contentUrl":"https:\/\/falk-toys.com\/wp-content\/uploads\/2019\/12\/falk-logo@2x.png","width":436,"height":351,"caption":"Falk Toys"},"image":{"@id":"https:\/\/falk-toys.com\/es\/#\/schema\/logo\/image\/"},"sameAs":["https:\/\/www.facebook.com\/FalkFR\/","https:\/\/www.instagram.com\/falk_toys\/","https:\/\/www.youtube.com\/channel\/UCKZXf1_E8UsPhjAQo-Y5vlg"]}]},"product_price_amount":"42.99","product_price_currency":"EUR","og_availability":"out of stock","product_availability":"out of stock","product_retailer_item_id":"220C","product_condition":"new"},"_links":{"self":[{"href":"https:\/\/falk-toys.com\/es\/wp-json\/wp\/v2\/product\/22548","targetHints":{"allow":["GET"]}}],"collection":[{"href":"https:\/\/falk-toys.com\/es\/wp-json\/wp\/v2\/product"}],"about":[{"href":"https:\/\/falk-toys.com\/es\/wp-json\/wp\/v2\/types\/product"}],"replies":[{"embeddable":true,"href":"https:\/\/falk-toys.com\/es\/wp-json\/wp\/v2\/comments?post=22548"}],"wp:featuredmedia":[{"embeddable":true,"href":"https:\/\/falk-toys.com\/es\/wp-json\/wp\/v2\/media\/28935"}],"wp:attachment":[{"href":"https:\/\/falk-toys.com\/es\/wp-json\/wp\/v2\/media?parent=22548"}],"wp:term":[{"taxonomy":"product_brand","embeddable":true,"href":"https:\/\/falk-toys.com\/es\/wp-json\/wp\/v2\/product_brand?post=22548"},{"taxonomy":"product_cat","embeddable":true,"href":"https:\/\/falk-toys.com\/es\/wp-json\/wp\/v2\/product_cat?post=22548"},{"taxonomy":"product_tag","embeddable":true,"href":"https:\/\/falk-toys.com\/es\/wp-json\/wp\/v2\/product_tag?post=22548"}],"curies":[{"name":"wp","href":"https:\/\/api.w.org\/{rel}","templated":true}]}}