{"id":22582,"date":"2024-11-20T09:27:12","date_gmt":"2024-11-20T08:27:12","guid":{"rendered":"https:\/\/falk-toys.com\/produit\/tractor-case-ih-con-remolque\/"},"modified":"2026-04-20T11:24:17","modified_gmt":"2026-04-20T09:24:17","slug":"tractor-case-ih-con-remolque","status":"publish","type":"product","link":"https:\/\/falk-toys.com\/es\/producto\/tractor-case-ih-con-remolque\/","title":{"rendered":"Tractor Case IH con remolque"},"content":{"rendered":"<p>Especialmente concebido para los peque\u00f1itos aventureros de 3 a 7 a\u00f1os, ese tractor Case IH rojo equipado de un bastidor, es la r\u00e9plica aut\u00e9ntica con pedales del modelo Puma 240CVX, de un golpe, le puedes a\u00f1adir un remolque con redilas para cargar y transportar arena, hojas de \u00e1rbol, tierra y piedras de un lado al otro de jard\u00edn. Tanto jardinero tanto agricultor, tu ni\u00f1o desarrollar\u00e1 su autonom\u00eda y su imaginaci\u00f3n. Manejable gracias a su volante direccional con bocina \u00a1Ese tractor 100% hecho en Francia garantiza horas de juego a la aire libre!<\/p>\n","protected":false},"excerpt":{"rendered":"<p>Tractor Case IH, r\u00e9plica aut\u00e9ntica con pedales del modelo Puma 240CVX, equipado de un bastidor, de un volante direccional con bocina y un remolque con redilas &#8211; 100% hecho en Francia capaz de resistir a los peque\u00f1itos aventureros de 3 a 7 a\u00f1os.<\/p>\n","protected":false},"featured_media":20793,"comment_status":"closed","ping_status":"closed","template":"","meta":{"_acf_changed":false,"site-sidebar-layout":"default","site-content-layout":"","ast-site-content-layout":"default","site-content-style":"default","site-sidebar-style":"default","ast-global-header-display":"","ast-banner-title-visibility":"","ast-main-header-display":"","ast-hfb-above-header-display":"","ast-hfb-below-header-display":"","ast-hfb-mobile-header-display":"","site-post-title":"","ast-breadcrumbs-content":"","ast-featured-img":"","footer-sml-layout":"","ast-disable-related-posts":"","theme-transparent-header-meta":"default","adv-header-id-meta":"","stick-header-meta":"","header-above-stick-meta":"","header-main-stick-meta":"","header-below-stick-meta":"","astra-migrate-meta-layouts":"default","ast-page-background-enabled":"default","ast-page-background-meta":{"desktop":{"background-color":"","background-image":"","background-repeat":"repeat","background-position":"center center","background-size":"auto","background-attachment":"scroll","background-type":"","background-media":"","overlay-type":"","overlay-color":"","overlay-opacity":"","overlay-gradient":""},"tablet":{"background-color":"","background-image":"","background-repeat":"repeat","background-position":"center center","background-size":"auto","background-attachment":"scroll","background-type":"","background-media":"","overlay-type":"","overlay-color":"","overlay-opacity":"","overlay-gradient":""},"mobile":{"background-color":"","background-image":"","background-repeat":"repeat","background-position":"center center","background-size":"auto","background-attachment":"scroll","background-type":"","background-media":"","overlay-type":"","overlay-color":"","overlay-opacity":"","overlay-gradient":""}},"ast-content-background-meta":{"desktop":{"background-color":"var(--ast-global-color-5)","background-image":"","background-repeat":"repeat","background-position":"center center","background-size":"auto","background-attachment":"scroll","background-type":"","background-media":"","overlay-type":"","overlay-color":"","overlay-opacity":"","overlay-gradient":""},"tablet":{"background-color":"var(--ast-global-color-5)","background-image":"","background-repeat":"repeat","background-position":"center center","background-size":"auto","background-attachment":"scroll","background-type":"","background-media":"","overlay-type":"","overlay-color":"","overlay-opacity":"","overlay-gradient":""},"mobile":{"background-color":"var(--ast-global-color-5)","background-image":"","background-repeat":"repeat","background-position":"center center","background-size":"auto","background-attachment":"scroll","background-type":"","background-media":"","overlay-type":"","overlay-color":"","overlay-opacity":"","overlay-gradient":""}}},"product_brand":[],"product_cat":[164,140,46],"product_tag":[77],"class_list":{"0":"post-22582","1":"product","2":"type-product","3":"status-publish","4":"has-post-thumbnail","6":"product_cat-3-7-anos","7":"product_cat-case-ih-es","8":"product_cat-los-pequenos-jardineros","9":"product_tag-tractores","10":"desktop-align-left","11":"tablet-align-left","12":"mobile-align-left","14":"first","15":"instock","16":"taxable","17":"shipping-taxable","18":"purchasable","19":"product-type-simple"},"acf":[],"yoast_head":"<!-- This site is optimized with the Yoast SEO Premium plugin v25.8 (Yoast SEO v27.4) - https:\/\/yoast.com\/product\/yoast-seo-premium-wordpress\/ -->\n<title>Tractor Case IH con remolque | FALK - Toys that rolls<\/title>\n<meta name=\"robots\" content=\"index, follow, max-snippet:-1, max-image-preview:large, max-video-preview:-1\" \/>\n<link rel=\"canonical\" href=\"https:\/\/falk-toys.com\/es\/producto\/tractor-case-ih-con-remolque\/\" \/>\n<meta property=\"og:locale\" content=\"es_ES\" \/>\n<meta property=\"og:type\" content=\"article\" \/>\n<meta property=\"og:title\" content=\"Tractor Case IH con remolque\" \/>\n<meta property=\"og:description\" content=\"Tractor Case IH, r\u00e9plica aut\u00e9ntica con pedales del modelo Puma 240CVX, equipado de un bastidor, de un volante direccional con bocina y un remolque con redilas - 100% hecho en Francia capaz de resistir a los peque\u00f1itos aventureros de 3 a 7 a\u00f1os.\" \/>\n<meta property=\"og:url\" content=\"https:\/\/falk-toys.com\/es\/producto\/tractor-case-ih-con-remolque\/\" \/>\n<meta property=\"og:site_name\" content=\"FALK - Toys that rolls\" \/>\n<meta property=\"article:publisher\" content=\"https:\/\/www.facebook.com\/FalkFR\/\" \/>\n<meta property=\"article:modified_time\" content=\"2026-04-20T09:24:17+00:00\" \/>\n<meta property=\"og:image\" content=\"https:\/\/falk-toys.com\/wp-content\/uploads\/2024\/10\/tracteur-case-ih-remorque-996ab-1.jpg\" \/>\n\t<meta property=\"og:image:width\" content=\"800\" \/>\n\t<meta property=\"og:image:height\" content=\"800\" \/>\n\t<meta property=\"og:image:type\" content=\"image\/jpeg\" \/>\n<meta name=\"twitter:card\" content=\"summary_large_image\" \/>\n<meta name=\"twitter:label1\" content=\"Precio\" \/>\n\t<meta name=\"twitter:data1\" content=\"189,99&euro;\" \/>\n\t<meta name=\"twitter:label2\" content=\"Disponibilidad\" \/>\n\t<meta name=\"twitter:data2\" content=\"Disponible\" \/>\n<script type=\"application\/ld+json\" class=\"yoast-schema-graph\">{\"@context\":\"https:\\\/\\\/schema.org\",\"@graph\":[{\"@type\":\"WebPage\",\"@id\":\"https:\\\/\\\/falk-toys.com\\\/es\\\/producto\\\/tractor-case-ih-con-remolque\\\/\",\"url\":\"https:\\\/\\\/falk-toys.com\\\/es\\\/producto\\\/tractor-case-ih-con-remolque\\\/\",\"name\":\"Tractor Case IH con remolque | FALK - Toys that rolls\",\"isPartOf\":{\"@id\":\"https:\\\/\\\/falk-toys.com\\\/es\\\/#website\"},\"primaryImageOfPage\":{\"@id\":\"https:\\\/\\\/falk-toys.com\\\/es\\\/producto\\\/tractor-case-ih-con-remolque\\\/#primaryimage\"},\"image\":{\"@id\":\"https:\\\/\\\/falk-toys.com\\\/es\\\/producto\\\/tractor-case-ih-con-remolque\\\/#primaryimage\"},\"thumbnailUrl\":\"https:\\\/\\\/falk-toys.com\\\/wp-content\\\/uploads\\\/2024\\\/10\\\/tracteur-case-ih-remorque-996ab-1.jpg\",\"datePublished\":\"2024-11-20T08:27:12+00:00\",\"dateModified\":\"2026-04-20T09:24:17+00:00\",\"breadcrumb\":{\"@id\":\"https:\\\/\\\/falk-toys.com\\\/es\\\/producto\\\/tractor-case-ih-con-remolque\\\/#breadcrumb\"},\"inLanguage\":\"es\",\"potentialAction\":[{\"@type\":\"ReadAction\",\"target\":[\"https:\\\/\\\/falk-toys.com\\\/es\\\/producto\\\/tractor-case-ih-con-remolque\\\/\"]}]},{\"@type\":\"ImageObject\",\"inLanguage\":\"es\",\"@id\":\"https:\\\/\\\/falk-toys.com\\\/es\\\/producto\\\/tractor-case-ih-con-remolque\\\/#primaryimage\",\"url\":\"https:\\\/\\\/falk-toys.com\\\/wp-content\\\/uploads\\\/2024\\\/10\\\/tracteur-case-ih-remorque-996ab-1.jpg\",\"contentUrl\":\"https:\\\/\\\/falk-toys.com\\\/wp-content\\\/uploads\\\/2024\\\/10\\\/tracteur-case-ih-remorque-996ab-1.jpg\",\"width\":800,\"height\":800,\"caption\":\"tractor Case IH 996AB\"},{\"@type\":\"BreadcrumbList\",\"@id\":\"https:\\\/\\\/falk-toys.com\\\/es\\\/producto\\\/tractor-case-ih-con-remolque\\\/#breadcrumb\",\"itemListElement\":[{\"@type\":\"ListItem\",\"position\":1,\"name\":\"Home\",\"item\":\"https:\\\/\\\/falk-toys.com\\\/es\\\/\"},{\"@type\":\"ListItem\",\"position\":2,\"name\":\"Tienda\",\"item\":\"https:\\\/\\\/falk-toys.com\\\/es\\\/tienda\\\/\"},{\"@type\":\"ListItem\",\"position\":3,\"name\":\"Tractor Case IH con remolque\"}]},{\"@type\":\"WebSite\",\"@id\":\"https:\\\/\\\/falk-toys.com\\\/es\\\/#website\",\"url\":\"https:\\\/\\\/falk-toys.com\\\/es\\\/\",\"name\":\"FALK - Toys that rolls\",\"description\":\"Jouets fabriqu\u00e9s en France\",\"publisher\":{\"@id\":\"https:\\\/\\\/falk-toys.com\\\/es\\\/#organization\"},\"potentialAction\":[{\"@type\":\"SearchAction\",\"target\":{\"@type\":\"EntryPoint\",\"urlTemplate\":\"https:\\\/\\\/falk-toys.com\\\/es\\\/?s={search_term_string}\"},\"query-input\":{\"@type\":\"PropertyValueSpecification\",\"valueRequired\":true,\"valueName\":\"search_term_string\"}}],\"inLanguage\":\"es\"},{\"@type\":\"Organization\",\"@id\":\"https:\\\/\\\/falk-toys.com\\\/es\\\/#organization\",\"name\":\"Falk Toys\",\"url\":\"https:\\\/\\\/falk-toys.com\\\/es\\\/\",\"logo\":{\"@type\":\"ImageObject\",\"inLanguage\":\"es\",\"@id\":\"https:\\\/\\\/falk-toys.com\\\/es\\\/#\\\/schema\\\/logo\\\/image\\\/\",\"url\":\"https:\\\/\\\/falk-toys.com\\\/wp-content\\\/uploads\\\/2019\\\/12\\\/falk-logo@2x.png\",\"contentUrl\":\"https:\\\/\\\/falk-toys.com\\\/wp-content\\\/uploads\\\/2019\\\/12\\\/falk-logo@2x.png\",\"width\":436,\"height\":351,\"caption\":\"Falk Toys\"},\"image\":{\"@id\":\"https:\\\/\\\/falk-toys.com\\\/es\\\/#\\\/schema\\\/logo\\\/image\\\/\"},\"sameAs\":[\"https:\\\/\\\/www.facebook.com\\\/FalkFR\\\/\",\"https:\\\/\\\/www.instagram.com\\\/falk_toys\\\/\",\"https:\\\/\\\/www.youtube.com\\\/channel\\\/UCKZXf1_E8UsPhjAQo-Y5vlg\"]}]}<\/script>\n<meta property=\"product:price:amount\" content=\"189.99\" \/>\n<meta property=\"product:price:currency\" content=\"EUR\" \/>\n<meta property=\"og:availability\" content=\"instock\" \/>\n<meta property=\"product:availability\" content=\"instock\" \/>\n<meta property=\"product:retailer_item_id\" content=\"996AB\" \/>\n<meta property=\"product:condition\" content=\"new\" \/>\n<!-- \/ Yoast SEO Premium plugin. -->","yoast_head_json":{"title":"Tractor Case IH con remolque | FALK - Toys that rolls","robots":{"index":"index","follow":"follow","max-snippet":"max-snippet:-1","max-image-preview":"max-image-preview:large","max-video-preview":"max-video-preview:-1"},"canonical":"https:\/\/falk-toys.com\/es\/producto\/tractor-case-ih-con-remolque\/","og_locale":"es_ES","og_type":"article","og_title":"Tractor Case IH con remolque","og_description":"Tractor Case IH, r\u00e9plica aut\u00e9ntica con pedales del modelo Puma 240CVX, equipado de un bastidor, de un volante direccional con bocina y un remolque con redilas - 100% hecho en Francia capaz de resistir a los peque\u00f1itos aventureros de 3 a 7 a\u00f1os.","og_url":"https:\/\/falk-toys.com\/es\/producto\/tractor-case-ih-con-remolque\/","og_site_name":"FALK - Toys that rolls","article_publisher":"https:\/\/www.facebook.com\/FalkFR\/","article_modified_time":"2026-04-20T09:24:17+00:00","og_image":[{"width":800,"height":800,"url":"https:\/\/falk-toys.com\/wp-content\/uploads\/2024\/10\/tracteur-case-ih-remorque-996ab-1.jpg","type":"image\/jpeg"}],"twitter_card":"summary_large_image","twitter_misc":{"Precio":"189,99&euro;","Disponibilidad":"Disponible"},"schema":{"@context":"https:\/\/schema.org","@graph":[{"@type":"WebPage","@id":"https:\/\/falk-toys.com\/es\/producto\/tractor-case-ih-con-remolque\/","url":"https:\/\/falk-toys.com\/es\/producto\/tractor-case-ih-con-remolque\/","name":"Tractor Case IH con remolque | FALK - Toys that rolls","isPartOf":{"@id":"https:\/\/falk-toys.com\/es\/#website"},"primaryImageOfPage":{"@id":"https:\/\/falk-toys.com\/es\/producto\/tractor-case-ih-con-remolque\/#primaryimage"},"image":{"@id":"https:\/\/falk-toys.com\/es\/producto\/tractor-case-ih-con-remolque\/#primaryimage"},"thumbnailUrl":"https:\/\/falk-toys.com\/wp-content\/uploads\/2024\/10\/tracteur-case-ih-remorque-996ab-1.jpg","datePublished":"2024-11-20T08:27:12+00:00","dateModified":"2026-04-20T09:24:17+00:00","breadcrumb":{"@id":"https:\/\/falk-toys.com\/es\/producto\/tractor-case-ih-con-remolque\/#breadcrumb"},"inLanguage":"es","potentialAction":[{"@type":"ReadAction","target":["https:\/\/falk-toys.com\/es\/producto\/tractor-case-ih-con-remolque\/"]}]},{"@type":"ImageObject","inLanguage":"es","@id":"https:\/\/falk-toys.com\/es\/producto\/tractor-case-ih-con-remolque\/#primaryimage","url":"https:\/\/falk-toys.com\/wp-content\/uploads\/2024\/10\/tracteur-case-ih-remorque-996ab-1.jpg","contentUrl":"https:\/\/falk-toys.com\/wp-content\/uploads\/2024\/10\/tracteur-case-ih-remorque-996ab-1.jpg","width":800,"height":800,"caption":"tractor Case IH 996AB"},{"@type":"BreadcrumbList","@id":"https:\/\/falk-toys.com\/es\/producto\/tractor-case-ih-con-remolque\/#breadcrumb","itemListElement":[{"@type":"ListItem","position":1,"name":"Home","item":"https:\/\/falk-toys.com\/es\/"},{"@type":"ListItem","position":2,"name":"Tienda","item":"https:\/\/falk-toys.com\/es\/tienda\/"},{"@type":"ListItem","position":3,"name":"Tractor Case IH con remolque"}]},{"@type":"WebSite","@id":"https:\/\/falk-toys.com\/es\/#website","url":"https:\/\/falk-toys.com\/es\/","name":"FALK - Toys that rolls","description":"Jouets fabriqu\u00e9s en France","publisher":{"@id":"https:\/\/falk-toys.com\/es\/#organization"},"potentialAction":[{"@type":"SearchAction","target":{"@type":"EntryPoint","urlTemplate":"https:\/\/falk-toys.com\/es\/?s={search_term_string}"},"query-input":{"@type":"PropertyValueSpecification","valueRequired":true,"valueName":"search_term_string"}}],"inLanguage":"es"},{"@type":"Organization","@id":"https:\/\/falk-toys.com\/es\/#organization","name":"Falk Toys","url":"https:\/\/falk-toys.com\/es\/","logo":{"@type":"ImageObject","inLanguage":"es","@id":"https:\/\/falk-toys.com\/es\/#\/schema\/logo\/image\/","url":"https:\/\/falk-toys.com\/wp-content\/uploads\/2019\/12\/falk-logo@2x.png","contentUrl":"https:\/\/falk-toys.com\/wp-content\/uploads\/2019\/12\/falk-logo@2x.png","width":436,"height":351,"caption":"Falk Toys"},"image":{"@id":"https:\/\/falk-toys.com\/es\/#\/schema\/logo\/image\/"},"sameAs":["https:\/\/www.facebook.com\/FalkFR\/","https:\/\/www.instagram.com\/falk_toys\/","https:\/\/www.youtube.com\/channel\/UCKZXf1_E8UsPhjAQo-Y5vlg"]}]},"product_price_amount":"189.99","product_price_currency":"EUR","og_availability":"instock","product_availability":"instock","product_retailer_item_id":"996AB","product_condition":"new"},"_links":{"self":[{"href":"https:\/\/falk-toys.com\/es\/wp-json\/wp\/v2\/product\/22582","targetHints":{"allow":["GET"]}}],"collection":[{"href":"https:\/\/falk-toys.com\/es\/wp-json\/wp\/v2\/product"}],"about":[{"href":"https:\/\/falk-toys.com\/es\/wp-json\/wp\/v2\/types\/product"}],"replies":[{"embeddable":true,"href":"https:\/\/falk-toys.com\/es\/wp-json\/wp\/v2\/comments?post=22582"}],"wp:featuredmedia":[{"embeddable":true,"href":"https:\/\/falk-toys.com\/es\/wp-json\/wp\/v2\/media\/20793"}],"wp:attachment":[{"href":"https:\/\/falk-toys.com\/es\/wp-json\/wp\/v2\/media?parent=22582"}],"wp:term":[{"taxonomy":"product_brand","embeddable":true,"href":"https:\/\/falk-toys.com\/es\/wp-json\/wp\/v2\/product_brand?post=22582"},{"taxonomy":"product_cat","embeddable":true,"href":"https:\/\/falk-toys.com\/es\/wp-json\/wp\/v2\/product_cat?post=22582"},{"taxonomy":"product_tag","embeddable":true,"href":"https:\/\/falk-toys.com\/es\/wp-json\/wp\/v2\/product_tag?post=22582"}],"curies":[{"name":"wp","href":"https:\/\/api.w.org\/{rel}","templated":true}]}}