{"id":22593,"date":"2025-03-02T09:28:04","date_gmt":"2025-03-02T08:28:04","guid":{"rendered":"https:\/\/falk-toys.com\/produit\/andador-de-construccion-marcel-de-1a-edad-con-pala-frontal-excavadora-volante-direccional-con-bocina-y-remolque\/"},"modified":"2026-04-20T11:24:03","modified_gmt":"2026-04-20T09:24:03","slug":"andador-de-construccion-marcel-de-1a-edad-con-pala-frontal-excavadora-volante-direccional-con-bocina-y-remolque","status":"publish","type":"product","link":"https:\/\/falk-toys.com\/es\/producto\/andador-de-construccion-marcel-de-1a-edad-con-pala-frontal-excavadora-volante-direccional-con-bocina-y-remolque\/","title":{"rendered":"Andador de construcci\u00f3n Marcel de 1\u00aa edad con pala frontal, excavadora, volante direccional con bocina y remolque"},"content":{"rendered":"<p>La peque\u00f1a retroexcavadora Marcel, dise\u00f1ada para ni\u00f1os de 12 meses en adelante, es un juguete encantador y lleno de trucos. Viene con un remolque, una pala frontal y una excavadora, convirti\u00e9ndolo en el compa\u00f1ero ideal para la jardiner\u00eda o la caja de arena. Adem\u00e1s, ofrece numerosas oportunidades de estimulaci\u00f3n gracias a sus hermosos colores, su peque\u00f1a llave sonora y su volante direccional con claxon, contribuyendo al desarrollo de la motricidad fina y gruesa del ni\u00f1o.<br \/>\nEste peque\u00f1o veh\u00edculo rinde homenaje a 75 a\u00f1os de experiencia mientras mira hacia el futuro de nuestros peque\u00f1itos. Est\u00e1 fabricado \u00edntegramente en Francia con al menos un 90% de pl\u00e1stico reciclado, en l\u00ednea con nuestros compromisos medioambientales, y proporciona un juguete de calidad para sus valiosos peque\u00f1os. Es una manera maravillosa de fomentar la conciencia ecol\u00f3gica en los j\u00f3venes al tiempo que les brinda un juguete divertido y educativo.<\/p>\n","protected":false},"excerpt":{"rendered":"<p>Andador de construcci\u00f3n Marcel de 1\u00aa edad con pala frontal, excavadora, volante direccional con bocina y remolque &#8211; 100% Made in France &#8211; Con un 90% de pl\u00e1stico reciclado &#8211; A partir de 12 meses.<\/p>\n","protected":false},"featured_media":20397,"comment_status":"closed","ping_status":"closed","template":"","meta":{"_acf_changed":false,"site-sidebar-layout":"default","site-content-layout":"","ast-site-content-layout":"default","site-content-style":"default","site-sidebar-style":"default","ast-global-header-display":"","ast-banner-title-visibility":"","ast-main-header-display":"","ast-hfb-above-header-display":"","ast-hfb-below-header-display":"","ast-hfb-mobile-header-display":"","site-post-title":"","ast-breadcrumbs-content":"","ast-featured-img":"","footer-sml-layout":"","ast-disable-related-posts":"","theme-transparent-header-meta":"default","adv-header-id-meta":"","stick-header-meta":"","header-above-stick-meta":"","header-main-stick-meta":"","header-below-stick-meta":"","astra-migrate-meta-layouts":"default","ast-page-background-enabled":"default","ast-page-background-meta":{"desktop":{"background-color":"","background-image":"","background-repeat":"repeat","background-position":"center center","background-size":"auto","background-attachment":"scroll","background-type":"","background-media":"","overlay-type":"","overlay-color":"","overlay-opacity":"","overlay-gradient":""},"tablet":{"background-color":"","background-image":"","background-repeat":"repeat","background-position":"center center","background-size":"auto","background-attachment":"scroll","background-type":"","background-media":"","overlay-type":"","overlay-color":"","overlay-opacity":"","overlay-gradient":""},"mobile":{"background-color":"","background-image":"","background-repeat":"repeat","background-position":"center center","background-size":"auto","background-attachment":"scroll","background-type":"","background-media":"","overlay-type":"","overlay-color":"","overlay-opacity":"","overlay-gradient":""}},"ast-content-background-meta":{"desktop":{"background-color":"var(--ast-global-color-5)","background-image":"","background-repeat":"repeat","background-position":"center center","background-size":"auto","background-attachment":"scroll","background-type":"","background-media":"","overlay-type":"","overlay-color":"","overlay-opacity":"","overlay-gradient":""},"tablet":{"background-color":"var(--ast-global-color-5)","background-image":"","background-repeat":"repeat","background-position":"center center","background-size":"auto","background-attachment":"scroll","background-type":"","background-media":"","overlay-type":"","overlay-color":"","overlay-opacity":"","overlay-gradient":""},"mobile":{"background-color":"var(--ast-global-color-5)","background-image":"","background-repeat":"repeat","background-position":"center center","background-size":"auto","background-attachment":"scroll","background-type":"","background-media":"","overlay-type":"","overlay-color":"","overlay-opacity":"","overlay-gradient":""}}},"product_brand":[],"product_cat":[162,45],"product_tag":[75],"class_list":{"0":"post-22593","1":"product","2":"type-product","3":"status-publish","4":"has-post-thumbnail","6":"product_cat-1-3-anos","7":"product_cat-los-pequenos-constructores","8":"product_tag-correpasillos-para-los-primeros-anos","9":"desktop-align-left","10":"tablet-align-left","11":"mobile-align-left","13":"first","14":"instock","15":"taxable","16":"shipping-taxable","17":"purchasable","18":"product-type-simple"},"acf":[],"yoast_head":"<!-- This site is optimized with the Yoast SEO Premium plugin v25.8 (Yoast SEO v27.4) - https:\/\/yoast.com\/product\/yoast-seo-premium-wordpress\/ -->\n<title>Andador de construcci\u00f3n Marcel de 1\u00aa edad con pala frontal, excavadora, volante direccional con bocina y remolque | FALK - Toys that rolls<\/title>\n<meta name=\"robots\" content=\"index, follow, max-snippet:-1, max-image-preview:large, max-video-preview:-1\" \/>\n<link rel=\"canonical\" href=\"https:\/\/falk-toys.com\/es\/producto\/andador-de-construccion-marcel-de-1a-edad-con-pala-frontal-excavadora-volante-direccional-con-bocina-y-remolque\/\" \/>\n<meta property=\"og:locale\" content=\"es_ES\" \/>\n<meta property=\"og:type\" content=\"article\" \/>\n<meta property=\"og:title\" content=\"Andador de construcci\u00f3n Marcel de 1\u00aa edad con pala frontal, excavadora, volante direccional con bocina y remolque\" \/>\n<meta property=\"og:description\" content=\"Andador de construcci\u00f3n Marcel de 1\u00aa edad con pala frontal, excavadora, volante direccional con bocina y remolque - 100% Made in France - Con un 90% de pl\u00e1stico reciclado - A partir de 12 meses.\" \/>\n<meta property=\"og:url\" content=\"https:\/\/falk-toys.com\/es\/producto\/andador-de-construccion-marcel-de-1a-edad-con-pala-frontal-excavadora-volante-direccional-con-bocina-y-remolque\/\" \/>\n<meta property=\"og:site_name\" content=\"FALK - Toys that rolls\" \/>\n<meta property=\"article:publisher\" content=\"https:\/\/www.facebook.com\/FalkFR\/\" \/>\n<meta property=\"article:modified_time\" content=\"2026-04-20T09:24:03+00:00\" \/>\n<meta property=\"og:image\" content=\"https:\/\/falk-toys.com\/wp-content\/uploads\/2024\/10\/porteur-tracteur-maurice-pelle-frontale-et-remorque-910n-pks.jpg\" \/>\n\t<meta property=\"og:image:width\" content=\"800\" \/>\n\t<meta property=\"og:image:height\" content=\"800\" \/>\n\t<meta property=\"og:image:type\" content=\"image\/jpeg\" \/>\n<meta name=\"twitter:card\" content=\"summary_large_image\" \/>\n<meta name=\"twitter:label1\" content=\"Precio\" \/>\n\t<meta name=\"twitter:data1\" content=\"44,99&euro;\" \/>\n\t<meta name=\"twitter:label2\" content=\"Disponibilidad\" \/>\n\t<meta name=\"twitter:data2\" content=\"Disponible\" \/>\n<script type=\"application\/ld+json\" class=\"yoast-schema-graph\">{\"@context\":\"https:\\\/\\\/schema.org\",\"@graph\":[{\"@type\":\"WebPage\",\"@id\":\"https:\\\/\\\/falk-toys.com\\\/es\\\/producto\\\/andador-de-construccion-marcel-de-1a-edad-con-pala-frontal-excavadora-volante-direccional-con-bocina-y-remolque\\\/\",\"url\":\"https:\\\/\\\/falk-toys.com\\\/es\\\/producto\\\/andador-de-construccion-marcel-de-1a-edad-con-pala-frontal-excavadora-volante-direccional-con-bocina-y-remolque\\\/\",\"name\":\"Andador de construcci\u00f3n Marcel de 1\u00aa edad con pala frontal, excavadora, volante direccional con bocina y remolque | FALK - Toys that rolls\",\"isPartOf\":{\"@id\":\"https:\\\/\\\/falk-toys.com\\\/es\\\/#website\"},\"primaryImageOfPage\":{\"@id\":\"https:\\\/\\\/falk-toys.com\\\/es\\\/producto\\\/andador-de-construccion-marcel-de-1a-edad-con-pala-frontal-excavadora-volante-direccional-con-bocina-y-remolque\\\/#primaryimage\"},\"image\":{\"@id\":\"https:\\\/\\\/falk-toys.com\\\/es\\\/producto\\\/andador-de-construccion-marcel-de-1a-edad-con-pala-frontal-excavadora-volante-direccional-con-bocina-y-remolque\\\/#primaryimage\"},\"thumbnailUrl\":\"https:\\\/\\\/falk-toys.com\\\/wp-content\\\/uploads\\\/2024\\\/10\\\/porteur-tracteur-maurice-pelle-frontale-et-remorque-910n-pks.jpg\",\"datePublished\":\"2025-03-02T08:28:04+00:00\",\"dateModified\":\"2026-04-20T09:24:03+00:00\",\"breadcrumb\":{\"@id\":\"https:\\\/\\\/falk-toys.com\\\/es\\\/producto\\\/andador-de-construccion-marcel-de-1a-edad-con-pala-frontal-excavadora-volante-direccional-con-bocina-y-remolque\\\/#breadcrumb\"},\"inLanguage\":\"es\",\"potentialAction\":[{\"@type\":\"ReadAction\",\"target\":[\"https:\\\/\\\/falk-toys.com\\\/es\\\/producto\\\/andador-de-construccion-marcel-de-1a-edad-con-pala-frontal-excavadora-volante-direccional-con-bocina-y-remolque\\\/\"]}]},{\"@type\":\"ImageObject\",\"inLanguage\":\"es\",\"@id\":\"https:\\\/\\\/falk-toys.com\\\/es\\\/producto\\\/andador-de-construccion-marcel-de-1a-edad-con-pala-frontal-excavadora-volante-direccional-con-bocina-y-remolque\\\/#primaryimage\",\"url\":\"https:\\\/\\\/falk-toys.com\\\/wp-content\\\/uploads\\\/2024\\\/10\\\/porteur-tracteur-maurice-pelle-frontale-et-remorque-910n-pks.jpg\",\"contentUrl\":\"https:\\\/\\\/falk-toys.com\\\/wp-content\\\/uploads\\\/2024\\\/10\\\/porteur-tracteur-maurice-pelle-frontale-et-remorque-910n-pks.jpg\",\"width\":800,\"height\":800,\"caption\":\"Stacked from 4 images. Method=C (S=4)\"},{\"@type\":\"BreadcrumbList\",\"@id\":\"https:\\\/\\\/falk-toys.com\\\/es\\\/producto\\\/andador-de-construccion-marcel-de-1a-edad-con-pala-frontal-excavadora-volante-direccional-con-bocina-y-remolque\\\/#breadcrumb\",\"itemListElement\":[{\"@type\":\"ListItem\",\"position\":1,\"name\":\"Home\",\"item\":\"https:\\\/\\\/falk-toys.com\\\/es\\\/\"},{\"@type\":\"ListItem\",\"position\":2,\"name\":\"Tienda\",\"item\":\"https:\\\/\\\/falk-toys.com\\\/es\\\/tienda\\\/\"},{\"@type\":\"ListItem\",\"position\":3,\"name\":\"Andador de construcci\u00f3n Marcel de 1\u00aa edad con pala frontal, excavadora, volante direccional con bocina y remolque\"}]},{\"@type\":\"WebSite\",\"@id\":\"https:\\\/\\\/falk-toys.com\\\/es\\\/#website\",\"url\":\"https:\\\/\\\/falk-toys.com\\\/es\\\/\",\"name\":\"FALK - Toys that rolls\",\"description\":\"Jouets fabriqu\u00e9s en France\",\"publisher\":{\"@id\":\"https:\\\/\\\/falk-toys.com\\\/es\\\/#organization\"},\"potentialAction\":[{\"@type\":\"SearchAction\",\"target\":{\"@type\":\"EntryPoint\",\"urlTemplate\":\"https:\\\/\\\/falk-toys.com\\\/es\\\/?s={search_term_string}\"},\"query-input\":{\"@type\":\"PropertyValueSpecification\",\"valueRequired\":true,\"valueName\":\"search_term_string\"}}],\"inLanguage\":\"es\"},{\"@type\":\"Organization\",\"@id\":\"https:\\\/\\\/falk-toys.com\\\/es\\\/#organization\",\"name\":\"Falk Toys\",\"url\":\"https:\\\/\\\/falk-toys.com\\\/es\\\/\",\"logo\":{\"@type\":\"ImageObject\",\"inLanguage\":\"es\",\"@id\":\"https:\\\/\\\/falk-toys.com\\\/es\\\/#\\\/schema\\\/logo\\\/image\\\/\",\"url\":\"https:\\\/\\\/falk-toys.com\\\/wp-content\\\/uploads\\\/2019\\\/12\\\/falk-logo@2x.png\",\"contentUrl\":\"https:\\\/\\\/falk-toys.com\\\/wp-content\\\/uploads\\\/2019\\\/12\\\/falk-logo@2x.png\",\"width\":436,\"height\":351,\"caption\":\"Falk Toys\"},\"image\":{\"@id\":\"https:\\\/\\\/falk-toys.com\\\/es\\\/#\\\/schema\\\/logo\\\/image\\\/\"},\"sameAs\":[\"https:\\\/\\\/www.facebook.com\\\/FalkFR\\\/\",\"https:\\\/\\\/www.instagram.com\\\/falk_toys\\\/\",\"https:\\\/\\\/www.youtube.com\\\/channel\\\/UCKZXf1_E8UsPhjAQo-Y5vlg\"]}]}<\/script>\n<meta property=\"product:price:amount\" content=\"44.99\" \/>\n<meta property=\"product:price:currency\" content=\"EUR\" \/>\n<meta property=\"og:availability\" content=\"instock\" \/>\n<meta property=\"product:availability\" content=\"instock\" \/>\n<meta property=\"product:retailer_item_id\" content=\"910N\" \/>\n<meta property=\"product:condition\" content=\"new\" \/>\n<!-- \/ Yoast SEO Premium plugin. -->","yoast_head_json":{"title":"Andador de construcci\u00f3n Marcel de 1\u00aa edad con pala frontal, excavadora, volante direccional con bocina y remolque | FALK - Toys that rolls","robots":{"index":"index","follow":"follow","max-snippet":"max-snippet:-1","max-image-preview":"max-image-preview:large","max-video-preview":"max-video-preview:-1"},"canonical":"https:\/\/falk-toys.com\/es\/producto\/andador-de-construccion-marcel-de-1a-edad-con-pala-frontal-excavadora-volante-direccional-con-bocina-y-remolque\/","og_locale":"es_ES","og_type":"article","og_title":"Andador de construcci\u00f3n Marcel de 1\u00aa edad con pala frontal, excavadora, volante direccional con bocina y remolque","og_description":"Andador de construcci\u00f3n Marcel de 1\u00aa edad con pala frontal, excavadora, volante direccional con bocina y remolque - 100% Made in France - Con un 90% de pl\u00e1stico reciclado - A partir de 12 meses.","og_url":"https:\/\/falk-toys.com\/es\/producto\/andador-de-construccion-marcel-de-1a-edad-con-pala-frontal-excavadora-volante-direccional-con-bocina-y-remolque\/","og_site_name":"FALK - Toys that rolls","article_publisher":"https:\/\/www.facebook.com\/FalkFR\/","article_modified_time":"2026-04-20T09:24:03+00:00","og_image":[{"width":800,"height":800,"url":"https:\/\/falk-toys.com\/wp-content\/uploads\/2024\/10\/porteur-tracteur-maurice-pelle-frontale-et-remorque-910n-pks.jpg","type":"image\/jpeg"}],"twitter_card":"summary_large_image","twitter_misc":{"Precio":"44,99&euro;","Disponibilidad":"Disponible"},"schema":{"@context":"https:\/\/schema.org","@graph":[{"@type":"WebPage","@id":"https:\/\/falk-toys.com\/es\/producto\/andador-de-construccion-marcel-de-1a-edad-con-pala-frontal-excavadora-volante-direccional-con-bocina-y-remolque\/","url":"https:\/\/falk-toys.com\/es\/producto\/andador-de-construccion-marcel-de-1a-edad-con-pala-frontal-excavadora-volante-direccional-con-bocina-y-remolque\/","name":"Andador de construcci\u00f3n Marcel de 1\u00aa edad con pala frontal, excavadora, volante direccional con bocina y remolque | FALK - Toys that rolls","isPartOf":{"@id":"https:\/\/falk-toys.com\/es\/#website"},"primaryImageOfPage":{"@id":"https:\/\/falk-toys.com\/es\/producto\/andador-de-construccion-marcel-de-1a-edad-con-pala-frontal-excavadora-volante-direccional-con-bocina-y-remolque\/#primaryimage"},"image":{"@id":"https:\/\/falk-toys.com\/es\/producto\/andador-de-construccion-marcel-de-1a-edad-con-pala-frontal-excavadora-volante-direccional-con-bocina-y-remolque\/#primaryimage"},"thumbnailUrl":"https:\/\/falk-toys.com\/wp-content\/uploads\/2024\/10\/porteur-tracteur-maurice-pelle-frontale-et-remorque-910n-pks.jpg","datePublished":"2025-03-02T08:28:04+00:00","dateModified":"2026-04-20T09:24:03+00:00","breadcrumb":{"@id":"https:\/\/falk-toys.com\/es\/producto\/andador-de-construccion-marcel-de-1a-edad-con-pala-frontal-excavadora-volante-direccional-con-bocina-y-remolque\/#breadcrumb"},"inLanguage":"es","potentialAction":[{"@type":"ReadAction","target":["https:\/\/falk-toys.com\/es\/producto\/andador-de-construccion-marcel-de-1a-edad-con-pala-frontal-excavadora-volante-direccional-con-bocina-y-remolque\/"]}]},{"@type":"ImageObject","inLanguage":"es","@id":"https:\/\/falk-toys.com\/es\/producto\/andador-de-construccion-marcel-de-1a-edad-con-pala-frontal-excavadora-volante-direccional-con-bocina-y-remolque\/#primaryimage","url":"https:\/\/falk-toys.com\/wp-content\/uploads\/2024\/10\/porteur-tracteur-maurice-pelle-frontale-et-remorque-910n-pks.jpg","contentUrl":"https:\/\/falk-toys.com\/wp-content\/uploads\/2024\/10\/porteur-tracteur-maurice-pelle-frontale-et-remorque-910n-pks.jpg","width":800,"height":800,"caption":"Stacked from 4 images. Method=C (S=4)"},{"@type":"BreadcrumbList","@id":"https:\/\/falk-toys.com\/es\/producto\/andador-de-construccion-marcel-de-1a-edad-con-pala-frontal-excavadora-volante-direccional-con-bocina-y-remolque\/#breadcrumb","itemListElement":[{"@type":"ListItem","position":1,"name":"Home","item":"https:\/\/falk-toys.com\/es\/"},{"@type":"ListItem","position":2,"name":"Tienda","item":"https:\/\/falk-toys.com\/es\/tienda\/"},{"@type":"ListItem","position":3,"name":"Andador de construcci\u00f3n Marcel de 1\u00aa edad con pala frontal, excavadora, volante direccional con bocina y remolque"}]},{"@type":"WebSite","@id":"https:\/\/falk-toys.com\/es\/#website","url":"https:\/\/falk-toys.com\/es\/","name":"FALK - Toys that rolls","description":"Jouets fabriqu\u00e9s en France","publisher":{"@id":"https:\/\/falk-toys.com\/es\/#organization"},"potentialAction":[{"@type":"SearchAction","target":{"@type":"EntryPoint","urlTemplate":"https:\/\/falk-toys.com\/es\/?s={search_term_string}"},"query-input":{"@type":"PropertyValueSpecification","valueRequired":true,"valueName":"search_term_string"}}],"inLanguage":"es"},{"@type":"Organization","@id":"https:\/\/falk-toys.com\/es\/#organization","name":"Falk Toys","url":"https:\/\/falk-toys.com\/es\/","logo":{"@type":"ImageObject","inLanguage":"es","@id":"https:\/\/falk-toys.com\/es\/#\/schema\/logo\/image\/","url":"https:\/\/falk-toys.com\/wp-content\/uploads\/2019\/12\/falk-logo@2x.png","contentUrl":"https:\/\/falk-toys.com\/wp-content\/uploads\/2019\/12\/falk-logo@2x.png","width":436,"height":351,"caption":"Falk Toys"},"image":{"@id":"https:\/\/falk-toys.com\/es\/#\/schema\/logo\/image\/"},"sameAs":["https:\/\/www.facebook.com\/FalkFR\/","https:\/\/www.instagram.com\/falk_toys\/","https:\/\/www.youtube.com\/channel\/UCKZXf1_E8UsPhjAQo-Y5vlg"]}]},"product_price_amount":"44.99","product_price_currency":"EUR","og_availability":"instock","product_availability":"instock","product_retailer_item_id":"910N","product_condition":"new"},"_links":{"self":[{"href":"https:\/\/falk-toys.com\/es\/wp-json\/wp\/v2\/product\/22593","targetHints":{"allow":["GET"]}}],"collection":[{"href":"https:\/\/falk-toys.com\/es\/wp-json\/wp\/v2\/product"}],"about":[{"href":"https:\/\/falk-toys.com\/es\/wp-json\/wp\/v2\/types\/product"}],"replies":[{"embeddable":true,"href":"https:\/\/falk-toys.com\/es\/wp-json\/wp\/v2\/comments?post=22593"}],"wp:featuredmedia":[{"embeddable":true,"href":"https:\/\/falk-toys.com\/es\/wp-json\/wp\/v2\/media\/20397"}],"wp:attachment":[{"href":"https:\/\/falk-toys.com\/es\/wp-json\/wp\/v2\/media?parent=22593"}],"wp:term":[{"taxonomy":"product_brand","embeddable":true,"href":"https:\/\/falk-toys.com\/es\/wp-json\/wp\/v2\/product_brand?post=22593"},{"taxonomy":"product_cat","embeddable":true,"href":"https:\/\/falk-toys.com\/es\/wp-json\/wp\/v2\/product_cat?post=22593"},{"taxonomy":"product_tag","embeddable":true,"href":"https:\/\/falk-toys.com\/es\/wp-json\/wp\/v2\/product_tag?post=22593"}],"curies":[{"name":"wp","href":"https:\/\/api.w.org\/{rel}","templated":true}]}}