{"id":30060,"date":"2025-07-17T10:04:29","date_gmt":"2025-07-17T08:04:29","guid":{"rendered":"https:\/\/falk-toys.com\/produit\/moto-draisienne-prem1er-a-roues-silencieuses-451s\/"},"modified":"2025-07-17T10:04:29","modified_gmt":"2025-07-17T08:04:29","slug":"moto-draisienne-prem1er-a-roues-silencieuses-451s","status":"publish","type":"product","link":"https:\/\/falk-toys.com\/es\/producto\/moto-draisienne-prem1er-a-roues-silencieuses-451s\/","title":{"rendered":"Moto draisienne \u00abPrem1er\u00bb \u00e0 roues silencieuses"},"content":{"rendered":"<p>La moto draisienne \u00abPrem1er\u00bb \u00e0 roues silencieuses pleine d\u2019audace avec son design r\u00e9tro et moderne \u00e0 la fois. Elle est 100% fabriqu\u00e9e en France \u00e0 partir de 75% de plastique recycl\u00e9.<\/p>\n<p>Chez Falk, pr\u00e9server l\u2019environnement s\u2019apprend d\u00e8s les premiers pas de nos enfants !<\/p>\n<p>Avec ses larges roues silencieuses et antid\u00e9rapantes, cette moto draisienne \u00abPrem1er\u00bb apporte \u00e9galement la stabilit\u00e9 n\u00e9cessaire \u00e0 votre enfant pour lui permettre de d\u00e9velopper son \u00e9quilibre et sa motricit\u00e9 en toute s\u00e9curit\u00e9. Ses roues ne laissent pas de marques sur le sol ce qui la rend parfaitement adapt\u00e9e \u00e0 un usage en int\u00e9rieur comme en ext\u00e9rieur.<\/p>\n<p>Attention ! Ne dois pas \u00eatre utilis\u00e9 par les enfants de plus de 36 mois de par sa conception.<\/p>\n","protected":false},"excerpt":{"rendered":"<p>Moto \u00ab Premier \u00bb &#8211; Draisienne vintage avec larges roues silencieuses et antid\u00e9rapantes &#8211; Vert &#8211; 75% Plastique Recycl\u00e9 &#8211; 100% Fabriqu\u00e9 en France &#8211; D\u00e8s 12 mois<\/p>\n","protected":false},"featured_media":0,"comment_status":"open","ping_status":"closed","template":"","meta":{"_acf_changed":false,"site-sidebar-layout":"default","site-content-layout":"","ast-site-content-layout":"default","site-content-style":"default","site-sidebar-style":"default","ast-global-header-display":"","ast-banner-title-visibility":"","ast-main-header-display":"","ast-hfb-above-header-display":"","ast-hfb-below-header-display":"","ast-hfb-mobile-header-display":"","site-post-title":"","ast-breadcrumbs-content":"","ast-featured-img":"","footer-sml-layout":"","theme-transparent-header-meta":"","adv-header-id-meta":"","stick-header-meta":"","header-above-stick-meta":"","header-main-stick-meta":"","header-below-stick-meta":"","astra-migrate-meta-layouts":"default","ast-page-background-enabled":"default","ast-page-background-meta":{"desktop":{"background-color":"","background-image":"","background-repeat":"repeat","background-position":"center center","background-size":"auto","background-attachment":"scroll","background-type":"","background-media":"","overlay-type":"","overlay-color":"","overlay-opacity":"","overlay-gradient":""},"tablet":{"background-color":"","background-image":"","background-repeat":"repeat","background-position":"center center","background-size":"auto","background-attachment":"scroll","background-type":"","background-media":"","overlay-type":"","overlay-color":"","overlay-opacity":"","overlay-gradient":""},"mobile":{"background-color":"","background-image":"","background-repeat":"repeat","background-position":"center center","background-size":"auto","background-attachment":"scroll","background-type":"","background-media":"","overlay-type":"","overlay-color":"","overlay-opacity":"","overlay-gradient":""}},"ast-content-background-meta":{"desktop":{"background-color":"var(--ast-global-color-5)","background-image":"","background-repeat":"repeat","background-position":"center center","background-size":"auto","background-attachment":"scroll","background-type":"","background-media":"","overlay-type":"","overlay-color":"","overlay-opacity":"","overlay-gradient":""},"tablet":{"background-color":"var(--ast-global-color-5)","background-image":"","background-repeat":"repeat","background-position":"center center","background-size":"auto","background-attachment":"scroll","background-type":"","background-media":"","overlay-type":"","overlay-color":"","overlay-opacity":"","overlay-gradient":""},"mobile":{"background-color":"var(--ast-global-color-5)","background-image":"","background-repeat":"repeat","background-position":"center center","background-size":"auto","background-attachment":"scroll","background-type":"","background-media":"","overlay-type":"","overlay-color":"","overlay-opacity":"","overlay-gradient":""}}},"product_brand":[],"product_cat":[],"product_tag":[],"class_list":{"0":"post-30060","1":"product","2":"type-product","3":"status-publish","5":"desktop-align-left","6":"tablet-align-left","7":"mobile-align-left","9":"first","10":"instock","11":"taxable","12":"shipping-taxable","13":"product-type-simple"},"acf":[],"yoast_head":"<!-- This site is optimized with the Yoast SEO Premium plugin v25.8 (Yoast SEO v26.3) - https:\/\/yoast.com\/wordpress\/plugins\/seo\/ -->\n<title>Moto draisienne &quot;Prem1er&quot; \u00e0 roues silencieuses | FALK - Toys that rolls<\/title>\n<meta name=\"robots\" content=\"index, follow, max-snippet:-1, max-image-preview:large, max-video-preview:-1\" \/>\n<link rel=\"canonical\" href=\"https:\/\/falk-toys.com\/es\/producto\/moto-draisienne-prem1er-a-roues-silencieuses-451s\/\" \/>\n<meta property=\"og:locale\" content=\"es_ES\" \/>\n<meta property=\"og:type\" content=\"article\" \/>\n<meta property=\"og:title\" content=\"Moto draisienne &quot;Prem1er&quot; \u00e0 roues silencieuses\" \/>\n<meta property=\"og:description\" content=\"Moto \u00ab Premier \u00bb - Draisienne vintage avec larges roues silencieuses et antid\u00e9rapantes - Vert - 75% Plastique Recycl\u00e9 - 100% Fabriqu\u00e9 en France - D\u00e8s 12 mois\" \/>\n<meta property=\"og:url\" content=\"https:\/\/falk-toys.com\/es\/producto\/moto-draisienne-prem1er-a-roues-silencieuses-451s\/\" \/>\n<meta property=\"og:site_name\" content=\"FALK - Toys that rolls\" \/>\n<meta property=\"article:publisher\" content=\"https:\/\/www.facebook.com\/FalkFR\/\" \/>\n<meta property=\"og:image\" content=\"https:\/\/falk-toys.com\/wp-content\/uploads\/2019\/12\/falk-logo@2x.png\" \/>\n\t<meta property=\"og:image:width\" content=\"436\" \/>\n\t<meta property=\"og:image:height\" content=\"351\" \/>\n\t<meta property=\"og:image:type\" content=\"image\/png\" \/>\n<meta name=\"twitter:card\" content=\"summary_large_image\" \/>\n<meta name=\"twitter:label1\" content=\"Precio\" \/>\n\t<meta name=\"twitter:data1\" content=\"\" \/>\n\t<meta name=\"twitter:label2\" content=\"Disponibilidad\" \/>\n\t<meta name=\"twitter:data2\" content=\"Disponible\" \/>\n<script type=\"application\/ld+json\" class=\"yoast-schema-graph\">{\"@context\":\"https:\/\/schema.org\",\"@graph\":[{\"@type\":\"WebPage\",\"@id\":\"https:\/\/falk-toys.com\/es\/producto\/moto-draisienne-prem1er-a-roues-silencieuses-451s\/\",\"url\":\"https:\/\/falk-toys.com\/es\/producto\/moto-draisienne-prem1er-a-roues-silencieuses-451s\/\",\"name\":\"Moto draisienne \\\"Prem1er\\\" \u00e0 roues silencieuses | FALK - Toys that rolls\",\"isPartOf\":{\"@id\":\"https:\/\/falk-toys.com\/es\/#website\"},\"datePublished\":\"2025-07-17T08:04:29+00:00\",\"breadcrumb\":{\"@id\":\"https:\/\/falk-toys.com\/es\/producto\/moto-draisienne-prem1er-a-roues-silencieuses-451s\/#breadcrumb\"},\"inLanguage\":\"es\",\"potentialAction\":[{\"@type\":\"ReadAction\",\"target\":[\"https:\/\/falk-toys.com\/es\/producto\/moto-draisienne-prem1er-a-roues-silencieuses-451s\/\"]}]},{\"@type\":\"BreadcrumbList\",\"@id\":\"https:\/\/falk-toys.com\/es\/producto\/moto-draisienne-prem1er-a-roues-silencieuses-451s\/#breadcrumb\",\"itemListElement\":[{\"@type\":\"ListItem\",\"position\":1,\"name\":\"Home\",\"item\":\"https:\/\/falk-toys.com\/es\/\"},{\"@type\":\"ListItem\",\"position\":2,\"name\":\"Tienda\",\"item\":\"https:\/\/falk-toys.com\/es\/tienda\/\"},{\"@type\":\"ListItem\",\"position\":3,\"name\":\"Moto draisienne \u00abPrem1er\u00bb \u00e0 roues silencieuses\"}]},{\"@type\":\"WebSite\",\"@id\":\"https:\/\/falk-toys.com\/es\/#website\",\"url\":\"https:\/\/falk-toys.com\/es\/\",\"name\":\"FALK - Toys that rolls\",\"description\":\"Jouets fabriqu\u00e9s en France\",\"publisher\":{\"@id\":\"https:\/\/falk-toys.com\/es\/#organization\"},\"potentialAction\":[{\"@type\":\"SearchAction\",\"target\":{\"@type\":\"EntryPoint\",\"urlTemplate\":\"https:\/\/falk-toys.com\/es\/?s={search_term_string}\"},\"query-input\":{\"@type\":\"PropertyValueSpecification\",\"valueRequired\":true,\"valueName\":\"search_term_string\"}}],\"inLanguage\":\"es\"},{\"@type\":\"Organization\",\"@id\":\"https:\/\/falk-toys.com\/es\/#organization\",\"name\":\"Falk Toys\",\"url\":\"https:\/\/falk-toys.com\/es\/\",\"logo\":{\"@type\":\"ImageObject\",\"inLanguage\":\"es\",\"@id\":\"https:\/\/falk-toys.com\/es\/#\/schema\/logo\/image\/\",\"url\":\"https:\/\/falk-toys.com\/wp-content\/uploads\/2019\/12\/falk-logo@2x.png\",\"contentUrl\":\"https:\/\/falk-toys.com\/wp-content\/uploads\/2019\/12\/falk-logo@2x.png\",\"width\":436,\"height\":351,\"caption\":\"Falk Toys\"},\"image\":{\"@id\":\"https:\/\/falk-toys.com\/es\/#\/schema\/logo\/image\/\"},\"sameAs\":[\"https:\/\/www.facebook.com\/FalkFR\/\",\"https:\/\/www.instagram.com\/falk_toys\/\",\"https:\/\/www.youtube.com\/channel\/UCKZXf1_E8UsPhjAQo-Y5vlg\"]}]}<\/script>\n<meta property=\"product:price:amount\" content=\"0.00\" \/>\n<meta property=\"product:price:currency\" content=\"EUR\" \/>\n<meta property=\"og:availability\" content=\"instock\" \/>\n<meta property=\"product:availability\" content=\"instock\" \/>\n<meta property=\"product:condition\" content=\"new\" \/>\n<!-- \/ Yoast SEO Premium plugin. -->","yoast_head_json":{"title":"Moto draisienne \"Prem1er\" \u00e0 roues silencieuses | FALK - Toys that rolls","robots":{"index":"index","follow":"follow","max-snippet":"max-snippet:-1","max-image-preview":"max-image-preview:large","max-video-preview":"max-video-preview:-1"},"canonical":"https:\/\/falk-toys.com\/es\/producto\/moto-draisienne-prem1er-a-roues-silencieuses-451s\/","og_locale":"es_ES","og_type":"article","og_title":"Moto draisienne \"Prem1er\" \u00e0 roues silencieuses","og_description":"Moto \u00ab Premier \u00bb - Draisienne vintage avec larges roues silencieuses et antid\u00e9rapantes - Vert - 75% Plastique Recycl\u00e9 - 100% Fabriqu\u00e9 en France - D\u00e8s 12 mois","og_url":"https:\/\/falk-toys.com\/es\/producto\/moto-draisienne-prem1er-a-roues-silencieuses-451s\/","og_site_name":"FALK - Toys that rolls","article_publisher":"https:\/\/www.facebook.com\/FalkFR\/","og_image":[{"width":436,"height":351,"url":"https:\/\/falk-toys.com\/wp-content\/uploads\/2019\/12\/falk-logo@2x.png","type":"image\/png"}],"twitter_card":"summary_large_image","twitter_misc":{"Precio":"","Disponibilidad":"Disponible"},"schema":{"@context":"https:\/\/schema.org","@graph":[{"@type":"WebPage","@id":"https:\/\/falk-toys.com\/es\/producto\/moto-draisienne-prem1er-a-roues-silencieuses-451s\/","url":"https:\/\/falk-toys.com\/es\/producto\/moto-draisienne-prem1er-a-roues-silencieuses-451s\/","name":"Moto draisienne \"Prem1er\" \u00e0 roues silencieuses | FALK - Toys that rolls","isPartOf":{"@id":"https:\/\/falk-toys.com\/es\/#website"},"datePublished":"2025-07-17T08:04:29+00:00","breadcrumb":{"@id":"https:\/\/falk-toys.com\/es\/producto\/moto-draisienne-prem1er-a-roues-silencieuses-451s\/#breadcrumb"},"inLanguage":"es","potentialAction":[{"@type":"ReadAction","target":["https:\/\/falk-toys.com\/es\/producto\/moto-draisienne-prem1er-a-roues-silencieuses-451s\/"]}]},{"@type":"BreadcrumbList","@id":"https:\/\/falk-toys.com\/es\/producto\/moto-draisienne-prem1er-a-roues-silencieuses-451s\/#breadcrumb","itemListElement":[{"@type":"ListItem","position":1,"name":"Home","item":"https:\/\/falk-toys.com\/es\/"},{"@type":"ListItem","position":2,"name":"Tienda","item":"https:\/\/falk-toys.com\/es\/tienda\/"},{"@type":"ListItem","position":3,"name":"Moto draisienne \u00abPrem1er\u00bb \u00e0 roues silencieuses"}]},{"@type":"WebSite","@id":"https:\/\/falk-toys.com\/es\/#website","url":"https:\/\/falk-toys.com\/es\/","name":"FALK - Toys that rolls","description":"Jouets fabriqu\u00e9s en France","publisher":{"@id":"https:\/\/falk-toys.com\/es\/#organization"},"potentialAction":[{"@type":"SearchAction","target":{"@type":"EntryPoint","urlTemplate":"https:\/\/falk-toys.com\/es\/?s={search_term_string}"},"query-input":{"@type":"PropertyValueSpecification","valueRequired":true,"valueName":"search_term_string"}}],"inLanguage":"es"},{"@type":"Organization","@id":"https:\/\/falk-toys.com\/es\/#organization","name":"Falk Toys","url":"https:\/\/falk-toys.com\/es\/","logo":{"@type":"ImageObject","inLanguage":"es","@id":"https:\/\/falk-toys.com\/es\/#\/schema\/logo\/image\/","url":"https:\/\/falk-toys.com\/wp-content\/uploads\/2019\/12\/falk-logo@2x.png","contentUrl":"https:\/\/falk-toys.com\/wp-content\/uploads\/2019\/12\/falk-logo@2x.png","width":436,"height":351,"caption":"Falk Toys"},"image":{"@id":"https:\/\/falk-toys.com\/es\/#\/schema\/logo\/image\/"},"sameAs":["https:\/\/www.facebook.com\/FalkFR\/","https:\/\/www.instagram.com\/falk_toys\/","https:\/\/www.youtube.com\/channel\/UCKZXf1_E8UsPhjAQo-Y5vlg"]}]},"product_price_amount":"0.00","product_price_currency":"EUR","og_availability":"instock","product_availability":"instock","product_condition":"new"},"_links":{"self":[{"href":"https:\/\/falk-toys.com\/es\/wp-json\/wp\/v2\/product\/30060","targetHints":{"allow":["GET"]}}],"collection":[{"href":"https:\/\/falk-toys.com\/es\/wp-json\/wp\/v2\/product"}],"about":[{"href":"https:\/\/falk-toys.com\/es\/wp-json\/wp\/v2\/types\/product"}],"replies":[{"embeddable":true,"href":"https:\/\/falk-toys.com\/es\/wp-json\/wp\/v2\/comments?post=30060"}],"wp:attachment":[{"href":"https:\/\/falk-toys.com\/es\/wp-json\/wp\/v2\/media?parent=30060"}],"wp:term":[{"taxonomy":"product_brand","embeddable":true,"href":"https:\/\/falk-toys.com\/es\/wp-json\/wp\/v2\/product_brand?post=30060"},{"taxonomy":"product_cat","embeddable":true,"href":"https:\/\/falk-toys.com\/es\/wp-json\/wp\/v2\/product_cat?post=30060"},{"taxonomy":"product_tag","embeddable":true,"href":"https:\/\/falk-toys.com\/es\/wp-json\/wp\/v2\/product_tag?post=30060"}],"curies":[{"name":"wp","href":"https:\/\/api.w.org\/{rel}","templated":true}]}}